{"id":11253,"date":"2019-04-16T12:16:39","date_gmt":"2019-04-16T10:16:39","guid":{"rendered":"http:\/\/www.espronceda.net\/projectes\/vr-art-academy\/"},"modified":"2019-07-24T11:40:37","modified_gmt":"2019-07-24T09:40:37","slug":"vram-academy","status":"publish","type":"page","link":"https:\/\/www.espronceda.net\/ca\/projectes\/vram-academy\/","title":{"rendered":"VRAM Academy"},"content":{"rendered":"<p><strong><a href=\"http:\/\/www.vram-academy.com\/\">vram-academy.com<\/a><\/strong><\/p>\n<p><img loading=\"lazy\" decoding=\"async\" class=\"size-large wp-image-11238 aligncenter\" src=\"https:\/\/www.espronceda.net\/wp-content\/uploads\/2019\/07\/VRAM-Academy-1-1024x317.jpg\" alt=\"\" width=\"1024\" height=\"317\" srcset=\"https:\/\/www.espronceda.net\/wp-content\/uploads\/2019\/07\/VRAM-Academy-1-1024x317.jpg 1024w, https:\/\/www.espronceda.net\/wp-content\/uploads\/2019\/07\/VRAM-Academy-1-300x93.jpg 300w, https:\/\/www.espronceda.net\/wp-content\/uploads\/2019\/07\/VRAM-Academy-1-768x238.jpg 768w, https:\/\/www.espronceda.net\/wp-content\/uploads\/2019\/07\/VRAM-Academy-1-1280x396.jpg 1280w\" sizes=\"auto, (max-width: 1024px) 100vw, 1024px\" \/><\/p>\n<p>Espronceda va iniciar el 2019 l&#8217;Acad\u00e8mia VRAM. El prop\u00f2sit \u00e9s instruir els artistes sobre com ampliar la seva visi\u00f3 creativa a trav\u00e9s de VR \/ AR \/ MR Art, i proporcionar-los la tecnologia i aconsellar-los com usar-la.<\/p>\n","protected":false},"excerpt":{"rendered":"<p>vram-academy.com Espronceda va iniciar el 2019 l&#8217;Acad\u00e8mia VRAM. El prop\u00f2sit \u00e9s instruir els artistes sobre com ampliar la seva visi\u00f3 creativa a trav\u00e9s de VR \/ AR \/ MR Art, i proporcionar-los la tecnologia i aconsellar-los com usar-la.<\/p>\n","protected":false},"author":1,"featured_media":0,"parent":5377,"menu_order":0,"comment_status":"closed","ping_status":"closed","template":"","meta":{"footnotes":""},"class_list":["post-11253","page","type-page","status-publish","hentry"],"_links":{"self":[{"href":"https:\/\/www.espronceda.net\/ca\/wp-json\/wp\/v2\/pages\/11253","targetHints":{"allow":["GET"]}}],"collection":[{"href":"https:\/\/www.espronceda.net\/ca\/wp-json\/wp\/v2\/pages"}],"about":[{"href":"https:\/\/www.espronceda.net\/ca\/wp-json\/wp\/v2\/types\/page"}],"author":[{"embeddable":true,"href":"https:\/\/www.espronceda.net\/ca\/wp-json\/wp\/v2\/users\/1"}],"replies":[{"embeddable":true,"href":"https:\/\/www.espronceda.net\/ca\/wp-json\/wp\/v2\/comments?post=11253"}],"version-history":[{"count":2,"href":"https:\/\/www.espronceda.net\/ca\/wp-json\/wp\/v2\/pages\/11253\/revisions"}],"predecessor-version":[{"id":11258,"href":"https:\/\/www.espronceda.net\/ca\/wp-json\/wp\/v2\/pages\/11253\/revisions\/11258"}],"up":[{"embeddable":true,"href":"https:\/\/www.espronceda.net\/ca\/wp-json\/wp\/v2\/pages\/5377"}],"wp:attachment":[{"href":"https:\/\/www.espronceda.net\/ca\/wp-json\/wp\/v2\/media?parent=11253"}],"curies":[{"name":"wp","href":"https:\/\/api.w.org\/{rel}","templated":true}]}}