{"id":1130,"date":"2014-11-25T15:18:14","date_gmt":"2014-11-25T15:18:14","guid":{"rendered":"http:\/\/www.espronceda.net\/ca\/?page_id=1130"},"modified":"2025-08-27T13:13:33","modified_gmt":"2025-08-27T11:13:33","slug":"about","status":"publish","type":"page","link":"https:\/\/www.espronceda.net\/ca\/about\/","title":{"rendered":"About"},"content":{"rendered":"<div class=\"row\">\n\t<div class=\"wpb_content_element wpb_single_image noframe span8\">\n\t\t<div class=\"wpb_wrapper\"><figure class=\"clearfix\">\n\t\t\t<img loading=\"lazy\" decoding=\"async\" width=\"1024\" height=\"326\" src=\"https:\/\/www.espronceda.net\/wp-content\/uploads\/2014\/11\/about-1280x407-1024x326.jpg\" class=\"attachment-large size-large\" alt=\"\" srcset=\"https:\/\/www.espronceda.net\/wp-content\/uploads\/2014\/11\/about-1280x407-1024x326.jpg 1024w, https:\/\/www.espronceda.net\/wp-content\/uploads\/2014\/11\/about-1280x407-300x95.jpg 300w, https:\/\/www.espronceda.net\/wp-content\/uploads\/2014\/11\/about-1280x407-768x244.jpg 768w, https:\/\/www.espronceda.net\/wp-content\/uploads\/2014\/11\/about-1280x407.jpg 1280w\" sizes=\"auto, (max-width: 1024px) 100vw, 1024px\" title=\"about-1280x407\" \/><\/figure>\n\t\t<\/div> \n\t<\/div> <\/div>\n <div class=\"row\">\n\t<div class=\"wpb_content_element span8 wpb_text_column\">\n\t\t<div class=\"wpb_wrapper clearfix\">\n\t\t\t<div class=\"heading-wrap\"><h3 class=\"wpb_heading wpb_text_heading\">Espronceda<\/h3><\/div>\n\t\t\t\n<p><iframe loading=\"lazy\" title=\"Description of Espronceda - Institute of Art &amp; Culture\" width=\"1170\" height=\"658\" src=\"https:\/\/www.youtube.com\/embed\/O50Ppy6vTYU?feature=oembed\" frameborder=\"0\" allow=\"accelerometer; autoplay; clipboard-write; encrypted-media; gyroscope; picture-in-picture; web-share\" referrerpolicy=\"strict-origin-when-cross-origin\" allowfullscreen><\/iframe><\/p>\n\n\t\t<\/div> \n\t<\/div> <\/div>\n <div class=\"row\">\n\t<div class=\"wpb_content_element span8 wpb_text_column\">\n\t\t<div class=\"wpb_wrapper clearfix\">\n\t\t\t<div class=\"heading-wrap\"><h3 class=\"wpb_heading wpb_text_heading\">Espronceda<\/h3><\/div>\n\t\t\t\n<div dir=\"auto\">\n<div dir=\"auto\">\n<p>&nbsp;<\/p>\n<div class=\"traductor-textarea form-group\">\n<div class=\"textarea-desti col-xs-12 col-sm-6\">\n<div class=\"form-control second-textarea\">\n<p><strong>LA NOSTRA ORGANITZACI\u00d3<\/strong><\/p>\n<p>ESPRONCEDA &#8211; Institut d&#8217;Art i Cultura, impulsat per Lemongrass Communications S.L., va ser fundat el 2013 per crear una plataforma innovadora per a la investigaci\u00f3 art\u00edstica i cultural que podria produir impacte social i canvi social en la societat.<\/p>\n<p>El projecte \u00e9s una plataforma de recerca i creaci\u00f3 per a les arts contempor\u00e0nies i noves, la ci\u00e8ncia, l&#8217;educaci\u00f3 i la difusi\u00f3 cultural. La seva missi\u00f3 \u00e9s promoure el pensament innovador i creatiu a trav\u00e9s de la recerca art\u00edstica i la innovaci\u00f3, amb l&#8217;objectiu de donar forma a la nostra comprensi\u00f3 del m\u00f3n i enriquir la qualitat de vida amb noves idees cap a una transformaci\u00f3 m\u00e9s sostenible i responsable.<\/p>\n<p>L&#8217;organitzaci\u00f3 promou la resid\u00e8ncia i els programes de recerca art\u00edstica en el camp de l&#8217;art dels nous mitjans, la ci\u00e8ncia i l&#8217;art visual, oferint un entorn multidisciplinari que estimula el di\u00e0leg entre el m\u00f3n de l&#8217;art, les institucions p\u00fabliques i els negocis.<\/p>\n<p>Espronceda est\u00e0 oberta a la comunitat local i internacional oferint diversos tipus d&#8217;esdeveniments i iniciatives com exposicions d&#8217;art, tallers, confer\u00e8ncies i trucades obertes dirigides a analitzar temes importants de la nostra societat contempor\u00e0nia.<\/p>\n<p>La metodologia es basa en un enfocament multidisciplinari i interdisciplinari que abasta les noves tecnologies avan\u00e7ades, les arts visuals i esc\u00e8niques i t\u00e9 com a objectiu crear una nova imaginaci\u00f3 ecosocial per a la societat sense distinci\u00f3 de ra\u00e7a, g\u00e8nere i fons.<\/p>\n<p>Per a nosaltres, la recerca art\u00edstica i la creativitat poden ser motors de consci\u00e8ncia i canvi, ajudant la gent a imaginar un nou futur equilibrat i sostenible.<\/p>\n<\/div>\n<\/div>\n<\/div>\n<\/div>\n<\/div>\n<div dir=\"auto\">\n<div dir=\"auto\">\n<p>EncontrArte \u00e9s una associaci\u00f3 i nom\u00e9s els membres de l\u2019associaci\u00f3 poden accedir als esdeveniments i activitats. Si vols donar-te d\u2019alta com a membre, envia un correu a\u00a0<strong><a rel=\"noopener\">info@espronceda.net<\/a><\/strong><\/p>\n<p>&nbsp;<\/p>\n<p><strong>PROGRAMES<\/strong><\/p>\n<p>ART I CI\u00c8NCIA DELS NOUS MITJANS<\/p>\n<p>IMMENSIVA \u00e9s una plataforma internacional creada per Espronceda per a artistes i creatius que treballen amb tecnologies avan\u00e7ades com VR, AR, AI, sensors i molts altres. El projecte ha creat una col\u00b7laboraci\u00f3 diferent amb universitats internacionals, centres d&#8217;art, institucions d&#8217;R+D, galeries internacionals, fundacions i festivals digitals; per explorar, a trav\u00e9s de les resid\u00e8ncies d&#8217;art, nous camps futurs de la innovaci\u00f3 i per investigar el potencial de la tecnologia i la ci\u00e8ncia relacionats amb temes importants de la nostra societat. https:\/\/www.immensiva.com\/<\/p>\n<p>PREMIS D&#8217;ART VISUAL<\/p>\n<p>Amb els anys, Espronceda ha creat una xarxa internacional, local i europea, i s&#8217;ha convertit en un soci de diferents premis d&#8217;art. Concretament, cada premi ofereix als artistes una beca de recerca i producci\u00f3 i una exposici\u00f3 final. Els premis van acompanyats de taules rodones i visites guiades per obrir l&#8217;exposici\u00f3 i mostrar la recerca desenvolupada tant al p\u00fablic local com internacional. A continuaci\u00f3 es mostra una llista d&#8217;alguns dels nostres premis: Premi Arte Laguna, Ven\u00e8cia, ARBA-ESA \u2013 Premi Espronceda, Swab \u2013 Premi Espronceda, Barcelona, Royal College of Art London \u2013 Premi Espronceda, Universitat de Roma de Belles Arts \u2013 Rufa, Roma, Premi Vera Brant, Brasil, Nectar-Espronceda ArtPrize&#8230; https:\/\/www.espronceda.net\/es\/art-prizes\/<\/p>\n<p>SOSTENIBILITAT<\/p>\n<p>A trav\u00e9s del seu treball al llarg dels anys, Espronceda s&#8217;ha comprom\u00e8s a promoure el desenvolupament sostenible, col\u00b7laborant amb institucions art\u00edstiques, culturals i creatives de tot el m\u00f3n per explorar, investigar i difondre l&#8217;art com una eina per al canvi social i mediambiental. Creiem que \u00e9s necessari canviar el nostre enfocament redefinint la nostra posici\u00f3 en el m\u00f3n, superant el model antropoc\u00e8ntric actual i reescrivint el nostre futur d&#8217;una manera ecoc\u00e8ntrica i equilibrada. La recerca art\u00edstica assumeix un paper educatiu important en la sensibilitzaci\u00f3, la informaci\u00f3 i l&#8217;educaci\u00f3 dels ciutadans sobre les q\u00fcestions actuals, i l&#8217;ajuda a imaginar solucions creatives i alternatives eficaces per abordar l&#8217;actual crisi ecol\u00f2gica i sist\u00e8mica. Per aquesta ra\u00f3, en els \u00faltims anys, Espronceda ha organitzat diferents activitats com projectes, exposicions, seminaris, resid\u00e8ncies d&#8217;artistes i accions de comprom\u00eds c\u00edvic que promouen el tema de la sostenibilitat en les seves dimensions ecol\u00f2giques i socials.<\/p>\n<p>CANVI SOCIAL, EDUCACI\u00d3<\/p>\n<p>A Espronceda creiem en la import\u00e0ncia del di\u00e0leg entre cultures, per aquesta ra\u00f3, part de les nostres activitats es dediquen a la import\u00e0ncia de l&#8217;art per al canvi social i sostenible i per a la integraci\u00f3 i la inclusi\u00f3 social. Amb la col\u00b7laboraci\u00f3 del Tercer Parad\u00eds de Michelangelo Pistoletto i el coordinador internacional de Kids Guernica, hem col\u00b7laborat en m\u00e9s de 100 tallers amb m\u00e9s de 2000 joves i nens de tot el m\u00f3n. En particular, els nostres objectius principals s\u00f3n les escoles i els ciutadans locals dels pa\u00efsos amb els quals col\u00b7laborem. L&#8217;objectiu \u00e9s comprometre&#8217;ls, a trav\u00e9s de l&#8217;art, i capacitar-los per crear una comunitat sensible i activa per promoure la import\u00e0ncia d&#8217;un canvi social i c\u00edvic positiu tant a nivell local com internacional. https:\/\/www.espronceda.net\/social-change-education\/<\/p>\n<p>&nbsp;<\/p>\n<div class=\"traductor-textarea form-group\">\n<div class=\"textarea-desti col-xs-12 col-sm-6\">\n<div class=\"form-control second-textarea\">\n<p>EXPOSICIONS D&#8217;ART<\/p>\n<p>El model organitzatiu d&#8217;Espronceda no nom\u00e9s proporciona la resid\u00e8ncia d&#8217;un artista, sin\u00f3 tamb\u00e9 l&#8217;organitzaci\u00f3 d&#8217;una exposici\u00f3 final per permetre als artistes mostrar la seva feina recerca. Tamb\u00e9 organitzem exposicions en col\u00b7laboraci\u00f3 amb els nostres socis, fora de les resid\u00e8ncies de l&#8217;artista. Les exposicions ens permeten obrir-nos a la ciutat i situar-nos en l&#8217;escena cultural i art\u00edstica internacional contempor\u00e0nia, mostrant la recerca i els \u00e8xits dels artistes implicats per promoure&#8217;ls.<br \/>\nEn els \u00faltims anys hem realitzat aproximadament 130 exposicions. https:\/\/www.espronceda.net\/events\/<\/p>\n<p>PROGRAMA DE RESID\u00c8NCIA PER A ARTISTES<\/p>\n<p>Les resid\u00e8ncies d&#8217;artistes inclouen artistes d&#8217;alguns dels premis (esmentats anteriorment) i artistes de les Crides Obertes que Espronceda organitza, que poden estar relacionats amb projectes europeus o nacionals i locals. Des del 2013 fins avui, s&#8217;han allotjat uns 250 artistes, tots amb una beca de recerca i producci\u00f3. https:\/\/www.espronceda.net\/artists\/<\/p>\n<\/div>\n<\/div>\n<\/div>\n<div class=\"traductor-checkbox form-group\">\n<div id=\"message_info\" class=\"panel-body alert alert-warning bg-success text-success\" role=\"alert\"><\/div>\n<div role=\"alert\"><\/div>\n<\/div>\n<div class=\"traductor-textarea form-group\">\n<div class=\"textarea-desti col-xs-12 col-sm-6\">\n<div class=\"form-control second-textarea\">\n<p>CONFER\u00c8NCIES, SIMPOSI I TALLERS<\/p>\n<p>El programa d&#8217;activitats d&#8217;Espronceda tamb\u00e9 es caracteritza per simposis i confer\u00e8ncies, a les quals assisteixen experts nacionals i internacionals en el camp amb l&#8217;objectiu d&#8217;analitzar diferents temes relacionats amb la relaci\u00f3 entre l&#8217;art contemporani, la cultura, l&#8217;educaci\u00f3, la societat, la innovaci\u00f3 i la recerca.<\/p>\n<p>L&#8217;organitzaci\u00f3 tamb\u00e9 ofereix tallers per a Barcelona i la comunitat internacional, assegurant una forta relaci\u00f3 amb el nostre p\u00fablic i fent d&#8217;Espronceda un espai educatiu per a totes les edats i interessos. De 2013 a 2020, la nostra organitzaci\u00f3 ha organitzat, de mitjana, 60 esdeveniments culturals, a trav\u00e9s d&#8217;un enfocament interdisciplinari de temes socials, d&#8217;innovaci\u00f3 i art\u00edstics.<\/p>\n<\/div>\n<\/div>\n<\/div>\n<div class=\"traductor-checkbox form-group\">\n<div id=\"message_info\" class=\"panel-body alert alert-warning bg-success text-success\" role=\"alert\"><a href=\"https:\/\/www.espronceda.net\/ca\/category\/tallers\/\">https:\/\/www.espronceda.net\/category\/workshops\/<\/a>.<\/div>\n<\/div>\n<p>&nbsp;<\/p>\n<p>&nbsp;<\/p>\n<\/div>\n<\/div>\n<p style=\"text-align: center;\"><a href=\"mailto:info@espronceda.net\">info@espronceda.net<\/a><\/p>\n\n\t\t<\/div> \n\t<\/div> <\/div>\n <div class=\"row\">\n\t<div class=\"wpb_content_element span8 wpb_text_column\">\n\t\t<div class=\"wpb_wrapper clearfix\">\n\t\t\t\n<p>&nbsp;<\/p>\n<p class=\"p1\" style=\"text-align: left; padding-left: 180px;\"><span class=\"s1\"><img loading=\"lazy\" decoding=\"async\" class=\"size-full wp-image-1697 alignleft\" src=\"\/wp-content\/uploads\/2016\/04\/josedeespronceda_result.jpg\" alt=\"josedeespronceda_result\" width=\"198\" height=\"241\" \/>\u00a0 \u00a0 \u00a0 \u00a0 <\/span><\/p>\n<p>&#8220;I only want<br \/>\nfor wealth<br \/>\nthe beauty<br \/>\nwith no rival.&#8221;<\/p>\n<p><em>Jos\u00e9 de Espronceda<\/em><\/p>\n\n\t\t<\/div> \n\t<\/div> <\/div>\n <div class=\"row\">\n\t<div class=\"wpb_showcase_widget wpb_content_element span8\">\n\t\t<div class=\"wpb_wrapper showcase-wrap\">\n\t\t\t\t\n\t\t\t<!-- START about REVOLUTION SLIDER 6.7.18 --><p class=\"rs-p-wp-fix\"><\/p>\n\t\t\t<rs-module-wrap id=\"rev_slider_2_1_wrapper\" data-source=\"gallery\" style=\"visibility:hidden;background:transparent;padding:0;margin:0px auto;margin-top:0;margin-bottom:0;\">\n\t\t\t\t<rs-module id=\"rev_slider_2_1\" style=\"\" data-version=\"6.7.18\">\n\t\t\t\t\t<rs-slides style=\"overflow: hidden; position: absolute;\">\n\t\t\t\t\t\t<rs-slide style=\"position: absolute;\" data-key=\"rs-5\" data-title=\"Slide\" data-anim=\"adpr:false;\">\n\t\t\t\t\t\t\t<img decoding=\"async\" src=\"\/\/www.espronceda.net\/wp-content\/plugins\/revslider\/sr6\/assets\/assets\/dummy.png\" alt=\"\" title=\"About\" class=\"rev-slidebg tp-rs-img rs-lazyload\" data-lazyload=\"\/\/www.espronceda.net\/wp-content\/uploads\/2016\/04\/facilities.jpg\" data-no-retina>\n<!---->\t\t\t\t\t<\/rs-slide>\n\t\t\t\t\t\t<rs-slide style=\"position: absolute;\" data-key=\"rs-6\" data-title=\"Slide\" data-anim=\"adpr:false;\">\n\t\t\t\t\t\t\t<img decoding=\"async\" src=\"\/\/www.espronceda.net\/wp-content\/plugins\/revslider\/sr6\/assets\/assets\/dummy.png\" alt=\"\" title=\"About\" class=\"rev-slidebg tp-rs-img rs-lazyload\" data-lazyload=\"\/\/www.espronceda.net\/wp-content\/uploads\/2016\/04\/598773_101814166644402_2097692680_n.jpg\" data-no-retina>\n<!---->\t\t\t\t\t<\/rs-slide>\n\t\t\t\t\t\t<rs-slide style=\"position: absolute;\" data-key=\"rs-7\" data-title=\"Slide\" data-anim=\"adpr:false;\">\n\t\t\t\t\t\t\t<img decoding=\"async\" src=\"\/\/www.espronceda.net\/wp-content\/plugins\/revslider\/sr6\/assets\/assets\/dummy.png\" alt=\"\" title=\"About\" class=\"rev-slidebg tp-rs-img rs-lazyload\" data-lazyload=\"\/\/www.espronceda.net\/wp-content\/uploads\/2016\/04\/580163_101814449977707_431262854_n.jpg\" data-no-retina>\n<!---->\t\t\t\t\t<\/rs-slide>\n\t\t\t\t\t\t<rs-slide style=\"position: absolute;\" data-key=\"rs-8\" data-title=\"Slide\" data-anim=\"adpr:false;\">\n\t\t\t\t\t\t\t<img decoding=\"async\" src=\"\/\/www.espronceda.net\/wp-content\/plugins\/revslider\/sr6\/assets\/assets\/dummy.png\" alt=\"\" title=\"About\" class=\"rev-slidebg tp-rs-img rs-lazyload\" data-lazyload=\"\/\/www.espronceda.net\/wp-content\/uploads\/2016\/04\/546309_101814353311050_998918799_n-1.jpg\" data-no-retina>\n<!---->\t\t\t\t\t<\/rs-slide>\n\t\t\t\t\t\t<rs-slide style=\"position: absolute;\" data-key=\"rs-9\" data-title=\"Slide\" data-anim=\"adpr:false;\">\n\t\t\t\t\t\t\t<img decoding=\"async\" src=\"\/\/www.espronceda.net\/wp-content\/plugins\/revslider\/sr6\/assets\/assets\/dummy.png\" alt=\"\" title=\"About\" class=\"rev-slidebg tp-rs-img rs-lazyload\" data-lazyload=\"\/\/www.espronceda.net\/wp-content\/uploads\/2016\/04\/66546_101814133311072_437510587_n-1.jpg\" data-no-retina>\n<!---->\t\t\t\t\t<\/rs-slide>\n\t\t\t\t\t<\/rs-slides>\n\t\t\t\t<\/rs-module>\n\t\t\t\t<script>\n\t\t\t\t\tsetREVStartSize({c: 'rev_slider_2_1',rl:[1240,1024,778,480],el:[],gw:[1240],gh:[868],type:'standard',justify:'',layout:'fullwidth',mh:\"0\"});if (window.RS_MODULES!==undefined && window.RS_MODULES.modules!==undefined && window.RS_MODULES.modules[\"revslider21\"]!==undefined) {window.RS_MODULES.modules[\"revslider21\"].once = false;window.revapi2 = undefined;if (window.RS_MODULES.checkMinimal!==undefined) window.RS_MODULES.checkMinimal()}\n\t\t\t\t<\/script>\n\t\t\t<\/rs-module-wrap>\n\t\t\t<!-- END REVOLUTION SLIDER -->\n\n\t\t<\/div> \n\t<\/div> <\/div>\n <div class=\"blank_spacer span8 \" style=\"height:30px;\"><\/div>\n <div class=\"row\">\n\t<div class=\"wpb_content_element span8 wpb_text_column\">\n\t\t<div class=\"wpb_wrapper clearfix\">\n\t\t\t<div class=\"heading-wrap\"><h3 class=\"wpb_heading wpb_text_heading\">The space<\/h3><\/div>\n\t\t\t\n<p>The space features:<\/p>\n<p>\u2022 Painting studios &#8211; private and shared<\/p>\n<p>\u2022 Sculpture studio<\/p>\n<p>\u2022 Gallery space<\/p>\n<p>\u2022 Visual art studio<\/p>\n<p>\u2022 Sound studio<\/p>\n<p>\u2022 Multimedia studio<\/p>\n<p>\u2022 Yoga, dance &amp; mediation space<\/p>\n<p>\u2022 Modern kitchen facilities for up to 20 people<\/p>\n<p>\u2022 Accommodation for up to 5 artists (in a different space in the city center)<\/p>\n\n\t\t<\/div> \n\t<\/div> <\/div>\n <div class=\"row\">\n\t<div class=\"wpb_content_element span8 wpb_text_column\">\n\t\t<div class=\"wpb_wrapper clearfix\">\n\t\t\t<div class=\"heading-wrap\"><h3 class=\"wpb_heading wpb_text_heading\">Gallery<\/h3><\/div>\n\t\t\t\n<div class='gallery'><dl class='gallery-item'>\n\t\t\t<dt class='gallery-icon landscape'>\n\t\t\t\t<a class=\"view\" rel='gallery' href='https:\/\/www.espronceda.net\/wp-content\/uploads\/2014\/11\/about-1280x407.jpg'><img loading=\"lazy\" decoding=\"async\" width=\"150\" height=\"150\" src=\"https:\/\/www.espronceda.net\/wp-content\/uploads\/2014\/11\/about-1280x407-150x150.jpg\" class=\"attachment-thumbnail size-thumbnail\" alt=\"\" title=\"about-1280x407\" \/><\/a>\n\t\t\t<\/dt><\/dl>\n\t\t\t<br style='clear: both' \/>\n\t\t<\/div>\n\n\n\t\t<\/div> \n\t<\/div> <\/div>\n <div class=\"row\">\n\t<div class=\"wpb_content_element span8 wpb_text_column\">\n\t\t<div class=\"wpb_wrapper clearfix\">\n\t\t\t<div class=\"heading-wrap\"><h3 class=\"wpb_heading wpb_text_heading\">Espronceda - the beginning<\/h3><\/div>\n\t\t\t\n\n\n\t\t<\/div> \n\t<\/div> <\/div>\n\n","protected":false},"excerpt":{"rendered":"","protected":false},"author":1,"featured_media":0,"parent":0,"menu_order":0,"comment_status":"closed","ping_status":"closed","template":"","meta":{"footnotes":""},"class_list":["post-1130","page","type-page","status-publish","hentry"],"_links":{"self":[{"href":"https:\/\/www.espronceda.net\/ca\/wp-json\/wp\/v2\/pages\/1130","targetHints":{"allow":["GET"]}}],"collection":[{"href":"https:\/\/www.espronceda.net\/ca\/wp-json\/wp\/v2\/pages"}],"about":[{"href":"https:\/\/www.espronceda.net\/ca\/wp-json\/wp\/v2\/types\/page"}],"author":[{"embeddable":true,"href":"https:\/\/www.espronceda.net\/ca\/wp-json\/wp\/v2\/users\/1"}],"replies":[{"embeddable":true,"href":"https:\/\/www.espronceda.net\/ca\/wp-json\/wp\/v2\/comments?post=1130"}],"version-history":[{"count":14,"href":"https:\/\/www.espronceda.net\/ca\/wp-json\/wp\/v2\/pages\/1130\/revisions"}],"predecessor-version":[{"id":29293,"href":"https:\/\/www.espronceda.net\/ca\/wp-json\/wp\/v2\/pages\/1130\/revisions\/29293"}],"wp:attachment":[{"href":"https:\/\/www.espronceda.net\/ca\/wp-json\/wp\/v2\/media?parent=1130"}],"curies":[{"name":"wp","href":"https:\/\/api.w.org\/{rel}","templated":true}]}}