{"id":1135,"date":"2016-04-23T10:41:39","date_gmt":"2016-04-23T10:41:39","guid":{"rendered":"http:\/\/www.espronceda.net\/ca\/?page_id=1135"},"modified":"2025-01-31T13:52:06","modified_gmt":"2025-01-31T12:52:06","slug":"comissaris-i-consellers","status":"publish","type":"page","link":"https:\/\/www.espronceda.net\/ca\/about\/comissaris-i-consellers\/","title":{"rendered":"Comissaris i consellers"},"content":{"rendered":"<p>Treballem amb diversos curadors i assessors molt experimentats del m\u00f3n de l&#8217;art per obtenir la major i m\u00e9s valuosa contribuci\u00f3 possible.<\/p>\n<h2><img loading=\"lazy\" decoding=\"async\" class=\"wp-image-500 size-thumbnail alignleft\" src=\"\/wp-content\/uploads\/2016\/04\/elia-sabato1-150x150.jpg\" alt=\"elia-sabato\" width=\"150\" height=\"150\" \/>Elia Sabato<\/h2>\n<h4>elia@espronceda.net<\/h4>\n<p>Elia Sabato (cofundadora) \u00e9s un artista provinent de Lecce, It\u00e0lia; i cofundador d&#8217;Espronceda. Es va mudar a Barcelona per tenir -junt a Roma- una altra base per a la seva creativitat. Tamb\u00e9 va dissenyar l&#8217;estudi EncontrArte i coordinar els assumptes art\u00edstics d&#8217;Espronceda.<\/p>\n<p>&nbsp;<\/p>\n<h2><img loading=\"lazy\" decoding=\"async\" class=\"alignleft wp-image-5351 size-thumbnail\" src=\"https:\/\/www.espronceda.net\/wp-content\/uploads\/2016\/04\/Laura-Carnemolla-150x150.jpg\" alt=\"\" width=\"150\" height=\"150\" srcset=\"https:\/\/www.espronceda.net\/wp-content\/uploads\/2016\/04\/Laura-Carnemolla-150x150.jpg 150w, https:\/\/www.espronceda.net\/wp-content\/uploads\/2016\/04\/Laura-Carnemolla-300x300.jpg 300w, https:\/\/www.espronceda.net\/wp-content\/uploads\/2016\/04\/Laura-Carnemolla.jpg 342w\" sizes=\"auto, (max-width: 150px) 100vw, 150px\" \/><\/h2>\n<h2>Laura Carnemolla<\/h2>\n<h4>lauracarnemolla@libero.it<\/h4>\n<p>Comiss\u00e0ria d&#8217;art independent amb seu a Roma, es va graduar en 2005 en Conservaci\u00f3 del Patrimoni Cultural a la Universitat de Viterbo, fins a 2012 va treballar com a assistent de c\u00e0mera o carregadora de cambra, filmant pel\u00b7l\u00edcules, ficci\u00f3, documentals, etc &#8230; En 2013 Laura va guanyar una beca per assistir a un m\u00e0ster Llicenciat en Gesti\u00f3 del Patrimoni Cultural en Link Campus University, a Roma. El 2015, a Tor\u00ed, Laura va assistir a NICE, un curs per a curadors, produint i curant una exposici\u00f3: Cross the border, a la fira d&#8217;art Paratissima. Des d&#8217;aquesta experi\u00e8ncia tardana Laura va comen\u00e7ar a treballar com curadora independent, sempre afavorint els problemes socials.<\/p>\n<p>&nbsp;<\/p>\n<h2><img loading=\"lazy\" decoding=\"async\" class=\"alignleft wp-image-5353 size-thumbnail\" src=\"https:\/\/www.espronceda.net\/wp-content\/uploads\/2016\/04\/Screen-Shot-2017-10-31-at-13.25.34-150x150.jpg\" alt=\"\" width=\"150\" height=\"150\" srcset=\"https:\/\/www.espronceda.net\/wp-content\/uploads\/2016\/04\/Screen-Shot-2017-10-31-at-13.25.34-150x150.jpg 150w, https:\/\/www.espronceda.net\/wp-content\/uploads\/2016\/04\/Screen-Shot-2017-10-31-at-13.25.34-300x300.jpg 300w, https:\/\/www.espronceda.net\/wp-content\/uploads\/2016\/04\/Screen-Shot-2017-10-31-at-13.25.34.jpg 567w\" sizes=\"auto, (max-width: 150px) 100vw, 150px\" \/>Maribel Navarro<\/h2>\n<h4>navarrocortes.maribel@gmail.com<\/h4>\n<p class=\"p1\"><span class=\"s1\">Llicenciada en Humanitats amb un postgrau en Gesti\u00f3 Cultural per la Universitat Pompeu Fabra, de Barcelona, i formada en comissariat d&#8217;art per Sotheby\u2019s Institute of Art. Ha treballat en empreses culturals privades i en institucions p\u00fabliques, en el camp de la gesti\u00f3 i organitzaci\u00f3 d&#8217;exposicions d&#8217;art contemporani i en l&#8217;edici\u00f3 de cat\u00e0legs i llibres d&#8217;art. Des de l&#8217;any 2016 col\u00b7labora amb Espronceda com a comiss\u00e0ria d&#8217;exposicions d\u2019art.<\/span><\/p>\n<p>&nbsp;<\/p>\n<h2><img loading=\"lazy\" decoding=\"async\" class=\"alignleft size-thumbnail wp-image-11263\" src=\"https:\/\/www.espronceda.net\/wp-content\/uploads\/2019\/07\/Valentina-Casacchia-BW2-150x150.jpg\" alt=\"\" width=\"150\" height=\"150\" \/>Valentina Casacchia<\/h2>\n<p>Valentina Casacchia \u00e9s una historiadora de l&#8217;art, comiss\u00e0ria i consultora d&#8217;art amb seu a Mil\u00e0. Va treballar a Par\u00eds i Nova York per diverses institucions i col\u00b7leccions d&#8217;art modern i contemporani: el Museu Solomon R. Guggenheim, el Museu de Jersey City, l&#8217;Espectacle de l&#8217;Armeria, la Col\u00b7lecci\u00f3 Maria de Beyrie, la Col\u00b7lecci\u00f3 Gregory Callimanopulos i l&#8217;Art Mutu<\/p>\n<p>&nbsp;<\/p>\n<p>&nbsp;<\/p>\n<p><img loading=\"lazy\" decoding=\"async\" class=\"alignleft size-thumbnail wp-image-11293\" src=\"https:\/\/www.espronceda.net\/wp-content\/uploads\/2019\/08\/tomeo_photo-150x150.jpg\" alt=\"\" width=\"150\" height=\"150\" \/><\/p>\n<h2>Caterina Tomeo<\/h2>\n<p>CATERINA Tomeo (1972) \u00e9s una historiadora de l&#8217;art que combina la investigaci\u00f3 amb un ull cr\u00edtic i curatorial. Treballa en el camp de l&#8217;art contemporani amb especial inter\u00e8s persegueix en el camp de les arts s\u00f2niques i l&#8217;art medi\u00e0tic. Ella ensenya a RUFA &#8211; Universitat de Belles Arts de Roma, on tamb\u00e9 \u00e9s la Coordinadora de la MAD a &#8220;Multim\u00e8dia Arts &amp; Design&#8221;. \u00c9s professora en el M\u00e0ster en &#8220;Economia i Gesti\u00f3 de l&#8217;Art i Patrimoni Cultural&#8221; de l&#8217;Escola de Negocis &#8220;Il Sole 24 Ore&#8221; a Roma. Col\u00b7labora amb festivals internacionals que se centren en la m\u00fasica electr\u00f2nica i la cultura contempor\u00e0nia. El seu llibre, Sound art. Ascoltare \u00e8 menja vedere, va ser publicat per Castelvecchi al febrer de 2017. El seu nou llibre, Sonic Arts, ser\u00e0 publicat per Castelvecchi al setembre de 2019.<\/p>\n<h2><img loading=\"lazy\" decoding=\"async\" class=\"alignleft size-thumbnail wp-image-11296\" src=\"https:\/\/www.espronceda.net\/wp-content\/uploads\/2019\/08\/Professional-Ilaria-150x150.jpeg\" alt=\"\" width=\"150\" height=\"150\" \/>Ilaria Termolino<\/h2>\n<div class=\"\"><span class=\"\">Ilaria Termolino (Roma, 1988) cr\u00edtica d&#8217;art i comissaria d&#8217;art.<\/span><\/div>\n<div class=\"\"><span class=\"\">Viu i treballa a Barcelona. \u00c9s llicenciada en Hist\u00f2ria de l&#8217;Art per la<\/span><\/div>\n<div class=\"\"><span class=\"\">Universitat La Sapienza de Roma l\u2019any 2014. Amb la seva tesi s&#8217;especialitza en l&#8217;art sota el franquisme, mantenint actives col\u00b7laboracions amb els pocs artistes que continuen vius.<\/span><\/div>\n<div class=\"\"><span class=\"\">El seu treball de recerca est\u00e0 marcat per una constant cerca de l&#8217;her\u00e8ncia deixada pels grans artistes del passat en l&#8217;actual generaci\u00f3 d&#8217;artistes. Col\u00b7labora amb revistes d&#8217;art i acompanya a grups de turistes italians a descobrir els racons m\u00e9s ins\u00f2lits de la ciutat de Barcelona.<\/span><\/div>\n<div><\/div>\n<div><\/div>\n<div>\n<p><img loading=\"lazy\" decoding=\"async\" class=\"alignleft size-thumbnail wp-image-12111\" src=\"https:\/\/www.espronceda.net\/wp-content\/uploads\/2019\/10\/Roberta-Melasecca-150x150.jpg\" alt=\"\" width=\"150\" height=\"150\" srcset=\"https:\/\/www.espronceda.net\/wp-content\/uploads\/2019\/10\/Roberta-Melasecca-150x150.jpg 150w, https:\/\/www.espronceda.net\/wp-content\/uploads\/2019\/10\/Roberta-Melasecca-300x300.jpg 300w, https:\/\/www.espronceda.net\/wp-content\/uploads\/2019\/10\/Roberta-Melasecca-768x768.jpg 768w, https:\/\/www.espronceda.net\/wp-content\/uploads\/2019\/10\/Roberta-Melasecca-1024x1024.jpg 1024w, https:\/\/www.espronceda.net\/wp-content\/uploads\/2019\/10\/Roberta-Melasecca.jpg 1080w\" sizes=\"auto, (max-width: 150px) 100vw, 150px\" \/><\/p>\n<p class=\"western\" lang=\"en-US\"><strong><span style=\"color: #333333;\"><span style=\"font-family: Helvetica, serif;\"><span style=\"font-size: x-large;\"><span lang=\"it-IT\">Roberta Melasecca<\/span><\/span><\/span><\/span><\/strong><\/p>\n<p lang=\"it-IT\" align=\"justify\"><span style=\"color: #000000;\"><span style=\"font-family: Helvetica Neue, serif;\"><span style=\"font-size: small;\"><span style=\"color: #333333;\"><span style=\"font-family: Times New Roman, serif;\"><span style=\"font-size: medium;\"><span lang=\"it-IT\">Architetto, ha svolto attivit<\/span><\/span><\/span><\/span><span style=\"color: #333333;\"><span style=\"font-family: Times New Roman, serif;\"><span style=\"font-size: medium;\"><span lang=\"fr-FR\">\u00e0 <\/span><\/span><\/span><\/span><span style=\"color: #333333;\"><span style=\"font-family: Times New Roman, serif;\"><span style=\"font-size: medium;\"><span lang=\"it-IT\">di libero professionista per 15 anni nel settore del restauro e del rilievo architettonico.<\/span><\/span><\/span><\/span><span style=\"color: #333333;\"><span style=\"font-family: Times New Roman, serif;\"><span style=\"font-size: medium;\"><span lang=\"it-IT\">Nel 2012 inizia l<\/span><\/span><\/span><\/span><span style=\"color: #333333;\"><span style=\"font-family: Times New Roman, serif;\"><span style=\"font-size: medium;\">\u2019<\/span><\/span><\/span><span style=\"color: #333333;\"><span style=\"font-family: Times New Roman, serif;\"><span style=\"font-size: medium;\"><span lang=\"it-IT\">attivit<\/span><\/span><\/span><\/span><span style=\"color: #333333;\"><span style=\"font-family: Times New Roman, serif;\"><span style=\"font-size: medium;\"><span lang=\"fr-FR\">\u00e0 <\/span><\/span><\/span><\/span><span style=\"color: #333333;\"><span style=\"font-family: Times New Roman, serif;\"><span style=\"font-size: medium;\"><span lang=\"it-IT\">nella comunicazione, promozione artistica e curatela per l\u2019arte e l\u2019architettura, seguendo progetti artistici ed editoriali. E\u2019 stata per 5 anni art director di Interno 14, spazio espositivo sito in Roma; nel<\/span><\/span><\/span><\/span><span style=\"color: #333333;\"><span style=\"font-family: Times New Roman, serif;\"><span style=\"font-size: medium;\"> 2015 <\/span><\/span><\/span><span style=\"color: #333333;\"><span style=\"font-family: Times New Roman, serif;\"><span style=\"font-size: medium;\"><span lang=\"it-IT\">fonda l\u2019agenzia Melasecca PressOffice promuovendo centinaia di mostre, eventi, premi in tutto il territorio nazionale. Dal 2018 \u00e8 responsabile, art manager e curator di Interno 14 next, progetto di mecenatismo interdisciplinare diffuso che ha l\u2019obiettivo di collegare vari operatori dell\u2019arte, generare una maglia diffusa che valichi le frontiere e c<\/span><\/span><\/span><\/span><span style=\"color: #333333;\"><span style=\"font-family: Times New Roman, serif;\"><span style=\"font-size: medium;\"><span lang=\"fr-FR\">onne<\/span><\/span><\/span><\/span><span style=\"color: #333333;\"><span style=\"font-family: Times New Roman, serif;\"><span style=\"font-size: medium;\"><span lang=\"it-IT\">ttere diversi ambiti disciplinari. E\u2019 responsabile di redazione della rivista www.<\/span><\/span><\/span><\/span><span style=\"color: #333333;\"><span style=\"font-family: Times New Roman, serif;\"><span style=\"font-size: medium;\">presstletter.com<\/span><\/span><\/span><span style=\"color: #333333;\"><span style=\"font-family: Times New Roman, serif;\"><span style=\"font-size: medium;\"><span lang=\"it-IT\">. Dal 2019 Interno 14 next fa parte del progetto The Indipendent della Fondazione MAXXI.<\/span><\/span><\/span><\/span><\/span><\/span><\/span><\/p>\n<\/div>\n<p lang=\"it-IT\" align=\"justify\"><strong><span style=\"color: #333333;\"><span style=\"font-family: Helvetica, serif;\"><span style=\"font-size: x-large;\"><span lang=\"it-IT\"><img loading=\"lazy\" decoding=\"async\" class=\"size-thumbnail wp-image-12498 alignleft\" src=\"https:\/\/www.espronceda.net\/wp-content\/uploads\/2020\/01\/VerenaSiol20-150x150.jpg\" alt=\"\" width=\"150\" height=\"150\" \/>Verena Siol<\/span><\/span><\/span><\/span><\/strong><\/p>\n<p lang=\"it-IT\" align=\"justify\">Verena SIOL \u00e9s una artista d&#8217;Alemanya. Viu i treballa a prop de Berl\u00edn ia Morinesio, It\u00e0lia. Graduat en Cer\u00e0mica a la Universitat Bauhaus de Weimar \/ Alemanya. Les seves obres es poden trobar en diverses galeries nacionals i internacionals. Com a professora, ella transmet els seus coneixements en els cursos. Verena \u00e9s s\u00f2cia i consultora de espronceda i responsable de el desenvolupament dels programes d&#8217;activitats amb els nostres socis europeus, aix\u00ed com de les relacions amb els curadors.<\/p>\n<h2><span style=\"color: #353535;\"><span style=\"font-family: Arial, serif;\"><span lang=\"es-ES\"><b><img loading=\"lazy\" decoding=\"async\" class=\"size-thumbnail wp-image-12620 alignleft\" src=\"https:\/\/www.espronceda.net\/wp-content\/uploads\/2020\/01\/CAMILLE-BAKER-2-150x150.jpg\" alt=\"\" width=\"150\" height=\"150\" srcset=\"https:\/\/www.espronceda.net\/wp-content\/uploads\/2020\/01\/CAMILLE-BAKER-2-150x150.jpg 150w, https:\/\/www.espronceda.net\/wp-content\/uploads\/2020\/01\/CAMILLE-BAKER-2-300x300.jpg 300w, https:\/\/www.espronceda.net\/wp-content\/uploads\/2020\/01\/CAMILLE-BAKER-2.jpg 351w\" sizes=\"auto, (max-width: 150px) 100vw, 150px\" \/>Camille Baker<\/b><\/span><\/span><\/span><\/h2>\n<p>Camille Baker \u00e9s una artista-int\u00e8rpret \/ investigadora \/ comiss\u00e0ria en diverses formes d\u2019art: rendiment participatiu i art interactiu, art de mitjans m\u00f2bils, tecnologia de moda \/ circuits suaus \/ electr\u00f2nica de bricolatge, interf\u00edcies i entorns responsius i curatges de mitjans emergents. Baker desenvolupa m\u00e8todes i enfocaments per explorar el cos en contextos art\u00edstics de performance i interactius, mitjan\u00e7ant circuits suaus \/ etextil, electr\u00f2nica portable i suports m\u00f2bils. El seu llibre recent &#8220;New Directions in Mobile Media and Performance&#8221; mostra enfocaments i artistes interessants en aquest espai, aix\u00ed com la seva pr\u00f2pia obra. \u00c9s la investigadora principal de UCA per a STARTS Ecosystem (principis.eu), finan\u00e7ada per la UE, abr 2019-nov. 2021 i iniciadora fundadora del projecte EU WEAR Sustain, gener de 2017 a abril de 2019 (wearsustain.eu).<\/p>\n<p>&nbsp;<\/p>\n<h2><span style=\"font-family: Arial, serif;\"><span lang=\"es-ES\"><b><img loading=\"lazy\" decoding=\"async\" class=\"size-thumbnail wp-image-12623 alignleft\" src=\"https:\/\/www.espronceda.net\/wp-content\/uploads\/2020\/01\/Santeri-150x150.jpg\" alt=\"\" width=\"150\" height=\"150\" srcset=\"https:\/\/www.espronceda.net\/wp-content\/uploads\/2020\/01\/Santeri-150x150.jpg 150w, https:\/\/www.espronceda.net\/wp-content\/uploads\/2020\/01\/Santeri-300x300.jpg 300w, https:\/\/www.espronceda.net\/wp-content\/uploads\/2020\/01\/Santeri.jpg 425w\" sizes=\"auto, (max-width: 150px) 100vw, 150px\" \/>Santeri Suominen<\/b><\/span><\/span><\/h2>\n<p>Santeri Suominen \u00e9s l&#8217;actual president del consell de FIVR &#8211; The Finnish VR Association. Actualment treballa com a comiss\u00e0ria de contingut i ecosistema de XR al Centre d\u2019Helsinki XR. Tant si es tracta d\u2019art, entreteniment o aplicacions d\u2019utilitat, les empreses de RR de Finl\u00e0ndia i els artistes mereixen una m\u00e0xima exposici\u00f3 a nivell nacional i internacional. Aix\u00f2 no nom\u00e9s d\u00f3na lloc a noves iniciatives, col\u00b7laboracions, cooperaci\u00f3 i projectes, sin\u00f3 que tamb\u00e9 genera coneixement i comprensi\u00f3 sobre on ens porten les tecnologies de VR i AR com a individus i societats. El paper de Santeri com a Comissari XR \u00e9s omplir els buits entre la tecnologia, la societat i l\u2019experi\u00e8ncia personal per ajudar a entendre el paper que VR i AR jugaran en el futur del treball, l\u2019art i l\u2019aprenentatge. &#8221;<\/p>\n<p>&nbsp;<\/p>\n<h2><span style=\"font-family: Arial, serif;\"><span lang=\"en\"><img loading=\"lazy\" decoding=\"async\" class=\"size-thumbnail wp-image-12626 alignleft\" src=\"https:\/\/www.espronceda.net\/wp-content\/uploads\/2020\/01\/Ulrich-Schrauth-4-150x150.jpg\" alt=\"\" width=\"150\" height=\"150\" srcset=\"https:\/\/www.espronceda.net\/wp-content\/uploads\/2020\/01\/Ulrich-Schrauth-4-150x150.jpg 150w, https:\/\/www.espronceda.net\/wp-content\/uploads\/2020\/01\/Ulrich-Schrauth-4-300x300.jpg 300w, https:\/\/www.espronceda.net\/wp-content\/uploads\/2020\/01\/Ulrich-Schrauth-4.jpg 676w\" sizes=\"auto, (max-width: 150px) 100vw, 150px\" \/>Ulrich Schrauth<\/span><\/span><\/h2>\n<p>Ulrich Schrauth \u00e9s l\u2019iniciador i director art\u00edstic del &#8220;VRHAM! &#8211; Virtual Reality &amp; Arts Festival&#8221; a Hamburg i tamb\u00e9 \u00e9s responsable com a director creatiu de diversos projectes internacionals en el camp dels mitjans digitals. Treballa regularment com a membre del jurat, per exemple a Laval Virtual \/ France o VREFEST Roma \/ It\u00e0lia. Schrauth tamb\u00e9 \u00e9s ponent i presentador amb un enfocament tem\u00e0tic en arts immersives, i.a. al Festival SXSW Austin \/ Texas, Festival de Cinema de Cannes \/ Fran\u00e7a, European Jazz Conference Novara \/ It\u00e0lia. Va treballar nacional i internacionalment en diverses posicions, incl\u00f2s com a director art\u00edstic del Thalia Theatre d&#8217;Hamburg, al Festival de Sydney i com a cap de programaci\u00f3 del festival internacional Theatre der Welt 2017. Schrauth va estudiar arts esc\u00e8niques al Folkwang Hochschule a Essen i cultural. direcci\u00f3 a la Universitat de M\u00fasica i Teatre Hamburg.<\/p>\n<p>&nbsp;<\/p>\n<p>&nbsp;<\/p>\n","protected":false},"excerpt":{"rendered":"<p>Treballem amb diversos curadors i assessors molt experimentats del m\u00f3n de l&#8217;art per obtenir la major i m\u00e9s valuosa contribuci\u00f3 possible. Elia Sabato elia@espronceda.net Elia Sabato (cofundadora) \u00e9s un artista provinent de Lecce, It\u00e0lia; i cofundador d&#8217;Espronceda. Es va mudar a Barcelona per tenir -junt a Roma- una altra base per a la seva creativitat. Tamb\u00e9 va dissenyar l&#8217;estudi EncontrArte [&hellip;]<\/p>\n","protected":false},"author":1,"featured_media":0,"parent":1130,"menu_order":0,"comment_status":"closed","ping_status":"closed","template":"","meta":{"footnotes":""},"class_list":["post-1135","page","type-page","status-publish","hentry"],"_links":{"self":[{"href":"https:\/\/www.espronceda.net\/ca\/wp-json\/wp\/v2\/pages\/1135","targetHints":{"allow":["GET"]}}],"collection":[{"href":"https:\/\/www.espronceda.net\/ca\/wp-json\/wp\/v2\/pages"}],"about":[{"href":"https:\/\/www.espronceda.net\/ca\/wp-json\/wp\/v2\/types\/page"}],"author":[{"embeddable":true,"href":"https:\/\/www.espronceda.net\/ca\/wp-json\/wp\/v2\/users\/1"}],"replies":[{"embeddable":true,"href":"https:\/\/www.espronceda.net\/ca\/wp-json\/wp\/v2\/comments?post=1135"}],"version-history":[{"count":17,"href":"https:\/\/www.espronceda.net\/ca\/wp-json\/wp\/v2\/pages\/1135\/revisions"}],"predecessor-version":[{"id":28436,"href":"https:\/\/www.espronceda.net\/ca\/wp-json\/wp\/v2\/pages\/1135\/revisions\/28436"}],"up":[{"embeddable":true,"href":"https:\/\/www.espronceda.net\/ca\/wp-json\/wp\/v2\/pages\/1130"}],"wp:attachment":[{"href":"https:\/\/www.espronceda.net\/ca\/wp-json\/wp\/v2\/media?parent=1135"}],"curies":[{"name":"wp","href":"https:\/\/api.w.org\/{rel}","templated":true}]}}