{"id":1141,"date":"2016-04-23T10:47:32","date_gmt":"2016-04-23T10:47:32","guid":{"rendered":"http:\/\/www.espronceda.net\/ca\/?page_id=1141"},"modified":"2025-01-08T18:17:09","modified_gmt":"2025-01-08T17:17:09","slug":"lequip","status":"publish","type":"page","link":"https:\/\/www.espronceda.net\/ca\/about\/lequip\/","title":{"rendered":"L&#8217;Equip"},"content":{"rendered":"<div class=\"teammember\">\n<div class=\"txtteammember\">\n<p><img loading=\"lazy\" decoding=\"async\" class=\"wp-image-497 size-thumbnail alignleft\" src=\"\/wp-content\/uploads\/2016\/04\/download1-150x150.png\" alt=\"\" width=\"150\" height=\"150\" \/><\/p>\n<\/div>\n<\/div>\n<div class=\"teammember\">\n<div class=\"txtteammember\">\n<h2>Henrik Sprengel<\/h2>\n<h4>henrik@espronceda.net<\/h4>\n<p>Dr. Henrik Sprengel (Co-fundador), \u00e9s un empresari en s\u00e8rie amb experi\u00e8ncia transformant idees en negocies des de fa m\u00e9s d\u2019una d\u00e8cada. Establert a Barcelona, ell es sent realment europeu. La seva convicci\u00f3 de que \u201cEARTH without art would be \u201cEH\u201d el converteix en un fervent creient de l\u2019art i la cultura, tamb\u00e9 de la feina duta a terme a Espronceda.<\/p>\n<p>&nbsp;<\/p>\n<\/div>\n<\/div>\n<div class=\"teammember\">\n<p><img loading=\"lazy\" decoding=\"async\" class=\"wp-image-496 size-thumbnail alignleft\" src=\"\/wp-content\/uploads\/2016\/04\/holger_bw-150x150.png\" alt=\"\" width=\"150\" height=\"150\" \/><\/p>\n<div class=\"txtteammember\">\n<h2>Holger Sprengel<\/h2>\n<h4>holger@espronceda.net<\/h4>\n<p>El Dr Holger Sprengel (cofundador) \u00e9s un amant de l&#8217;art. T\u00e9 un MBA i un doctorat en dret. Holger \u00e9s Director General en Nurogames i Nuromedia i se sent atret per la idea de STARTS i creu que els artistes poden desencadenar la innovaci\u00f3. Amb moltes empreses fundades tant en el sector digital com en el sector f\u00edsic, creu que l&#8217;art i la cultura \u00e9s fer de la terra un lloc millor. Assessora a Espronceda en diversos aspectes.<\/p>\n<\/div>\n<\/div>\n<p>&nbsp;<\/p>\n<div class=\"teammember\">\n<div class=\"txtteammember\">\n<h2 class=\"p1\"><span class=\"s1\"><img loading=\"lazy\" decoding=\"async\" class=\"alignleft wp-image-9314 size-thumbnail\" src=\"https:\/\/www.espronceda.net\/wp-content\/uploads\/2019\/01\/Maria-Mantzakou-150x150.jpg\" alt=\"\" width=\"150\" height=\"150\" srcset=\"https:\/\/www.espronceda.net\/wp-content\/uploads\/2019\/01\/Maria-Mantzakou-150x150.jpg 150w, https:\/\/www.espronceda.net\/wp-content\/uploads\/2019\/01\/Maria-Mantzakou-300x300.jpg 300w, https:\/\/www.espronceda.net\/wp-content\/uploads\/2019\/01\/Maria-Mantzakou-768x768.jpg 768w, https:\/\/www.espronceda.net\/wp-content\/uploads\/2019\/01\/Maria-Mantzakou.jpg 970w\" sizes=\"auto, (max-width: 150px) 100vw, 150px\" \/>Maria Mantzakou<\/span><\/h2>\n<h4 class=\"p1\"><span class=\"s1\">maria@espronceda.net<\/span><\/h4>\n<p class=\"p1\">(Project Manager) Despr\u00e9s de treballar diversos anys com a coordinadora de continguts en projectes virtuals i museol\u00f2gics, actualment coordina els projectes art\u00edstics d&#8217;Espronceda Center for Art &amp; Culture. Liderant la selecci\u00f3 d&#8217;artistes de resid\u00e8ncia ofereix suport a les resid\u00e8ncies i col\u00b7labora tant amb personal i curadors, com preparant les exposicions.<\/p>\n<\/div>\n<\/div>\n<p>&nbsp;<\/p>\n<h2 class=\"p1\"><span class=\"s1\"><img loading=\"lazy\" decoding=\"async\" class=\"size-thumbnail wp-image-5981 alignleft\" src=\"https:\/\/www.espronceda.net\/wp-content\/uploads\/2018\/02\/clara-150x150.jpg\" alt=\"\" width=\"150\" height=\"150\" srcset=\"https:\/\/www.espronceda.net\/wp-content\/uploads\/2018\/02\/clara-150x150.jpg 150w, https:\/\/www.espronceda.net\/wp-content\/uploads\/2018\/02\/clara-300x300.jpg 300w, https:\/\/www.espronceda.net\/wp-content\/uploads\/2018\/02\/clara-768x765.jpg 768w, https:\/\/www.espronceda.net\/wp-content\/uploads\/2018\/02\/clara.jpg 1015w\" sizes=\"auto, (max-width: 150px) 100vw, 150px\" \/>Clara Bellido<\/span><\/h2>\n<p><strong>c.bellido@lg-media.es<\/strong><\/p>\n<p>Clara Bellido (Gerent de relacions p\u00fabliques). Com a directora gerent d&#8217;una ag\u00e8ncia de relacions p\u00fabliques (Lemongrass Communications), t\u00e9 una \u00e0mplia experi\u00e8ncia en campanyes de comunicaci\u00f3 per a clients de diferents sectors, a nivell local, nacional i internacional. Actualment coordina la comunicaci\u00f3 i les relacions p\u00fabliques de les exposicions i esdeveniments del Centre Espronceda d&#8217;Art i Cultura.<\/p>\n<div class=\"teammember\">\n<p>&nbsp;<\/p>\n<\/div>\n<div id=\"gtx-trans\" style=\"position: absolute; left: 812px; top: 842.007px;\">\n<div class=\"gtx-trans-icon\"><\/div>\n<\/div>\n","protected":false},"excerpt":{"rendered":"<p>Henrik Sprengel henrik@espronceda.net Dr. Henrik Sprengel (Co-fundador), \u00e9s un empresari en s\u00e8rie amb experi\u00e8ncia transformant idees en negocies des de fa m\u00e9s d\u2019una d\u00e8cada. Establert a Barcelona, ell es sent realment europeu. La seva convicci\u00f3 de que \u201cEARTH without art would be \u201cEH\u201d el converteix en un fervent creient de l\u2019art i la cultura, tamb\u00e9 de la feina duta a [&hellip;]<\/p>\n","protected":false},"author":1,"featured_media":0,"parent":1130,"menu_order":0,"comment_status":"closed","ping_status":"closed","template":"","meta":{"footnotes":""},"class_list":["post-1141","page","type-page","status-publish","hentry"],"_links":{"self":[{"href":"https:\/\/www.espronceda.net\/ca\/wp-json\/wp\/v2\/pages\/1141","targetHints":{"allow":["GET"]}}],"collection":[{"href":"https:\/\/www.espronceda.net\/ca\/wp-json\/wp\/v2\/pages"}],"about":[{"href":"https:\/\/www.espronceda.net\/ca\/wp-json\/wp\/v2\/types\/page"}],"author":[{"embeddable":true,"href":"https:\/\/www.espronceda.net\/ca\/wp-json\/wp\/v2\/users\/1"}],"replies":[{"embeddable":true,"href":"https:\/\/www.espronceda.net\/ca\/wp-json\/wp\/v2\/comments?post=1141"}],"version-history":[{"count":39,"href":"https:\/\/www.espronceda.net\/ca\/wp-json\/wp\/v2\/pages\/1141\/revisions"}],"predecessor-version":[{"id":28392,"href":"https:\/\/www.espronceda.net\/ca\/wp-json\/wp\/v2\/pages\/1141\/revisions\/28392"}],"up":[{"embeddable":true,"href":"https:\/\/www.espronceda.net\/ca\/wp-json\/wp\/v2\/pages\/1130"}],"wp:attachment":[{"href":"https:\/\/www.espronceda.net\/ca\/wp-json\/wp\/v2\/media?parent=1141"}],"curies":[{"name":"wp","href":"https:\/\/api.w.org\/{rel}","templated":true}]}}