{"id":1144,"date":"2016-04-23T10:50:33","date_gmt":"2016-04-23T10:50:33","guid":{"rendered":"http:\/\/www.espronceda.net\/ca\/?page_id=1144"},"modified":"2019-07-23T09:55:27","modified_gmt":"2019-07-23T07:55:27","slug":"activitats","status":"publish","type":"page","link":"https:\/\/www.espronceda.net\/ca\/activitats\/","title":{"rendered":"Activitats"},"content":{"rendered":"<div class=\"row\">\n\t<div class=\"wpb_content_element span12 wpb_text_column\">\n\t\t<div class=\"wpb_wrapper clearfix\">\n\t\t\t\n<p style=\"text-align: justify;\">Espronceda \u00e9s una llar per a l\u2019art, la cultura, la creativitat i l\u2019educaci\u00f3 que ofereix diverses activitats. A la vegada que acull artistes permanents, Espronceda proporciona una plataforma per al di\u00e0leg sobre l\u2019art contemporani en un context internacional mitjan\u00e7ant el llan\u00e7ament d\u2019un programa dual de resid\u00e8ncies. La missi\u00f3 del programa Artistes en Resid\u00e8ncia \u00e9s invitar a reconeguts internacionalment artistes, comissaris i cr\u00edtics d\u2019art a Barcelona per presentar les seves activitats. Espronceda tamb\u00e9 aporta un ampli programa cultural i educatiu, aix\u00ed com una gran varietat de tallers.<\/p>\n<p><strong>Espronceda tamb\u00e9 ofereix un ampli ventall d\u2019activitats culturals i educatives:<\/strong><br \/>\n<span style=\"line-height: 0.5;\"><ul class=\"sf-list list-add_bw\"><\/span><br \/>\n<li>Programa de resid\u00e8ncia per a artistes<\/li>\n<li>Programa per a comissaris d\u2019art<\/li>\n<li>Programa educatiu<\/li>\n<li>Programa cultural<\/li>\n<li>Tallers i esdeveniments d&#8217;innovaci\u00f3 i R&#038;D<\/li>\n<li>Sala de cuina creativa<\/li>\n<li>Tallers<\/li>\n<li>Innovaci\u00f3 Tecnol\u00f2gica<\/li>\n<li>Innovaci\u00f3 social<\/li>\n<li>Xarxes internacionals<\/li>\n<\/ul>\n\n\t\t<\/div> \n\t<\/div> <\/div>\n\n","protected":false},"excerpt":{"rendered":"","protected":false},"author":1,"featured_media":0,"parent":0,"menu_order":0,"comment_status":"closed","ping_status":"closed","template":"","meta":{"footnotes":""},"class_list":["post-1144","page","type-page","status-publish","hentry"],"_links":{"self":[{"href":"https:\/\/www.espronceda.net\/ca\/wp-json\/wp\/v2\/pages\/1144","targetHints":{"allow":["GET"]}}],"collection":[{"href":"https:\/\/www.espronceda.net\/ca\/wp-json\/wp\/v2\/pages"}],"about":[{"href":"https:\/\/www.espronceda.net\/ca\/wp-json\/wp\/v2\/types\/page"}],"author":[{"embeddable":true,"href":"https:\/\/www.espronceda.net\/ca\/wp-json\/wp\/v2\/users\/1"}],"replies":[{"embeddable":true,"href":"https:\/\/www.espronceda.net\/ca\/wp-json\/wp\/v2\/comments?post=1144"}],"version-history":[{"count":5,"href":"https:\/\/www.espronceda.net\/ca\/wp-json\/wp\/v2\/pages\/1144\/revisions"}],"predecessor-version":[{"id":11226,"href":"https:\/\/www.espronceda.net\/ca\/wp-json\/wp\/v2\/pages\/1144\/revisions\/11226"}],"wp:attachment":[{"href":"https:\/\/www.espronceda.net\/ca\/wp-json\/wp\/v2\/media?parent=1144"}],"curies":[{"name":"wp","href":"https:\/\/api.w.org\/{rel}","templated":true}]}}