{"id":1154,"date":"2016-04-23T11:01:30","date_gmt":"2016-04-23T11:01:30","guid":{"rendered":"http:\/\/www.espronceda.net\/ca\/?page_id=1154"},"modified":"2016-04-23T11:01:30","modified_gmt":"2016-04-23T11:01:30","slug":"programa-de-residencies-per-artistes","status":"publish","type":"page","link":"https:\/\/www.espronceda.net\/ca\/la-residencia\/programa-de-residencies-per-artistes\/","title":{"rendered":"Programa de resid\u00e8ncies per a artistes"},"content":{"rendered":"<div class=\"row\">\n\t<div class=\"wpb_content_element span6 wpb_text_column\">\n\t\t<div class=\"wpb_wrapper clearfix\">\n\t\t\t<div class=\"heading-wrap\"><h3 class=\"wpb_heading wpb_text_heading\">Programa de resid\u00e8ncies per a artistes<\/h3><\/div>\n\t\t\t\n<p>El programa de resid\u00e8ncies per a artistes va ser inaugurat a l\u2019any 2013. Dins del marc del programa, Espronceda invita a artistes internacionalment reconeguts i amb gran potencial per gaudir d\u2019una experi\u00e8ncia creativa i cultural entre 2 i 12 setmanes.<\/p>\n<p>El per\u00edode de resid\u00e8ncia culmina en una exposici\u00f3\/show que mostra tot el treball dut a terme durant el transcurs del programa. A m\u00e9s a m\u00e9s, aquesta exposici\u00f3 permet a l\u2019artista resumir tant la seva obra art\u00edstica com les activitats i experi\u00e8ncies obtingudes en Espronceda a trav\u00e9s d\u2019una xerrada per al p\u00fablic. L\u2019exposici\u00f3 romandr\u00e0 al centre per ser visitada durant dues setmanes despr\u00e9s de la inauguraci\u00f3.<\/p>\n<p>El programa inclou:<\/p>\n<p>\u2022 Estudis\/espais de treball compartits i privats.<\/p>\n<p>\u2022 Exposici\u00f3 final durant l\u2019\u00faltima setmana del programa juntament amb una recepci\u00f3 d\u2019obertura.<\/p>\n<p>\u2022 Suport en el disseny de les invitacions.<\/p>\n<p>\u2022 Comunicats de premsa i comunicaci\u00f3.<\/p>\n<p>\u2022 Invitaci\u00f3 a la nostra base de dades electr\u00f2niques.<\/p>\n<p>\u2022 Assessorament i suport en vendes i preus.<\/p>\n<p>\u2022 Visibilitat internacional.<\/p>\n<p>\u2022 Recolzament en el Social Media M\u00e0rqueting\/Comunicaci\u00f3 i Relacions P\u00fabliques.<\/p>\n<p>\u2022 \u00das de l\u2019espai multim\u00e8dia.<\/p>\n<p>\u2022 Suport en la sol\u00b7licitud de beques abans i durant l\u2019estada.<\/p>\n<p>\u2022 Contacte amb el mercat internacional (galeries, col\u00b7leccionistes, etc.)<\/p>\n<p>\u2022 Ser membre de la comunitat i compartir l\u2019esperit d\u2019Espronceda!<\/p>\n<p>N\u00famero m\u00e0xim de residents: 5 al mateix temps.<\/p>\n<p>Companys s\u00f3n benvinguts durant un per\u00edode curt de la resid\u00e8ncia.<\/p>\n\n\t\t<\/div> \n\t<\/div> <\/div>\n <div class=\"row\">\n\t<div class=\"wpb_accordion wpb_content_element span-twothirds not-column-inherit\" data-active=\"\">\n\t\t<div class=\"wpb_wrapper wpb_accordion_wrapper \">\n\t\t\t \n\t\t\t<div class=\"wpb_accordion_section group\">\n\t\t\t\t<h3><a href=\"#\">Qu\u00e8 busquem?<\/a><\/h3>\n\t\t\t\t<div class=\"row-fluid\">\n\t\t\t\t <div class=\"row\">\n\t<div class=\"wpb_content_element span8 wpb_text_column\">\n\t\t<div class=\"wpb_wrapper clearfix\">\n\t\t\t\n<p>Volem artistes amb bones vibracions i participatius, amb una actitud oberta cap a la nostra comunitat a Espronceda.<\/p>\n\n\t\t<\/div> \n\t<\/div> <\/div>\n \n\t\t\t\t<\/div>\n\t\t\t<\/div> \n \n\t\t\t<div class=\"wpb_accordion_section group\">\n\t\t\t\t<h3><a href=\"#\">Preus<\/a><\/h3>\n\t\t\t\t<div class=\"row-fluid\">\n\t\t\t\t <div class=\"row\">\n\t<div class=\"wpb_content_element span8 wpb_text_column\">\n\t\t<div class=\"wpb_wrapper clearfix\">\n\t\t\t\n<p>El preu total del programa de resid\u00e8ncies es de 950\u20ac al mes, allotjament incl\u00f2s. L\u2019associaci\u00f3 EncontrArte oferir\u00e0 el suport i la documentaci\u00f3 necess\u00e0ria al candidat seleccionat per sol\u00b7licitar una beca o recolzament financer en el seus pa\u00efsos d\u2019origen durant el per\u00edode de la sol\u00b7licitud.<\/p>\n<p>Espronceda pot ajudar a l\u2019artista oferint allotjament durant la durada del programa (habitaci\u00f3 individual privada amb bany compartit) i cuina. Les instal\u00b7lacions s\u00f3n d\u2019autoservei.<\/p>\n<p>Els artistes poden sol\u00b7licitar una beca a Espronceda.<\/p>\n\n\t\t<\/div> \n\t<\/div> <\/div>\n \n\t\t\t\t<\/div>\n\t\t\t<\/div> \n \n\t\t\t<div class=\"wpb_accordion_section group\">\n\t\t\t\t<h3><a href=\"#\">Qu\u00e8 ofereix l\u2019artista?<\/a><\/h3>\n\t\t\t\t<div class=\"row-fluid\">\n\t\t\t\t <div class=\"row\">\n\t<div class=\"wpb_content_element span8 wpb_text_column\">\n\t\t<div class=\"wpb_wrapper clearfix\">\n\t\t\t\n<p>Comissi\u00f3 de galeria i exposici\u00f3 per les vendes durant o despr\u00e9s de l\u2019exhibici\u00f3: 45% de comissi\u00f3.<\/p>\n<p>Els artistes participants han d\u2019oferir al centre una obra o pe\u00e7a art\u00edstica produ\u00efda durant la residencia. Espronceda cobreix tots el costos materials i de producci\u00f3.<\/p>\n\n\t\t<\/div> \n\t<\/div> <\/div>\n \n\t\t\t\t<\/div>\n\t\t\t<\/div> \n \n\t\t<\/div> \n\t<\/div> <\/div>\n\n","protected":false},"excerpt":{"rendered":"","protected":false},"author":1,"featured_media":0,"parent":1152,"menu_order":0,"comment_status":"closed","ping_status":"closed","template":"","meta":{"footnotes":""},"class_list":["post-1154","page","type-page","status-publish","hentry"],"_links":{"self":[{"href":"https:\/\/www.espronceda.net\/ca\/wp-json\/wp\/v2\/pages\/1154","targetHints":{"allow":["GET"]}}],"collection":[{"href":"https:\/\/www.espronceda.net\/ca\/wp-json\/wp\/v2\/pages"}],"about":[{"href":"https:\/\/www.espronceda.net\/ca\/wp-json\/wp\/v2\/types\/page"}],"author":[{"embeddable":true,"href":"https:\/\/www.espronceda.net\/ca\/wp-json\/wp\/v2\/users\/1"}],"replies":[{"embeddable":true,"href":"https:\/\/www.espronceda.net\/ca\/wp-json\/wp\/v2\/comments?post=1154"}],"version-history":[{"count":1,"href":"https:\/\/www.espronceda.net\/ca\/wp-json\/wp\/v2\/pages\/1154\/revisions"}],"predecessor-version":[{"id":1155,"href":"https:\/\/www.espronceda.net\/ca\/wp-json\/wp\/v2\/pages\/1154\/revisions\/1155"}],"up":[{"embeddable":true,"href":"https:\/\/www.espronceda.net\/ca\/wp-json\/wp\/v2\/pages\/1152"}],"wp:attachment":[{"href":"https:\/\/www.espronceda.net\/ca\/wp-json\/wp\/v2\/media?parent=1154"}],"curies":[{"name":"wp","href":"https:\/\/api.w.org\/{rel}","templated":true}]}}