{"id":1156,"date":"2016-04-23T11:02:32","date_gmt":"2016-04-23T11:02:32","guid":{"rendered":"http:\/\/www.espronceda.net\/ca\/?page_id=1156"},"modified":"2016-04-23T11:02:32","modified_gmt":"2016-04-23T11:02:32","slug":"programa-de-residencies-per-comissaris-dart","status":"publish","type":"page","link":"https:\/\/www.espronceda.net\/ca\/la-residencia\/programa-de-residencies-per-comissaris-dart\/","title":{"rendered":"Programa de residencies per a comissaris d\u2019art"},"content":{"rendered":"<div class=\"row\">\n\t<div class=\"wpb_content_element span6 wpb_text_column\">\n\t\t<div class=\"wpb_wrapper clearfix\">\n\t\t\t<div class=\"heading-wrap\"><h3 class=\"wpb_heading wpb_text_heading\">Programa de residencies per a comissaris d\u2019art<\/h3><\/div>\n\t\t\t\n<p>El programa de resid\u00e8ncies per a comissaris es va a iniciar a l\u2019any 2015. Dins del marc del programa, Espronceda invita a reconeguts comissaris d\u2019art a nivell internacional per a organitzar tallers, xerrades, exposicions i esdeveniments que proposin un tema especial i culturalment rellevant. L\u2019objectiu d\u2019aquest programa \u00e9s explorar i reflexionar sobre idees i conceptes introdu\u00efts per professionals del sector art\u00edstic, tamb\u00e9 crear un ambient v\u00edvid per al discurs intel\u00b7lectual. El programa CIR \u00e9s flexible quant a la perman\u00e8ncia i estructura, y est\u00e0 especialment adaptat a les necessitats i objectius del comissari.<\/p>\n\n\t\t<\/div> \n\t<\/div> <\/div>\n\n","protected":false},"excerpt":{"rendered":"","protected":false},"author":1,"featured_media":0,"parent":1152,"menu_order":0,"comment_status":"closed","ping_status":"closed","template":"","meta":{"footnotes":""},"class_list":["post-1156","page","type-page","status-publish","hentry"],"_links":{"self":[{"href":"https:\/\/www.espronceda.net\/ca\/wp-json\/wp\/v2\/pages\/1156","targetHints":{"allow":["GET"]}}],"collection":[{"href":"https:\/\/www.espronceda.net\/ca\/wp-json\/wp\/v2\/pages"}],"about":[{"href":"https:\/\/www.espronceda.net\/ca\/wp-json\/wp\/v2\/types\/page"}],"author":[{"embeddable":true,"href":"https:\/\/www.espronceda.net\/ca\/wp-json\/wp\/v2\/users\/1"}],"replies":[{"embeddable":true,"href":"https:\/\/www.espronceda.net\/ca\/wp-json\/wp\/v2\/comments?post=1156"}],"version-history":[{"count":1,"href":"https:\/\/www.espronceda.net\/ca\/wp-json\/wp\/v2\/pages\/1156\/revisions"}],"predecessor-version":[{"id":1157,"href":"https:\/\/www.espronceda.net\/ca\/wp-json\/wp\/v2\/pages\/1156\/revisions\/1157"}],"up":[{"embeddable":true,"href":"https:\/\/www.espronceda.net\/ca\/wp-json\/wp\/v2\/pages\/1152"}],"wp:attachment":[{"href":"https:\/\/www.espronceda.net\/ca\/wp-json\/wp\/v2\/media?parent=1156"}],"curies":[{"name":"wp","href":"https:\/\/api.w.org\/{rel}","templated":true}]}}