{"id":12802,"date":"2020-03-02T21:35:14","date_gmt":"2020-03-02T20:35:14","guid":{"rendered":"https:\/\/www.espronceda.net\/im-ok-by-mr-zen\/"},"modified":"2020-05-04T20:13:27","modified_gmt":"2020-05-04T18:13:27","slug":"im-ok-by-mr-zen","status":"publish","type":"page","link":"https:\/\/www.espronceda.net\/ca\/im-ok-by-mr-zen\/","title":{"rendered":"I\u2019m ok, by Mr. Zen"},"content":{"rendered":"<p><img loading=\"lazy\" decoding=\"async\" class=\"size-large wp-image-12797 aligncenter\" src=\"https:\/\/www.espronceda.net\/wp-content\/uploads\/2020\/02\/Mr-Zen-flyer-1024x459.jpg\" alt=\"\" width=\"1024\" height=\"459\" srcset=\"https:\/\/www.espronceda.net\/wp-content\/uploads\/2020\/02\/Mr-Zen-flyer-1024x459.jpg 1024w, https:\/\/www.espronceda.net\/wp-content\/uploads\/2020\/02\/Mr-Zen-flyer-300x135.jpg 300w, https:\/\/www.espronceda.net\/wp-content\/uploads\/2020\/02\/Mr-Zen-flyer-768x344.jpg 768w, https:\/\/www.espronceda.net\/wp-content\/uploads\/2020\/02\/Mr-Zen-flyer-1280x574.jpg 1280w, https:\/\/www.espronceda.net\/wp-content\/uploads\/2020\/02\/Mr-Zen-flyer.jpg 1713w\" sizes=\"auto, (max-width: 1024px) 100vw, 1024px\" \/><\/p>\n<p class=\"p1\">La paraula clau \u00e9s &#8220;L&#8217;acceptaci\u00f3&#8221;. L&#8217;acceptaci\u00f3 \u00e9s la millor manera de ser feli\u00e7. Tots vam descobrir la meta de la vida com felicitat. I tractem de fer tot el possible per arribar a la meta, per\u00f2 oblidem que la millor manera d&#8217;aconseguir-la \u00e9s mitjan\u00e7ant l&#8217;acceptaci\u00f3 de les coses positives i negatives que sorgeixen en les nostres vides.<\/p>\n<p class=\"p1\">Si som acceptables per a tot el que pugui succeir a les nostres vides, la felicitat est\u00e0 en les nostres ments. \u00c9s raonable que coses positives li succeeixin a les nostres vides i de la mateixa manera, coses negatives tamb\u00e9 li poden passar a les nostres vides.<\/p>\n<p class=\"p1\">Llavors la felicitat pot succeir tant durant el viatge com en la destinaci\u00f3 de la vida si estem oberts a l&#8217;acceptaci\u00f3.<\/p>\n<p class=\"p1\">No \u00e9s diferent amb les obres d&#8217;art. Quan vam crear obres d&#8217;art pot haver-hi una resposta immediata a ells. Aquesta retroalimentaci\u00f3 pot ser tant positiva com negativa, cadascuna possiblement impactar\u00e0 les nostres ments. Llavors aix\u00f2 \u00e9s el que ha de ser acceptat.<\/p>\n<p class=\"p1\">Seria un problema en les nostres ments si pensem que nom\u00e9s les coses bones (bons comentaris) succeiran i les coses dolentes no succeiran.<\/p>\n<p class=\"p1\">&#8220;L&#8217;obra d&#8217;art&#8221; \u00e9s el punt de ser visible per rebre les preguntes, idees, comentaris, etc., de manera que pot ser un bon creador (bon treballador) quan pot acceptar qualsevol cosa que passi.<\/p>\n<p class=\"p1\">&#8220;Estic b\u00e9&#8221; \u00e9s la s\u00e8rie que transmet el concepte de &#8220;ACCEPTACI\u00d3&#8221;. I l&#8217;acceptaci\u00f3 \u00e9s la felicitat.<\/p>\n<p><a href=\"https:\/\/www.facebook.com\/events\/2219250028381315\/\">Event on Facebook.<\/a><\/p>\n<p><a href=\"https:\/\/www.espronceda.net\/?portfolio=mr-zen\">About the artist<\/a><\/p>\n<p><iframe loading=\"lazy\" width=\"1170\" height=\"658\" src=\"https:\/\/www.youtube.com\/embed\/14rvjc5Rmuw?feature=oembed\" frameborder=\"0\" allow=\"accelerometer; autoplay; encrypted-media; gyroscope; picture-in-picture\" allowfullscreen><\/iframe><\/p>\n","protected":false},"excerpt":{"rendered":"<p>La paraula clau \u00e9s &#8220;L&#8217;acceptaci\u00f3&#8221;. L&#8217;acceptaci\u00f3 \u00e9s la millor manera de ser feli\u00e7. Tots vam descobrir la meta de la vida com felicitat. I tractem de fer tot el possible per arribar a la meta, per\u00f2 oblidem que la millor manera d&#8217;aconseguir-la \u00e9s mitjan\u00e7ant l&#8217;acceptaci\u00f3 de les coses positives i negatives que sorgeixen en les nostres vides. Si som acceptables [&hellip;]<\/p>\n","protected":false},"author":1,"featured_media":0,"parent":0,"menu_order":0,"comment_status":"closed","ping_status":"closed","template":"","meta":{"footnotes":""},"class_list":["post-12802","page","type-page","status-publish","hentry"],"_links":{"self":[{"href":"https:\/\/www.espronceda.net\/ca\/wp-json\/wp\/v2\/pages\/12802","targetHints":{"allow":["GET"]}}],"collection":[{"href":"https:\/\/www.espronceda.net\/ca\/wp-json\/wp\/v2\/pages"}],"about":[{"href":"https:\/\/www.espronceda.net\/ca\/wp-json\/wp\/v2\/types\/page"}],"author":[{"embeddable":true,"href":"https:\/\/www.espronceda.net\/ca\/wp-json\/wp\/v2\/users\/1"}],"replies":[{"embeddable":true,"href":"https:\/\/www.espronceda.net\/ca\/wp-json\/wp\/v2\/comments?post=12802"}],"version-history":[{"count":7,"href":"https:\/\/www.espronceda.net\/ca\/wp-json\/wp\/v2\/pages\/12802\/revisions"}],"predecessor-version":[{"id":17406,"href":"https:\/\/www.espronceda.net\/ca\/wp-json\/wp\/v2\/pages\/12802\/revisions\/17406"}],"wp:attachment":[{"href":"https:\/\/www.espronceda.net\/ca\/wp-json\/wp\/v2\/media?parent=12802"}],"curies":[{"name":"wp","href":"https:\/\/api.w.org\/{rel}","templated":true}]}}