{"id":13034,"date":"2020-03-06T17:53:09","date_gmt":"2020-03-06T16:53:09","guid":{"rendered":"https:\/\/www.espronceda.net\/projectes\/vr-ai-residency\/"},"modified":"2020-03-06T17:55:00","modified_gmt":"2020-03-06T16:55:00","slug":"vr-ai-residency","status":"publish","type":"page","link":"https:\/\/www.espronceda.net\/ca\/projectes\/vr-ai-residency\/","title":{"rendered":"VR\/AI Residency"},"content":{"rendered":"<h2><strong>Resid\u00e8ncia d&#8217;artista VR \/ AI<\/strong><\/h2>\n<p>Un cop a l&#8217;any, Espronceda atorga el premi IMMENSIVA a artistes seleccionats que estan convidats a una resid\u00e8ncia de 2 a 4 setmanes a Barcelona per crear art amb tecnologies d&#8217;avantguarda, com VR, AI, AR i m\u00e9s.<br \/>\nLa selecci\u00f3 la realitza un jurat internacional. Els artistes es presenten a trav\u00e9s d&#8217;una convocat\u00f2ria oberta o s\u00f3n proposats pels assessors \/ curadors d&#8217;Espronceda i Immensiva.<\/p>\n<p>A la resid\u00e8ncia d&#8217;artistes VR \/ AI, fins a 12 artistes treballaran i col\u00b7laboraran junts per crear noves obres d&#8217;art en un entorn col\u00b7laboratiu.<br \/>\nL&#8217;equip de Immensiva i Espronceda recolza en gran mesura als artistes amb totes les possibilitats. Tamb\u00e9 ens connectarem amb l&#8217;ecosistema local i regional i convidarem oradors, assessors i curadors d&#8217;alt nivell durant la resid\u00e8ncia per oferir una experi\u00e8ncia excel\u00b7lent i sostenible.<\/p>\n<p>Les obres d&#8217;art creades (aix\u00ed com les obres d&#8217;art potencialment individuals) es presentaran en un esdeveniment de clausura i posterior exposici\u00f3, obert a el p\u00fablic.<\/p>\n<p>Al febrer de 2020, va tenir lloc la primera resid\u00e8ncia d&#8217;artistes de VR \/ AI.<br \/>\nI Espronceda s&#8217;enorgulleix que la primera edici\u00f3 hagi estat la resid\u00e8ncia de realitat virtual m\u00e9s gran de m\u00f3n fins ara!<\/p>\n<p><a href=\"http:\/\/www.immensiva.com\/activites\/\"><strong>immensiva.com\/activites<\/strong><\/a><\/p>\n","protected":false},"excerpt":{"rendered":"<p>Resid\u00e8ncia d&#8217;artista VR \/ AI Un cop a l&#8217;any, Espronceda atorga el premi IMMENSIVA a artistes seleccionats que estan convidats a una resid\u00e8ncia de 2 a 4 setmanes a Barcelona per crear art amb tecnologies d&#8217;avantguarda, com VR, AI, AR i m\u00e9s. La selecci\u00f3 la realitza un jurat internacional. Els artistes es presenten a trav\u00e9s d&#8217;una convocat\u00f2ria oberta o s\u00f3n [&hellip;]<\/p>\n","protected":false},"author":1,"featured_media":0,"parent":5377,"menu_order":0,"comment_status":"closed","ping_status":"closed","template":"","meta":{"footnotes":""},"class_list":["post-13034","page","type-page","status-publish","hentry"],"_links":{"self":[{"href":"https:\/\/www.espronceda.net\/ca\/wp-json\/wp\/v2\/pages\/13034","targetHints":{"allow":["GET"]}}],"collection":[{"href":"https:\/\/www.espronceda.net\/ca\/wp-json\/wp\/v2\/pages"}],"about":[{"href":"https:\/\/www.espronceda.net\/ca\/wp-json\/wp\/v2\/types\/page"}],"author":[{"embeddable":true,"href":"https:\/\/www.espronceda.net\/ca\/wp-json\/wp\/v2\/users\/1"}],"replies":[{"embeddable":true,"href":"https:\/\/www.espronceda.net\/ca\/wp-json\/wp\/v2\/comments?post=13034"}],"version-history":[{"count":1,"href":"https:\/\/www.espronceda.net\/ca\/wp-json\/wp\/v2\/pages\/13034\/revisions"}],"predecessor-version":[{"id":13037,"href":"https:\/\/www.espronceda.net\/ca\/wp-json\/wp\/v2\/pages\/13034\/revisions\/13037"}],"up":[{"embeddable":true,"href":"https:\/\/www.espronceda.net\/ca\/wp-json\/wp\/v2\/pages\/5377"}],"wp:attachment":[{"href":"https:\/\/www.espronceda.net\/ca\/wp-json\/wp\/v2\/media?parent=13034"}],"curies":[{"name":"wp","href":"https:\/\/api.w.org\/{rel}","templated":true}]}}