{"id":16603,"date":"2020-04-08T21:34:46","date_gmt":"2020-04-08T19:34:46","guid":{"rendered":"https:\/\/www.espronceda.net\/art-prizes\/"},"modified":"2021-03-08T15:19:07","modified_gmt":"2021-03-08T14:19:07","slug":"prizes","status":"publish","type":"page","link":"https:\/\/www.espronceda.net\/ca\/prizes\/","title":{"rendered":"Prizes"},"content":{"rendered":"<p>Espronceda ha establert importants col\u00b7laboracions amb altres institucions a trav\u00e9s de premis anuals.<\/p>\n<p>Estem oberts a col\u00b7laborar amb diferents contribucions que van des d&#8217;oferir espai de resid\u00e8ncia, suport curatiu, suport financer, xarxa, tecnologia, etc.<\/p>\n<p>Des del comen\u00e7ament vam comen\u00e7ar els seg\u00fcents premis, feu clic a cada un per explorar cada projecte guanyador:<\/p>\n<p>&nbsp;<\/p>\n<p><a href=\"https:\/\/www.espronceda.net\/espronceda-prize\/\">Espronceda Prize<\/a><br \/>\n<a href=\"https:\/\/www.espronceda.net\/arte-laguna\/\">Arte Laguna Prize<\/a><br \/>\n<a href=\"https:\/\/www.espronceda.net\/arba-esa-espronceda-art-prize\/\">ARBA-ESA &#8211; Espronceda Prize<\/a><br \/>\n<a href=\"https:\/\/www.espronceda.net\/swab\/\">Swab &#8211; Espronceda Prize<\/a><br \/>\n<a href=\"https:\/\/www.espronceda.net\/immensiva-vr-ai-prize\/\">IMMENSIVA VR \/ AI Prize<\/a><br \/>\n<a href=\"https:\/\/www.rca.ac.uk\/\"> Royal College of Art London- Espronceda Prize<\/a><br \/>\n<a href=\"https:\/\/www.espronceda.net\/rufa\/\">Rome University of Fine Arts &#8211; Rufa<\/a><br \/>\n<a href=\"https:\/\/www.espronceda.net\/second-edition-of-vera-brant-prize\/\">Vera Brant Prize<\/a><\/p>\n<p><a href=\"https:\/\/www.bmurals.com\/all-events\/bases-microresidencias\"><strong>MICRORESIDENCIAS DE B-MURALS<\/strong><\/a><\/p>\n","protected":false},"excerpt":{"rendered":"<p>Espronceda ha establert importants col\u00b7laboracions amb altres institucions a trav\u00e9s de premis anuals. Estem oberts a col\u00b7laborar amb diferents contribucions que van des d&#8217;oferir espai de resid\u00e8ncia, suport curatiu, suport financer, xarxa, tecnologia, etc. Des del comen\u00e7ament vam comen\u00e7ar els seg\u00fcents premis, feu clic a cada un per explorar cada projecte guanyador: &nbsp; Espronceda Prize Arte Laguna Prize ARBA-ESA &#8211; [&hellip;]<\/p>\n","protected":false},"author":1,"featured_media":0,"parent":0,"menu_order":0,"comment_status":"closed","ping_status":"closed","template":"","meta":{"footnotes":""},"class_list":["post-16603","page","type-page","status-publish","hentry"],"_links":{"self":[{"href":"https:\/\/www.espronceda.net\/ca\/wp-json\/wp\/v2\/pages\/16603","targetHints":{"allow":["GET"]}}],"collection":[{"href":"https:\/\/www.espronceda.net\/ca\/wp-json\/wp\/v2\/pages"}],"about":[{"href":"https:\/\/www.espronceda.net\/ca\/wp-json\/wp\/v2\/types\/page"}],"author":[{"embeddable":true,"href":"https:\/\/www.espronceda.net\/ca\/wp-json\/wp\/v2\/users\/1"}],"replies":[{"embeddable":true,"href":"https:\/\/www.espronceda.net\/ca\/wp-json\/wp\/v2\/comments?post=16603"}],"version-history":[{"count":8,"href":"https:\/\/www.espronceda.net\/ca\/wp-json\/wp\/v2\/pages\/16603\/revisions"}],"predecessor-version":[{"id":20011,"href":"https:\/\/www.espronceda.net\/ca\/wp-json\/wp\/v2\/pages\/16603\/revisions\/20011"}],"wp:attachment":[{"href":"https:\/\/www.espronceda.net\/ca\/wp-json\/wp\/v2\/media?parent=16603"}],"curies":[{"name":"wp","href":"https:\/\/api.w.org\/{rel}","templated":true}]}}