{"id":16617,"date":"2020-04-14T19:39:31","date_gmt":"2020-04-14T17:39:31","guid":{"rendered":"https:\/\/www.espronceda.net\/espronceda-prize\/"},"modified":"2020-04-25T05:15:11","modified_gmt":"2020-04-25T03:15:11","slug":"espronceda-prize","status":"publish","type":"page","link":"https:\/\/www.espronceda.net\/ca\/prizes\/espronceda-prize\/","title":{"rendered":"Espronceda Premi"},"content":{"rendered":"<h3>Espronceda Premi<\/h3>\n<p>Seleccionem artistes de tot el m\u00f3n mitjan\u00e7ant el nostre proc\u00e9s de Open Call. Participen en una resid\u00e8ncia de cinc setmanes culminant amb una exposici\u00f3 en solitari a la nostra galeria<\/p>\n<p><em>Guanyadors:<\/em><\/p>\n<p><em><strong>2018 _________________________________________________________________<\/strong><\/em><\/p>\n<p><img loading=\"lazy\" decoding=\"async\" class=\"size-medium wp-image-7316 alignleft\" src=\"https:\/\/www.espronceda.net\/wp-content\/uploads\/2018\/08\/V2A8676-300x200.jpg\" alt=\"\" width=\"300\" height=\"200\" srcset=\"https:\/\/www.espronceda.net\/wp-content\/uploads\/2018\/08\/V2A8676-300x200.jpg 300w, https:\/\/www.espronceda.net\/wp-content\/uploads\/2018\/08\/V2A8676-768x512.jpg 768w, https:\/\/www.espronceda.net\/wp-content\/uploads\/2018\/08\/V2A8676-1024x682.jpg 1024w, https:\/\/www.espronceda.net\/wp-content\/uploads\/2018\/08\/V2A8676-1280x853.jpg 1280w, https:\/\/www.espronceda.net\/wp-content\/uploads\/2018\/08\/V2A8676.jpg 1400w\" sizes=\"auto, (max-width: 300px) 100vw, 300px\" \/> &gt;&gt; <a href=\"https:\/\/www.espronceda.net\/?portfolio=kaoru-shibuta\">Kaoru Shibtua<\/a>,\u00a0va desenvolupar l&#8217;exposici\u00f3 <a href=\"https:\/\/www.espronceda.net\/earth-concerto-no-4-mediterranean-by-kaoru-shibuta-09-08-20h\/\">Earth concerto no 4 Mediterranean<\/a><\/p>\n<p>&nbsp;<\/p>\n<p>&nbsp;<\/p>\n<p>&nbsp;<\/p>\n<p>&nbsp;<\/p>\n<p>&nbsp;<\/p>\n<p>&nbsp;<\/p>\n<p>&nbsp;<\/p>\n<p>&nbsp;<\/p>\n<p>&nbsp;<\/p>\n<p><img loading=\"lazy\" decoding=\"async\" class=\"alignleft wp-image-7472 size-medium\" src=\"https:\/\/www.espronceda.net\/wp-content\/uploads\/2018\/09\/V2A3188-300x200.jpg\" alt=\"\" width=\"300\" height=\"200\" srcset=\"https:\/\/www.espronceda.net\/wp-content\/uploads\/2018\/09\/V2A3188-300x200.jpg 300w, https:\/\/www.espronceda.net\/wp-content\/uploads\/2018\/09\/V2A3188-768x512.jpg 768w, https:\/\/www.espronceda.net\/wp-content\/uploads\/2018\/09\/V2A3188-1024x683.jpg 1024w, https:\/\/www.espronceda.net\/wp-content\/uploads\/2018\/09\/V2A3188.jpg 1200w\" sizes=\"auto, (max-width: 300px) 100vw, 300px\" \/><\/p>\n<p>&gt;&gt; <a href=\"https:\/\/www.espronceda.net\/?portfolio=georg-pinteritsch\">Georg Pinterisch<\/a>,\u00a0va desenvolupar l&#8217;exposici\u00f3 <a href=\"https:\/\/www.espronceda.net\/tell-my-wife-to-eat-my-corpse-and-when-shes-done-eating-my-corpse-youll-eat-her-by-georg-pinteritsch\/\">Tell my wife to eat my corpse and when she&#8217;s done eating my corpse you&#8217;ll eat her<\/a><\/p>\n<p>&nbsp;<\/p>\n<p>&nbsp;<\/p>\n<p>&nbsp;<\/p>\n<p>&nbsp;<\/p>\n<p>&nbsp;<\/p>\n<p>&nbsp;<\/p>\n<p>&nbsp;<\/p>\n<p><em><strong>2020 _________________________________________________________________<\/strong><\/em><\/p>\n<p><img loading=\"lazy\" decoding=\"async\" class=\"size-medium wp-image-14272 alignleft\" src=\"https:\/\/www.espronceda.net\/wp-content\/uploads\/2020\/03\/V2A9877-1-300x200.jpg\" alt=\"\" width=\"300\" height=\"200\" srcset=\"https:\/\/www.espronceda.net\/wp-content\/uploads\/2020\/03\/V2A9877-1-300x200.jpg 300w, https:\/\/www.espronceda.net\/wp-content\/uploads\/2020\/03\/V2A9877-1-768x512.jpg 768w, https:\/\/www.espronceda.net\/wp-content\/uploads\/2020\/03\/V2A9877-1-1024x683.jpg 1024w, https:\/\/www.espronceda.net\/wp-content\/uploads\/2020\/03\/V2A9877-1-1280x853.jpg 1280w\" sizes=\"auto, (max-width: 300px) 100vw, 300px\" \/>&gt;&gt;<a href=\"https:\/\/www.espronceda.net\/?portfolio=andrea-siervo\">Andrea Siervo<\/a>,\u00a0va desenvolupar l&#8217;exposici\u00f3\u00a0<a href=\"https:\/\/www.espronceda.net\/reconfiguraciones-by-andrea-siervo\/\">Reconfiguraciones<\/a><\/p>\n<p>&nbsp;<\/p>\n<p>&nbsp;<\/p>\n<p>&nbsp;<\/p>\n<p>&nbsp;<\/p>\n<p>&nbsp;<\/p>\n<p>&nbsp;<\/p>\n<p>&nbsp;<\/p>\n<p>&nbsp;<\/p>\n<p><img loading=\"lazy\" decoding=\"async\" class=\"size-medium wp-image-16948 alignleft\" src=\"https:\/\/www.espronceda.net\/wp-content\/uploads\/2020\/04\/Mackowski_Ann_Asturies-in-Blue-210x300.jpeg\" alt=\"\" width=\"210\" height=\"300\" srcset=\"https:\/\/www.espronceda.net\/wp-content\/uploads\/2020\/04\/Mackowski_Ann_Asturies-in-Blue-210x300.jpeg 210w, https:\/\/www.espronceda.net\/wp-content\/uploads\/2020\/04\/Mackowski_Ann_Asturies-in-Blue.jpeg 449w\" sizes=\"auto, (max-width: 210px) 100vw, 210px\" \/>&gt;&gt;<a href=\"https:\/\/www.espronceda.net\/?portfolio=ann-mackowski\">Ann Mackowski<\/a>,\u00a0va desenvolupar l&#8217;exposici\u00f3 <a href=\"https:\/\/www.espronceda.net\/entangled-by-ann-mackowski\/\">Entangled<\/a><\/p>\n<p>&nbsp;<\/p>\n<p>&nbsp;<\/p>\n<p>&nbsp;<\/p>\n","protected":false},"excerpt":{"rendered":"<p>Espronceda Premi Seleccionem artistes de tot el m\u00f3n mitjan\u00e7ant el nostre proc\u00e9s de Open Call. Participen en una resid\u00e8ncia de cinc setmanes culminant amb una exposici\u00f3 en solitari a la nostra galeria Guanyadors: 2018 _________________________________________________________________ &gt;&gt; Kaoru Shibtua,\u00a0va desenvolupar l&#8217;exposici\u00f3 Earth concerto no 4 Mediterranean &nbsp; &nbsp; &nbsp; &nbsp; &nbsp; &nbsp; &nbsp; &nbsp; &nbsp; &gt;&gt; Georg Pinterisch,\u00a0va desenvolupar l&#8217;exposici\u00f3 Tell [&hellip;]<\/p>\n","protected":false},"author":1,"featured_media":0,"parent":16603,"menu_order":0,"comment_status":"closed","ping_status":"closed","template":"","meta":{"footnotes":""},"class_list":["post-16617","page","type-page","status-publish","hentry"],"_links":{"self":[{"href":"https:\/\/www.espronceda.net\/ca\/wp-json\/wp\/v2\/pages\/16617","targetHints":{"allow":["GET"]}}],"collection":[{"href":"https:\/\/www.espronceda.net\/ca\/wp-json\/wp\/v2\/pages"}],"about":[{"href":"https:\/\/www.espronceda.net\/ca\/wp-json\/wp\/v2\/types\/page"}],"author":[{"embeddable":true,"href":"https:\/\/www.espronceda.net\/ca\/wp-json\/wp\/v2\/users\/1"}],"replies":[{"embeddable":true,"href":"https:\/\/www.espronceda.net\/ca\/wp-json\/wp\/v2\/comments?post=16617"}],"version-history":[{"count":9,"href":"https:\/\/www.espronceda.net\/ca\/wp-json\/wp\/v2\/pages\/16617\/revisions"}],"predecessor-version":[{"id":17239,"href":"https:\/\/www.espronceda.net\/ca\/wp-json\/wp\/v2\/pages\/16617\/revisions\/17239"}],"up":[{"embeddable":true,"href":"https:\/\/www.espronceda.net\/ca\/wp-json\/wp\/v2\/pages\/16603"}],"wp:attachment":[{"href":"https:\/\/www.espronceda.net\/ca\/wp-json\/wp\/v2\/media?parent=16617"}],"curies":[{"name":"wp","href":"https:\/\/api.w.org\/{rel}","templated":true}]}}