{"id":16628,"date":"2020-04-14T19:45:54","date_gmt":"2020-04-14T17:45:54","guid":{"rendered":"https:\/\/www.espronceda.net\/swab-art-fair\/"},"modified":"2020-09-17T16:22:44","modified_gmt":"2020-09-17T14:22:44","slug":"swab","status":"publish","type":"page","link":"https:\/\/www.espronceda.net\/ca\/prizes\/swab\/","title":{"rendered":"Swab"},"content":{"rendered":"<p><img loading=\"lazy\" decoding=\"async\" class=\"alignleft wp-image-18697 size-medium\" src=\"https:\/\/www.espronceda.net\/wp-content\/uploads\/2020\/09\/Logo-Final-Swab-Barcelona_Black--300x300.jpg\" alt=\"\" width=\"300\" height=\"300\" srcset=\"https:\/\/www.espronceda.net\/wp-content\/uploads\/2020\/09\/Logo-Final-Swab-Barcelona_Black--300x300.jpg 300w, https:\/\/www.espronceda.net\/wp-content\/uploads\/2020\/09\/Logo-Final-Swab-Barcelona_Black--150x150.jpg 150w, https:\/\/www.espronceda.net\/wp-content\/uploads\/2020\/09\/Logo-Final-Swab-Barcelona_Black-.jpg 596w\" sizes=\"auto, (max-width: 300px) 100vw, 300px\" \/><\/p>\n<h3>Swab<\/h3>\n<p>En cada edici\u00f3, SWAB Barcelona premia els seus participants per la seva contribuci\u00f3 a l&#8217;talent emergent i a l&#8217;art contemporani. Aquest 2020, tot i que la fira tindr\u00e0 lloc de forma virtual, seguir\u00e0 atorgant el premi de resid\u00e8ncia Espronceda amb una estada art\u00edstica en les seves instal\u00b7lacions de Barcelona; el DKV a el millor artista espanyol, el MANGO a el millor artista emergent i el dibuix de la Col\u00b7lecci\u00f3 Diezy7, l&#8217;obra premiada \u00e9s seleccionada per un jurat format per comissaris i cr\u00edtics d&#8217;art contemporani. M\u00e9s informaci\u00f3 sobre SWAB aqu\u00ed.<\/p>\n<p>Els guanyadors de ESPRONCEDA \/ SWAB 1st EDITION AWARD 2020 s\u00f3n:<\/p>\n<div dir=\"ltr\" data-setdir=\"false\"><b>Andr\u00e9s Weissman. <\/b><a href=\"https:\/\/www.gachiprieto.com\/\">Gachi Prieto Gallery Argentina<\/a><\/div>\n<div dir=\"ltr\" data-setdir=\"false\"><b>Gillian King. <\/b><a href=\"https:\/\/www.galerienicolasrobert.com\/\">Galerie Nicolas Robert Canada<\/a><\/div>\n<div dir=\"ltr\" data-setdir=\"false\"><\/div>\n<div dir=\"ltr\" data-setdir=\"false\"><img loading=\"lazy\" decoding=\"async\" class=\"size-full wp-image-18700 alignnone\" src=\"https:\/\/www.espronceda.net\/wp-content\/uploads\/2020\/09\/winners-Swab-Espronceda-Prize.jpg\" alt=\"\" width=\"650\" height=\"488\" srcset=\"https:\/\/www.espronceda.net\/wp-content\/uploads\/2020\/09\/winners-Swab-Espronceda-Prize.jpg 650w, https:\/\/www.espronceda.net\/wp-content\/uploads\/2020\/09\/winners-Swab-Espronceda-Prize-300x225.jpg 300w, https:\/\/www.espronceda.net\/wp-content\/uploads\/2020\/09\/winners-Swab-Espronceda-Prize-94x70.jpg 94w, https:\/\/www.espronceda.net\/wp-content\/uploads\/2020\/09\/winners-Swab-Espronceda-Prize-600x450.jpg 600w\" sizes=\"auto, (max-width: 650px) 100vw, 650px\" \/><\/div>\n<p style=\"padding-left: 320px;\"><strong>Membres de l&#8217;jurat de la 1a edici\u00f3<\/strong>: Savina Tarsitano, Holger Sprengel, Henrik Sprengel, Maribel Navarro Corts i Joan Abell\u00f3<\/p>\n<p style=\"padding-left: 320px;\">Per a la 2a edici\u00f3 ens complau anunciar un <strong>nou membre de jurat:<\/strong> Milo de Pietro Desmond<\/p>\n","protected":false},"excerpt":{"rendered":"<p>Swab En cada edici\u00f3, SWAB Barcelona premia els seus participants per la seva contribuci\u00f3 a l&#8217;talent emergent i a l&#8217;art contemporani. Aquest 2020, tot i que la fira tindr\u00e0 lloc de forma virtual, seguir\u00e0 atorgant el premi de resid\u00e8ncia Espronceda amb una estada art\u00edstica en les seves instal\u00b7lacions de Barcelona; el DKV a el millor artista espanyol, el MANGO a [&hellip;]<\/p>\n","protected":false},"author":1,"featured_media":0,"parent":16603,"menu_order":0,"comment_status":"closed","ping_status":"closed","template":"","meta":{"footnotes":""},"class_list":["post-16628","page","type-page","status-publish","hentry"],"_links":{"self":[{"href":"https:\/\/www.espronceda.net\/ca\/wp-json\/wp\/v2\/pages\/16628","targetHints":{"allow":["GET"]}}],"collection":[{"href":"https:\/\/www.espronceda.net\/ca\/wp-json\/wp\/v2\/pages"}],"about":[{"href":"https:\/\/www.espronceda.net\/ca\/wp-json\/wp\/v2\/types\/page"}],"author":[{"embeddable":true,"href":"https:\/\/www.espronceda.net\/ca\/wp-json\/wp\/v2\/users\/1"}],"replies":[{"embeddable":true,"href":"https:\/\/www.espronceda.net\/ca\/wp-json\/wp\/v2\/comments?post=16628"}],"version-history":[{"count":8,"href":"https:\/\/www.espronceda.net\/ca\/wp-json\/wp\/v2\/pages\/16628\/revisions"}],"predecessor-version":[{"id":18741,"href":"https:\/\/www.espronceda.net\/ca\/wp-json\/wp\/v2\/pages\/16628\/revisions\/18741"}],"up":[{"embeddable":true,"href":"https:\/\/www.espronceda.net\/ca\/wp-json\/wp\/v2\/pages\/16603"}],"wp:attachment":[{"href":"https:\/\/www.espronceda.net\/ca\/wp-json\/wp\/v2\/media?parent=16628"}],"curies":[{"name":"wp","href":"https:\/\/api.w.org\/{rel}","templated":true}]}}