{"id":16645,"date":"2020-04-14T19:50:53","date_gmt":"2020-04-14T17:50:53","guid":{"rendered":"https:\/\/www.espronceda.net\/royal-academy-of-arts-espronceda-prize\/"},"modified":"2020-05-15T14:51:40","modified_gmt":"2020-05-15T12:51:40","slug":"royal-academy-of-arts-espronceda-prize","status":"publish","type":"page","link":"https:\/\/www.espronceda.net\/ca\/prizes\/royal-academy-of-arts-espronceda-prize\/","title":{"rendered":"Royal College of Art London &#8211; Espronceda Prize"},"content":{"rendered":"<div class=\"\"><b class=\"\"><span class=\"\" style=\"font-size: large;\"><b>Royal College of Art London<\/b> &#8211; Espronceda Prize<\/span><\/b><\/div>\n<div class=\"\"><\/div>\n<p>Espronceda va organitzar un preu entre els estudiants de batxillerat i m\u00e0ster de la <a href=\"https:\/\/www.rca.ac.uk\/\">Royal College of Art London<\/a> de Londres per un premi que consistia en un mes de resid\u00e8ncia, exposici\u00f3, comissari i suport financer.<\/p>\n<p>Les sol\u00b7licituds han estat escollides per un equip de fundadors i comissaris d&#8217;Espronceda.<\/p>\n<p><em><strong>Guanyadors:<\/strong><\/em><\/p>\n<div>\u00a0<em>2016 ________________________________________________________________________<\/em><\/div>\n<div><img loading=\"lazy\" decoding=\"async\" class=\"size-medium wp-image-17000 alignnone\" src=\"https:\/\/www.espronceda.net\/wp-content\/uploads\/2020\/04\/salty-death-1web-580x482-300x249.jpg\" alt=\"\" width=\"300\" height=\"249\" srcset=\"https:\/\/www.espronceda.net\/wp-content\/uploads\/2020\/04\/salty-death-1web-580x482-300x249.jpg 300w, https:\/\/www.espronceda.net\/wp-content\/uploads\/2020\/04\/salty-death-1web-580x482.jpg 580w\" sizes=\"auto, (max-width: 300px) 100vw, 300px\" \/><\/div>\n<div><\/div>\n<div><a href=\"https:\/\/www.espronceda.net\/vernissage-pleasure-progress-yao-cong\/\">Pleasure in Progress\u00a0\u00a0<\/a>\u00a0de\u00a0<a href=\"https:\/\/www.espronceda.net\/?portfolio=yao-cong\">Yao Cong<\/a><\/div>\n<div><\/div>\n<p><img loading=\"lazy\" decoding=\"async\" class=\"size-medium wp-image-17004 alignnone\" src=\"https:\/\/www.espronceda.net\/wp-content\/uploads\/2020\/04\/12744000_587105608115253_5920998321923844321_n-300x200.jpg\" alt=\"\" width=\"300\" height=\"200\" srcset=\"https:\/\/www.espronceda.net\/wp-content\/uploads\/2020\/04\/12744000_587105608115253_5920998321923844321_n-300x200.jpg 300w, https:\/\/www.espronceda.net\/wp-content\/uploads\/2020\/04\/12744000_587105608115253_5920998321923844321_n-768x512.jpg 768w, https:\/\/www.espronceda.net\/wp-content\/uploads\/2020\/04\/12744000_587105608115253_5920998321923844321_n.jpg 960w\" sizes=\"auto, (max-width: 300px) 100vw, 300px\" \/><\/p>\n<div><a href=\"https:\/\/www.espronceda.net\/vernissage-territory-time-natalia-skobeeva\/\">Territory Time<\/a>\u00a0de\u00a0<a href=\"https:\/\/www.espronceda.net\/?portfolio=natalia-skobeeva\">Natalia Skobeeva<\/a><\/div>\n","protected":false},"excerpt":{"rendered":"<p>Royal College of Art London &#8211; Espronceda Prize Espronceda va organitzar un preu entre els estudiants de batxillerat i m\u00e0ster de la Royal College of Art London de Londres per un premi que consistia en un mes de resid\u00e8ncia, exposici\u00f3, comissari i suport financer. Les sol\u00b7licituds han estat escollides per un equip de fundadors i comissaris d&#8217;Espronceda. Guanyadors: \u00a02016 ________________________________________________________________________ [&hellip;]<\/p>\n","protected":false},"author":1,"featured_media":0,"parent":16603,"menu_order":0,"comment_status":"closed","ping_status":"closed","template":"","meta":{"footnotes":""},"class_list":["post-16645","page","type-page","status-publish","hentry"],"_links":{"self":[{"href":"https:\/\/www.espronceda.net\/ca\/wp-json\/wp\/v2\/pages\/16645","targetHints":{"allow":["GET"]}}],"collection":[{"href":"https:\/\/www.espronceda.net\/ca\/wp-json\/wp\/v2\/pages"}],"about":[{"href":"https:\/\/www.espronceda.net\/ca\/wp-json\/wp\/v2\/types\/page"}],"author":[{"embeddable":true,"href":"https:\/\/www.espronceda.net\/ca\/wp-json\/wp\/v2\/users\/1"}],"replies":[{"embeddable":true,"href":"https:\/\/www.espronceda.net\/ca\/wp-json\/wp\/v2\/comments?post=16645"}],"version-history":[{"count":14,"href":"https:\/\/www.espronceda.net\/ca\/wp-json\/wp\/v2\/pages\/16645\/revisions"}],"predecessor-version":[{"id":17613,"href":"https:\/\/www.espronceda.net\/ca\/wp-json\/wp\/v2\/pages\/16645\/revisions\/17613"}],"up":[{"embeddable":true,"href":"https:\/\/www.espronceda.net\/ca\/wp-json\/wp\/v2\/pages\/16603"}],"wp:attachment":[{"href":"https:\/\/www.espronceda.net\/ca\/wp-json\/wp\/v2\/media?parent=16645"}],"curies":[{"name":"wp","href":"https:\/\/api.w.org\/{rel}","templated":true}]}}