{"id":16650,"date":"2020-04-14T19:52:37","date_gmt":"2020-04-14T17:52:37","guid":{"rendered":"https:\/\/www.espronceda.net\/second-edition-of-vera-brant-prize\/"},"modified":"2020-05-15T15:19:26","modified_gmt":"2020-05-15T13:19:26","slug":"second-edition-of-vera-brant-prize","status":"publish","type":"page","link":"https:\/\/www.espronceda.net\/ca\/prizes\/second-edition-of-vera-brant-prize\/","title":{"rendered":"Second edition of Vera Brant Prize"},"content":{"rendered":"<h3>Segona edici\u00f3 de Vera Brant Prize<\/h3>\n<p>En col\u00b7laboraci\u00f3 amb Curadoria Projetos Culturais i\u00a0<a href=\"https:\/\/www.facebook.com\/PremioVeraBrant\/\">Second Edition of the Vera Brant Prize<\/a>, a Brasilia (Brazil).<\/p>\n<p>El premi Vera Brant va sorgir el 2016 i va ser dissenyat no nom\u00e9s per descobrir nous talents en l\u2019\u00e0mbit de l\u2019art contemporani, sin\u00f3 tamb\u00e9 per posar en relleu i fomentar la producci\u00f3 d\u2019obres d\u2019excel\u00b7l\u00e8ncia realitzades per artistes del districte federal [del Brasil] i els voltants.<\/p>\n<p><em>2019 _________________________________________________________________________<\/em><\/p>\n<p><img loading=\"lazy\" decoding=\"async\" class=\"size-medium wp-image-10402 alignnone\" src=\"https:\/\/www.espronceda.net\/wp-content\/uploads\/2019\/03\/V2A0789-300x200.jpg\" alt=\"\" width=\"300\" height=\"200\" srcset=\"https:\/\/www.espronceda.net\/wp-content\/uploads\/2019\/03\/V2A0789-300x200.jpg 300w, https:\/\/www.espronceda.net\/wp-content\/uploads\/2019\/03\/V2A0789-768x512.jpg 768w, https:\/\/www.espronceda.net\/wp-content\/uploads\/2019\/03\/V2A0789-1024x682.jpg 1024w, https:\/\/www.espronceda.net\/wp-content\/uploads\/2019\/03\/V2A0789-1280x853.jpg 1280w, https:\/\/www.espronceda.net\/wp-content\/uploads\/2019\/03\/V2A0789.jpg 1400w\" sizes=\"auto, (max-width: 300px) 100vw, 300px\" \/><\/p>\n<p><a href=\"https:\/\/www.espronceda.net\/?portfolio=cecilia-lima-2\">Cecilia Lima,<\/a>\u00a0va desenvolupar l&#8217;exposici\u00f3 <a href=\"https:\/\/www.espronceda.net\/arquitecturas-cambiantes-by-cecilia-lima-04-04-19h\/\">Arquiteturas Cambiantes<\/a><\/p>\n","protected":false},"excerpt":{"rendered":"<p>Segona edici\u00f3 de Vera Brant Prize En col\u00b7laboraci\u00f3 amb Curadoria Projetos Culturais i\u00a0Second Edition of the Vera Brant Prize, a Brasilia (Brazil). El premi Vera Brant va sorgir el 2016 i va ser dissenyat no nom\u00e9s per descobrir nous talents en l\u2019\u00e0mbit de l\u2019art contemporani, sin\u00f3 tamb\u00e9 per posar en relleu i fomentar la producci\u00f3 d\u2019obres d\u2019excel\u00b7l\u00e8ncia realitzades per artistes [&hellip;]<\/p>\n","protected":false},"author":1,"featured_media":0,"parent":16603,"menu_order":0,"comment_status":"closed","ping_status":"closed","template":"","meta":{"footnotes":""},"class_list":["post-16650","page","type-page","status-publish","hentry"],"_links":{"self":[{"href":"https:\/\/www.espronceda.net\/ca\/wp-json\/wp\/v2\/pages\/16650","targetHints":{"allow":["GET"]}}],"collection":[{"href":"https:\/\/www.espronceda.net\/ca\/wp-json\/wp\/v2\/pages"}],"about":[{"href":"https:\/\/www.espronceda.net\/ca\/wp-json\/wp\/v2\/types\/page"}],"author":[{"embeddable":true,"href":"https:\/\/www.espronceda.net\/ca\/wp-json\/wp\/v2\/users\/1"}],"replies":[{"embeddable":true,"href":"https:\/\/www.espronceda.net\/ca\/wp-json\/wp\/v2\/comments?post=16650"}],"version-history":[{"count":6,"href":"https:\/\/www.espronceda.net\/ca\/wp-json\/wp\/v2\/pages\/16650\/revisions"}],"predecessor-version":[{"id":17633,"href":"https:\/\/www.espronceda.net\/ca\/wp-json\/wp\/v2\/pages\/16650\/revisions\/17633"}],"up":[{"embeddable":true,"href":"https:\/\/www.espronceda.net\/ca\/wp-json\/wp\/v2\/pages\/16603"}],"wp:attachment":[{"href":"https:\/\/www.espronceda.net\/ca\/wp-json\/wp\/v2\/media?parent=16650"}],"curies":[{"name":"wp","href":"https:\/\/api.w.org\/{rel}","templated":true}]}}