{"id":17200,"date":"2020-04-23T17:53:02","date_gmt":"2020-04-23T15:53:02","guid":{"rendered":"https:\/\/www.espronceda.net\/rufa\/"},"modified":"2020-05-15T15:01:19","modified_gmt":"2020-05-15T13:01:19","slug":"rufa","status":"publish","type":"page","link":"https:\/\/www.espronceda.net\/ca\/prizes\/rufa\/","title":{"rendered":"RUFA"},"content":{"rendered":"<p><a href=\"https:\/\/www.unirufa.it\/en\/2015\/11\/03\/rufa-partner-espronceda\/\">RUFA-Rome University of Fine Arts<\/a>\u00a0 ha establert una associaci\u00f3 constructiva amb Espronceda, el centre de Barcelona dedicat a la innovaci\u00f3 i l&#8217;art contemporani. Per als estudiants, aquesta oportunitat suposar\u00e0 una interessant oportunitat d\u2019implicaci\u00f3 en els projectes que s\u2019iniciaran durant l\u2019any. Fundat el 2013, Espronceda \u00e9s un espai multifuncional dedicat a artistes i creatius. De fet, ofereix diversos serveis que van des del recinte firal fins a la comunicaci\u00f3, fins a la resid\u00e8ncia per a artistes i comissaris. Tamb\u00e9 promou artistes internacionals, tant emergents com establerts, donant-los suport en el desenvolupament de les seves obres i la seva creativitat, per difondre la seva inspiraci\u00f3 m\u00e9s enll\u00e0 de la seva perman\u00e8ncia f\u00edsica a l\u2019espai. Espronceda ha transformat els antics espais industrials en una fusi\u00f3 de punta per a la cultura i l&#8217;art i fomenta la connexi\u00f3 amb la comunitat local i la creaci\u00f3 d&#8217;una xarxa global entre artistes, empreses, institucions culturals i art\u00edstiques per a un canvi social a trav\u00e9s de l&#8217;art.<\/p>\n<p>Jurats: <span style=\"font-family: 'Source Sans Pro', -apple-system, BlinkMacSystemFont, 'Segoe UI', Roboto, 'Helvetica Neue', Arial, sans-serif, 'Apple Color Emoji', 'Segoe UI Emoji', 'Segoe UI Symbol';\">Savina Tarsitano, Holger Sprengle, Rufa University of Fine Arts<\/span><\/p>\n<div dir=\"ltr\" data-setdir=\"false\"><\/div>\n<div dir=\"ltr\" data-setdir=\"false\"><em>2016<\/em>\u00a0\u00a0____________________________________________________________________<\/div>\n<p><a style=\"font-family: 'Source Sans Pro', -apple-system, BlinkMacSystemFont, 'Segoe UI', Roboto, 'Helvetica Neue', Arial, sans-serif, 'Apple Color Emoji', 'Segoe UI Emoji', 'Segoe UI Symbol';\" href=\"https:\/\/www.espronceda.net\/vernissage-spending-time-barcelona-christophe-constantin\/\"><b><img loading=\"lazy\" decoding=\"async\" class=\"size-medium wp-image-17514 alignnone\" src=\"https:\/\/www.espronceda.net\/wp-content\/uploads\/2020\/05\/DSC_0138-300x200.jpg\" alt=\"\" width=\"300\" height=\"200\" srcset=\"https:\/\/www.espronceda.net\/wp-content\/uploads\/2020\/05\/DSC_0138-300x200.jpg 300w, https:\/\/www.espronceda.net\/wp-content\/uploads\/2020\/05\/DSC_0138-1024x683.jpg 1024w, https:\/\/www.espronceda.net\/wp-content\/uploads\/2020\/05\/DSC_0138-768x512.jpg 768w, https:\/\/www.espronceda.net\/wp-content\/uploads\/2020\/05\/DSC_0138-1536x1024.jpg 1536w, https:\/\/www.espronceda.net\/wp-content\/uploads\/2020\/05\/DSC_0138-2048x1365.jpg 2048w, https:\/\/www.espronceda.net\/wp-content\/uploads\/2020\/05\/DSC_0138-1280x853.jpg 1280w\" sizes=\"auto, (max-width: 300px) 100vw, 300px\" \/><\/b><\/a><\/p>\n<p><a style=\"font-family: 'Source Sans Pro', -apple-system, BlinkMacSystemFont, 'Segoe UI', Roboto, 'Helvetica Neue', Arial, sans-serif, 'Apple Color Emoji', 'Segoe UI Emoji', 'Segoe UI Symbol';\" href=\"https:\/\/www.espronceda.net\/vernissage-spending-time-barcelona-christophe-constantin\/\"><b>Spending Time in Barcelona<\/b><\/a><span style=\"font-family: 'Source Sans Pro', -apple-system, BlinkMacSystemFont, 'Segoe UI', Roboto, 'Helvetica Neue', Arial, sans-serif, 'Apple Color Emoji', 'Segoe UI Emoji', 'Segoe UI Symbol';\">\u00a0de\u00a0<\/span><a style=\"font-family: 'Source Sans Pro', -apple-system, BlinkMacSystemFont, 'Segoe UI', Roboto, 'Helvetica Neue', Arial, sans-serif, 'Apple Color Emoji', 'Segoe UI Emoji', 'Segoe UI Symbol';\" href=\"https:\/\/www.espronceda.net\/?portfolio=christophe-constantin\">Christophe Costantin<\/a><span style=\"font-family: 'Source Sans Pro', -apple-system, BlinkMacSystemFont, 'Segoe UI', Roboto, 'Helvetica Neue', Arial, sans-serif, 'Apple Color Emoji', 'Segoe UI Emoji', 'Segoe UI Symbol';\"> comissariat per Savina Tarsitano.<\/span><\/p>\n<div dir=\"ltr\" data-setdir=\"false\"><\/div>\n<div dir=\"ltr\" data-setdir=\"false\"><\/div>\n<div dir=\"ltr\" data-setdir=\"false\"><\/div>\n<div dir=\"ltr\" data-setdir=\"false\"><em>2017<\/em>\u00a0\u00a0____________________________________________________________________<\/div>\n<div dir=\"ltr\" data-setdir=\"false\"><\/div>\n<div dir=\"ltr\" style=\"text-align: left;\" data-setdir=\"false\"><a href=\"https:\/\/www.espronceda.net\/real-life-sanja-milenkovic-zhuang-xueying-tuesday-6th-september-19h\/\"><b><img loading=\"lazy\" decoding=\"async\" class=\"size-medium wp-image-5071 alignnone\" src=\"https:\/\/www.espronceda.net\/wp-content\/uploads\/2017\/08\/MG_3341-300x200.jpg\" alt=\"\" width=\"300\" height=\"200\" srcset=\"https:\/\/www.espronceda.net\/wp-content\/uploads\/2017\/08\/MG_3341-300x200.jpg 300w, https:\/\/www.espronceda.net\/wp-content\/uploads\/2017\/08\/MG_3341-768x512.jpg 768w, https:\/\/www.espronceda.net\/wp-content\/uploads\/2017\/08\/MG_3341-1024x683.jpg 1024w, https:\/\/www.espronceda.net\/wp-content\/uploads\/2017\/08\/MG_3341-1280x853.jpg 1280w, https:\/\/www.espronceda.net\/wp-content\/uploads\/2017\/08\/MG_3341.jpg 1800w\" sizes=\"auto, (max-width: 300px) 100vw, 300px\" \/><\/b><\/a><\/div>\n<div dir=\"ltr\" data-setdir=\"false\"><\/div>\n<div dir=\"ltr\" style=\"text-align: left;\" data-setdir=\"false\"><a href=\"https:\/\/www.espronceda.net\/real-life-sanja-milenkovic-zhuang-xueying-tuesday-6th-september-19h\/\"><b>Real Life<\/b><\/a>\u00a0de\u00a0<a href=\"https:\/\/www.espronceda.net\/?portfolio=zhuang-xueying-2\">Zhuang Xueying<\/a> comissariat per Savina Tarsitano i Nicola Martino<\/div>\n","protected":false},"excerpt":{"rendered":"<p>RUFA-Rome University of Fine Arts\u00a0 ha establert una associaci\u00f3 constructiva amb Espronceda, el centre de Barcelona dedicat a la innovaci\u00f3 i l&#8217;art contemporani. Per als estudiants, aquesta oportunitat suposar\u00e0 una interessant oportunitat d\u2019implicaci\u00f3 en els projectes que s\u2019iniciaran durant l\u2019any. Fundat el 2013, Espronceda \u00e9s un espai multifuncional dedicat a artistes i creatius. De fet, ofereix diversos serveis que van [&hellip;]<\/p>\n","protected":false},"author":1,"featured_media":0,"parent":16603,"menu_order":0,"comment_status":"closed","ping_status":"closed","template":"","meta":{"footnotes":""},"class_list":["post-17200","page","type-page","status-publish","hentry"],"_links":{"self":[{"href":"https:\/\/www.espronceda.net\/ca\/wp-json\/wp\/v2\/pages\/17200","targetHints":{"allow":["GET"]}}],"collection":[{"href":"https:\/\/www.espronceda.net\/ca\/wp-json\/wp\/v2\/pages"}],"about":[{"href":"https:\/\/www.espronceda.net\/ca\/wp-json\/wp\/v2\/types\/page"}],"author":[{"embeddable":true,"href":"https:\/\/www.espronceda.net\/ca\/wp-json\/wp\/v2\/users\/1"}],"replies":[{"embeddable":true,"href":"https:\/\/www.espronceda.net\/ca\/wp-json\/wp\/v2\/comments?post=17200"}],"version-history":[{"count":7,"href":"https:\/\/www.espronceda.net\/ca\/wp-json\/wp\/v2\/pages\/17200\/revisions"}],"predecessor-version":[{"id":17621,"href":"https:\/\/www.espronceda.net\/ca\/wp-json\/wp\/v2\/pages\/17200\/revisions\/17621"}],"up":[{"embeddable":true,"href":"https:\/\/www.espronceda.net\/ca\/wp-json\/wp\/v2\/pages\/16603"}],"wp:attachment":[{"href":"https:\/\/www.espronceda.net\/ca\/wp-json\/wp\/v2\/media?parent=17200"}],"curies":[{"name":"wp","href":"https:\/\/api.w.org\/{rel}","templated":true}]}}