{"id":18101,"date":"2020-07-07T15:00:03","date_gmt":"2020-07-07T13:00:03","guid":{"rendered":"https:\/\/www.espronceda.net\/?page_id=18101"},"modified":"2020-07-27T17:21:45","modified_gmt":"2020-07-27T15:21:45","slug":"mudanca-social-i-educacio","status":"publish","type":"page","link":"https:\/\/www.espronceda.net\/ca\/mudanca-social-i-educacio\/","title":{"rendered":"Mudan\u00e7a Social i Educaci\u00f3"},"content":{"rendered":"\r\n\r\n\r\n<p>En Espronceda creiem en la import\u00e0ncia de l&#8217;di\u00e0leg entre cultura, art i educaci\u00f3. Part de les nostres activitats est\u00e0 dedicada a la import\u00e0ncia de l&#8217;art per a un canvi social i sostenible, per a la integraci\u00f3 i inclusi\u00f3 social i per a l&#8217;educaci\u00f3. Aquestes col\u00b7laboracions van tenir lloc a nivell europeu i internacional, per\u00f2 tamb\u00e9 a nivell local mentre s&#8217;organitzaven taules rodones i seminaris. Entre les nostres principals col\u00b7laboracions es troben: el projecte internacional de nens per la pau <a href=\"http:\/\/kids-guernica.blogspot.com\/\">Kids-Guernica<\/a> Inspirat en l&#8217;obra de Pablo Picasso i el <a href=\"http:\/\/terzoparadiso.org\/en\/\">Third Paradise of Michelangelo Pistoletto and Cittadellarte<\/a>. Tots dos projectes estan sota la responsabilitat de l&#8217;artista Savina Tarsitano, ambaixadora de Third Paradise i coordinadora de Kids-Guernica. En 2019, Espronceda tamb\u00e9 va iniciar una cooperaci\u00f3 amb el projecte japon\u00e8s <a href=\"https:\/\/www.p3578.org\/\">P3578<\/a>. A nivell local a Barcelona, Espronceda va comen\u00e7ar una col\u00b7laboraci\u00f3 amb: <a href=\"https:\/\/lichenis.com\/\">Lichen<\/a> \u00e9s un Laboratori d&#8217;Innovaci\u00f3 Social que implementa processos oberts de participaci\u00f3 i mediaci\u00f3 ciutadana per crear solucions innovadores, inclusives i compromeses per enfrontar els grans desafiaments de l&#8217;actualitat.<\/p>\r\n\r\n\r\n\r\n\r\n\r\n<p><em>Entre les principals col\u00b7laboracions en tot el m\u00f3n hi ha:<\/em><\/p>\r\n<p>a <strong>Barcelona<\/strong> per celebrar el 5\u00e8 aniversari de la col\u00b7laboraci\u00f3 entre Kids-Guernica i Third Paradise i el webinar Art for Change and Peace:<\/p>\r\n<p><iframe loading=\"lazy\" title=\"Art for Change and Peace: Berfore, during and after Coronavirus\" width=\"1170\" height=\"658\" src=\"https:\/\/www.youtube.com\/embed\/vtnPOGfyrjQ?feature=oembed\" frameborder=\"0\" allow=\"accelerometer; autoplay; encrypted-media; gyroscope; picture-in-picture\" allowfullscreen><\/iframe><\/p>\r\n<p>Al <strong>Jap\u00f3<\/strong> en col\u00b7laboraci\u00f3 amb Kids-Guernica i debats en diferents ciutats japoneses: <a href=\"http:\/\/journal.cittadellarte.it\/rebirth-terzo-paradiso\/kids-guernica-un-viaggio-intorno-al-mondo-lanciare-messaggi-pace\">&#8220;Kids&#8217; Guernica, a trip around the world to send messages of peace<\/a> <img loading=\"lazy\" decoding=\"async\" class=\"wp-image-18018 size-full aligncenter\" src=\"https:\/\/www.espronceda.net\/wp-content\/uploads\/2020\/06\/Kids-Guernica-and-Third-Paradise.jpg\" alt=\"\" width=\"1000\" height=\"750\" srcset=\"https:\/\/www.espronceda.net\/wp-content\/uploads\/2020\/06\/Kids-Guernica-and-Third-Paradise.jpg 1000w, https:\/\/www.espronceda.net\/wp-content\/uploads\/2020\/06\/Kids-Guernica-and-Third-Paradise-300x225.jpg 300w, https:\/\/www.espronceda.net\/wp-content\/uploads\/2020\/06\/Kids-Guernica-and-Third-Paradise-768x576.jpg 768w, https:\/\/www.espronceda.net\/wp-content\/uploads\/2020\/06\/Kids-Guernica-and-Third-Paradise-94x70.jpg 94w, https:\/\/www.espronceda.net\/wp-content\/uploads\/2020\/06\/Kids-Guernica-and-Third-Paradise-600x450.jpg 600w, https:\/\/www.espronceda.net\/wp-content\/uploads\/2020\/06\/Kids-Guernica-and-Third-Paradise-900x675.jpg 900w\" sizes=\"auto, (max-width: 1000px) 100vw, 1000px\" \/><\/p>\r\n<p style=\"text-align: right;\"><em>Foto: Museu de la Cultura de Nagasaki, Jap\u00f3<\/em><\/p>\r\n\r\n\r\n\r\n<p>A <strong>Cuba<\/strong>, una col\u00b7laboraci\u00f3 amb <a href=\"http:\/\/www.tercerparaisocuba.org\/\">Third Paradise Embassy<\/a> de l&#8217;Havana i <a href=\"https:\/\/www.encatc.org\/en\/events\/detail\/kids-guernica\/\">ENCATC<\/a>.<\/p>\r\n\r\n\r\n\r\n<figure class=\"wp-block-gallery columns-1 is-cropped wp-block-gallery-1 is-layout-flex wp-block-gallery-is-layout-flex\">\r\n<figure><img loading=\"lazy\" decoding=\"async\" width=\"1024\" height=\"690\" class=\"wp-image-17962 aligncenter\" src=\"https:\/\/www.espronceda.net\/wp-content\/uploads\/2020\/06\/Terzo-Paradiso-Cuba-Screen-Shot-2020-06-16-at-18.59.23-1024x690.png\" alt=\"\" data-id=\"17962\" data-full-url=\"https:\/\/www.espronceda.net\/wp-content\/uploads\/2020\/06\/Terzo-Paradiso-Cuba-Screen-Shot-2020-06-16-at-18.59.23.png\" data-link=\"https:\/\/www.espronceda.net\/?attachment_id=17962\" srcset=\"https:\/\/www.espronceda.net\/wp-content\/uploads\/2020\/06\/Terzo-Paradiso-Cuba-Screen-Shot-2020-06-16-at-18.59.23-1024x690.png 1024w, https:\/\/www.espronceda.net\/wp-content\/uploads\/2020\/06\/Terzo-Paradiso-Cuba-Screen-Shot-2020-06-16-at-18.59.23-300x202.png 300w, https:\/\/www.espronceda.net\/wp-content\/uploads\/2020\/06\/Terzo-Paradiso-Cuba-Screen-Shot-2020-06-16-at-18.59.23-768x517.png 768w, https:\/\/www.espronceda.net\/wp-content\/uploads\/2020\/06\/Terzo-Paradiso-Cuba-Screen-Shot-2020-06-16-at-18.59.23-1536x1035.png 1536w, https:\/\/www.espronceda.net\/wp-content\/uploads\/2020\/06\/Terzo-Paradiso-Cuba-Screen-Shot-2020-06-16-at-18.59.23-1280x862.png 1280w, https:\/\/www.espronceda.net\/wp-content\/uploads\/2020\/06\/Terzo-Paradiso-Cuba-Screen-Shot-2020-06-16-at-18.59.23.png 1654w\" sizes=\"auto, (max-width: 1024px) 100vw, 1024px\" \/><\/figure>\r\n<\/figure>\r\n\r\n\r\n\r\n<p>A <strong>Cal\u00e0bria<\/strong>, Lamezia Terme al taller <a href=\"http:\/\/terzoparadiso.org\/en\/attivita\/arte-ed-educazione-la-scuola-per-il-cambiamento-lamezia-terme\">\u201cArt and Education for a better school\u201d<\/a>, en col\u00b7laboraci\u00f3 amb Third Paradise and Kids-Guernica: https:\/\/www.youtube.com\/watch?v=orivm8rAyl4<\/p>\r\n\r\n\r\n\r\n<p>A <strong>Cal\u00e0bria<\/strong> a la ciutat de Soveria Mannelli per al <a href=\"http:\/\/www.ottoetrenta.it\/cultura-e-spettacolo\/anniversario-hiroshima-e-nagasaki-parte-da-soveria-mannelli-il-festival-della-pace\/\">Peace Festival in the occasion of the Atomic Bomb of Nagasaki and Hiroshima.<\/a><\/p>\r\n\r\n\r\n\r\n\r\n\r\n<p><em>Entre les principals taules rodones estan:<\/em> <strong><a href=\"https:\/\/www.espronceda.net\/roundtable-role-art-social-responsible-change-society-set-12-19h\/\">The role of art for a social and responsible change in society<\/a>. 12\/09\/2017<\/strong> <strong><a href=\"https:\/\/www.espronceda.net\/roundtable-the-best-practice-in-art-and-education-06-03-19h\/\">The Best Practice in Art and Education<\/a>. 06\/03\/2019<\/strong><\/p>\r\n\r\n\r\n\r\n<figure class=\"wp-block-image size-large\"><img loading=\"lazy\" decoding=\"async\" width=\"1024\" height=\"683\" class=\"wp-image-17956 aligncenter\" src=\"https:\/\/www.espronceda.net\/wp-content\/uploads\/2020\/06\/mesa-redonda-best-practice-art-and-education-V2A5673-1024x683.jpg\" alt=\"\" srcset=\"https:\/\/www.espronceda.net\/wp-content\/uploads\/2020\/06\/mesa-redonda-best-practice-art-and-education-V2A5673-1024x683.jpg 1024w, https:\/\/www.espronceda.net\/wp-content\/uploads\/2020\/06\/mesa-redonda-best-practice-art-and-education-V2A5673-300x200.jpg 300w, https:\/\/www.espronceda.net\/wp-content\/uploads\/2020\/06\/mesa-redonda-best-practice-art-and-education-V2A5673-768x512.jpg 768w, https:\/\/www.espronceda.net\/wp-content\/uploads\/2020\/06\/mesa-redonda-best-practice-art-and-education-V2A5673-1536x1024.jpg 1536w, https:\/\/www.espronceda.net\/wp-content\/uploads\/2020\/06\/mesa-redonda-best-practice-art-and-education-V2A5673-1280x853.jpg 1280w, https:\/\/www.espronceda.net\/wp-content\/uploads\/2020\/06\/mesa-redonda-best-practice-art-and-education-V2A5673.jpg 1800w\" sizes=\"auto, (max-width: 1024px) 100vw, 1024px\" \/><\/figure>\r\n\r\n\r\n\r\n<p><strong><a href=\"https:\/\/www.encatc.org\/en\/events\/detail\/roundtable-create-think-transform\/\">Roundtable Create, Think, Transform<\/a>.\u00a0<\/strong><strong>28.08.2018<\/strong><\/p>\r\n\r\n\r\n\r\n\r\n\r\n\r\n\r\n<figure class=\"wp-block-image size-large\"><img loading=\"lazy\" decoding=\"async\" width=\"1024\" height=\"683\" class=\"wp-image-17953\" src=\"https:\/\/www.espronceda.net\/wp-content\/uploads\/2020\/06\/mesa-redonda-Cuba-OA6A7083-1024x683.jpg\" alt=\"\" srcset=\"https:\/\/www.espronceda.net\/wp-content\/uploads\/2020\/06\/mesa-redonda-Cuba-OA6A7083-1024x683.jpg 1024w, https:\/\/www.espronceda.net\/wp-content\/uploads\/2020\/06\/mesa-redonda-Cuba-OA6A7083-300x200.jpg 300w, https:\/\/www.espronceda.net\/wp-content\/uploads\/2020\/06\/mesa-redonda-Cuba-OA6A7083-768x512.jpg 768w, https:\/\/www.espronceda.net\/wp-content\/uploads\/2020\/06\/mesa-redonda-Cuba-OA6A7083.jpg 1200w\" sizes=\"auto, (max-width: 1024px) 100vw, 1024px\" \/><\/figure>\r\n<p>&nbsp;<\/p>\r\n<div>\r\n<div class=\"\" dir=\"ltr\">\r\n<div class=\"\"><em>Per contactar: Savina Tarsitano, ambaixadora de Third Paradise i Coordinadora internacional de Kids-Guernica<\/em><\/div>\r\n<\/div>\r\n<\/div>\r\n","protected":false},"excerpt":{"rendered":"<p>En Espronceda creiem en la import\u00e0ncia de l&#8217;di\u00e0leg entre cultura, art i educaci\u00f3. Part de les nostres activitats est\u00e0 dedicada a la import\u00e0ncia de l&#8217;art per a un canvi social i sostenible, per a la integraci\u00f3 i inclusi\u00f3 social i per a l&#8217;educaci\u00f3. Aquestes col\u00b7laboracions van tenir lloc a nivell europeu i internacional, per\u00f2 tamb\u00e9 a nivell local mentre s&#8217;organitzaven [&hellip;]<\/p>\n","protected":false},"author":1,"featured_media":0,"parent":0,"menu_order":0,"comment_status":"closed","ping_status":"closed","template":"","meta":{"footnotes":""},"class_list":["post-18101","page","type-page","status-publish","hentry"],"_links":{"self":[{"href":"https:\/\/www.espronceda.net\/ca\/wp-json\/wp\/v2\/pages\/18101","targetHints":{"allow":["GET"]}}],"collection":[{"href":"https:\/\/www.espronceda.net\/ca\/wp-json\/wp\/v2\/pages"}],"about":[{"href":"https:\/\/www.espronceda.net\/ca\/wp-json\/wp\/v2\/types\/page"}],"author":[{"embeddable":true,"href":"https:\/\/www.espronceda.net\/ca\/wp-json\/wp\/v2\/users\/1"}],"replies":[{"embeddable":true,"href":"https:\/\/www.espronceda.net\/ca\/wp-json\/wp\/v2\/comments?post=18101"}],"version-history":[{"count":3,"href":"https:\/\/www.espronceda.net\/ca\/wp-json\/wp\/v2\/pages\/18101\/revisions"}],"predecessor-version":[{"id":18275,"href":"https:\/\/www.espronceda.net\/ca\/wp-json\/wp\/v2\/pages\/18101\/revisions\/18275"}],"wp:attachment":[{"href":"https:\/\/www.espronceda.net\/ca\/wp-json\/wp\/v2\/media?parent=18101"}],"curies":[{"name":"wp","href":"https:\/\/api.w.org\/{rel}","templated":true}]}}