{"id":19468,"date":"2020-12-14T17:46:43","date_gmt":"2020-12-14T16:46:43","guid":{"rendered":"https:\/\/www.espronceda.net\/?page_id=19468"},"modified":"2020-12-14T18:16:20","modified_gmt":"2020-12-14T17:16:20","slug":"ai4future","status":"publish","type":"page","link":"https:\/\/www.espronceda.net\/ca\/projectes\/ai4future\/","title":{"rendered":"AI4Future"},"content":{"rendered":"<h3><img loading=\"lazy\" decoding=\"async\" class=\"alignleft size-full wp-image-19455\" src=\"https:\/\/www.espronceda.net\/wp-content\/uploads\/2020\/12\/logo_esteso_verticale_VerdeArancio-1.png\" sizes=\"auto, (max-width: 1654px) 100vw, 1654px\" srcset=\"https:\/\/www.espronceda.net\/wp-content\/uploads\/2020\/12\/logo_esteso_verticale_VerdeArancio-1.png 1654w, https:\/\/www.espronceda.net\/wp-content\/uploads\/2020\/12\/logo_esteso_verticale_VerdeArancio-1-300x127.png 300w, https:\/\/www.espronceda.net\/wp-content\/uploads\/2020\/12\/logo_esteso_verticale_VerdeArancio-1-1024x433.png 1024w, https:\/\/www.espronceda.net\/wp-content\/uploads\/2020\/12\/logo_esteso_verticale_VerdeArancio-1-768x325.png 768w, https:\/\/www.espronceda.net\/wp-content\/uploads\/2020\/12\/logo_esteso_verticale_VerdeArancio-1-1536x649.png 1536w, https:\/\/www.espronceda.net\/wp-content\/uploads\/2020\/12\/logo_esteso_verticale_VerdeArancio-1-1280x541.png 1280w\" alt=\"\" width=\"1654\" height=\"699\" \/><\/h3>\n<p>AI4Future \u00e9s un projecte d\u2019Europa Creativa que implica tres pa\u00efsos europeus diferents: It\u00e0lia, Espanya i Pa\u00efsos Baixos. T\u00e9 com a objectiu millorar la comprensi\u00f3 i la difusi\u00f3 de A.I. tecnologies relacionades per a la participaci\u00f3 activa i creativa de joves activistes en l\u2019escena cultural europea, que els permet treballar amb artistes per a la creaci\u00f3 conjunta d\u2019una nova ciutat<\/p>\n<p>AI4Future \u00e9s un projecte d&#8217;Europa Creativa que involucra a tres pa\u00efsos europeus diferents: It\u00e0lia, Espanya i Holanda. El seu objectiu \u00e9s millorar la comprensi\u00f3 i la difusi\u00f3 de A.I. tecnologies relacionades per a la participaci\u00f3 activa i creativa de joves activistes a l\u2019escena cultural europea, permetent treballar amb artistes per a la creaci\u00f3 conjunta d\u2019una nova consci\u00e8ncia comunit\u00e0ria urbana.<\/p>\n<p>El A.I. El enfoque permet l\u2019acc\u00e9s i la interpretaci\u00f3 de les dades per comprendre millor com funcionen aquestes noves tecnologies i descobrir nous aspectes dels mecanismes de la societat comunit\u00e0ria. Las nuevas generaciones tendr\u00e1n un papel fundamental en este cambio a medida que vayan madurando y creciendo en el avance de la revoluci\u00f3n tecnol\u00f3gica.<\/p>\n<p>El tema principal de col\u00b7laboraci\u00f3 entre joves activistes i artistes ser\u00e0 la \u201cmobilitat\u201d, considerat en diferents significats i diferents interpretacions desenvolupades gr\u00e0cies al di\u00e0leg entre els socis. Los significados de movilidad que surgieron son: movilidad mental, fatiga pand\u00e9mica; movilitat social, econ\u00f2mica i pol\u00edtica; movilitat virtual i interactiva, en la que A.I. no es solo una herramienta. Los j\u00f3venes activistas, artistas y legisladores tendran l&#8217;oportunitat de lidiar amb reunions internacionals, tallers i resid\u00e8ncies d&#8217;artistes.<\/p>\n","protected":false},"excerpt":{"rendered":"<p>AI4Future \u00e9s un projecte d\u2019Europa Creativa que implica tres pa\u00efsos europeus diferents: It\u00e0lia, Espanya i Pa\u00efsos Baixos. T\u00e9 com a objectiu millorar la comprensi\u00f3 i la difusi\u00f3 de A.I. tecnologies relacionades per a la participaci\u00f3 activa i creativa de joves activistes en l\u2019escena cultural europea, que els permet treballar amb artistes per a la creaci\u00f3 conjunta d\u2019una nova ciutat AI4Future [&hellip;]<\/p>\n","protected":false},"author":1,"featured_media":0,"parent":5377,"menu_order":1,"comment_status":"closed","ping_status":"closed","template":"","meta":{"footnotes":""},"class_list":["post-19468","page","type-page","status-publish","hentry"],"_links":{"self":[{"href":"https:\/\/www.espronceda.net\/ca\/wp-json\/wp\/v2\/pages\/19468","targetHints":{"allow":["GET"]}}],"collection":[{"href":"https:\/\/www.espronceda.net\/ca\/wp-json\/wp\/v2\/pages"}],"about":[{"href":"https:\/\/www.espronceda.net\/ca\/wp-json\/wp\/v2\/types\/page"}],"author":[{"embeddable":true,"href":"https:\/\/www.espronceda.net\/ca\/wp-json\/wp\/v2\/users\/1"}],"replies":[{"embeddable":true,"href":"https:\/\/www.espronceda.net\/ca\/wp-json\/wp\/v2\/comments?post=19468"}],"version-history":[{"count":2,"href":"https:\/\/www.espronceda.net\/ca\/wp-json\/wp\/v2\/pages\/19468\/revisions"}],"predecessor-version":[{"id":19474,"href":"https:\/\/www.espronceda.net\/ca\/wp-json\/wp\/v2\/pages\/19468\/revisions\/19474"}],"up":[{"embeddable":true,"href":"https:\/\/www.espronceda.net\/ca\/wp-json\/wp\/v2\/pages\/5377"}],"wp:attachment":[{"href":"https:\/\/www.espronceda.net\/ca\/wp-json\/wp\/v2\/media?parent=19468"}],"curies":[{"name":"wp","href":"https:\/\/api.w.org\/{rel}","templated":true}]}}