{"id":21777,"date":"2021-10-29T15:04:32","date_gmt":"2021-10-29T13:04:32","guid":{"rendered":"https:\/\/www.espronceda.net\/?page_id=21777"},"modified":"2021-10-29T15:04:32","modified_gmt":"2021-10-29T13:04:32","slug":"alterduo","status":"publish","type":"page","link":"https:\/\/www.espronceda.net\/ca\/projectes\/alterduo\/","title":{"rendered":"Alterd\u00fao"},"content":{"rendered":"<p><img loading=\"lazy\" decoding=\"async\" class=\" wp-image-21771 alignleft\" src=\"https:\/\/www.espronceda.net\/wp-content\/uploads\/2021\/10\/Alterduo_Arianna-Esposito_Marco-Tondello-1-300x197.jpg\" alt=\"\" width=\"436\" height=\"286\" srcset=\"https:\/\/www.espronceda.net\/wp-content\/uploads\/2021\/10\/Alterduo_Arianna-Esposito_Marco-Tondello-1-300x197.jpg 300w, https:\/\/www.espronceda.net\/wp-content\/uploads\/2021\/10\/Alterduo_Arianna-Esposito_Marco-Tondello-1-1024x674.jpg 1024w, https:\/\/www.espronceda.net\/wp-content\/uploads\/2021\/10\/Alterduo_Arianna-Esposito_Marco-Tondello-1-768x506.jpg 768w, https:\/\/www.espronceda.net\/wp-content\/uploads\/2021\/10\/Alterduo_Arianna-Esposito_Marco-Tondello-1-1536x1011.jpg 1536w, https:\/\/www.espronceda.net\/wp-content\/uploads\/2021\/10\/Alterduo_Arianna-Esposito_Marco-Tondello-1-2048x1348.jpg 2048w, https:\/\/www.espronceda.net\/wp-content\/uploads\/2021\/10\/Alterduo_Arianna-Esposito_Marco-Tondello-1-1280x843.jpg 1280w\" sizes=\"auto, (max-width: 436px) 100vw, 436px\" \/><\/p>\n<p>Alterd\u00fao \u00e9s un projecte de comissariat ideat per Arianna Esposito (Roma, 1993) i Marco<br \/>\nTondello (P\u00e0dua, 1989). El seu inter\u00e8s s&#8217;orienta al voltant de pr\u00e0ctiques art\u00edstiques<br \/>\ncontempor\u00e0nies, digitals i nous mitjans, utilitzant-les com a eines per a la creaci\u00f3 d\u2019espais<br \/>\nde trobada, di\u00e0leg i debat. Han comissariat l&#8217;exposici\u00f3 #internetflags d&#8217;Irma Marco en la<br \/>\ngaleria Espai Souvenir (2020) i actualment estan treballant en Dissonants, Cicle de<br \/>\nperformance i tecnologia en L\u2019Estruch, F\u00e0brica dels Arts en Viu de Sabadell en col\u00b7laboraci\u00f3<br \/>\namb ESDi i Univestidad Ramon Llull (2021).<\/p>\n","protected":false},"excerpt":{"rendered":"<p>Alterd\u00fao \u00e9s un projecte de comissariat ideat per Arianna Esposito (Roma, 1993) i Marco Tondello (P\u00e0dua, 1989). El seu inter\u00e8s s&#8217;orienta al voltant de pr\u00e0ctiques art\u00edstiques contempor\u00e0nies, digitals i nous mitjans, utilitzant-les com a eines per a la creaci\u00f3 d\u2019espais de trobada, di\u00e0leg i debat. Han comissariat l&#8217;exposici\u00f3 #internetflags d&#8217;Irma Marco en la galeria Espai Souvenir (2020) i actualment estan [&hellip;]<\/p>\n","protected":false},"author":1,"featured_media":0,"parent":5377,"menu_order":0,"comment_status":"closed","ping_status":"closed","template":"","meta":{"footnotes":""},"class_list":["post-21777","page","type-page","status-publish","hentry"],"_links":{"self":[{"href":"https:\/\/www.espronceda.net\/ca\/wp-json\/wp\/v2\/pages\/21777","targetHints":{"allow":["GET"]}}],"collection":[{"href":"https:\/\/www.espronceda.net\/ca\/wp-json\/wp\/v2\/pages"}],"about":[{"href":"https:\/\/www.espronceda.net\/ca\/wp-json\/wp\/v2\/types\/page"}],"author":[{"embeddable":true,"href":"https:\/\/www.espronceda.net\/ca\/wp-json\/wp\/v2\/users\/1"}],"replies":[{"embeddable":true,"href":"https:\/\/www.espronceda.net\/ca\/wp-json\/wp\/v2\/comments?post=21777"}],"version-history":[{"count":1,"href":"https:\/\/www.espronceda.net\/ca\/wp-json\/wp\/v2\/pages\/21777\/revisions"}],"predecessor-version":[{"id":21778,"href":"https:\/\/www.espronceda.net\/ca\/wp-json\/wp\/v2\/pages\/21777\/revisions\/21778"}],"up":[{"embeddable":true,"href":"https:\/\/www.espronceda.net\/ca\/wp-json\/wp\/v2\/pages\/5377"}],"wp:attachment":[{"href":"https:\/\/www.espronceda.net\/ca\/wp-json\/wp\/v2\/media?parent=21777"}],"curies":[{"name":"wp","href":"https:\/\/api.w.org\/{rel}","templated":true}]}}