{"id":22154,"date":"2022-01-13T13:46:51","date_gmt":"2022-01-13T12:46:51","guid":{"rendered":"https:\/\/www.espronceda.net\/?page_id=22154"},"modified":"2022-01-13T13:53:08","modified_gmt":"2022-01-13T12:53:08","slug":"the-salon-of-espronceda","status":"publish","type":"page","link":"https:\/\/www.espronceda.net\/ca\/the-salon-of-espronceda\/","title":{"rendered":"The Salon of Espronceda"},"content":{"rendered":"<p><img loading=\"lazy\" decoding=\"async\" class=\"aligncenter wp-image-20399\" src=\"https:\/\/www.espronceda.net\/wp-content\/uploads\/2021\/04\/Copy-of-The-Salon-of-Espronceda--1024x577.png\" alt=\"\" width=\"800\" height=\"451\" srcset=\"https:\/\/www.espronceda.net\/wp-content\/uploads\/2021\/04\/Copy-of-The-Salon-of-Espronceda--1024x577.png 1024w, https:\/\/www.espronceda.net\/wp-content\/uploads\/2021\/04\/Copy-of-The-Salon-of-Espronceda--300x169.png 300w, https:\/\/www.espronceda.net\/wp-content\/uploads\/2021\/04\/Copy-of-The-Salon-of-Espronceda--768x433.png 768w, https:\/\/www.espronceda.net\/wp-content\/uploads\/2021\/04\/Copy-of-The-Salon-of-Espronceda--1536x865.png 1536w, https:\/\/www.espronceda.net\/wp-content\/uploads\/2021\/04\/Copy-of-The-Salon-of-Espronceda--1280x720.png 1280w, https:\/\/www.espronceda.net\/wp-content\/uploads\/2021\/04\/Copy-of-The-Salon-of-Espronceda-.png 1640w\" sizes=\"auto, (max-width: 800px) 100vw, 800px\" \/><\/p>\n<p>&nbsp;<\/p>\n<p>El projecte The Salon of Espronceda \u2013Talk with a Special Guest sorgeix de la necessitat de connectar persones dels \u00e0mbits de l&#8217;art, la cultura, l&#8217;educaci\u00f3 liter\u00e0ria, la ci\u00e8ncia, la pol\u00edtica, en un per\u00edode dif\u00edcil de moviment, de mudances. La pand\u00e8mia i el Covid ens ha emp\u00e8s a una reflexi\u00f3 profunda sobre com estar junts encara que llunyans, sobre com seguir dialogant junts encara que siguin llunyans. D&#8217;aqu\u00ed va sorgir la idea de crear el sal\u00f3 Espronceda, un rac\u00f3 dedicat cada vegada a un convidat especial, per dialogar junts sobre art, cultura, pol\u00edtica, economia, etc., sempre en connexi\u00f3 amb l&#8217;art. La mostra est\u00e0 oberta a joves, i experts amb anys d&#8217;experi\u00e8ncia per comparar tamb\u00e9 les diferents generacions, explorant conjuntament diferents tem\u00e0tiques des de diferents punts de vista.<\/p>\n<p>L&#8217;objectiu principal tamb\u00e9 \u00e9s connectar la comunitat local amb la comunitat internacional amb una visi\u00f3 de la millor pr\u00e0ctica de l&#8217;art contemporani del m\u00f3n a trav\u00e9s de cultures i pa\u00efsos. El Sal\u00f3 tamb\u00e9 es dedicar\u00e0 a la presentaci\u00f3 de llibres, m\u00fasica, un moment literari que combina amb la bellesa de les arts visuals. D&#8217;aquesta manera, intentem connectar persones i pa\u00efsos, tractant diferents temes, i potser creant noves col\u00b7laboracions o treball en xarxa.<\/p>\n<p>Els diferents convidats especials seran artistes, comissaris, gestors de cultura, escriptors, poetes, de diferents pa\u00efsos, diferents edats i diferents institucions. Una sessi\u00f3 estar\u00e0 dedicada a la jove generaci\u00f3 amb els seus nous projectes que vindran en diferents \u00e0mbits i dels nostres socis i col\u00b7laboradors. El projecte s&#8217;organitzar\u00e0 amb una forma h\u00edbrida, des de virtual i presencial a Barcelona a ESPRONCEDA \u2013 Institut d&#8217;Art i Cultura. Els temes tractaran: canvi social, diplom\u00e0cia cultural, paper de l&#8217;artista, resid\u00e8ncia d&#8217;artista, poesia i literatura, educaci\u00f3, sostenibilitat, ci\u00e8ncia, just\u00edcia social, educaci\u00f3 i molt m\u00e9s.<\/p>\n<p>El Sal\u00f3 d&#8217;Espronceda ha rebut el Segell ENCATC (Xarxa Europea de Gesti\u00f3 i Pol\u00edtica Cultural)<\/p>\n<p>&nbsp;<\/p>\n<p>Responsable i creadora del projecte Savina Tarsitano, artista i cofundadora d&#8217;Espronceda.<\/p>\n<p>&nbsp;<\/p>\n<h1>For more information click on the links below<\/h1>\n<h3><a href=\"https:\/\/www.espronceda.net\/urban-art-and-society-presentation-of-b-murales-espronceda-art-prize\/\"><img loading=\"lazy\" decoding=\"async\" class=\"wp-image-22159 size-medium alignleft\" src=\"https:\/\/www.espronceda.net\/wp-content\/uploads\/2022\/01\/269602769_2085610248264774_9173566753699408662_n-300x169.jpg\" alt=\"\" width=\"300\" height=\"169\" srcset=\"https:\/\/www.espronceda.net\/wp-content\/uploads\/2022\/01\/269602769_2085610248264774_9173566753699408662_n-300x169.jpg 300w, https:\/\/www.espronceda.net\/wp-content\/uploads\/2022\/01\/269602769_2085610248264774_9173566753699408662_n-1024x577.jpg 1024w, https:\/\/www.espronceda.net\/wp-content\/uploads\/2022\/01\/269602769_2085610248264774_9173566753699408662_n-768x433.jpg 768w, https:\/\/www.espronceda.net\/wp-content\/uploads\/2022\/01\/269602769_2085610248264774_9173566753699408662_n-1536x865.jpg 1536w, https:\/\/www.espronceda.net\/wp-content\/uploads\/2022\/01\/269602769_2085610248264774_9173566753699408662_n-1280x720.jpg 1280w, https:\/\/www.espronceda.net\/wp-content\/uploads\/2022\/01\/269602769_2085610248264774_9173566753699408662_n.jpg 1640w\" sizes=\"auto, (max-width: 300px) 100vw, 300px\" \/><\/a><a href=\"https:\/\/www.espronceda.net\/urban-art-and-society-presentation-of-b-murales-espronceda-art-prize\/\"><img loading=\"lazy\" decoding=\"async\" class=\"wp-image-22156 size-medium alignleft\" src=\"https:\/\/www.espronceda.net\/wp-content\/uploads\/2022\/01\/WhatsApp-Image-2021-12-20-at-3.38.25-PM-300x169.jpeg\" alt=\"\" width=\"300\" height=\"169\" srcset=\"https:\/\/www.espronceda.net\/wp-content\/uploads\/2022\/01\/WhatsApp-Image-2021-12-20-at-3.38.25-PM-300x169.jpeg 300w, https:\/\/www.espronceda.net\/wp-content\/uploads\/2022\/01\/WhatsApp-Image-2021-12-20-at-3.38.25-PM-1024x577.jpeg 1024w, https:\/\/www.espronceda.net\/wp-content\/uploads\/2022\/01\/WhatsApp-Image-2021-12-20-at-3.38.25-PM-768x432.jpeg 768w, https:\/\/www.espronceda.net\/wp-content\/uploads\/2022\/01\/WhatsApp-Image-2021-12-20-at-3.38.25-PM-1536x865.jpeg 1536w, https:\/\/www.espronceda.net\/wp-content\/uploads\/2022\/01\/WhatsApp-Image-2021-12-20-at-3.38.25-PM-1280x720.jpeg 1280w, https:\/\/www.espronceda.net\/wp-content\/uploads\/2022\/01\/WhatsApp-Image-2021-12-20-at-3.38.25-PM.jpeg 1600w\" sizes=\"auto, (max-width: 300px) 100vw, 300px\" \/><\/a><\/h3>\n<h3>Episode 6 &#8211; Drapart Festival International de Arte Sostenible de Cataluna<\/h3>\n<div class=\"kvgmc6g5 cxmmr5t8 oygrvhab hcukyx3x c1et5uql\">Avui al Sal\u00f3 d&#8217;Espronceda 6\u00e8 Cap\u00edtol, Savina Tarsitano conversar\u00e0 amb dos convidats diferents. Sobre el tema Art i Sostenibilitat, rebr\u00e0 Marlena Scalise, fundadora de Riscarti. A m\u00e9s, celebrant el moment en qu\u00e8 vam participar al festival d&#8217;art Drap, Savina conversa amb Tanja Grass, fundadora de DrapArt Festival, en una xerrada que no us podeu perdre.<\/div>\n<h3><\/h3>\n<p>&nbsp;<\/p>\n<h3><a href=\"https:\/\/www.espronceda.net\/urban-art-and-society-presentation-of-b-murales-espronceda-art-prize\/\"><img loading=\"lazy\" decoding=\"async\" class=\"wp-image-22074 size-medium alignleft\" src=\"https:\/\/www.espronceda.net\/wp-content\/uploads\/2021\/12\/WhatsApp-Image-2021-12-11-at-1.40.50-PM-300x169.jpeg\" alt=\"\" width=\"300\" height=\"169\" srcset=\"https:\/\/www.espronceda.net\/wp-content\/uploads\/2021\/12\/WhatsApp-Image-2021-12-11-at-1.40.50-PM-300x169.jpeg 300w, https:\/\/www.espronceda.net\/wp-content\/uploads\/2021\/12\/WhatsApp-Image-2021-12-11-at-1.40.50-PM-1024x577.jpeg 1024w, https:\/\/www.espronceda.net\/wp-content\/uploads\/2021\/12\/WhatsApp-Image-2021-12-11-at-1.40.50-PM-768x432.jpeg 768w, https:\/\/www.espronceda.net\/wp-content\/uploads\/2021\/12\/WhatsApp-Image-2021-12-11-at-1.40.50-PM-1536x865.jpeg 1536w, https:\/\/www.espronceda.net\/wp-content\/uploads\/2021\/12\/WhatsApp-Image-2021-12-11-at-1.40.50-PM-1280x720.jpeg 1280w, https:\/\/www.espronceda.net\/wp-content\/uploads\/2021\/12\/WhatsApp-Image-2021-12-11-at-1.40.50-PM.jpeg 1600w\" sizes=\"auto, (max-width: 300px) 100vw, 300px\" \/><\/a><a href=\"https:\/\/www.espronceda.net\/episode-5-guernica-remakings-connecting-through-making\/\">Episode 5 &#8211; Guernica Remakings, connecting through making<\/a><\/h3>\n<h4>La doctora Nicola Ashmore treballa a la Universitat de Brighton al Regne Unit des de l&#8217;any 2007. La seva investigaci\u00f3 postdoctoral ha canviat la comprensi\u00f3 del valor del Guernica de Pablo Picasso a trav\u00e9s de la investigaci\u00f3 de la seva traducci\u00f3 col\u00b7lectiva a trav\u00e9s d&#8217;una s\u00e8rie de reformes internacionals del segle XXI. La import\u00e0ncia internacional d&#8217;aquesta investigaci\u00f3 s&#8217;ha reconegut a trav\u00e9s de tres premis del Consell de Recerca d&#8217;Arts i Humanitats del Regne Unit, Global Challenges Research Fund.<\/h4>\n<h1><\/h1>\n<p>&nbsp;<\/p>\n<h3><a href=\"https:\/\/www.espronceda.net\/urban-art-and-society-presentation-of-b-murales-espronceda-art-prize\/\"><img loading=\"lazy\" decoding=\"async\" class=\"wp-image-21751 size-medium alignleft\" src=\"https:\/\/www.espronceda.net\/wp-content\/uploads\/2021\/10\/Copy-of-The-Salon-of-Espronceda-1-1-300x169.png\" alt=\"\" width=\"300\" height=\"169\" srcset=\"https:\/\/www.espronceda.net\/wp-content\/uploads\/2021\/10\/Copy-of-The-Salon-of-Espronceda-1-1-300x169.png 300w, https:\/\/www.espronceda.net\/wp-content\/uploads\/2021\/10\/Copy-of-The-Salon-of-Espronceda-1-1-1024x577.png 1024w, https:\/\/www.espronceda.net\/wp-content\/uploads\/2021\/10\/Copy-of-The-Salon-of-Espronceda-1-1-768x433.png 768w, https:\/\/www.espronceda.net\/wp-content\/uploads\/2021\/10\/Copy-of-The-Salon-of-Espronceda-1-1-1536x865.png 1536w, https:\/\/www.espronceda.net\/wp-content\/uploads\/2021\/10\/Copy-of-The-Salon-of-Espronceda-1-1-1280x720.png 1280w, https:\/\/www.espronceda.net\/wp-content\/uploads\/2021\/10\/Copy-of-The-Salon-of-Espronceda-1-1.png 1640w\" sizes=\"auto, (max-width: 300px) 100vw, 300px\" \/><\/a><a href=\"https:\/\/www.espronceda.net\/urban-art-and-society-presentation-of-b-murales-espronceda-art-prize\/\">Episode 4 &#8211; \u00a0<span class=\"JsGRdQ\">Transforming communities through urban art<\/span><\/a><\/h3>\n<h4>Ens complau presentar el projecte B-Murales per reflexionar conjuntament sobre la relaci\u00f3 entre l&#8217;art urb\u00e0 i la societat, i com connecta amb la comunitat local en el context de projectes de canvi social. En aquesta ocasi\u00f3 ens trobem amb l&#8217;artista Emily, artista resident a Espronceda i guanyadora de la 1a edici\u00f3 del Premi Espronceda\/B-Murales. Espronceda creu en la import\u00e0ncia de contribuir al creixement professional dels artistes, i els premis responen a la seva filosofia d&#8217;ajudar els artistes, i d&#8217;altra banda de crear noves col\u00b7laboracions a nivell local. La xerrada vol destacar tant la import\u00e0ncia de les col\u00b7laboracions locals i internacionals, la necessitat de noves aliances i intercanvis de bones pr\u00e0ctiques art\u00edstiques, com el paper que tenen els artistes en aquest proc\u00e9s de canvi, especialment abans i despr\u00e9s de la Covid-19.<\/h4>\n<p>&nbsp;<\/p>\n<p>&nbsp;<\/p>\n<h1><\/h1>\n<p>&nbsp;<\/p>\n<p>&nbsp;<\/p>\n<p>&nbsp;<\/p>\n<h3><a href=\"https:\/\/www.espronceda.net\/episode-1-the-salon-of-espronceda-talk-with-a-special-guest\/\"><img loading=\"lazy\" decoding=\"async\" class=\"alignleft wp-image-20777 size-medium\" src=\"https:\/\/www.espronceda.net\/wp-content\/uploads\/2021\/06\/Towards-Contemporary-Art-for-Sustainable-Villages-212x300.png\" alt=\"\" width=\"212\" height=\"300\" srcset=\"https:\/\/www.espronceda.net\/wp-content\/uploads\/2021\/06\/Towards-Contemporary-Art-for-Sustainable-Villages-212x300.png 212w, https:\/\/www.espronceda.net\/wp-content\/uploads\/2021\/06\/Towards-Contemporary-Art-for-Sustainable-Villages-724x1024.png 724w, https:\/\/www.espronceda.net\/wp-content\/uploads\/2021\/06\/Towards-Contemporary-Art-for-Sustainable-Villages-768x1086.png 768w, https:\/\/www.espronceda.net\/wp-content\/uploads\/2021\/06\/Towards-Contemporary-Art-for-Sustainable-Villages-1086x1536.png 1086w, https:\/\/www.espronceda.net\/wp-content\/uploads\/2021\/06\/Towards-Contemporary-Art-for-Sustainable-Villages-1448x2048.png 1448w, https:\/\/www.espronceda.net\/wp-content\/uploads\/2021\/06\/Towards-Contemporary-Art-for-Sustainable-Villages-1280x1811.png 1280w, https:\/\/www.espronceda.net\/wp-content\/uploads\/2021\/06\/Towards-Contemporary-Art-for-Sustainable-Villages.png 1587w\" sizes=\"auto, (max-width: 212px) 100vw, 212px\" \/><\/a><a href=\"https:\/\/www.espronceda.net\/webminar-towards-contemporary-art-for-sustainable-villages\/\">Episode 3 &#8211; <em>Towards contemporary Art for Sustainable Villages\u00a0<\/em><\/a><\/h3>\n<h4 class=\"_04xlpA direction-ltr align-start para-style-body\">Els artistes d&#8217;\u00c0sia i Europa es van unir per reflexionar i explorar les millors solucions sostenibles i creatives per als pobles i la poblaci\u00f3 amb una investigaci\u00f3 comparada en pobles d&#8217;Europa i \u00c0sia. Els fundadors del projecte investigaran sobre l&#8217;impacte de l&#8217;art contemporani en el desenvolupament sostenible dels pobles i sobre el paper dels artistes en el proc\u00e9s de canvi, di\u00e0leg amb la comunitat local per a solucions creatives i sostenibles.<\/h4>\n<p>&nbsp;<\/p>\n<h1><\/h1>\n<p>&nbsp;<\/p>\n<p>&nbsp;<\/p>\n<p>&nbsp;<\/p>\n<p>&nbsp;<\/p>\n<h3><a href=\"https:\/\/www.espronceda.net\/episode-1-the-salon-of-espronceda-talk-with-a-special-guest\/\"><img loading=\"lazy\" decoding=\"async\" class=\"alignleft wp-image-20783 size-medium\" src=\"https:\/\/www.espronceda.net\/wp-content\/uploads\/2021\/06\/Copy-of-Copy-of-The-Salon-of-Espronceda--300x300.png\" alt=\"\" width=\"300\" height=\"300\" srcset=\"https:\/\/www.espronceda.net\/wp-content\/uploads\/2021\/06\/Copy-of-Copy-of-The-Salon-of-Espronceda--300x300.png 300w, https:\/\/www.espronceda.net\/wp-content\/uploads\/2021\/06\/Copy-of-Copy-of-The-Salon-of-Espronceda--1024x1024.png 1024w, https:\/\/www.espronceda.net\/wp-content\/uploads\/2021\/06\/Copy-of-Copy-of-The-Salon-of-Espronceda--150x150.png 150w, https:\/\/www.espronceda.net\/wp-content\/uploads\/2021\/06\/Copy-of-Copy-of-The-Salon-of-Espronceda--768x768.png 768w, https:\/\/www.espronceda.net\/wp-content\/uploads\/2021\/06\/Copy-of-Copy-of-The-Salon-of-Espronceda-.png 1080w\" sizes=\"auto, (max-width: 300px) 100vw, 300px\" \/><\/a><a href=\"https:\/\/www.espronceda.net\/episode-2-the-salon-of-espronceda-talk-with-a-special-guest\/\">Episode 2 &#8211; <em>The Salon of Espronceda \u2013Talk with a Special Guest<\/em><\/a><\/h3>\n<h4>with Sachiko Iwase &#8211; Gallery Director at nca | nichido contemporary art, Tokyo, and galerie nichido Taipei and Kazuya Sakamoto \u00a0-artist\/painter<\/h4>\n<p>&nbsp;<\/p>\n<p>&nbsp;<\/p>\n<p>&nbsp;<\/p>\n<p>&nbsp;<\/p>\n<p>&nbsp;<\/p>\n<p>&nbsp;<\/p>\n<p>&nbsp;<\/p>\n<h3><a href=\"https:\/\/www.espronceda.net\/episode-1-the-salon-of-espronceda-talk-with-a-special-guest\/\"><img loading=\"lazy\" decoding=\"async\" class=\"wp-image-20619 size-medium alignleft\" src=\"https:\/\/www.espronceda.net\/wp-content\/uploads\/2021\/05\/Copy-of-Copy-of-The-Salon-of-Espronceda--300x300.png\" alt=\"\" width=\"300\" height=\"300\" srcset=\"https:\/\/www.espronceda.net\/wp-content\/uploads\/2021\/05\/Copy-of-Copy-of-The-Salon-of-Espronceda--300x300.png 300w, https:\/\/www.espronceda.net\/wp-content\/uploads\/2021\/05\/Copy-of-Copy-of-The-Salon-of-Espronceda--1024x1024.png 1024w, https:\/\/www.espronceda.net\/wp-content\/uploads\/2021\/05\/Copy-of-Copy-of-The-Salon-of-Espronceda--150x150.png 150w, https:\/\/www.espronceda.net\/wp-content\/uploads\/2021\/05\/Copy-of-Copy-of-The-Salon-of-Espronceda--768x768.png 768w, https:\/\/www.espronceda.net\/wp-content\/uploads\/2021\/05\/Copy-of-Copy-of-The-Salon-of-Espronceda-.png 1080w\" sizes=\"auto, (max-width: 300px) 100vw, 300px\" \/><\/a><\/h3>\n<h3><a href=\"https:\/\/www.espronceda.net\/episode-1-the-salon-of-espronceda-talk-with-a-special-guest\/\">Episode 1 &#8211; <em>The Salon of Espronceda \u2013Talk with a Special Guest<\/em><\/a><\/h3>\n<h4>amb els empresaris culturals francesos\u00a0Alexandra Christev i Vladimir de Vaumas, fundadors de \u00a0Artists In Residence Television &#8211; AIRTV<\/h4>\n<p>&nbsp;<\/p>\n<p>&nbsp;<\/p>\n<p>&nbsp;<\/p>\n<p>&nbsp;<\/p>\n<p>&nbsp;<\/p>\n","protected":false},"excerpt":{"rendered":"<p>&nbsp; El projecte The Salon of Espronceda \u2013Talk with a Special Guest sorgeix de la necessitat de connectar persones dels \u00e0mbits de l&#8217;art, la cultura, l&#8217;educaci\u00f3 liter\u00e0ria, la ci\u00e8ncia, la pol\u00edtica, en un per\u00edode dif\u00edcil de moviment, de mudances. La pand\u00e8mia i el Covid ens ha emp\u00e8s a una reflexi\u00f3 profunda sobre com estar junts encara que llunyans, sobre com [&hellip;]<\/p>\n","protected":false},"author":1,"featured_media":0,"parent":0,"menu_order":0,"comment_status":"closed","ping_status":"closed","template":"","meta":{"footnotes":""},"class_list":["post-22154","page","type-page","status-publish","hentry"],"_links":{"self":[{"href":"https:\/\/www.espronceda.net\/ca\/wp-json\/wp\/v2\/pages\/22154","targetHints":{"allow":["GET"]}}],"collection":[{"href":"https:\/\/www.espronceda.net\/ca\/wp-json\/wp\/v2\/pages"}],"about":[{"href":"https:\/\/www.espronceda.net\/ca\/wp-json\/wp\/v2\/types\/page"}],"author":[{"embeddable":true,"href":"https:\/\/www.espronceda.net\/ca\/wp-json\/wp\/v2\/users\/1"}],"replies":[{"embeddable":true,"href":"https:\/\/www.espronceda.net\/ca\/wp-json\/wp\/v2\/comments?post=22154"}],"version-history":[{"count":2,"href":"https:\/\/www.espronceda.net\/ca\/wp-json\/wp\/v2\/pages\/22154\/revisions"}],"predecessor-version":[{"id":22166,"href":"https:\/\/www.espronceda.net\/ca\/wp-json\/wp\/v2\/pages\/22154\/revisions\/22166"}],"wp:attachment":[{"href":"https:\/\/www.espronceda.net\/ca\/wp-json\/wp\/v2\/media?parent=22154"}],"curies":[{"name":"wp","href":"https:\/\/api.w.org\/{rel}","templated":true}]}}