{"id":22172,"date":"2022-01-13T14:01:31","date_gmt":"2022-01-13T13:01:31","guid":{"rendered":"https:\/\/www.espronceda.net\/?page_id=22172"},"modified":"2022-01-13T14:01:31","modified_gmt":"2022-01-13T13:01:31","slug":"canvi-social-i-educacio","status":"publish","type":"page","link":"https:\/\/www.espronceda.net\/ca\/canvi-social-i-educacio\/","title":{"rendered":"Canvi Social i Educaci\u00f3"},"content":{"rendered":"<p>En Espronceda creem en la import\u00e0ncia del di\u00e0leg entre cultura, art i educaci\u00f3. La part de les nostres activitats est\u00e0 dedicada a la import\u00e0ncia de l&#8217;art per a un canvi social i sostenible, per a la integraci\u00f3 i inclusi\u00f3 social i per a l&#8217;educaci\u00f3. Aquestes col\u00b7laboracions tenen lloc a nivell europeu i internacional, per\u00f2 tamb\u00e9 a nivell local organitzant taules redondes i seminaris.<\/p>\n<p>Entre les nostres principals col\u00b7laboracions es troben: el projecte internacional de nens per la paz Kids-Guernica inspirat en l&#8217;obra de Pablo Picasso i el Tercer Para\u00edso de Michelangelo Pistoletto y Cittadellarte. Ambos projectes estan a la c\u00e0rrega de l&#8217;artista Savina Tarsitano, embajadora de Third Paradise i coordinadora de Kids-Guernica. El 2019 Espronceda va iniciar tamb\u00e9 una cooperaci\u00f3 amb el projecte japon\u00e8s P3578.<\/p>\n<p>&nbsp;<\/p>\n<div>\n<h3><strong><a href=\"https:\/\/www.espronceda.net\/19264\/\"><img loading=\"lazy\" decoding=\"async\" class=\"alignleft wp-image-20523 size-medium\" src=\"https:\/\/www.espronceda.net\/wp-content\/uploads\/2021\/04\/IMG_4207-300x168.jpg\" alt=\"\" width=\"300\" height=\"168\" srcset=\"https:\/\/www.espronceda.net\/wp-content\/uploads\/2021\/04\/IMG_4207-300x168.jpg 300w, https:\/\/www.espronceda.net\/wp-content\/uploads\/2021\/04\/IMG_4207-1024x575.jpg 1024w, https:\/\/www.espronceda.net\/wp-content\/uploads\/2021\/04\/IMG_4207-768x431.jpg 768w, https:\/\/www.espronceda.net\/wp-content\/uploads\/2021\/04\/IMG_4207-1536x862.jpg 1536w, https:\/\/www.espronceda.net\/wp-content\/uploads\/2021\/04\/IMG_4207-2048x1150.jpg 2048w, https:\/\/www.espronceda.net\/wp-content\/uploads\/2021\/04\/IMG_4207-450x250.jpg 450w, https:\/\/www.espronceda.net\/wp-content\/uploads\/2021\/04\/IMG_4207-1280x720.jpg 1280w\" sizes=\"auto, (max-width: 300px) 100vw, 300px\" \/><\/a><\/strong><\/h3>\n<h2><a href=\"https:\/\/www.espronceda.net\/workshop-temporary-states-zeitgeber-exhibition\/\">Taller: Temporary states \u2013 zeitgeber exhibition<\/a><\/h2>\n<div class=\"kvgmc6g5 cxmmr5t8 oygrvhab hcukyx3x c1et5uql\">\n<p>En aquest taller, l&#8217;artista visual i educadora d&#8217;art alemana Jessica von Helmolt proposa una activitat dirigida a fam\u00edlies interessades en experimentar amb impressions moment\u00e0nias dins d&#8217;un entorn espec\u00edfic. A trav\u00e9s de diferents sentits, els participants jugaran amb la percepci\u00f3 d&#8217;agents externs com la llum, la m\u00fasica, els ritmes, les frag\u00e0ncies, els sabors i les textures. Les experi\u00e8ncies realitzades amb aquestes influ\u00e8ncies es traduiran en collages de gran diversitat crom\u00e0tica i formal.<\/p>\n<\/div>\n<\/div>\n<p>&nbsp;<\/p>\n<p>&nbsp;<\/p>\n<div>\n<h3><strong>Art For Social Change Towa<a href=\"https:\/\/www.espronceda.net\/19264\/\"><img loading=\"lazy\" decoding=\"async\" class=\"alignleft wp-image-19259 size-medium\" src=\"https:\/\/www.espronceda.net\/wp-content\/uploads\/2020\/11\/123879484_1756032607889208_8757244768435871242_o-300x157.jpg\" sizes=\"auto, (max-width: 300px) 100vw, 300px\" srcset=\"https:\/\/www.espronceda.net\/wp-content\/uploads\/2020\/11\/123879484_1756032607889208_8757244768435871242_o-300x157.jpg 300w, https:\/\/www.espronceda.net\/wp-content\/uploads\/2020\/11\/123879484_1756032607889208_8757244768435871242_o-1024x536.jpg 1024w, https:\/\/www.espronceda.net\/wp-content\/uploads\/2020\/11\/123879484_1756032607889208_8757244768435871242_o-768x402.jpg 768w, https:\/\/www.espronceda.net\/wp-content\/uploads\/2020\/11\/123879484_1756032607889208_8757244768435871242_o-1536x803.jpg 1536w, https:\/\/www.espronceda.net\/wp-content\/uploads\/2020\/11\/123879484_1756032607889208_8757244768435871242_o-1280x669.jpg 1280w, https:\/\/www.espronceda.net\/wp-content\/uploads\/2020\/11\/123879484_1756032607889208_8757244768435871242_o.jpg 2048w\" alt=\"\" width=\"300\" height=\"157\" \/><\/a>rds the Art of Demopraxia \u2013 LOOP CityScreen BCN 2020<\/strong><\/h3>\n<div class=\"kvgmc6g5 cxmmr5t8 oygrvhab hcukyx3x c1et5uql\">Amb motiu del Festival Loop CityScreen BCN 2020, aquest any a Espronceda ens agradaria presentar una exposici\u00f3 de projectes basada en el projecte Tercer Parad\u00eds\/Renaixement de Michelangelo Pistoletto i Cittadellarte, basat en la import\u00e0ncia de l&#8217;art per al canvi social.<\/div>\n<\/div>\n<p>&nbsp;<\/p>\n<p>&nbsp;<\/p>\n<p>&nbsp;<\/p>\n<div>\n<h2><a href=\"https:\/\/www.espronceda.net\/18173\/\"><img loading=\"lazy\" decoding=\"async\" class=\"alignleft wp-image-18174 size-medium\" src=\"https:\/\/www.espronceda.net\/wp-content\/uploads\/2020\/07\/WEBINAR-FB-EVENT-300x157.jpg\" alt=\"\" width=\"300\" height=\"157\" srcset=\"https:\/\/www.espronceda.net\/wp-content\/uploads\/2020\/07\/WEBINAR-FB-EVENT-300x157.jpg 300w, https:\/\/www.espronceda.net\/wp-content\/uploads\/2020\/07\/WEBINAR-FB-EVENT-1024x537.jpg 1024w, https:\/\/www.espronceda.net\/wp-content\/uploads\/2020\/07\/WEBINAR-FB-EVENT-768x403.jpg 768w, https:\/\/www.espronceda.net\/wp-content\/uploads\/2020\/07\/WEBINAR-FB-EVENT-1536x805.jpg 1536w, https:\/\/www.espronceda.net\/wp-content\/uploads\/2020\/07\/WEBINAR-FB-EVENT-2048x1074.jpg 2048w, https:\/\/www.espronceda.net\/wp-content\/uploads\/2020\/07\/WEBINAR-FB-EVENT-1280x671.jpg 1280w\" sizes=\"auto, (max-width: 300px) 100vw, 300px\" \/><\/a><a href=\"https:\/\/www.espronceda.net\/18173\/\">Kids Guernica &amp; Third Paradise : Art for Change and Peace<\/a><\/h2>\n<p>Amb motiu de la inauguraci\u00f3 de l&#8217;exposici\u00f3 de Kids-Guernica i el Projecte Internacional Pau, Espronceda es complau a presentar el Webinar d&#8217;Art: Art per al Canvi i la Pau: Abans, Durant i Despr\u00e9s del Coronavirus<\/p>\n<\/div>\n<p>&nbsp;<\/p>\n<p>&nbsp;<\/p>\n<p>&nbsp;<\/p>\n<div>\n<h2><a href=\"https:\/\/www.youtube.com\/watch?v=R0xZQQFpE98&amp;t=1942s\"><img loading=\"lazy\" decoding=\"async\" class=\"alignleft wp-image-20316 size-medium\" src=\"https:\/\/www.espronceda.net\/wp-content\/uploads\/2021\/04\/117143660_1668622963296840_3720583847505821928_n-300x157.jpg\" alt=\"\" width=\"300\" height=\"157\" srcset=\"https:\/\/www.espronceda.net\/wp-content\/uploads\/2021\/04\/117143660_1668622963296840_3720583847505821928_n-300x157.jpg 300w, https:\/\/www.espronceda.net\/wp-content\/uploads\/2021\/04\/117143660_1668622963296840_3720583847505821928_n-1024x537.jpg 1024w, https:\/\/www.espronceda.net\/wp-content\/uploads\/2021\/04\/117143660_1668622963296840_3720583847505821928_n-768x402.jpg 768w, https:\/\/www.espronceda.net\/wp-content\/uploads\/2021\/04\/117143660_1668622963296840_3720583847505821928_n-1536x805.jpg 1536w, https:\/\/www.espronceda.net\/wp-content\/uploads\/2021\/04\/117143660_1668622963296840_3720583847505821928_n-1280x671.jpg 1280w, https:\/\/www.espronceda.net\/wp-content\/uploads\/2021\/04\/117143660_1668622963296840_3720583847505821928_n.jpg 2048w\" sizes=\"auto, (max-width: 300px) 100vw, 300px\" \/><\/a><a href=\"https:\/\/www.youtube.com\/watch?v=R0xZQQFpE98&amp;t=1942s\">Kids&#8217; Guernica Connection<\/a><\/h2>\n<p>Amb motiu de l?aniversari dels bombardejos d?Hiroshima i Nagasaki, un recordatori per a la Pau Mundial. Els representants mostraran les exposicions inaugurals a Nagasaki i Hiroshima i un recorregut r\u00e0pid per l&#8217;exposici\u00f3 exposada a Espronceda.<\/p>\n<\/div>\n<p>&nbsp;<\/p>\n<p>&nbsp;<\/p>\n<p>&nbsp;<\/p>\n<div>\n<h2><a href=\"https:\/\/www.youtube.com\/watch?v=BF23S2826K4\"><img loading=\"lazy\" decoding=\"async\" class=\"alignleft wp-image-20319 size-medium\" src=\"https:\/\/www.espronceda.net\/wp-content\/uploads\/2021\/04\/116878352_1668694806622989_5017295371231887576_n-300x157.jpg\" alt=\"\" width=\"300\" height=\"157\" srcset=\"https:\/\/www.espronceda.net\/wp-content\/uploads\/2021\/04\/116878352_1668694806622989_5017295371231887576_n-300x157.jpg 300w, https:\/\/www.espronceda.net\/wp-content\/uploads\/2021\/04\/116878352_1668694806622989_5017295371231887576_n-1024x537.jpg 1024w, https:\/\/www.espronceda.net\/wp-content\/uploads\/2021\/04\/116878352_1668694806622989_5017295371231887576_n-768x402.jpg 768w, https:\/\/www.espronceda.net\/wp-content\/uploads\/2021\/04\/116878352_1668694806622989_5017295371231887576_n-1536x805.jpg 1536w, https:\/\/www.espronceda.net\/wp-content\/uploads\/2021\/04\/116878352_1668694806622989_5017295371231887576_n-1280x671.jpg 1280w, https:\/\/www.espronceda.net\/wp-content\/uploads\/2021\/04\/116878352_1668694806622989_5017295371231887576_n.jpg 2048w\" sizes=\"auto, (max-width: 300px) 100vw, 300px\" \/><\/a><a href=\"https:\/\/www.youtube.com\/watch?v=BF23S2826K4\">Hearts for the Earth : Peace and Solidarity<\/a><\/h2>\n<p>Hearts for the Earth \u00e9s un nou projecte d&#8217;art participant per connectar les persones al m\u00f3n. El projecte ha estat ideat i comissariat per Savina Tarsitano i Takuya Kaneda. L&#8217;objectiu principal del projecte \u00e9s augmentar la Solidaritat i la Pau al m\u00f3n amb una simple per\u00f2 forta paraula &#8220;Amor&#8221;.<\/p>\n<\/div>\n<p>&nbsp;<\/p>\n<p>&nbsp;<\/p>\n<p>&nbsp;<\/p>\n<h2><a href=\"https:\/\/www.espronceda.net\/roundtable-the-best-practice-in-art-and-education-06-03-19h\/\"><img loading=\"lazy\" decoding=\"async\" class=\"alignleft wp-image-16304 size-medium\" src=\"https:\/\/www.espronceda.net\/wp-content\/uploads\/2020\/04\/52881269_1233251643500643_6764142830534262784_o-300x169.jpg\" alt=\"\" width=\"300\" height=\"169\" srcset=\"https:\/\/www.espronceda.net\/wp-content\/uploads\/2020\/04\/52881269_1233251643500643_6764142830534262784_o-300x169.jpg 300w, https:\/\/www.espronceda.net\/wp-content\/uploads\/2020\/04\/52881269_1233251643500643_6764142830534262784_o-768x432.jpg 768w, https:\/\/www.espronceda.net\/wp-content\/uploads\/2020\/04\/52881269_1233251643500643_6764142830534262784_o-1024x576.jpg 1024w, https:\/\/www.espronceda.net\/wp-content\/uploads\/2020\/04\/52881269_1233251643500643_6764142830534262784_o-1280x720.jpg 1280w, https:\/\/www.espronceda.net\/wp-content\/uploads\/2020\/04\/52881269_1233251643500643_6764142830534262784_o.jpg 1366w\" sizes=\"auto, (max-width: 300px) 100vw, 300px\" \/><\/a><a href=\"https:\/\/www.espronceda.net\/roundtable-the-best-practice-in-art-and-education-06-03-19h\/\">Taula rodona \u201cLa millor pr\u00e0ctica en art i educaci\u00f3\u201dRoundtable \u201cThe Best Practice in Art and Education\u201d<\/a><\/h2>\n<p>Amb motiu de la inauguraci\u00f3 de l&#8217;exposici\u00f3 de Kids-Guernica i el Projecte Internacional Pau, Espronceda es complau a presentar el Webinar d&#8217;Art: Art per al Canvi i la Pau: Abans, Durant i Despr\u00e9s del Coronavirus<\/p>\n<p>&nbsp;<\/p>\n<p>&nbsp;<\/p>\n<p>&nbsp;<\/p>\n<h3><a href=\"https:\/\/www.espronceda.net\/art-i-educacio-crea-amb-nens-i-families\/\"><img loading=\"lazy\" decoding=\"async\" class=\"alignleft wp-image-20322 size-medium\" src=\"https:\/\/www.espronceda.net\/wp-content\/uploads\/2021\/04\/Nin\u0303os-12-09-flyer-1024x517-1-300x151.jpg\" alt=\"\" width=\"300\" height=\"151\" srcset=\"https:\/\/www.espronceda.net\/wp-content\/uploads\/2021\/04\/Nin\u0303os-12-09-flyer-1024x517-1-300x151.jpg 300w, https:\/\/www.espronceda.net\/wp-content\/uploads\/2021\/04\/Nin\u0303os-12-09-flyer-1024x517-1-768x388.jpg 768w, https:\/\/www.espronceda.net\/wp-content\/uploads\/2021\/04\/Nin\u0303os-12-09-flyer-1024x517-1.jpg 1024w\" sizes=\"auto, (max-width: 300px) 100vw, 300px\" \/><\/a><\/h3>\n<h2><a href=\"https:\/\/www.espronceda.net\/art-i-educacio-crea-amb-nens-i-families\/\">Art and Education: create with kids and families<\/a><\/h2>\n<p>Taller per a nens d&#8217;entre 5 i 9 anys a c\u00e0rrec de l&#8217;artista Savina Tarsitano i aplicaci\u00f3 de m\u00e8todes de l&#8217;Escola d&#8217;Idiomes Infantils Tutti Frutti, Brussel\u00b7les.<\/p>\n<p>&nbsp;<\/p>\n<p>&nbsp;<\/p>\n<p>&nbsp;<\/p>\n<h2><a href=\"https:\/\/www.espronceda.net\/roundtable-the-best-practice-in-art-and-education-06-03-19h\/\"><img loading=\"lazy\" decoding=\"async\" class=\"alignleft wp-image-20328 size-medium\" src=\"https:\/\/www.espronceda.net\/wp-content\/uploads\/2021\/04\/mesa-redonda-24-mayo-2018-INVITACION-1024x724-2-300x212.jpg\" alt=\"\" width=\"300\" height=\"212\" srcset=\"https:\/\/www.espronceda.net\/wp-content\/uploads\/2021\/04\/mesa-redonda-24-mayo-2018-INVITACION-1024x724-2-300x212.jpg 300w, https:\/\/www.espronceda.net\/wp-content\/uploads\/2021\/04\/mesa-redonda-24-mayo-2018-INVITACION-1024x724-2-768x543.jpg 768w, https:\/\/www.espronceda.net\/wp-content\/uploads\/2021\/04\/mesa-redonda-24-mayo-2018-INVITACION-1024x724-2.jpg 1024w\" sizes=\"auto, (max-width: 300px) 100vw, 300px\" \/><\/a><a href=\"https:\/\/www.espronceda.net\/mesa-redonda-crear-pensar-transformar-24-05-18h30-21h\/\">Taula rodona\u00a0 &#8211; Crear, Pensar, TransformarRoundtable\u00a0 &#8211; Crear, Pensar, Transformar<\/a><\/h2>\n<p>La Mesa Redonda proposa l&#8217;aprenentatge mutu entre els participants, un pretext per distingir entre tots, \u00e0mbits on la cultura i la societat sugieren pr\u00e0ctiques de q\u00fcestionament, nous desafiaments i experi\u00e8ncies que creen coneixement.<\/p>\n<p>&nbsp;<\/p>\n<p>&nbsp;<\/p>\n<p>&nbsp;<\/p>\n<p>&nbsp;<\/p>\n<h2><a href=\"https:\/\/www.espronceda.net\/roundtable-the-best-practice-in-art-and-education-06-03-19h\/\"><img loading=\"lazy\" decoding=\"async\" class=\"alignleft wp-image-20331 size-medium\" src=\"https:\/\/www.espronceda.net\/wp-content\/uploads\/2021\/04\/Entrepreneurs-Organization-1024x293-1-300x86.jpg\" alt=\"\" width=\"300\" height=\"86\" srcset=\"https:\/\/www.espronceda.net\/wp-content\/uploads\/2021\/04\/Entrepreneurs-Organization-1024x293-1-300x86.jpg 300w, https:\/\/www.espronceda.net\/wp-content\/uploads\/2021\/04\/Entrepreneurs-Organization-1024x293-1-768x220.jpg 768w, https:\/\/www.espronceda.net\/wp-content\/uploads\/2021\/04\/Entrepreneurs-Organization-1024x293-1.jpg 1024w\" sizes=\"auto, (max-width: 300px) 100vw, 300px\" \/><\/a><a href=\"https:\/\/www.espronceda.net\/artistic-journey-observe-create-artist-eo\/\">Viatge art\u00edstic\u00a0: observa, crea i sigues un artista amb EOArtistic journey\u00a0 &#8211; Observe, Create, Be An Artist with EO<\/a><\/h2>\n<p style=\"padding-left: 40px;\">Que \u00e9s art?<br \/>\nQuin \u00e9s el proc\u00e9s de l&#8217;art?<br \/>\nCom creen els artistes?<br \/>\n\u00bfPuede alguna cosa ser considerada arte?<\/p>\n<p>&nbsp;<\/p>\n<h2><a href=\"https:\/\/www.espronceda.net\/la-relacion-entre-arte-performance-y-lenguaje-corporal-roundtable-08-02-19h\/\"><img loading=\"lazy\" decoding=\"async\" class=\"alignleft wp-image-20337 size-medium\" src=\"https:\/\/www.espronceda.net\/wp-content\/uploads\/2021\/04\/Mesa-redonda-Febrero-2019-300x152.jpg\" alt=\"\" width=\"300\" height=\"152\" srcset=\"https:\/\/www.espronceda.net\/wp-content\/uploads\/2021\/04\/Mesa-redonda-Febrero-2019-300x152.jpg 300w, https:\/\/www.espronceda.net\/wp-content\/uploads\/2021\/04\/Mesa-redonda-Febrero-2019-1024x517.jpg 1024w, https:\/\/www.espronceda.net\/wp-content\/uploads\/2021\/04\/Mesa-redonda-Febrero-2019-768x388.jpg 768w, https:\/\/www.espronceda.net\/wp-content\/uploads\/2021\/04\/Mesa-redonda-Febrero-2019-1536x776.jpg 1536w, https:\/\/www.espronceda.net\/wp-content\/uploads\/2021\/04\/Mesa-redonda-Febrero-2019-1280x647.jpg 1280w, https:\/\/www.espronceda.net\/wp-content\/uploads\/2021\/04\/Mesa-redonda-Febrero-2019.jpg 1754w\" sizes=\"auto, (max-width: 300px) 100vw, 300px\" \/><\/a><a href=\"https:\/\/www.espronceda.net\/la-relacion-entre-arte-performance-y-lenguaje-corporal-roundtable-08-02-19h\/\">La relaci\u00f3 entre l&#8217;art, la performance i el llenguatge corporal La relaci\u00f3 entre art, performance i llenguatge corporalLa relaci\u00f3n entre el arte, la performance y el lenguaje corporalThe relationship between art, performance and body language<\/a><\/h2>\n<p>Podem considerar l&#8217;actuaci\u00f3 com a part de les arts visuals, com un element contemporani nou i innovador? Si existeix aquesta nova i innovadora relaci\u00f3, qu\u00e8 s\u00f3n els l\u00edmits, les fronteres entre les arts visuals, el llenguatge del cos i la performance? \u00bfY cu\u00e1les son los cambios realizados en los \u00faltimos a\u00f1os? En aquesta perspectiva, qu\u00e8 succeeix tamb\u00e9 al camp de l&#8217;educaci\u00f3? Quin \u00e9s el nou rol de les institucions acad\u00e8miques? \u00bfExiste una contaminaci\u00f3 m\u00e9s forta, interdisciplin\u00e0ria entre els departaments d&#8217;art?<\/p>\n<p>&nbsp;<\/p>\n<h2><\/h2>\n<h2><a href=\"https:\/\/www.espronceda.net\/opening-happy-culture-hours-encatc\/\"><img loading=\"lazy\" decoding=\"async\" class=\"alignleft wp-image-20340 size-medium\" src=\"https:\/\/www.espronceda.net\/wp-content\/uploads\/2021\/04\/image001-300x132.jpg\" alt=\"\" width=\"300\" height=\"132\" srcset=\"https:\/\/www.espronceda.net\/wp-content\/uploads\/2021\/04\/image001-300x132.jpg 300w, https:\/\/www.espronceda.net\/wp-content\/uploads\/2021\/04\/image001.jpg 682w\" sizes=\"auto, (max-width: 300px) 100vw, 300px\" \/><\/a><\/h2>\n<h2><a href=\"https:\/\/www.espronceda.net\/opening-happy-culture-hours-encatc\/\">Happy Culture Hours by ENCATC<\/a><\/h2>\n<p>Happy Culture Hours\u00a0\u00e9s una\u00a0iniciativa de\u00a0ENCATC\u00a0llan\u00e7ada a principis de 2013, en col\u00b7laboraci\u00f3 amb\u00a0Creative Europe Desks Wallonie-Bruxelles i Vlaanderen, les\u00a0Cultural Happy Hours pretenen catalitzar associacions internacionals, intercanvis intersectorials, col\u00b7laboracions i transfer\u00e8ncies de coneixement entre xarxes i organitzacions que actuen en l&#8217;\u00e0mbit de les arts i la cultura amb seu a Brussel\u00b7les, enfortir l&#8217;escena art\u00edstica i cultural belga i els seus projectes europeus ampliant el seu p\u00fablic, connectar amb una varietat de parts interessades amb seu a Brussel\u00b7les a trav\u00e9s de la cultura; i crear aliances innovadores entre els sectors cultural, empresarial i educatiu.<\/p>\n<p>&nbsp;<\/p>\n<p>&nbsp;<\/p>\n<p>&nbsp;<\/p>\n<h2><a href=\"https:\/\/www.espronceda.net\/roundtable-role-art-social-responsible-change-society-set-12-19h\/\"><img loading=\"lazy\" decoding=\"async\" class=\"alignleft wp-image-20343 size-medium\" src=\"https:\/\/www.espronceda.net\/wp-content\/uploads\/2021\/04\/mesa-redonda-12-sept-2017-1024x724-1-300x212.jpg\" alt=\"\" width=\"300\" height=\"212\" srcset=\"https:\/\/www.espronceda.net\/wp-content\/uploads\/2021\/04\/mesa-redonda-12-sept-2017-1024x724-1-300x212.jpg 300w, https:\/\/www.espronceda.net\/wp-content\/uploads\/2021\/04\/mesa-redonda-12-sept-2017-1024x724-1-768x543.jpg 768w, https:\/\/www.espronceda.net\/wp-content\/uploads\/2021\/04\/mesa-redonda-12-sept-2017-1024x724-1.jpg 1024w\" sizes=\"auto, (max-width: 300px) 100vw, 300px\" \/><\/a><\/h2>\n<h2><a href=\"https:\/\/www.espronceda.net\/roundtable-role-art-social-responsible-change-society-set-12-19h\/\">El paper de l&#8217;art per a un canvi social i responsable en la societatEl paper de l&#8217;art per a un canvi social i responsable en la societatEl papel del arte para un cambio social y responsable en la sociedadThe role of art for a social and responsible change in society<\/a><\/h2>\n<p>Aquest debat pretendre subrayar la import\u00e0ncia del paper de l&#8217;art per a un canvi responsable a la societat. En particular, se analiza el proyecto Renacimiento\/Tercer para\u00edso de Michelangelo Pistoletto y Cittadellarte en relaci\u00f3n con el proyecto infantil internacional Kids\u2019-Guernica inspirado en la obra de Pablo Picasso por un mundo en paz. Com avui en dia \u00e9s important crear una cooperaci\u00f3 entre el m\u00f3n econ\u00f2mic, pol\u00edtic i social, per crear i elaborar noves solucions per a un m\u00f3n millor.<\/p>\n<p>&nbsp;<\/p>\n<p>&nbsp;<\/p>\n<h2><\/h2>\n<h2><a href=\"https:\/\/www.espronceda.net\/rebirth\/\"><br \/>\n<\/a><img loading=\"lazy\" decoding=\"async\" class=\"alignleft wp-image-20334 size-medium\" src=\"https:\/\/www.espronceda.net\/wp-content\/uploads\/2021\/04\/PastedGraphic-2-229x300.jpg\" alt=\"\" width=\"229\" height=\"300\" srcset=\"https:\/\/www.espronceda.net\/wp-content\/uploads\/2021\/04\/PastedGraphic-2-229x300.jpg 229w, https:\/\/www.espronceda.net\/wp-content\/uploads\/2021\/04\/PastedGraphic-2.jpg 640w\" sizes=\"auto, (max-width: 229px) 100vw, 229px\" \/><a style=\"font-size: 16px;\" href=\"https:\/\/www.espronceda.net\/rebirth\/\">Arte i educaci\u00f3 per l&#8217;Istituto Comprensivo Perri-PitagoraArt i educaci\u00f3 per l&#8217;Istituto Comprensivo Perri-PitagoraArte y Educaci\u00f3n por Istituto Comprensivo Perri-PitagoraArt &amp; Education by Istituto Comprensivo Perri-Pitagora<\/a><\/h2>\n<p>Amb motiu del 20 cumplea\u00f1os del proyecto internacional Kids-Gernica, donde los ni\u00f1os traen<br \/>\npaz en el mundo inspir\u00e1ndose en la obra de Pablo Picasso, y en el proyecto renacimiento art\u00edstico\/tercer Paraiso del artista italiano Michealngelo Pistoletto y Cittadellarte.<\/p>\n<p>En aquesta ocasi\u00f3 es va presentar una delegaci\u00f3 dels membres japonesos i fundadors de Kids.Guernica,<br \/>\naix\u00ed com l&#8217;escola d&#8217;idiomes Bruxelles Tutti Frutti, per discutir sobre la import\u00e0ncia dels temes com la responsabilitat social, l&#8217;ambient, el treball, la solidaritat, la cooperaci\u00f3 i altres.<\/p>\n<p>&nbsp;<\/p>\n<p>&nbsp;<\/p>\n<p>&nbsp;<\/p>\n<p>&nbsp;<\/p>\n<p>&nbsp;<\/p>\n<p>&nbsp;<\/p>\n<p>&nbsp;<\/p>\n<p>&nbsp;<\/p>\n<p>&nbsp;<\/p>\n<p>&nbsp;<\/p>\n<p>&nbsp;<\/p>\n<p>&nbsp;<\/p>\n<p>&nbsp;<\/p>\n<p>&nbsp;<\/p>\n<p>&nbsp;<\/p>\n<p>&nbsp;<\/p>\n<div>\n<h3><\/h3>\n<\/div>\n","protected":false},"excerpt":{"rendered":"<p>En Espronceda creem en la import\u00e0ncia del di\u00e0leg entre cultura, art i educaci\u00f3. La part de les nostres activitats est\u00e0 dedicada a la import\u00e0ncia de l&#8217;art per a un canvi social i sostenible, per a la integraci\u00f3 i inclusi\u00f3 social i per a l&#8217;educaci\u00f3. Aquestes col\u00b7laboracions tenen lloc a nivell europeu i internacional, per\u00f2 tamb\u00e9 a nivell local organitzant taules [&hellip;]<\/p>\n","protected":false},"author":1,"featured_media":0,"parent":0,"menu_order":0,"comment_status":"closed","ping_status":"closed","template":"","meta":{"footnotes":""},"class_list":["post-22172","page","type-page","status-publish","hentry"],"_links":{"self":[{"href":"https:\/\/www.espronceda.net\/ca\/wp-json\/wp\/v2\/pages\/22172","targetHints":{"allow":["GET"]}}],"collection":[{"href":"https:\/\/www.espronceda.net\/ca\/wp-json\/wp\/v2\/pages"}],"about":[{"href":"https:\/\/www.espronceda.net\/ca\/wp-json\/wp\/v2\/types\/page"}],"author":[{"embeddable":true,"href":"https:\/\/www.espronceda.net\/ca\/wp-json\/wp\/v2\/users\/1"}],"replies":[{"embeddable":true,"href":"https:\/\/www.espronceda.net\/ca\/wp-json\/wp\/v2\/comments?post=22172"}],"version-history":[{"count":1,"href":"https:\/\/www.espronceda.net\/ca\/wp-json\/wp\/v2\/pages\/22172\/revisions"}],"predecessor-version":[{"id":22173,"href":"https:\/\/www.espronceda.net\/ca\/wp-json\/wp\/v2\/pages\/22172\/revisions\/22173"}],"wp:attachment":[{"href":"https:\/\/www.espronceda.net\/ca\/wp-json\/wp\/v2\/media?parent=22172"}],"curies":[{"name":"wp","href":"https:\/\/api.w.org\/{rel}","templated":true}]}}