{"id":22277,"date":"2022-02-04T11:22:51","date_gmt":"2022-02-04T10:22:51","guid":{"rendered":"https:\/\/www.espronceda.net\/?page_id=22277"},"modified":"2022-02-11T14:13:49","modified_gmt":"2022-02-11T13:13:49","slug":"22277-2","status":"publish","type":"page","link":"https:\/\/www.espronceda.net\/ca\/projectes\/22277-2\/","title":{"rendered":"Visualitzaci\u00f3 Virtual d&#8217;emocions Reals"},"content":{"rendered":"<p><img loading=\"lazy\" decoding=\"async\" class=\"aligncenter wp-image-21723 size-large\" src=\"https:\/\/www.espronceda.net\/wp-content\/uploads\/2021\/10\/1-1024x576.png\" alt=\"\" width=\"1024\" height=\"576\" srcset=\"https:\/\/www.espronceda.net\/wp-content\/uploads\/2021\/10\/1-1024x576.png 1024w, https:\/\/www.espronceda.net\/wp-content\/uploads\/2021\/10\/1-300x169.png 300w, https:\/\/www.espronceda.net\/wp-content\/uploads\/2021\/10\/1-768x432.png 768w, https:\/\/www.espronceda.net\/wp-content\/uploads\/2021\/10\/1-1536x864.png 1536w, https:\/\/www.espronceda.net\/wp-content\/uploads\/2021\/10\/1-1280x720.png 1280w, https:\/\/www.espronceda.net\/wp-content\/uploads\/2021\/10\/1.png 1920w\" sizes=\"auto, (max-width: 1024px) 100vw, 1024px\" \/><\/p>\n<p>&nbsp;<\/p>\n<h1 style=\"text-align: center;\">Visualitzaci\u00f3 Virtual d&#8217;emocions Reals<\/h1>\n<p>La visualitzaci\u00f3 virtual de les emocions reals \u00e9s un projecte col\u00b7laboratiu i educatiu d&#8217;art i realitat virtual que investiga l&#8217;impacte emocional de l&#8217;a\u00efllament, especialment en els joves, amb l&#8217;objectiu de tractar els efectes de la crisi de salut amb experi\u00e8ncia durant el 2020. El projecte sembla, a trav\u00e9s Un estudi de casos, per provar i validar una metodologia innovadora de l&#8217;educaci\u00f3 no formal que impliqui als joves que s&#8217;acompanyin d&#8217;expressar les seves emocions en obres d&#8217;art virtual gr\u00e0cies als tallers de co-creaci\u00f3 i experimentaci\u00f3, realitat virtual i contes.<\/p>\n<p>Els tallers incorporen sessions de sensibilitzaci\u00f3 sobre emocions i sensacions causades per l&#8217;a\u00efllament ser una part m\u00e9s te\u00f2rica amb exemples art\u00edstics sobre art interactiu i realitat virtual. Les sessions de co-creaci\u00f3 i experimentaci\u00f3 seran seguides utilitzant-lo com a m\u00e8tode que impulsa la capacitat de les persones que participen a ser creatives. De fet, es caracteritza per les eines i metodologies que donen suport a la generaci\u00f3 d&#8217;idees. El proc\u00e9s se centrar\u00e0 a descobrir i identificar emocions, tant personals com col\u00b7lectives, felicit durant el passat per\u00edode de tancament i les emocions es van sentir en l&#8217;actualitat.<\/p>\n<p>Al mateix temps, a trav\u00e9s d&#8217;un itinerari educatiu participatiu, s&#8217;oferir\u00e0 el participant els fonaments de les t\u00e8cniques audiovisuals i la realitat virtual per animar els participants a expressar-se i crear obres art\u00edstiques virtuals que siguin capaces d&#8217;expressar, a trav\u00e9s d&#8217;imatges creatives, l&#8217;estat emocional dels joves persones implicades en el projecte. El projecte vol oferir les eines per expressar-se de manera creativa i, alhora, es proposa proporcionar m\u00e8todes de col\u00b7laboraci\u00f3 que ajudin a altres joves a tractar amb els episodis dels estats i de l&#8217;aplicaci\u00f3.<\/p>\n<p>Els projectes art\u00edstics es presentaran als ciutadans durant una exposici\u00f3 en espais brots. L&#8217;aprenentatge i el canvi de comportament dels participants seran avaluats a trav\u00e9s de q\u00fcestionaris i entrevistes semiestructurades de v\u00eddeo, per tal de desenvolupar una &#8220;guia pr\u00e0ctica&#8221; explicativa de la metodologia que es posar\u00e0 a disposici\u00f3 d&#8217;altres agents i equips educatius a Barcelona.<\/p>\n<p>L&#8217;associaci\u00f3 del projecte virtual de visualitzaci\u00f3 visual virtual es compon de les entitats culturals del territori de Barcelona:<\/p>\n<p>Espronceda (<a href=\"http:\/\/www.espronceda.net\">www.espronceda.net<\/a>)<br \/>\nPlan Comunitari Navas (<a href=\"http:\/\/www.placomunitarinavas.org\">www.placomunitarinavas.org<\/a>)<br \/>\nBeAnotherLab (<a href=\"http:\/\/www.beanotherlab.org\">www.beanotherlab.org<\/a>)<br \/>\nLichen Innovaci\u00f3 Social (<a href=\"http:\/\/www.lichenis.com\">www.lichenis.com<\/a>)<\/p>\n<p>Aquest projecte ha comptat amb el suport de les Beques \u201cPremis Barcelona 2020\u201d de l&#8217;Ajuntament de Barcelona<\/p>\n<p><img loading=\"lazy\" decoding=\"async\" class=\"aligncenter size-large wp-image-21726\" src=\"https:\/\/www.espronceda.net\/wp-content\/uploads\/2021\/10\/2-1024x576.png\" alt=\"\" width=\"1024\" height=\"576\" srcset=\"https:\/\/www.espronceda.net\/wp-content\/uploads\/2021\/10\/2-1024x576.png 1024w, https:\/\/www.espronceda.net\/wp-content\/uploads\/2021\/10\/2-300x169.png 300w, https:\/\/www.espronceda.net\/wp-content\/uploads\/2021\/10\/2-768x432.png 768w, https:\/\/www.espronceda.net\/wp-content\/uploads\/2021\/10\/2-1536x864.png 1536w, https:\/\/www.espronceda.net\/wp-content\/uploads\/2021\/10\/2-1280x720.png 1280w, https:\/\/www.espronceda.net\/wp-content\/uploads\/2021\/10\/2.png 1920w\" sizes=\"auto, (max-width: 1024px) 100vw, 1024px\" \/><\/p>\n<p style=\"text-align: center;\">[supsystic-gallery id=15]\n","protected":false},"excerpt":{"rendered":"<p>&nbsp; Visualitzaci\u00f3 Virtual d&#8217;emocions Reals La visualitzaci\u00f3 virtual de les emocions reals \u00e9s un projecte col\u00b7laboratiu i educatiu d&#8217;art i realitat virtual que investiga l&#8217;impacte emocional de l&#8217;a\u00efllament, especialment en els joves, amb l&#8217;objectiu de tractar els efectes de la crisi de salut amb experi\u00e8ncia durant el 2020. El projecte sembla, a trav\u00e9s Un estudi de casos, per provar i [&hellip;]<\/p>\n","protected":false},"author":1,"featured_media":0,"parent":5377,"menu_order":0,"comment_status":"closed","ping_status":"closed","template":"","meta":{"footnotes":""},"class_list":["post-22277","page","type-page","status-publish","hentry"],"_links":{"self":[{"href":"https:\/\/www.espronceda.net\/ca\/wp-json\/wp\/v2\/pages\/22277","targetHints":{"allow":["GET"]}}],"collection":[{"href":"https:\/\/www.espronceda.net\/ca\/wp-json\/wp\/v2\/pages"}],"about":[{"href":"https:\/\/www.espronceda.net\/ca\/wp-json\/wp\/v2\/types\/page"}],"author":[{"embeddable":true,"href":"https:\/\/www.espronceda.net\/ca\/wp-json\/wp\/v2\/users\/1"}],"replies":[{"embeddable":true,"href":"https:\/\/www.espronceda.net\/ca\/wp-json\/wp\/v2\/comments?post=22277"}],"version-history":[{"count":5,"href":"https:\/\/www.espronceda.net\/ca\/wp-json\/wp\/v2\/pages\/22277\/revisions"}],"predecessor-version":[{"id":22320,"href":"https:\/\/www.espronceda.net\/ca\/wp-json\/wp\/v2\/pages\/22277\/revisions\/22320"}],"up":[{"embeddable":true,"href":"https:\/\/www.espronceda.net\/ca\/wp-json\/wp\/v2\/pages\/5377"}],"wp:attachment":[{"href":"https:\/\/www.espronceda.net\/ca\/wp-json\/wp\/v2\/media?parent=22277"}],"curies":[{"name":"wp","href":"https:\/\/api.w.org\/{rel}","templated":true}]}}