{"id":22487,"date":"2022-04-20T18:02:32","date_gmt":"2022-04-20T16:02:32","guid":{"rendered":"https:\/\/www.espronceda.net\/?page_id=22487"},"modified":"2025-10-13T16:50:06","modified_gmt":"2025-10-13T14:50:06","slug":"new-european-bauhaus","status":"publish","type":"page","link":"https:\/\/www.espronceda.net\/ca\/new-european-bauhaus\/","title":{"rendered":"New European Bauhaus"},"content":{"rendered":"<h3 class=\"p-rich_text_section\"><strong><img loading=\"lazy\" decoding=\"async\" class=\"aligncenter size-large wp-image-22607\" src=\"https:\/\/www.espronceda.net\/wp-content\/uploads\/2022\/04\/NEB_logo_EUflag-1024x287.png\" alt=\"\" width=\"1024\" height=\"287\" srcset=\"https:\/\/www.espronceda.net\/wp-content\/uploads\/2022\/04\/NEB_logo_EUflag-1024x287.png 1024w, https:\/\/www.espronceda.net\/wp-content\/uploads\/2022\/04\/NEB_logo_EUflag-300x84.png 300w, https:\/\/www.espronceda.net\/wp-content\/uploads\/2022\/04\/NEB_logo_EUflag-768x215.png 768w, https:\/\/www.espronceda.net\/wp-content\/uploads\/2022\/04\/NEB_logo_EUflag-1536x431.png 1536w, https:\/\/www.espronceda.net\/wp-content\/uploads\/2022\/04\/NEB_logo_EUflag-2048x575.png 2048w, https:\/\/www.espronceda.net\/wp-content\/uploads\/2022\/04\/NEB_logo_EUflag-1280x359.png 1280w\" sizes=\"auto, (max-width: 1024px) 100vw, 1024px\" \/><\/strong><\/h3>\n<h2><strong>ESPRONCEDA: soci de la New European Bauhaus<br \/>\n<\/strong><\/h2>\n<p><span style=\"font-weight: 400;\">ESPRONCEDA es va convertir en <\/span><strong>soci oficial de la iniciativa New European Bauhaus<\/strong><span style=\"font-weight: 400;\"> l\u2019any 2021, sent una de les primeres organitzacions a Europa a unir-s\u2019hi.<\/span><span style=\"font-weight: 400;\"><br \/>\n<\/span><span style=\"font-weight: 400;\">Com a soci, ESPRONCEDA s\u2019enorgulleix de contribuir al desenvolupament de la iniciativa\u2014connectant les seves idees i resultats amb el nostre context local i xarxa global, mentre representa i amplifica activament les veus dels nostres col\u00b7laboradors dins de la comunitat NEB.<\/span><\/p>\n<h3><strong><br \/>\nQu\u00e8 \u00e9s el New European Bauhaus?<\/strong><\/h3>\n<div class=\"p-rich_text_section\">\n<p>El <strong>New European Bauhaus (NEB)<\/strong>\u00a0\u00e9s una iniciativa creativa i interdisciplin\u00e0ria llan\u00e7ada per la<strong>\u00a0Comissi\u00f3 Europea. <\/strong>El seu objectiu \u00e9s donar forma a un futur sostenible, inclusiu i bell, fusionant disseny, cultura, inclusi\u00f3 social i innovaci\u00f3 amb els principis del\u00a0<strong>Green Deal Europeu.<\/strong> La iniciativa promou la col\u00b7laboraci\u00f3 entre sectors per crear espais, productes i solucions que reflecteixin l\u2019harmonia entre les persones, el medi ambient i la tecnologia.<\/p>\n<p>El NEB busca una combinaci\u00f3 \u00fanica d\u2019est\u00e8tica i funcionalitat per abordar reptes globals com el canvi clim\u00e0tic, el desenvolupament urb\u00e0 i la desigualtat social. Fomentant el di\u00e0leg entre professionals, ciutadans i responsables pol\u00edtics, assegura que aquestes transformacions estiguin centrades en les persones i respectuoses amb el medi ambient.<\/p>\n<h3><strong>ESPRONCEDA i el New European Bauhaus<\/strong><\/h3>\n<p><strong>ESPRONCEDA, Institute of Art &amp; Culture,<\/strong> \u00e9s un dels socis oficials del\u00a0<strong>New European Bauhaus.<\/strong> Com a centre innovador d\u2019art contemporani, cultura i recerca, ESPRONCEDA s\u2019alinea activament amb la missi\u00f3 del NEB de reimaginar una Europa sostenible i inclusiva.<\/p>\n<p><strong>NEB &amp; Inclusi\u00f3<\/strong> \u00e9s la materialitzaci\u00f3 d\u2019aquesta visi\u00f3 en l\u2019\u00e0mbit local, amb projecci\u00f3 internacional. Situant les arts com a eix central, el programa busca imaginar i construir nous horitzons socials. A trav\u00e9s d\u2019aquesta iniciativa, ESPRONCEDA promou la creativitat, la col\u00b7laboraci\u00f3 i la innovaci\u00f3 per afrontar els desafiaments contemporanis.<\/p>\n<h3><strong>Iniciatives NEB &amp; Inclusi\u00f3 2022\u20132024<\/strong><\/h3>\n<p><strong>2022 \u2013 Simposi NEB LAB<\/strong><br \/>\nEl programa va comen\u00e7ar amb l\u2019organitzaci\u00f3 del\u00a0<strong>Simposi NEB LAB,<\/strong> centrat en estrat\u00e8gies per a la creaci\u00f3 d\u2019ecosistemes culturals sostenibles. Aquest esdeveniment internacional va reunir institucions, artistes i gestors culturals per reflexionar sobre el paper de la cultura en la transici\u00f3 ecol\u00f2gica i social. El simposi es va estructurar en presentacions institucionals, taules de debat i tallers col\u00b7laboratius, generant propostes per a futures accions dins del marc del NEB.<\/p>\n<p><strong>2023 \u2013 Art digital, sostenibilitat i inclusi\u00f3<\/strong><br \/>\nDurant el 2023, el programa es va consolidar en l\u2019\u00e0mbit de les noves tecnologies aplicades a l\u2019art. Es van impulsar resid\u00e8ncies art\u00edstiques vinculades a la realitat virtual, l\u2019art immersiu, la blockchain i la Web3. ESPRONCEDA va participar en esdeveniments internacionals com\u00a0<strong>Ars Electronica\u00a0<\/strong>(\u00c0ustria), el\u00a0<strong>NEB Festival\u00a0<\/strong>(Brussel\u00b7les) i el\u00a0<strong>MEET Center\u00a0<\/strong>(Mil\u00e0). A m\u00e9s, es van promoure comunitats creatives digitals, prioritzant la inclusi\u00f3 social i l\u2019economia circular en totes les accions.<\/p>\n<p><strong>2024 \u2013 Descentralitzaci\u00f3, participaci\u00f3 i noves narratives<\/strong><br \/>\nEn 2024, el focus es va centrar en la descentralitzaci\u00f3 de l\u2019acc\u00e9s a la cultura i la participaci\u00f3 de col\u00b7lectius tradicionalment marginats. Algunes de les accions m\u00e9s destacades van ser:<\/p>\n<\/div>\n<ul class=\"p-rich_text_list p-rich_text_list__bullet p-rich_text_list--nested\" data-stringify-type=\"unordered-list\" data-list-tree=\"true\" data-indent=\"0\" data-border=\"0\">\n<li data-stringify-indent=\"0\" data-stringify-border=\"0\"><strong>RISE UP \u2013 Voices of Community:<\/strong> Resid\u00e8ncia que va impulsar la co-creaci\u00f3 entre artistes i comunitats perif\u00e8riques.<\/li>\n<li data-stringify-indent=\"0\" data-stringify-border=\"0\"><strong>KEILI:<\/strong> Presentaci\u00f3 al festival\u00a0<strong>S\u00f3nar<\/strong>, explorant la identitat digital a trav\u00e9s de tecnologies immersives.<\/li>\n<li data-stringify-indent=\"0\" data-stringify-border=\"0\"><strong>IMMENSIVA (Barcelona\/Londres)<\/strong>: Programa amb activitats sobre intel\u00b7lig\u00e8ncia artificial, el metavers i les realitats esteses.<\/li>\n<li data-stringify-indent=\"0\" data-stringify-border=\"0\"><strong>Hackathon Metavers Navas:<\/strong> Espai d\u2019innovaci\u00f3 art\u00edstica interdisciplin\u00e0ria que va connectar creativitat, inclusi\u00f3 i tecnologia al barri de Navas.<\/li>\n<\/ul>\n<h3><strong>NEB 2025: Construint futurs junts<\/strong><\/h3>\n<p><span style=\"font-weight: 400;\">L\u2019edici\u00f3 2025 abordar\u00e0 tres grans eixos tem\u00e0tics: <\/span><strong>igualtat de g\u00e8nere i diversitat, consci\u00e8ncia mediambiental<\/strong>i<strong>acc\u00e9s inclusiu a la creaci\u00f3 art\u00edstica.<\/strong><\/p>\n<h4><strong>\u00a0 \u00a0 \u00a0 1. Igualtat de g\u00e8nere i diversitat<\/strong><\/h4>\n<ul>\n<li style=\"font-weight: 400;\" aria-level=\"1\"><b>LeShagh \u2013 Women \u2013 Live \u2013 Freedom \u2013 and Beyond (3\u20136 abril 2025):<\/b><span style=\"font-weight: 400;\"> exposici\u00f3 individual de l\u2019artista iraniana LeShagh, que celebra la resili\u00e8ncia i l\u2019autocura de les dones com a actes de resist\u00e8ncia i alliberament. <strong>M\u00e9s informaci\u00f3 <a href=\"https:\/\/www.espronceda.net\/ca\/28819\/\">aqu\u00ed<\/a>.<\/strong><\/span><\/li>\n<li style=\"font-weight: 400;\" aria-level=\"1\"><b>ESPRONCEDA NEB Prize 2025 (5 juny 2025):<\/b><span style=\"font-weight: 400;\"> resid\u00e8ncia i exposici\u00f3 d\u2019un artista emergent catal\u00e0 Luka Zubicaray (<\/span><i><span style=\"font-weight: 400;\">\u201cIn transit\u201d<\/span><\/i><span style=\"font-weight: 400;\">) , explorant la identitat, el conflicte i l\u2019ambig\u00fcitat. <strong>M\u00e9s informaci\u00f3 <a href=\"https:\/\/www.espronceda.net\/ca\/in-transit-exposicio-inaugural-de-luka-zubicaray-guanyador-del-premi-neb-2025\/\">aqu\u00ed<\/a>.<\/strong><\/span><\/li>\n<li style=\"font-weight: 400;\" aria-level=\"1\"><b>What is Gender? (16\u201325 octubre 2025):<\/b><span style=\"font-weight: 400;\"> exposici\u00f3 internacional i convocat\u00f2ria oberta, presentant artistes globals i locals que aborden la diversitat de g\u00e8nere, la identitat i els drets humans. <strong>M\u00e9s informaci\u00f3 <a href=\"https:\/\/www.espronceda.net\/ca\/what-is-gender-exposicio-col%c2%b7lectiva\/\">aqu\u00ed<\/a>.<\/strong><\/span><\/li>\n<\/ul>\n<h4><b>\u00a0 \u00a0 \u00a0 2. Consci\u00e8ncia mediambiental i sostenibilitat<\/b><\/h4>\n<ul>\n<li style=\"font-weight: 400;\" aria-level=\"1\"><b>ECHO Workshops (24\u201328 mar\u00e7 2025):<\/b><span style=\"font-weight: 400;\"> laboratori intensiu per a 12 artistes catalans que exploren el canvi clim\u00e0tic, la sostenibilitat i l\u2019ecologia en l\u2019art, culminant en una exposici\u00f3 p\u00fablica al maig. <strong>M\u00e9s informaci\u00f3 <a href=\"https:\/\/www.espronceda.net\/ca\/echo-academy-barcelona-setmana-sprint-de-disseny-de-campanyes\/\">aqu\u00ed<\/a>.<\/strong><\/span><\/li>\n<li style=\"font-weight: 400;\" aria-level=\"1\"><b>E-ART Residency \u2013 \u201cUpcycling Found Objects\u201d (juliol &#8211; setembre 2025):<\/b><span style=\"font-weight: 400;\"> resid\u00e8ncia amb 9 artistes locals que combinen pr\u00e0ctiques art\u00edstiques i artesanals centrades en el reciclatge i la reutilitzaci\u00f3 creativa de materials. <strong>M\u00e9s informaci\u00f3 <a href=\"https:\/\/www.espronceda.net\/ca\/we-stay-with-the-trouble-nou-assemblatges-amb-naturaleses-invisibles\/\">aqu\u00ed<\/a>.<\/strong><\/span><\/li>\n<li style=\"font-weight: 400;\" aria-level=\"1\"><b>RISE-UP Vall d\u2019Aran (2 agost 2025):<\/b><span style=\"font-weight: 400;\"> exposici\u00f3 itinerant per donar suport a lleng\u00fces en perill d\u2019extinci\u00f3, amb focus en l\u2019aran\u00e8s. Inclou l\u2019artista local <\/span><b>Ricard Novell<\/b><span style=\"font-weight: 400;\"> i contribucions internacionals. <strong>M\u00e9s informaci\u00f3 <a href=\"https:\/\/www.espronceda.net\/ca\/rise-up-a-les-una-celebracio-de-la-dansa-lart-la-llengua-i-la-comunitat-what-exposicio-itinerant-rise-up\/\">aqu\u00ed<\/a>.<\/strong><\/span><\/li>\n<li style=\"font-weight: 400;\" aria-level=\"1\"><b>Resid\u00e8ncia de Filip Wierzbicki-Nowak (setembre 2025):<\/b><span style=\"font-weight: 400;\"> l\u2019artista polon\u00e8s desenvolupa un projecte espec\u00edfic sobre ecologia, mem\u00f2ria i entorn urb\u00e0, que culmina amb una presentaci\u00f3 p\u00fablica el 9 de setembre. <strong>M\u00e9s informaci\u00f3 <a href=\"https:\/\/www.espronceda.net\/ca\/stored-for-a-while-exposicio-individual-de-filip-wierzbicki-nowak\/\">aqu\u00ed<\/a>.<\/strong><\/span><\/li>\n<li style=\"font-weight: 400;\" aria-level=\"1\"><b>Exposici\u00f3 d&#8217;Alexia Briones<\/b><span style=\"font-weight: 400;\"> (13 de novembre del 2025) La seva obra encarna la consci\u00e8ncia ecol\u00f2gica, utilitzant elements naturals per celebrar la imperfecci\u00f3 i la transitorietat.<\/span><\/li>\n<\/ul>\n<h4><b>3. Acc\u00e9s inclusiu a la creaci\u00f3 art\u00edstica<\/b><\/h4>\n<ul>\n<li style=\"font-weight: 400;\" aria-level=\"1\"><b>PMP \u2013 Setmana del taller &amp; resid\u00e8ncia (10\u201314 mar\u00e7 2025):<\/b><span style=\"font-weight: 400;\"> formaci\u00f3 en comunicaci\u00f3 digital i alfabetitzaci\u00f3 medi\u00e0tica per a artistes, juntament amb una resid\u00e8ncia amb <\/span>Tianjun Li<span style=\"font-weight: 400;\"> i <\/span>Ivana Tkal\u010di\u0107<span style=\"font-weight: 400;\"> que explora els vincles entre tecnologia, ecologia i art. <strong>M\u00e9s informaci\u00f3 <a href=\"https:\/\/www.espronceda.net\/ca\/la-setmana-de-tallers-pmp-a-barcelona-ja-esta-a-la-vora\/\">aqu\u00ed<\/a>.<\/strong><\/span><\/li>\n<li style=\"font-weight: 400;\" aria-level=\"1\"><b>CraftLab \u2013 Collaborative VR &amp; Craft (14 abril 2025):<\/b><span style=\"font-weight: 400;\"> taller que connecta artesans tradicionals i artistes digitals per experimentar amb la realitat virtual com a eina de creaci\u00f3 intercultural i intergeneracional. <strong>M\u00e9s informaci\u00f3 <a href=\"https:\/\/www.espronceda.net\/ca\/craft-lab-1404\/\">aqu\u00ed<\/a>.<\/strong><\/span><\/li>\n<li style=\"font-weight: 400;\" aria-level=\"1\"><b>Graffiti workshop (juliol 2025):<\/b><span style=\"font-weight: 400;\"> festival comunitari d\u2019art urb\u00e0 que transforma els murs exteriors d\u2019<\/span>ESPRONCEDA<span style=\"font-weight: 400;\"> en un llen\u00e7 col\u00b7lectiu, amb tallers i participaci\u00f3 ve\u00efnal.<\/span><\/li>\n<li style=\"font-weight: 400;\" aria-level=\"1\"><b>Collaboration Station \u2013 2a edici\u00f3 (27 juliol 2025):<\/b><span style=\"font-weight: 400;\"> plataforma expositiva que fomenta la cocreaci\u00f3 entre artistes i grups socials, amb forta implicaci\u00f3 comunit\u00e0ria a <\/span>Navas i Sant Andreu<span style=\"font-weight: 400;\">. <strong>M\u00e9s informaci\u00f3 <a href=\"https:\/\/www.espronceda.net\/ca\/collaboration-station\/\">aqu\u00ed<\/a>.<\/strong><\/span><\/li>\n<li style=\"font-weight: 400;\" aria-level=\"1\"><b>Congr\u00e9s ENCATC 2025 (15\u201317 setembre 2025):<\/b> <b>ESPRONCEDA<\/b><span style=\"font-weight: 400;\"> acull part del principal congr\u00e9s internacional sobre gesti\u00f3 cultural, amb un dia tem\u00e0tic sobre cocreaci\u00f3 i impacte social. <strong>M\u00e9s informaci\u00f3 <a href=\"https:\/\/www.espronceda.net\/ca\/congres-encatc-2025-el-futur-es-cultural-politica-practica-i-educacio\/\">aqu\u00ed<\/a>.<\/strong><\/span><\/li>\n<li style=\"font-weight: 400;\" aria-level=\"1\"><b>Craft Academies &amp; Movement <\/b><span style=\"font-weight: 400;\">(setembre\u2013octubre 2025)<\/span><b>:<\/b><span style=\"font-weight: 400;\"> part de la plataforma <\/span>Craftwork 4.0 ALL<span style=\"font-weight: 400;\">; <\/span>ESPRONCEDA<span style=\"font-weight: 400;\"> envia artistes catalans a Su\u00e8cia i acull \u201cCraft Movement\u201d a Barcelona, produint una obra col\u00b7lectiva amb 20 participants. <strong>M\u00e9s informaci\u00f3 <a href=\"https:\/\/www.espronceda.net\/ca\/craft-happening-a-barcelona-paisatges-mecanics-modulars-exploracio-del-ritme-el-so-i-la-materia\/\">aqu\u00ed<\/a>.<\/strong><\/span><\/li>\n<li style=\"font-weight: 400;\" aria-level=\"1\"><b>SensAI Hack Barcelona<\/b><span style=\"font-weight: 400;\"> (16-18 de novembre de 2025): Durant la Unity Unite Week 2025, ESPRONCEDA s&#8217;associa amb SensAI Hack Barcelona, \u200b\u200buna hackat\u00f3 de tres dies que reuneix m\u00e9s de 120 creadors internacionals de XR, IA i tecnologia immersiva. L&#8217;esdeveniment connecta els principals desenvolupadors, investigadors i artistes que exploren el futur de les experi\u00e8ncies interactives.<\/span><\/li>\n<\/ul>\n<h3 class=\"p-rich_text_section\"><strong>Uneix-te a nosaltres en la configuraci\u00f3 del futur<\/strong><\/h3>\n<div class=\"p-rich_text_section\">L&#8217;associaci\u00f3 d&#8217;ESPRONCEDA amb la Nova Bauhaus Europea subratlla el seu comprom\u00eds d&#8217;aprofitar el poder de l&#8217;art i la cultura per construir un dem\u00e0 millor. Juntament amb NEB, ESPRONCEDA busca inspirar un canvi positiu fomentant la creativitat, la innovaci\u00f3 i la sostenibilitat. <a href=\"https:\/\/new-european-bauhaus.europa.eu\/community-core-new-european-bauhaus\/official-neb-partners_en\"><strong><span style=\"color: #0000ff;\">Descobreix m\u00e9s sobre el paper d&#8217;ESPRONCEDA a la Nova Bauhaus Europea i les seves iniciatives.<\/span><\/strong><\/a><\/div>\n","protected":false},"excerpt":{"rendered":"<p>ESPRONCEDA: soci de la New European Bauhaus ESPRONCEDA es va convertir en soci oficial de la iniciativa New European Bauhaus l\u2019any 2021, sent una de les primeres organitzacions a Europa a unir-s\u2019hi. Com a soci, ESPRONCEDA s\u2019enorgulleix de contribuir al desenvolupament de la iniciativa\u2014connectant les seves idees i resultats amb el nostre context local i xarxa global, mentre representa i [&hellip;]<\/p>\n","protected":false},"author":1,"featured_media":22467,"parent":0,"menu_order":0,"comment_status":"closed","ping_status":"closed","template":"","meta":{"footnotes":""},"class_list":["post-22487","page","type-page","status-publish","has-post-thumbnail","hentry"],"_links":{"self":[{"href":"https:\/\/www.espronceda.net\/ca\/wp-json\/wp\/v2\/pages\/22487","targetHints":{"allow":["GET"]}}],"collection":[{"href":"https:\/\/www.espronceda.net\/ca\/wp-json\/wp\/v2\/pages"}],"about":[{"href":"https:\/\/www.espronceda.net\/ca\/wp-json\/wp\/v2\/types\/page"}],"author":[{"embeddable":true,"href":"https:\/\/www.espronceda.net\/ca\/wp-json\/wp\/v2\/users\/1"}],"replies":[{"embeddable":true,"href":"https:\/\/www.espronceda.net\/ca\/wp-json\/wp\/v2\/comments?post=22487"}],"version-history":[{"count":27,"href":"https:\/\/www.espronceda.net\/ca\/wp-json\/wp\/v2\/pages\/22487\/revisions"}],"predecessor-version":[{"id":29569,"href":"https:\/\/www.espronceda.net\/ca\/wp-json\/wp\/v2\/pages\/22487\/revisions\/29569"}],"wp:featuredmedia":[{"embeddable":true,"href":"https:\/\/www.espronceda.net\/ca\/wp-json\/wp\/v2\/media\/22467"}],"wp:attachment":[{"href":"https:\/\/www.espronceda.net\/ca\/wp-json\/wp\/v2\/media?parent=22487"}],"curies":[{"name":"wp","href":"https:\/\/api.w.org\/{rel}","templated":true}]}}