{"id":23108,"date":"2022-07-12T11:41:04","date_gmt":"2022-07-12T09:41:04","guid":{"rendered":"https:\/\/www.espronceda.net\/?page_id=23108"},"modified":"2022-07-13T15:55:11","modified_gmt":"2022-07-13T13:55:11","slug":"luminic-festival","status":"publish","type":"page","link":"https:\/\/www.espronceda.net\/ca\/luminic-festival\/","title":{"rendered":"The Light of the Stones &#8211; Luminic Festival"},"content":{"rendered":"<p>Ens complau formar part del Festival\u00a0Luminic, amb l&#8217;exposici\u00f3 Les llums de les pedres de\u00a0Savina\u00a0Tarsitano\u00a0i\u00a0Dinu\u00a0Flamand.<\/p>\n<p>Un projecte interdisciplinari, resultat de la trobada entre l&#8217;artista italiana\u00a0Savina\u00a0Tarsitano\u00a0i el poeta roman\u00e8s\u00a0Dinu\u00a0Flam\u00e2nd, \u00e9s un di\u00e0leg intercultural sobre l&#8217;exist\u00e8ncia de l&#8217;\u00e9sser hum\u00e0, la relaci\u00f3 amb la naturalesa, la import\u00e0ncia del lloc i la mem\u00f2ria tradu\u00efda a trav\u00e9s de les fotografies.<br \/>\nLa col\u00b7laboraci\u00f3 dels dos artistes va donar lloc a la publicaci\u00f3 del llibre\u00a0Ombre\u00a0e\u00a0Falesie\u00a0en 2018, barrejant imatge i poesia.<\/p>\n<p>Des de llavors la seva col\u00b7laboraci\u00f3 ha continuat amb la publicaci\u00f3 de 7 volums d&#8217;antologia po\u00e8tica en diferents idiomes (catal\u00e0, hebreu, angl\u00e8s, itali\u00e0, alemany, roman\u00e8s, etc.). L&#8217;exposici\u00f3 s&#8217;ha presentat en diferents pa\u00efsos europeus i a tot el m\u00f3n amb circuits d&#8217;art contemporani. El projecte destaca la import\u00e0ncia de la naturalesa, la identitat, el patrimoni cultural, a trav\u00e9s d&#8217;un llenguatge interdisciplinari que inclou la poesia, la fotografia i, en l&#8217;\u00faltim per\u00edode, la m\u00fasica amb el mestre Marco\u00a0Misciagna. Les fotos exposades van ser preses en diferents pa\u00efsos del m\u00f3n amb diferents resid\u00e8ncies art\u00edstiques, des de Groenl\u00e0ndia, Maurici, Cuba, Martinica, Cal\u00e0bria, Alemanya, entre llocs abandonats i monuments en restauraci\u00f3.<\/p>\n<p>El projecte compta amb el patrocini del Parlament Europeu de la Cultura i la Fundaci\u00f3\u00a0Bogliasco\u00a0de Nova York, on els dos artistes es van con\u00e8ixer durant la seva resid\u00e8ncia en 2005. Al setembre l&#8217;exposici\u00f3 s&#8217;ha presentat en el Centris donis\u00a0Arts\u00a0Ecolint\u00a0de Ginebra, Su\u00efssa, amb motiu del projecte de\u00a0Michelangelo\u00a0Pistoletto\u00a0&#8220;Art\u00a0for\u00a0Social\u00a0Impact&#8221;.<\/p>\n<p>LUM\u00cdNIC\u00a0\u00e9s el festival de fotografia de Sant Cugat del Vall\u00e8s, que des de 2019 promou la fotografia d&#8217;autor.\u00a0LUM\u00cdNIC\u00a0inunda Sant Cugat del Vall\u00e8s, convertint-ho en un punt de trobada per als amants de la fotografia. Irromp a la ciutat per a estudiar la fotografia, generant nous espais de coneixement i reflexi\u00f3, amb un car\u00e0cter inclusiu i participatiu.\u00a0\u00a0En una setmana d&#8217;obertura i dos mesos de funcionament, es desenvolupar\u00e0 un complet programa d&#8217;exposicions, xerrades, tallers i taules rodones. A partir d&#8217;un nou fil conductor cada any, els visitants podran gaudir d&#8217;autors consagrats i emergents, tant nacionals com internacionals.\u00a0LUM\u00cdNIC\u00a0\u00e9s una plataforma que treballa durant tot l&#8217;any, generant sinergies amb altres agents culturals per a la promoci\u00f3 de la fotografia.<\/p>\n<p style=\"text-align: center;\"><a href=\"https:\/\/drive.google.com\/drive\/u\/0\/folders\/1wMlXQf6A3U3VdzjTcV16vSlWTt_vM-ku\">the lights of the stones\u00a0<\/a><\/p>\n<p>&nbsp;<\/p>\n<p><img loading=\"lazy\" decoding=\"async\" class=\"aligncenter size-thumbnail wp-image-23216\" src=\"https:\/\/www.espronceda.net\/wp-content\/uploads\/2022\/07\/IMG_0343-150x150.jpg\" alt=\"\" width=\"150\" height=\"150\" \/><\/p>\n<p><img loading=\"lazy\" decoding=\"async\" class=\"aligncenter size-thumbnail wp-image-23240\" src=\"https:\/\/www.espronceda.net\/wp-content\/uploads\/2022\/07\/IMG_0409-150x150.jpg\" alt=\"\" width=\"150\" height=\"150\" \/><\/p>\n<p><img loading=\"lazy\" decoding=\"async\" class=\"aligncenter size-thumbnail wp-image-23237\" src=\"https:\/\/www.espronceda.net\/wp-content\/uploads\/2022\/07\/IMG_0400-150x150.jpg\" alt=\"\" width=\"150\" height=\"150\" \/><\/p>\n<p><img loading=\"lazy\" decoding=\"async\" class=\"aligncenter size-thumbnail wp-image-23234\" src=\"https:\/\/www.espronceda.net\/wp-content\/uploads\/2022\/07\/IMG_0396-150x150.jpg\" alt=\"\" width=\"150\" height=\"150\" \/><\/p>\n<p><img loading=\"lazy\" decoding=\"async\" class=\"aligncenter size-thumbnail wp-image-23231\" src=\"https:\/\/www.espronceda.net\/wp-content\/uploads\/2022\/07\/IMG_0395-150x150.jpg\" alt=\"\" width=\"150\" height=\"150\" \/><\/p>\n<p><img loading=\"lazy\" decoding=\"async\" class=\"aligncenter size-thumbnail wp-image-23228\" src=\"https:\/\/www.espronceda.net\/wp-content\/uploads\/2022\/07\/IMG_0385-150x150.jpg\" alt=\"\" width=\"150\" height=\"150\" \/><\/p>\n<p><img loading=\"lazy\" decoding=\"async\" class=\"aligncenter size-thumbnail wp-image-23225\" src=\"https:\/\/www.espronceda.net\/wp-content\/uploads\/2022\/07\/IMG_0376-150x150.jpg\" alt=\"\" width=\"150\" height=\"150\" \/><\/p>\n<p><img loading=\"lazy\" decoding=\"async\" class=\"aligncenter size-thumbnail wp-image-23222\" src=\"https:\/\/www.espronceda.net\/wp-content\/uploads\/2022\/07\/IMG_0359-150x150.jpg\" alt=\"\" width=\"150\" height=\"150\" \/><\/p>\n<p><img loading=\"lazy\" decoding=\"async\" class=\"aligncenter size-thumbnail wp-image-23219\" src=\"https:\/\/www.espronceda.net\/wp-content\/uploads\/2022\/07\/IMG_0355-150x150.jpg\" alt=\"\" width=\"150\" height=\"150\" \/><\/p>\n","protected":false},"excerpt":{"rendered":"<p>Ens complau formar part del Festival\u00a0Luminic, amb l&#8217;exposici\u00f3 Les llums de les pedres de\u00a0Savina\u00a0Tarsitano\u00a0i\u00a0Dinu\u00a0Flamand. Un projecte interdisciplinari, resultat de la trobada entre l&#8217;artista italiana\u00a0Savina\u00a0Tarsitano\u00a0i el poeta roman\u00e8s\u00a0Dinu\u00a0Flam\u00e2nd, \u00e9s un di\u00e0leg intercultural sobre l&#8217;exist\u00e8ncia de l&#8217;\u00e9sser hum\u00e0, la relaci\u00f3 amb la naturalesa, la import\u00e0ncia del lloc i la mem\u00f2ria tradu\u00efda a trav\u00e9s de les fotografies. La col\u00b7laboraci\u00f3 dels dos artistes va [&hellip;]<\/p>\n","protected":false},"author":1,"featured_media":0,"parent":0,"menu_order":0,"comment_status":"closed","ping_status":"closed","template":"","meta":{"footnotes":""},"class_list":["post-23108","page","type-page","status-publish","hentry"],"_links":{"self":[{"href":"https:\/\/www.espronceda.net\/ca\/wp-json\/wp\/v2\/pages\/23108","targetHints":{"allow":["GET"]}}],"collection":[{"href":"https:\/\/www.espronceda.net\/ca\/wp-json\/wp\/v2\/pages"}],"about":[{"href":"https:\/\/www.espronceda.net\/ca\/wp-json\/wp\/v2\/types\/page"}],"author":[{"embeddable":true,"href":"https:\/\/www.espronceda.net\/ca\/wp-json\/wp\/v2\/users\/1"}],"replies":[{"embeddable":true,"href":"https:\/\/www.espronceda.net\/ca\/wp-json\/wp\/v2\/comments?post=23108"}],"version-history":[{"count":3,"href":"https:\/\/www.espronceda.net\/ca\/wp-json\/wp\/v2\/pages\/23108\/revisions"}],"predecessor-version":[{"id":23246,"href":"https:\/\/www.espronceda.net\/ca\/wp-json\/wp\/v2\/pages\/23108\/revisions\/23246"}],"wp:attachment":[{"href":"https:\/\/www.espronceda.net\/ca\/wp-json\/wp\/v2\/media?parent=23108"}],"curies":[{"name":"wp","href":"https:\/\/api.w.org\/{rel}","templated":true}]}}