{"id":24775,"date":"2022-10-24T05:31:36","date_gmt":"2022-10-24T03:31:36","guid":{"rendered":"https:\/\/www.espronceda.net\/theatre-in-palm\/"},"modified":"2023-03-28T18:27:36","modified_gmt":"2023-03-28T16:27:36","slug":"theatre-in-palm","status":"publish","type":"page","link":"https:\/\/www.espronceda.net\/ca\/theatre-in-palm\/","title":{"rendered":"Theatre in Palm"},"content":{"rendered":"<h2>Plataforma de Teatre Europeu per donar suport a la cooperaci\u00f3 i resili\u00e8ncia d&#8217;artistes emergents<\/h2>\n<h2><\/h2>\n<p><a href=\"https:\/\/www.espronceda.net\/wp-content\/uploads\/2022\/10\/309414786_106929872186819_7787533919427759275_n.jpeg\"><img loading=\"lazy\" decoding=\"async\" class=\"aligncenter size-medium wp-image-24095\" src=\"https:\/\/www.espronceda.net\/wp-content\/uploads\/2022\/10\/309414786_106929872186819_7787533919427759275_n-300x300.jpeg\" alt=\"\" width=\"300\" height=\"300\" srcset=\"https:\/\/www.espronceda.net\/wp-content\/uploads\/2022\/10\/309414786_106929872186819_7787533919427759275_n-300x300.jpeg 300w, https:\/\/www.espronceda.net\/wp-content\/uploads\/2022\/10\/309414786_106929872186819_7787533919427759275_n-150x150.jpeg 150w, https:\/\/www.espronceda.net\/wp-content\/uploads\/2022\/10\/309414786_106929872186819_7787533919427759275_n-768x768.jpeg 768w, https:\/\/www.espronceda.net\/wp-content\/uploads\/2022\/10\/309414786_106929872186819_7787533919427759275_n.jpeg 1000w\" sizes=\"auto, (max-width: 300px) 100vw, 300px\" \/><\/a><\/p>\n<p><strong>\u00a0<\/strong><\/p>\n<p><strong>EU CALL<\/strong><\/p>\n<p class=\"p1\">El Teatre de Palm es realitza sobre la base de l&#8217;Europa Creativa, les plataformes europees subprogrames per a la promoci\u00f3 d&#8217;artistes emergents (CREA-CULT-2021- PLAT) i est\u00e0 contribuint plenament als objectius establerts en el Programa.<\/p>\n<p><strong>TIMELINE<\/strong><\/p>\n<p>2022 \u2013 2025<\/p>\n<p>&nbsp;<\/p>\n<p><strong>PROJECT SUMMARY<\/strong><\/p>\n<p>La Plataforma \u201cEuropean Theatre platform for support emerging artists cooperation and resilience\u201d (Theatre in Palm) actua com a incubadora de noves veus de la p\u00e0gina a l&#8217;escenari amb \u00e8mfasi principal en el seu desenvolupament professional i la millora de la seva cooperaci\u00f3 amb artistes i organitzacions d&#8217;artistes d&#8217;altres pa\u00efsos de la plataforma. La plataforma implicar\u00e0 en les seves activitats uns 3,54 artistes emergents des dels quals 384 rebran suport financer o institucional per cocrear, educar, desenvolupar les seves habilitats i promoure el seu treball. El Teatre de Palm es realitza sobre la base de l&#8217;Europa Creativa, les plataformes europees subprogrames per a la promoci\u00f3 d&#8217;artistes emergents (CREA-CULT-2021- PLAT) i est\u00e0 contribuint plenament als objectius establerts en el Programa. Concretament, pret\u00e9n augmentar la visibilitat i la circulaci\u00f3 dels artistes emergents europeus i de les seves obres fora de les seves pr\u00f2pies fronteres, a Europa i m\u00e9s enll\u00e0. Tamb\u00e9 busca augmentar l&#8217;acc\u00e9s i la participaci\u00f3 en esdeveniments i activitats culturals, aix\u00ed com el comprom\u00eds i el desenvolupament del p\u00fablic. El projecte tamb\u00e9 est\u00e0 dissenyat per a contribuir a l&#8217;aplicaci\u00f3 de prioritats pol\u00edtiques de la UE en l&#8217;\u00e0mbit de la cultura. En aquest sentit, la circulaci\u00f3 d&#8217;artistes i obres pot contribuir a l&#8217;activaci\u00f3 d&#8217;espais p\u00fablics culturals nous i\/o m\u00e9s sostenibles. La plataforma es pot definir com a mostra\/plataforma composta per una organitzaci\u00f3 coordinadora i 11 organitzacions membres amb una estrat\u00e8gia art\u00edstica i de marca comuna. La Plataforma es defineix com una plataforma de co-creaci\u00f3 internacional i intercultural, creada entre 12 organitzacions de 12 pa\u00efsos de la UE, i amb l&#8217;objectiu de donar suport a artistes emergents i artistes culturals per co-crear, cooperar i promoure el seu treball, desenvolupant una programaci\u00f3 europea comuna d&#8217;artistes i entrenaments no nacionals.<\/p>\n<p>&nbsp;<\/p>\n<p><strong>PROJECT OBJECTIVES<\/strong><\/p>\n<ul>\n<li>Incrementa la visibilitat i la circulaci\u00f3 dels artistes emergents europeus i de les seves obres fora de les seves pr\u00f2pies fronteres<\/li>\n<li>Millorar la cooperaci\u00f3 art\u00edstica i cultural a escala europea amb la finalitat de donar suport a la creaci\u00f3 d&#8217;obres europees i refor\u00e7ar la dimensi\u00f3 econ\u00f2mica, social i exterior de la innovaci\u00f3 i la mobilitat en els sectors culturals i creatius d&#8217;Europa<\/li>\n<li>Donar suport als nous models de creaci\u00f3, exposici\u00f3 i exposici\u00f3, estrat\u00e8gia i distribuci\u00f3 de l&#8217;exportaci\u00f3, i mobilitat i intercanvi<\/li>\n<li>Contribuir a augmentar la sostenibilitat mediambiental i la consci\u00e8ncia dels sectors demostrant la capacitat de proposar i desenvolupar pr\u00e0ctiques que contribueixin al Grup dels Verds Europeus<\/li>\n<li>Promoure la igualtat d&#8217;oportunitats, millors condicions de treball i una remuneraci\u00f3 justa<\/li>\n<li>Incrementa l&#8217;acc\u00e9s i la participaci\u00f3 en esdeveniments i activitats culturals (desenvolupament i comprom\u00eds de l&#8217;audi\u00e8ncia)<\/li>\n<\/ul>\n<p>\u00abTheatre in Palm\u00bb reunir\u00e0 tots els esfor\u00e7os de la Plataforma per dissenyar, produir i presentar al p\u00fablic el que realment significa la marca de la plataforma. Altres activitats, com ara \u201cespai d&#8217;efusi\u00f3\u201d, \u201crepositori\u201d, \u201cconverses de caf\u00e8\u201d, \u201cacad\u00e8mia\u201d i \u201cmapa n\u00f2mada\u201d, se centren en aquesta, accentuant aix\u00ed l&#8217;impacte d&#8217;aquesta estrat\u00e8gia en el p\u00fablic europeu, per tal de complir els objectius espec\u00edfics de la subvenci\u00f3 del projecte Plataforma. A m\u00e9s, el Teatre de Palm est\u00e0 treballant en la cooperaci\u00f3 art\u00edstica i cultural a escala europea per a donar suport a la creaci\u00f3 d&#8217;obres europees i refor\u00e7ar la dimensi\u00f3 econ\u00f2mica, social i exterior i la innovaci\u00f3 i la mobilitat en els sectors culturals i creatius d&#8217;Europa. Concretament, com a part de l&#8217;obra de la plataforma recolzar\u00e0 la creaci\u00f3 de 126 obres de teatre \u00faniques.<\/p>\n<p>&nbsp;<\/p>\n<p><a href=\"https:\/\/www.espronceda.net\/wp-content\/uploads\/2022\/11\/309455093_10228793537086531_1590366708570003231_n.jpeg\"><img loading=\"lazy\" decoding=\"async\" class=\"aligncenter size-full wp-image-24418\" src=\"https:\/\/www.espronceda.net\/wp-content\/uploads\/2022\/11\/309455093_10228793537086531_1590366708570003231_n.jpeg\" alt=\"\" width=\"1000\" height=\"517\" srcset=\"https:\/\/www.espronceda.net\/wp-content\/uploads\/2022\/11\/309455093_10228793537086531_1590366708570003231_n.jpeg 1000w, https:\/\/www.espronceda.net\/wp-content\/uploads\/2022\/11\/309455093_10228793537086531_1590366708570003231_n-300x155.jpeg 300w, https:\/\/www.espronceda.net\/wp-content\/uploads\/2022\/11\/309455093_10228793537086531_1590366708570003231_n-768x397.jpeg 768w\" sizes=\"auto, (max-width: 1000px) 100vw, 1000px\" \/><\/a><\/p>\n<p>&nbsp;<\/p>\n<p>&nbsp;<\/p>\n<p><strong>PARTNERS<\/strong><\/p>\n<p>TURKU UAS<\/p>\n<p>ETFI<\/p>\n<p><a href=\"http:\/\/www.espronceda.net\">ESPRONCEDA INSTITUTE OF ART &amp; CULTURE<\/a><\/p>\n<p><a href=\"https:\/\/oecongroup.com\/about-us\/\">OECON GROUP<\/a><\/p>\n<p><a href=\"https:\/\/www.cube.org.gr\/\">CUBE IKE<\/a><\/p>\n<p><a href=\"https:\/\/www.intercult.se\/en\/homepage\/\">INTERCULT PRODUCTIONS<\/a><\/p>\n<p><a href=\"https:\/\/jait.pt\/\">J\u00c1 INTERNATIONAL THEATRE<\/a><\/p>\n<p><a href=\"https:\/\/zidtheater.nl\/\">ZID THEATRE<\/a><\/p>\n<p><a href=\"https:\/\/www.thoc.org.cy\/\">CYPRUS THEATRE ORGANISATION<\/a><\/p>\n<p><a href=\"https:\/\/e-35.it\/it\/home\/\">FONDAZIONE E35<\/a><\/p>\n<p><a href=\"https:\/\/twitter.com\/Smashing_Times\">SMASHING TIMES INTERNATIONAL CENTRE<\/a><\/p>\n<p>&nbsp;<\/p>\n<p><strong>PROJECT CONTACTS<\/strong><\/p>\n<p><img loading=\"lazy\" decoding=\"async\" class=\"wp-image-22121 alignleft\" src=\"https:\/\/www.espronceda.net\/wp-content\/uploads\/2021\/12\/download.png\" sizes=\"auto, (max-width: 30px) 100vw, 30px\" srcset=\"https:\/\/www.espronceda.net\/wp-content\/uploads\/2021\/12\/download.png 225w, https:\/\/www.espronceda.net\/wp-content\/uploads\/2021\/12\/download-150x150.png 150w\" alt=\"\" width=\"30\" height=\"30\" \/><a href=\"https:\/\/www.facebook.com\/palproject2016\">@Theatreinpalm<\/a><\/p>\n<p>Website: <a href=\"https:\/\/theatreinpalm.turkuamk.fi\/\">https:\/\/theatreinpalm.turkuamk.fi\/<\/a><\/p>\n<p>&nbsp;<\/p>\n<p>ESPRONCEDA CREDITS<\/p>\n<p>Project management and researcher:\u00a0<em>Alessia Gervasone<\/em><br \/>\nCommunication:\u00a0<em>Renata Procopio<\/em><\/p>\n<p>&nbsp;<\/p>\n<p><img loading=\"lazy\" decoding=\"async\" class=\"aligncenter size-medium wp-image-22100\" src=\"https:\/\/www.espronceda.net\/wp-content\/uploads\/2021\/12\/unnamed-300x66.png\" sizes=\"auto, (max-width: 300px) 100vw, 300px\" srcset=\"https:\/\/www.espronceda.net\/wp-content\/uploads\/2021\/12\/unnamed-300x66.png 300w, https:\/\/www.espronceda.net\/wp-content\/uploads\/2021\/12\/unnamed.png 512w\" alt=\"\" width=\"300\" height=\"66\" \/><\/p>\n<p>&nbsp;<\/p>\n<div class='gallery'><dl class='gallery-item'>\n\t\t\t<dt class='gallery-icon portrait'>\n\t\t\t\t<a class=\"view\" rel='gallery' href='https:\/\/www.espronceda.net\/ca\/theatre-in-palm\/theatreinpalm_a3poster_digital_ver1-1-2\/'><img loading=\"lazy\" decoding=\"async\" width=\"150\" height=\"150\" src=\"https:\/\/www.espronceda.net\/wp-content\/uploads\/2023\/02\/TheatreinPalm_A3poster_digital_ver1-1-150x150.png\" class=\"attachment-thumbnail size-thumbnail\" alt=\"\" title=\"TheatreinPalm_A3poster_digital_ver1-1\" \/><\/a>\n\t\t\t<\/dt><\/dl><dl class='gallery-item'>\n\t\t\t<dt class='gallery-icon portrait'>\n\t\t\t\t<a class=\"view\" rel='gallery' href='https:\/\/www.espronceda.net\/ca\/theatre-in-palm\/theatreinpalm_a3poster_digital_ver2-1-2\/'><img loading=\"lazy\" decoding=\"async\" width=\"150\" height=\"150\" src=\"https:\/\/www.espronceda.net\/wp-content\/uploads\/2023\/02\/TheatreinPalm_A3poster_digital_ver2-1-150x150.png\" class=\"attachment-thumbnail size-thumbnail\" alt=\"\" title=\"TheatreinPalm_A3poster_digital_ver2-1\" \/><\/a>\n\t\t\t<\/dt><\/dl><dl class='gallery-item'>\n\t\t\t<dt class='gallery-icon portrait'>\n\t\t\t\t<a class=\"view\" rel='gallery' href='https:\/\/www.espronceda.net\/ca\/theatre-in-palm\/theatreinpalm_a3poster_digital_ver3-1-2\/'><img loading=\"lazy\" decoding=\"async\" width=\"150\" height=\"150\" src=\"https:\/\/www.espronceda.net\/wp-content\/uploads\/2023\/02\/TheatreinPalm_A3poster_digital_ver3-1-150x150.png\" class=\"attachment-thumbnail size-thumbnail\" alt=\"\" title=\"TheatreinPalm_A3poster_digital_ver3-1\" \/><\/a>\n\t\t\t<\/dt><\/dl><br style=\"clear: both\" \/><dl class='gallery-item'>\n\t\t\t<dt class='gallery-icon portrait'>\n\t\t\t\t<a class=\"view\" rel='gallery' href='https:\/\/www.espronceda.net\/ca\/theatre-in-palm\/theatreinpalm_a3poster_digital_ver4-1-2\/'><img loading=\"lazy\" decoding=\"async\" width=\"150\" height=\"150\" src=\"https:\/\/www.espronceda.net\/wp-content\/uploads\/2023\/02\/TheatreinPalm_A3poster_digital_ver4-1-150x150.png\" class=\"attachment-thumbnail size-thumbnail\" alt=\"\" title=\"TheatreinPalm_A3poster_digital_ver4-1\" \/><\/a>\n\t\t\t<\/dt><\/dl><dl class='gallery-item'>\n\t\t\t<dt class='gallery-icon portrait'>\n\t\t\t\t<a class=\"view\" rel='gallery' href='https:\/\/www.espronceda.net\/ca\/theatre-in-palm\/theatreinpalm_a3poster_digital_ver5-1-2\/'><img loading=\"lazy\" decoding=\"async\" width=\"150\" height=\"150\" src=\"https:\/\/www.espronceda.net\/wp-content\/uploads\/2023\/02\/TheatreinPalm_A3poster_digital_ver5-1-150x150.png\" class=\"attachment-thumbnail size-thumbnail\" alt=\"\" title=\"TheatreinPalm_A3poster_digital_ver5-1\" \/><\/a>\n\t\t\t<\/dt><\/dl><dl class='gallery-item'>\n\t\t\t<dt class='gallery-icon portrait'>\n\t\t\t\t<a class=\"view\" rel='gallery' href='https:\/\/www.espronceda.net\/ca\/theatre-in-palm\/tip_brochure_a5_digital_ver-1-2\/'><img loading=\"lazy\" decoding=\"async\" width=\"150\" height=\"150\" src=\"https:\/\/www.espronceda.net\/wp-content\/uploads\/2023\/02\/TIP_brochure_A5_digital_ver-1-150x150.png\" class=\"attachment-thumbnail size-thumbnail\" alt=\"\" title=\"TIP_brochure_A5_digital_ver-1\" \/><\/a>\n\t\t\t<\/dt><\/dl><br style=\"clear: both\" \/><dl class='gallery-item'>\n\t\t\t<dt class='gallery-icon portrait'>\n\t\t\t\t<a class=\"view\" rel='gallery' href='https:\/\/www.espronceda.net\/ca\/theatre-in-palm\/tip_brochure_a5_digital_ver-2-2\/'><img loading=\"lazy\" decoding=\"async\" width=\"150\" height=\"150\" src=\"https:\/\/www.espronceda.net\/wp-content\/uploads\/2023\/02\/TIP_brochure_A5_digital_ver-2-150x150.png\" class=\"attachment-thumbnail size-thumbnail\" alt=\"\" title=\"TIP_brochure_A5_digital_ver-2\" \/><\/a>\n\t\t\t<\/dt><\/dl><dl class='gallery-item'>\n\t\t\t<dt class='gallery-icon portrait'>\n\t\t\t\t<a class=\"view\" rel='gallery' href='https:\/\/www.espronceda.net\/ca\/theatre-in-palm\/tip_brochure_a5_digital_ver-3-2\/'><img loading=\"lazy\" decoding=\"async\" width=\"150\" height=\"150\" src=\"https:\/\/www.espronceda.net\/wp-content\/uploads\/2023\/02\/TIP_brochure_A5_digital_ver-3-150x150.png\" class=\"attachment-thumbnail size-thumbnail\" alt=\"\" title=\"TIP_brochure_A5_digital_ver-3\" \/><\/a>\n\t\t\t<\/dt><\/dl><dl class='gallery-item'>\n\t\t\t<dt class='gallery-icon portrait'>\n\t\t\t\t<a class=\"view\" rel='gallery' href='https:\/\/www.espronceda.net\/ca\/theatre-in-palm\/tip_brochure_a5_digital_ver-4-2\/'><img loading=\"lazy\" decoding=\"async\" width=\"150\" height=\"150\" src=\"https:\/\/www.espronceda.net\/wp-content\/uploads\/2023\/02\/TIP_brochure_A5_digital_ver-4-150x150.png\" class=\"attachment-thumbnail size-thumbnail\" alt=\"\" title=\"TIP_brochure_A5_digital_ver-4\" \/><\/a>\n\t\t\t<\/dt><\/dl><br style=\"clear: both\" \/>\n\t\t<\/div>\n\n<p>&nbsp;<\/p>\n<p style=\"text-align: center;\"><strong>First Digital Residency &#8211; 6th February 2023 at Espronceda<\/strong><\/p>\n<div class=\"x11i5rnm xat24cr x1mh8g0r x1vvkbs xdj266r x126k92a\"><\/div>\n<div class=\"x11i5rnm xat24cr x1mh8g0r x1vvkbs xtlvy1s x126k92a\">\n<div dir=\"auto\">\n<div class=\"traductor-textarea form-group\">\n<div class=\"textarea-desti col-xs-12 col-sm-6\">\n<div class=\"form-control second-textarea\">La resid\u00e8ncia de Theatre in Palm va acabar amb la participaci\u00f3 de 60 artistes i 12 pa\u00efsos i socis diferents a Europa!<br \/>\nVa ser un gran repte perqu\u00e8, amb nom\u00e9s una setmana de temps, semblava impossible crear una actuaci\u00f3 digital en l\u00ednia en col\u00b7laboraci\u00f3 amb Intercult (Su\u00e8cia) i Fondazione E35 (It\u00e0lia) sobre el tema de l&#8217;impacte ambiental. En lloc d&#8217;aix\u00f2, gr\u00e0cies a la gran creativitat i passi\u00f3 dels artistes implicats i a la col\u00b7laboraci\u00f3 amb BeAnother Lab ho vam fer, i el resultat va ser experimental i bastant \u00fanic!<\/p>\n<p>Volem donar les gr\u00e0cies a tots els fant\u00e0stics mentors i artistes que han participat en aquest programa experimental.<br \/>\nArtistes: Cris El\u00e9, Francesco Sinopoli, Arnau Guill\u00e9n Carulla, Christobal Joaquin, Marta Bessa, Maria Sola Estrada.<\/p><\/div>\n<\/div>\n<\/div>\n<div class=\"traductor-checkbox form-group\">\n<div id=\"message_info\" class=\"panel-body alert alert-warning bg-success text-success\" role=\"alert\"><button class=\"close\" type=\"button\" aria-label=\"Close\"><span aria-hidden=\"true\">\u00d7<\/span><\/button><\/div>\n<\/div>\n<\/div>\n<div dir=\"auto\"><\/div>\n<\/div>\n<div class='gallery'><dl class='gallery-item'>\n\t\t\t<dt class='gallery-icon landscape'>\n\t\t\t\t<a class=\"view\" rel='gallery' href='https:\/\/www.espronceda.net\/ca\/theatre-in-palm\/img_20230206_160442-2\/'><img loading=\"lazy\" decoding=\"async\" width=\"150\" height=\"150\" src=\"https:\/\/www.espronceda.net\/wp-content\/uploads\/2023\/02\/IMG_20230206_160442-150x150.jpg\" class=\"attachment-thumbnail size-thumbnail\" alt=\"\" title=\"IMG_20230206_160442\" \/><\/a>\n\t\t\t<\/dt><\/dl><dl class='gallery-item'>\n\t\t\t<dt class='gallery-icon landscape'>\n\t\t\t\t<a class=\"view\" rel='gallery' href='https:\/\/www.espronceda.net\/ca\/theatre-in-palm\/img_20230206_162518-2\/'><img loading=\"lazy\" decoding=\"async\" width=\"150\" height=\"150\" src=\"https:\/\/www.espronceda.net\/wp-content\/uploads\/2023\/02\/IMG_20230206_162518-150x150.jpg\" class=\"attachment-thumbnail size-thumbnail\" alt=\"\" title=\"IMG_20230206_162518\" \/><\/a>\n\t\t\t<\/dt><\/dl><dl class='gallery-item'>\n\t\t\t<dt class='gallery-icon landscape'>\n\t\t\t\t<a class=\"view\" rel='gallery' href='https:\/\/www.espronceda.net\/ca\/theatre-in-palm\/img_20230207_183125-2\/'><img loading=\"lazy\" decoding=\"async\" width=\"150\" height=\"150\" src=\"https:\/\/www.espronceda.net\/wp-content\/uploads\/2023\/02\/IMG_20230207_183125-150x150.jpg\" class=\"attachment-thumbnail size-thumbnail\" alt=\"\" title=\"IMG_20230207_183125\" \/><\/a>\n\t\t\t<\/dt><\/dl><br style=\"clear: both\" \/><dl class='gallery-item'>\n\t\t\t<dt class='gallery-icon landscape'>\n\t\t\t\t<a class=\"view\" rel='gallery' href='https:\/\/www.espronceda.net\/ca\/theatre-in-palm\/img_20230207_192900-2\/'><img loading=\"lazy\" decoding=\"async\" width=\"150\" height=\"150\" src=\"https:\/\/www.espronceda.net\/wp-content\/uploads\/2023\/02\/IMG_20230207_192900-150x150.jpg\" class=\"attachment-thumbnail size-thumbnail\" alt=\"\" title=\"IMG_20230207_192900\" \/><\/a>\n\t\t\t<\/dt><\/dl><dl class='gallery-item'>\n\t\t\t<dt class='gallery-icon landscape'>\n\t\t\t\t<a class=\"view\" rel='gallery' href='https:\/\/www.espronceda.net\/ca\/theatre-in-palm\/whatsapp-image-2023-02-07-at-18-29-34-1-2\/'><img loading=\"lazy\" decoding=\"async\" width=\"150\" height=\"150\" src=\"https:\/\/www.espronceda.net\/wp-content\/uploads\/2023\/02\/WhatsApp-Image-2023-02-07-at-18.29.34-1-150x150.jpeg\" class=\"attachment-thumbnail size-thumbnail\" alt=\"\" title=\"WhatsApp Image 2023-02-07 at 18.29.34 (1)\" \/><\/a>\n\t\t\t<\/dt><\/dl><dl class='gallery-item'>\n\t\t\t<dt class='gallery-icon landscape'>\n\t\t\t\t<a class=\"view\" rel='gallery' href='https:\/\/www.espronceda.net\/ca\/theatre-in-palm\/theatre-in-palm-2\/'><img loading=\"lazy\" decoding=\"async\" width=\"150\" height=\"150\" src=\"https:\/\/www.espronceda.net\/wp-content\/uploads\/2023\/02\/Theatre-in-Palm-150x150.png\" class=\"attachment-thumbnail size-thumbnail\" alt=\"\" title=\"Theatre in Palm\" \/><\/a>\n\t\t\t<\/dt><\/dl><br style=\"clear: both\" \/><dl class='gallery-item'>\n\t\t\t<dt class='gallery-icon landscape'>\n\t\t\t\t<a class=\"view\" rel='gallery' href='https:\/\/www.espronceda.net\/ca\/theatre-in-palm\/img_9246-2\/'><img loading=\"lazy\" decoding=\"async\" width=\"150\" height=\"150\" src=\"https:\/\/www.espronceda.net\/wp-content\/uploads\/2023\/02\/IMG_9246-150x150.jpg\" class=\"attachment-thumbnail size-thumbnail\" alt=\"\" title=\"IMG_9246\" \/><\/a>\n\t\t\t<\/dt><\/dl><dl class='gallery-item'>\n\t\t\t<dt class='gallery-icon landscape'>\n\t\t\t\t<a class=\"view\" rel='gallery' href='https:\/\/www.espronceda.net\/ca\/theatre-in-palm\/img_9230-2\/'><img loading=\"lazy\" decoding=\"async\" width=\"150\" height=\"150\" src=\"https:\/\/www.espronceda.net\/wp-content\/uploads\/2023\/02\/IMG_9230-150x150.jpg\" class=\"attachment-thumbnail size-thumbnail\" alt=\"\" title=\"IMG_9230\" \/><\/a>\n\t\t\t<\/dt><\/dl><dl class='gallery-item'>\n\t\t\t<dt class='gallery-icon landscape'>\n\t\t\t\t<a class=\"view\" rel='gallery' href='https:\/\/www.espronceda.net\/ca\/theatre-in-palm\/img_9199-2\/'><img loading=\"lazy\" decoding=\"async\" width=\"150\" height=\"150\" src=\"https:\/\/www.espronceda.net\/wp-content\/uploads\/2023\/02\/IMG_9199-150x150.jpg\" class=\"attachment-thumbnail size-thumbnail\" alt=\"\" title=\"IMG_9199\" \/><\/a>\n\t\t\t<\/dt><\/dl><br style=\"clear: both\" \/><dl class='gallery-item'>\n\t\t\t<dt class='gallery-icon landscape'>\n\t\t\t\t<a class=\"view\" rel='gallery' href='https:\/\/www.espronceda.net\/ca\/theatre-in-palm\/img_9187-2-2\/'><img loading=\"lazy\" decoding=\"async\" width=\"150\" height=\"150\" src=\"https:\/\/www.espronceda.net\/wp-content\/uploads\/2023\/02\/IMG_9187-150x150.jpg\" class=\"attachment-thumbnail size-thumbnail\" alt=\"\" title=\"IMG_9187\" \/><\/a>\n\t\t\t<\/dt><\/dl>\n\t\t\t<br style='clear: both' \/>\n\t\t<\/div>\n\n<p>&nbsp;<\/p>\n","protected":false},"excerpt":{"rendered":"<p>Plataforma de Teatre Europeu per donar suport a la cooperaci\u00f3 i resili\u00e8ncia d&#8217;artistes emergents \u00a0 EU CALL El Teatre de Palm es realitza sobre la base de l&#8217;Europa Creativa, les plataformes europees subprogrames per a la promoci\u00f3 d&#8217;artistes emergents (CREA-CULT-2021- PLAT) i est\u00e0 contribuint plenament als objectius establerts en el Programa. TIMELINE 2022 \u2013 2025 &nbsp; PROJECT SUMMARY La Plataforma [&hellip;]<\/p>\n","protected":false},"author":1,"featured_media":0,"parent":0,"menu_order":0,"comment_status":"closed","ping_status":"closed","template":"","meta":{"footnotes":""},"class_list":["post-24775","page","type-page","status-publish","hentry"],"_links":{"self":[{"href":"https:\/\/www.espronceda.net\/ca\/wp-json\/wp\/v2\/pages\/24775","targetHints":{"allow":["GET"]}}],"collection":[{"href":"https:\/\/www.espronceda.net\/ca\/wp-json\/wp\/v2\/pages"}],"about":[{"href":"https:\/\/www.espronceda.net\/ca\/wp-json\/wp\/v2\/types\/page"}],"author":[{"embeddable":true,"href":"https:\/\/www.espronceda.net\/ca\/wp-json\/wp\/v2\/users\/1"}],"replies":[{"embeddable":true,"href":"https:\/\/www.espronceda.net\/ca\/wp-json\/wp\/v2\/comments?post=24775"}],"version-history":[{"count":4,"href":"https:\/\/www.espronceda.net\/ca\/wp-json\/wp\/v2\/pages\/24775\/revisions"}],"predecessor-version":[{"id":25300,"href":"https:\/\/www.espronceda.net\/ca\/wp-json\/wp\/v2\/pages\/24775\/revisions\/25300"}],"wp:attachment":[{"href":"https:\/\/www.espronceda.net\/ca\/wp-json\/wp\/v2\/media?parent=24775"}],"curies":[{"name":"wp","href":"https:\/\/api.w.org\/{rel}","templated":true}]}}