{"id":24901,"date":"2021-12-14T22:35:11","date_gmt":"2021-12-14T21:35:11","guid":{"rendered":"https:\/\/www.espronceda.net\/erasmus-eu-project\/"},"modified":"2023-03-28T18:05:05","modified_gmt":"2023-03-28T16:05:05","slug":"erasmus-eu-project","status":"publish","type":"page","link":"https:\/\/www.espronceda.net\/ca\/erasmus-eu-project\/","title":{"rendered":"PALKONNECT"},"content":{"rendered":"<h2><\/h2>\n<p>&nbsp;<\/p>\n<p>&nbsp;<\/p>\n<p>&nbsp;<\/p>\n<h2 style=\"text-align: center;\"><span style=\"color: #000000;\"><strong>EMPOWERMENT OF SOCIAL INCLUSION GROUPS THROUGH CREATIVITY &amp; CULTURAL WORKS<\/strong><\/span><\/h2>\n<p>&nbsp;<\/p>\n<p><img loading=\"lazy\" decoding=\"async\" class=\"aligncenter size-medium wp-image-22090\" src=\"https:\/\/www.espronceda.net\/wp-content\/uploads\/2021\/12\/PalKonnect-logo-transparent-1-300x161.png\" alt=\"\" width=\"300\" height=\"161\" srcset=\"https:\/\/www.espronceda.net\/wp-content\/uploads\/2021\/12\/PalKonnect-logo-transparent-1-300x161.png 300w, https:\/\/www.espronceda.net\/wp-content\/uploads\/2021\/12\/PalKonnect-logo-transparent-1-768x412.png 768w, https:\/\/www.espronceda.net\/wp-content\/uploads\/2021\/12\/PalKonnect-logo-transparent-1.png 931w\" sizes=\"auto, (max-width: 300px) 100vw, 300px\" \/><\/p>\n<p><strong>\u00a0<\/strong><\/p>\n<p><span style=\"color: #3366ff;\"><strong>EU CALL<\/strong><\/span><\/p>\n<p class=\"p1\">PAL Konnect \u2013 Apoderament dels grups d&#8217;inclusi\u00f3 social a trav\u00e9s de la creativitat i les obres culturals (2020-1-CZ01-KA227-ADU-094406), un projecte que \u00e9s finan\u00e7at el 2020 per la Comissi\u00f3 Europea i Erasmus+<\/p>\n<p><span style=\"color: #3366ff;\"><strong>TIMELINE<\/strong><\/span><\/p>\n<p>2021 &#8211; 2023<\/p>\n<p>&nbsp;<\/p>\n<p><span style=\"color: #3366ff;\"><strong>PROJECT SUMMARY<\/strong><\/span><\/p>\n<p>El projecte actual PALkonnect est\u00e0 involucrant organitzacions culturals, art\u00edstiques i de recerca per estimular la consci\u00e8ncia europea i capacitar la gent de les generacions actuals i futures per respectar la inclusi\u00f3 i la diversitat i ser innovadors amb \u00e8xit en el seu entorn local. El projecte actual t\u00e9 com a objectiu donar suport a artistes de grups d&#8217;inclusi\u00f3 social per presentar i promoure les seves obres d&#8217;art en circumst\u00e0ncies posteriors al COVID-19 i inspirar la seva cooperaci\u00f3 dins dels pa\u00efsos europeus. El projecte pret\u00e9n dotar-los de les compet\u00e8ncies i habilitats innovadores necess\u00e0ries per fomentar la seva creativitat i la creaci\u00f3 de noves peces d&#8217;art. A m\u00e9s, l&#8217;objectiu principal del projecte \u00e9s millorar la promoci\u00f3 i la popularitat de la informaci\u00f3 cultural i hist\u00f2rica sobre els grups d&#8217;inclusi\u00f3 social dirigits per augmentar el coneixement p\u00fablic i el proc\u00e9s d&#8217;integraci\u00f3. Compartir la hist\u00f2ria personal i els fets hist\u00f2rics de cada grup d&#8217;inclusi\u00f3 donar\u00e0 suport al proc\u00e9s d&#8217;integraci\u00f3 i augmentar\u00e0 el coneixement p\u00fablic.<\/p>\n<p><span style=\"color: #3366ff;\"><strong>PROJECT OBJECTIVES<\/strong><\/span><\/p>\n<ul>\n<li>Introduir i examinar la situaci\u00f3 dels artistes amb antecedents d&#8217;inclusi\u00f3 social (Migrants, Refugiats, Romani, Desactivats) en les noves circumst\u00e0ncies posteriors al COVID-19<\/li>\n<li>Millorar el desenvolupament de les habilitats art\u00edstiques i les compet\u00e8ncies que reforcen la creativitat, aix\u00ed com impulsar la qualitat, la innovaci\u00f3 i el reconeixement del treball dels artistes<\/li>\n<li>Dotar els artistes de noves habilitats que ajudin a la seva capacitaci\u00f3 social i a utilitzar els temes que formen part del pla d&#8217;estudis (Programa de facilitador per a la integraci\u00f3 a trav\u00e9s de les arts)<\/li>\n<li>Avalua i pilota els coneixements, habilitats i compet\u00e8ncies adquirits a trav\u00e9s de l&#8217;aprenentatge no formal dels m\u00f2duls curr\u00edculums<\/li>\n<li>Accelerar la transformaci\u00f3 digital i l&#8217;\u00fas d&#8217;eines digitals per produir productes creatius.<\/li>\n<li>Refor\u00e7ar la cooperaci\u00f3 intersectorial i internacional centrant-se en la creativitat i la capacitaci\u00f3 art\u00edstica i refor\u00e7ant la cooperaci\u00f3 i la interconnexi\u00f3 entre organitzacions dels set pa\u00efsos de la UE socis del projecte.<\/li>\n<li>Proporciona un pla de recuperaci\u00f3 per a artistes, utilitzant una recuperaci\u00f3 m\u00e9s digital i resistent<\/li>\n<li>Dotar als treballadors culturals de capacitats per als reptes d&#8217;equitat, diversitat i inclusi\u00f3 en l&#8217;entorn d&#8217;aprenentatge.<\/li>\n<\/ul>\n<p>Els resultats del projecte seran explotables en diversos pa\u00efsos de la UE. Els materials de formaci\u00f3 descriuen una filosofia que es pot aplicar en diferents contextos, mentre que el projecte tamb\u00e9 mostra maneres, en qu\u00e8 les activitats es poden localitzar per augmentar la integraci\u00f3 dels grups d&#8217;inclusi\u00f3 social i la professionalitat dels artistes, promoure la diversitat, reduir la marginaci\u00f3 i combatre el racisme, i promoure la inclusi\u00f3 social. S&#8217;ha prestat especial atenci\u00f3 a q\u00fcestions ling\u00fc\u00edstiques com les traduccions, ja que tot el projecte pret\u00e9n promoure la diversitat.<\/p>\n<p>&nbsp;<\/p>\n<p><span style=\"color: #3366ff;\"><strong>PROJECT OUTPUT<\/strong><\/span><\/p>\n<ul>\n<li>Informe de recerca desenvolupat per identificar i analitzar les necessitats dels artistes, les compet\u00e8ncies que manquen i les eines en l&#8217;\u00e0mbit dels estudiants (artistes) i la formaci\u00f3 dels professors (treballadors culturals).<\/li>\n<li>Paquet de formaci\u00f3 per oferir als entrenadors una visi\u00f3 pr\u00e0ctica de la funci\u00f3 formativa, demostrant les millors pr\u00e0ctiques i les \u00faltimes t\u00e8cniques en la metodologia i el lliurament formatiu. El contingut del paquet Train-the-trainer (Guideline for Supporting Artists in post-COVID19 &amp; Pla de Recuperaci\u00f3).<\/li>\n<li>Esdeveniment conjunt de formaci\u00f3 del personal a curt termini: S&#8217;adre\u00e7ar\u00e0 als artistes i treballadors de l&#8217;art per preparar-los per treballar amb les sortides intel\u00b7lectuals produ\u00efdes pel projecte.<\/li>\n<li>El programa de formaci\u00f3 dels aprenents consistia en el desenvolupament de curr\u00edculums i materials i les seves proves pr\u00e0ctiques a trav\u00e9s de la formaci\u00f3 de webinars en l\u00ednia i esdeveniments locals.<\/li>\n<li>Plataforma en l\u00ednia per acollir entorns virtuals col\u00b7laboratius \u201cDigital Open Art Studio.<\/li>\n<\/ul>\n<p>&nbsp;<\/p>\n<p><span style=\"color: #3366ff;\"><strong>PARTNERS<\/strong><\/span><\/p>\n<table style=\"height: 310px;\" width=\"525\">\n<tbody>\n<tr>\n<td width=\"211\"><span style=\"color: #000000;\"><strong>PARTNER ORGANISATIONS<\/strong><\/span><\/td>\n<td width=\"128\"><span style=\"color: #000000;\"><strong>COUNTRY<\/strong><\/span><\/td>\n<\/tr>\n<tr>\n<td width=\"211\"><span style=\"color: #808080;\"><a style=\"color: #808080;\" href=\"http:\/\/www.rom-praha.cz\/\">ROM PRAHA<\/a><\/span><\/td>\n<td width=\"128\"><span style=\"color: #000000;\">Czech Republic<\/span><\/td>\n<\/tr>\n<tr>\n<td width=\"211\"><span style=\"color: #808080;\"><a style=\"color: #808080;\" href=\"https:\/\/www.oecon.gr\/en\/\">OECON<\/a><\/span><\/td>\n<td width=\"128\"><span style=\"color: #000000;\">Greece<\/span><\/td>\n<\/tr>\n<tr>\n<td width=\"211\"><span style=\"color: #808080;\">ESPRONCEDA<\/span><\/td>\n<td width=\"128\"><span style=\"color: #000000;\">Spain<\/span><\/td>\n<\/tr>\n<tr>\n<td width=\"211\"><span style=\"color: #808080;\"><a style=\"color: #808080;\" href=\"https:\/\/www.mondinsieme.org\/\">FONDAZIONE MONDINSIEME<\/a><\/span><\/td>\n<td width=\"128\"><span style=\"color: #000000;\">Italy<\/span><\/td>\n<\/tr>\n<tr>\n<td width=\"211\"><span style=\"color: #808080;\"><a style=\"color: #808080;\" href=\"https:\/\/omg.hr\/\">OPEN MEDIA GROUP<\/a><\/span><\/td>\n<td width=\"128\"><span style=\"color: #000000;\">Croatia<\/span><\/td>\n<\/tr>\n<tr>\n<td width=\"211\"><span style=\"color: #808080;\"><a style=\"color: #808080;\" href=\"https:\/\/amibrasov.ro\/?lang=en\">ASOCIATIA MERGI INAINTE<\/a><\/span><\/p>\n<p><span style=\"color: #808080;\"><a style=\"color: #808080;\" href=\"https:\/\/www.medborgarskolan.se\/\">MEDBORGARSKOLAN<\/a><\/span><\/td>\n<td width=\"128\"><span style=\"color: #000000;\">Romania<\/span><\/p>\n<p><span style=\"color: #000000;\">Sweden<\/span><\/td>\n<\/tr>\n<\/tbody>\n<\/table>\n<p>&nbsp;<\/p>\n<p><strong><span style=\"color: #3366ff;\">PROJECT CONTACTS<\/span><\/strong><\/p>\n<p><img loading=\"lazy\" decoding=\"async\" class=\"wp-image-22112 alignleft\" src=\"https:\/\/www.espronceda.net\/wp-content\/uploads\/2021\/12\/download.jpeg\" alt=\"\" width=\"28\" height=\"28\" srcset=\"https:\/\/www.espronceda.net\/wp-content\/uploads\/2021\/12\/download.jpeg 225w, https:\/\/www.espronceda.net\/wp-content\/uploads\/2021\/12\/download-150x150.jpeg 150w\" sizes=\"auto, (max-width: 28px) 100vw, 28px\" \/><\/p>\n<p><a href=\"https:\/\/instagram.com\/the_palkonnect?utm_medium=copy_link\">@the_palkonnect<\/a><\/p>\n<p><img loading=\"lazy\" decoding=\"async\" class=\"wp-image-22118 alignleft\" src=\"https:\/\/www.espronceda.net\/wp-content\/uploads\/2021\/12\/format-twitter-logo-transparent-11549680770lolovrdq8m-293x300.png\" alt=\"\" width=\"27\" height=\"28\" srcset=\"https:\/\/www.espronceda.net\/wp-content\/uploads\/2021\/12\/format-twitter-logo-transparent-11549680770lolovrdq8m-293x300.png 293w, https:\/\/www.espronceda.net\/wp-content\/uploads\/2021\/12\/format-twitter-logo-transparent-11549680770lolovrdq8m-150x150.png 150w, https:\/\/www.espronceda.net\/wp-content\/uploads\/2021\/12\/format-twitter-logo-transparent-11549680770lolovrdq8m-768x785.png 768w, https:\/\/www.espronceda.net\/wp-content\/uploads\/2021\/12\/format-twitter-logo-transparent-11549680770lolovrdq8m.png 840w\" sizes=\"auto, (max-width: 27px) 100vw, 27px\" \/><a href=\"https:\/\/twitter.com\/the_palkonnect?s=11\">@the_palkonnect<\/a><\/p>\n<p><img loading=\"lazy\" decoding=\"async\" class=\"wp-image-22121 alignleft\" src=\"https:\/\/www.espronceda.net\/wp-content\/uploads\/2021\/12\/download.png\" alt=\"\" width=\"30\" height=\"30\" srcset=\"https:\/\/www.espronceda.net\/wp-content\/uploads\/2021\/12\/download.png 225w, https:\/\/www.espronceda.net\/wp-content\/uploads\/2021\/12\/download-150x150.png 150w\" sizes=\"auto, (max-width: 30px) 100vw, 30px\" \/> <a href=\"https:\/\/www.facebook.com\/palproject2016\">@PALNetwork<\/a><\/p>\n<p><span style=\"color: #808080;\"><a style=\"color: #808080;\" href=\"http:\/\/www.palkonnect.eu\/\">www.palkonnect.eu<\/a><\/span><\/p>\n<p>&nbsp;<\/p>\n<p>&nbsp;<\/p>\n<p>&nbsp;<\/p>\n<p><span style=\"color: #008080;\">ESPRONCEDA CREDITS<\/span><\/p>\n<p>Direction: <em>Savina Tarsitano<\/em><br \/>\nProject management and researcher: <em>Alessia Gervasone<\/em><br \/>\nCommunication: <em>Renata Procopio<\/em><br \/>\nIntern researcher: <em>Olexandra Nysch<\/em><\/p>\n<p>&nbsp;<\/p>\n<p>&nbsp;<\/p>\n<p>&nbsp;<\/p>\n<p>&nbsp;<\/p>\n<p><img loading=\"lazy\" decoding=\"async\" class=\"aligncenter size-medium wp-image-22100\" src=\"https:\/\/www.espronceda.net\/wp-content\/uploads\/2021\/12\/unnamed-300x66.png\" alt=\"\" width=\"300\" height=\"66\" srcset=\"https:\/\/www.espronceda.net\/wp-content\/uploads\/2021\/12\/unnamed-300x66.png 300w, https:\/\/www.espronceda.net\/wp-content\/uploads\/2021\/12\/unnamed.png 512w\" sizes=\"auto, (max-width: 300px) 100vw, 300px\" \/><\/p>\n<p>&nbsp;<\/p>\n<p>&nbsp;<\/p>\n<p style=\"text-align: center;\"><a href=\"https:\/\/www.espronceda.net\/wp-content\/uploads\/2023\/02\/ESPRONCEDA-RECOVERY-PLAN-Short-version-5-1.pdf\">ESPRONCEDA &#8211; RECOVERY PLAN (Short version) (5) (1)<\/a><\/p>\n<p>&nbsp;<\/p>\n<p><img loading=\"lazy\" decoding=\"async\" class=\"alignnone size-thumbnail wp-image-24814\" src=\"https:\/\/www.espronceda.net\/wp-content\/uploads\/2023\/02\/ESPRONCEDA-RECOVERY-PLAN-Short-version-5-1-01-150x150.png\" alt=\"\" width=\"150\" height=\"150\" \/> <img loading=\"lazy\" decoding=\"async\" class=\"alignnone size-thumbnail wp-image-24953\" src=\"https:\/\/www.espronceda.net\/wp-content\/uploads\/2023\/02\/ESPRONCEDA-RECOVERY-PLAN-Short-version-5-1-46-150x150.png\" alt=\"\" width=\"150\" height=\"150\" \/> <img loading=\"lazy\" decoding=\"async\" class=\"alignnone size-thumbnail wp-image-24950\" src=\"https:\/\/www.espronceda.net\/wp-content\/uploads\/2023\/02\/ESPRONCEDA-RECOVERY-PLAN-Short-version-5-1-45-150x150.png\" alt=\"\" width=\"150\" height=\"150\" \/> <img loading=\"lazy\" decoding=\"async\" class=\"alignnone size-thumbnail wp-image-24947\" src=\"https:\/\/www.espronceda.net\/wp-content\/uploads\/2023\/02\/ESPRONCEDA-RECOVERY-PLAN-Short-version-5-1-44-150x150.png\" alt=\"\" width=\"150\" height=\"150\" \/> <img loading=\"lazy\" decoding=\"async\" class=\"alignnone size-thumbnail wp-image-24944\" src=\"https:\/\/www.espronceda.net\/wp-content\/uploads\/2023\/02\/ESPRONCEDA-RECOVERY-PLAN-Short-version-5-1-43-150x150.png\" alt=\"\" width=\"150\" height=\"150\" \/> <img loading=\"lazy\" decoding=\"async\" class=\"alignnone size-thumbnail wp-image-24941\" src=\"https:\/\/www.espronceda.net\/wp-content\/uploads\/2023\/02\/ESPRONCEDA-RECOVERY-PLAN-Short-version-5-1-42-150x150.png\" alt=\"\" width=\"150\" height=\"150\" \/> <img loading=\"lazy\" decoding=\"async\" class=\"alignnone size-thumbnail wp-image-24938\" src=\"https:\/\/www.espronceda.net\/wp-content\/uploads\/2023\/02\/ESPRONCEDA-RECOVERY-PLAN-Short-version-5-1-41-150x150.png\" alt=\"\" width=\"150\" height=\"150\" \/> <img loading=\"lazy\" decoding=\"async\" class=\"alignnone size-thumbnail wp-image-24935\" src=\"https:\/\/www.espronceda.net\/wp-content\/uploads\/2023\/02\/ESPRONCEDA-RECOVERY-PLAN-Short-version-5-1-40-150x150.png\" alt=\"\" width=\"150\" height=\"150\" \/> <img loading=\"lazy\" decoding=\"async\" class=\"alignnone size-thumbnail wp-image-24932\" src=\"https:\/\/www.espronceda.net\/wp-content\/uploads\/2023\/02\/ESPRONCEDA-RECOVERY-PLAN-Short-version-5-1-39-150x150.png\" alt=\"\" width=\"150\" height=\"150\" \/> <img loading=\"lazy\" decoding=\"async\" class=\"alignnone size-thumbnail wp-image-24929\" src=\"https:\/\/www.espronceda.net\/wp-content\/uploads\/2023\/02\/ESPRONCEDA-RECOVERY-PLAN-Short-version-5-1-38-150x150.png\" alt=\"\" width=\"150\" height=\"150\" \/> <img loading=\"lazy\" decoding=\"async\" class=\"alignnone size-thumbnail wp-image-24926\" src=\"https:\/\/www.espronceda.net\/wp-content\/uploads\/2023\/02\/ESPRONCEDA-RECOVERY-PLAN-Short-version-5-1-37-150x150.png\" alt=\"\" width=\"150\" height=\"150\" \/> <img loading=\"lazy\" decoding=\"async\" class=\"alignnone size-thumbnail wp-image-24923\" src=\"https:\/\/www.espronceda.net\/wp-content\/uploads\/2023\/02\/ESPRONCEDA-RECOVERY-PLAN-Short-version-5-1-36-150x150.png\" alt=\"\" width=\"150\" height=\"150\" \/> <img loading=\"lazy\" decoding=\"async\" class=\"alignnone size-thumbnail wp-image-24920\" src=\"https:\/\/www.espronceda.net\/wp-content\/uploads\/2023\/02\/ESPRONCEDA-RECOVERY-PLAN-Short-version-5-1-35-150x150.png\" alt=\"\" width=\"150\" height=\"150\" \/> <img loading=\"lazy\" decoding=\"async\" class=\"alignnone size-thumbnail wp-image-24917\" src=\"https:\/\/www.espronceda.net\/wp-content\/uploads\/2023\/02\/ESPRONCEDA-RECOVERY-PLAN-Short-version-5-1-34-150x150.png\" alt=\"\" width=\"150\" height=\"150\" \/> <img loading=\"lazy\" decoding=\"async\" class=\"alignnone size-thumbnail wp-image-24914\" src=\"https:\/\/www.espronceda.net\/wp-content\/uploads\/2023\/02\/ESPRONCEDA-RECOVERY-PLAN-Short-version-5-1-33-150x150.png\" alt=\"\" width=\"150\" height=\"150\" \/> <img loading=\"lazy\" decoding=\"async\" class=\"alignnone size-thumbnail wp-image-24911\" src=\"https:\/\/www.espronceda.net\/wp-content\/uploads\/2023\/02\/ESPRONCEDA-RECOVERY-PLAN-Short-version-5-1-32-150x150.png\" alt=\"\" width=\"150\" height=\"150\" \/> <img loading=\"lazy\" decoding=\"async\" class=\"alignnone size-thumbnail wp-image-24908\" src=\"https:\/\/www.espronceda.net\/wp-content\/uploads\/2023\/02\/ESPRONCEDA-RECOVERY-PLAN-Short-version-5-1-31-150x150.png\" alt=\"\" width=\"150\" height=\"150\" \/> <img loading=\"lazy\" decoding=\"async\" class=\"alignnone size-thumbnail wp-image-24905\" src=\"https:\/\/www.espronceda.net\/wp-content\/uploads\/2023\/02\/ESPRONCEDA-RECOVERY-PLAN-Short-version-5-1-30-150x150.png\" alt=\"\" width=\"150\" height=\"150\" \/> <img loading=\"lazy\" decoding=\"async\" class=\"alignnone size-thumbnail wp-image-24898\" src=\"https:\/\/www.espronceda.net\/wp-content\/uploads\/2023\/02\/ESPRONCEDA-RECOVERY-PLAN-Short-version-5-1-29-150x150.png\" alt=\"\" width=\"150\" height=\"150\" \/> <img loading=\"lazy\" decoding=\"async\" class=\"alignnone size-thumbnail wp-image-24895\" src=\"https:\/\/www.espronceda.net\/wp-content\/uploads\/2023\/02\/ESPRONCEDA-RECOVERY-PLAN-Short-version-5-1-28-150x150.png\" alt=\"\" width=\"150\" height=\"150\" \/> <img loading=\"lazy\" decoding=\"async\" class=\"alignnone size-thumbnail wp-image-24892\" src=\"https:\/\/www.espronceda.net\/wp-content\/uploads\/2023\/02\/ESPRONCEDA-RECOVERY-PLAN-Short-version-5-1-27-150x150.png\" alt=\"\" width=\"150\" height=\"150\" \/> <img loading=\"lazy\" decoding=\"async\" class=\"alignnone size-thumbnail wp-image-24889\" src=\"https:\/\/www.espronceda.net\/wp-content\/uploads\/2023\/02\/ESPRONCEDA-RECOVERY-PLAN-Short-version-5-1-26-150x150.png\" alt=\"\" width=\"150\" height=\"150\" \/> <img loading=\"lazy\" decoding=\"async\" class=\"alignnone size-thumbnail wp-image-24886\" src=\"https:\/\/www.espronceda.net\/wp-content\/uploads\/2023\/02\/ESPRONCEDA-RECOVERY-PLAN-Short-version-5-1-25-150x150.png\" alt=\"\" width=\"150\" height=\"150\" \/> <img loading=\"lazy\" decoding=\"async\" class=\"alignnone size-thumbnail wp-image-24883\" src=\"https:\/\/www.espronceda.net\/wp-content\/uploads\/2023\/02\/ESPRONCEDA-RECOVERY-PLAN-Short-version-5-1-24-150x150.png\" alt=\"\" width=\"150\" height=\"150\" \/> <img loading=\"lazy\" decoding=\"async\" class=\"alignnone size-thumbnail wp-image-24880\" src=\"https:\/\/www.espronceda.net\/wp-content\/uploads\/2023\/02\/ESPRONCEDA-RECOVERY-PLAN-Short-version-5-1-23-150x150.png\" alt=\"\" width=\"150\" height=\"150\" \/> <img loading=\"lazy\" decoding=\"async\" class=\"alignnone size-thumbnail wp-image-24877\" src=\"https:\/\/www.espronceda.net\/wp-content\/uploads\/2023\/02\/ESPRONCEDA-RECOVERY-PLAN-Short-version-5-1-22-150x150.png\" alt=\"\" width=\"150\" height=\"150\" \/> <img loading=\"lazy\" decoding=\"async\" class=\"alignnone size-thumbnail wp-image-24874\" src=\"https:\/\/www.espronceda.net\/wp-content\/uploads\/2023\/02\/ESPRONCEDA-RECOVERY-PLAN-Short-version-5-1-21-150x150.png\" alt=\"\" width=\"150\" height=\"150\" \/> <img loading=\"lazy\" decoding=\"async\" class=\"alignnone size-thumbnail wp-image-24871\" src=\"https:\/\/www.espronceda.net\/wp-content\/uploads\/2023\/02\/ESPRONCEDA-RECOVERY-PLAN-Short-version-5-1-20-150x150.png\" alt=\"\" width=\"150\" height=\"150\" \/> <img loading=\"lazy\" decoding=\"async\" class=\"alignnone size-thumbnail wp-image-24868\" src=\"https:\/\/www.espronceda.net\/wp-content\/uploads\/2023\/02\/ESPRONCEDA-RECOVERY-PLAN-Short-version-5-1-19-150x150.png\" alt=\"\" width=\"150\" height=\"150\" \/> <img loading=\"lazy\" decoding=\"async\" class=\"alignnone size-thumbnail wp-image-24865\" src=\"https:\/\/www.espronceda.net\/wp-content\/uploads\/2023\/02\/ESPRONCEDA-RECOVERY-PLAN-Short-version-5-1-18-150x150.png\" alt=\"\" width=\"150\" height=\"150\" \/> <img loading=\"lazy\" decoding=\"async\" class=\"alignnone size-thumbnail wp-image-24862\" src=\"https:\/\/www.espronceda.net\/wp-content\/uploads\/2023\/02\/ESPRONCEDA-RECOVERY-PLAN-Short-version-5-1-17-150x150.png\" alt=\"\" width=\"150\" height=\"150\" \/> <img loading=\"lazy\" decoding=\"async\" class=\"alignnone size-thumbnail wp-image-24859\" src=\"https:\/\/www.espronceda.net\/wp-content\/uploads\/2023\/02\/ESPRONCEDA-RECOVERY-PLAN-Short-version-5-1-16-150x150.png\" alt=\"\" width=\"150\" height=\"150\" \/> <img loading=\"lazy\" decoding=\"async\" class=\"alignnone size-thumbnail wp-image-24856\" src=\"https:\/\/www.espronceda.net\/wp-content\/uploads\/2023\/02\/ESPRONCEDA-RECOVERY-PLAN-Short-version-5-1-15-150x150.png\" alt=\"\" width=\"150\" height=\"150\" \/> <img loading=\"lazy\" decoding=\"async\" class=\"alignnone size-thumbnail wp-image-24853\" src=\"https:\/\/www.espronceda.net\/wp-content\/uploads\/2023\/02\/ESPRONCEDA-RECOVERY-PLAN-Short-version-5-1-14-150x150.png\" alt=\"\" width=\"150\" height=\"150\" \/> <img loading=\"lazy\" decoding=\"async\" class=\"alignnone size-thumbnail wp-image-24850\" src=\"https:\/\/www.espronceda.net\/wp-content\/uploads\/2023\/02\/ESPRONCEDA-RECOVERY-PLAN-Short-version-5-1-13-150x150.png\" alt=\"\" width=\"150\" height=\"150\" \/> <img loading=\"lazy\" decoding=\"async\" class=\"alignnone size-thumbnail wp-image-24847\" src=\"https:\/\/www.espronceda.net\/wp-content\/uploads\/2023\/02\/ESPRONCEDA-RECOVERY-PLAN-Short-version-5-1-12-150x150.png\" alt=\"\" width=\"150\" height=\"150\" \/> <img loading=\"lazy\" decoding=\"async\" class=\"alignnone size-thumbnail wp-image-24844\" src=\"https:\/\/www.espronceda.net\/wp-content\/uploads\/2023\/02\/ESPRONCEDA-RECOVERY-PLAN-Short-version-5-1-11-150x150.png\" alt=\"\" width=\"150\" height=\"150\" \/> <img loading=\"lazy\" decoding=\"async\" class=\"alignnone size-thumbnail wp-image-24841\" src=\"https:\/\/www.espronceda.net\/wp-content\/uploads\/2023\/02\/ESPRONCEDA-RECOVERY-PLAN-Short-version-5-1-10-150x150.png\" alt=\"\" width=\"150\" height=\"150\" \/> <img loading=\"lazy\" decoding=\"async\" class=\"alignnone size-thumbnail wp-image-24838\" src=\"https:\/\/www.espronceda.net\/wp-content\/uploads\/2023\/02\/ESPRONCEDA-RECOVERY-PLAN-Short-version-5-1-09-150x150.png\" alt=\"\" width=\"150\" height=\"150\" \/> <img loading=\"lazy\" decoding=\"async\" class=\"alignnone size-thumbnail wp-image-24835\" src=\"https:\/\/www.espronceda.net\/wp-content\/uploads\/2023\/02\/ESPRONCEDA-RECOVERY-PLAN-Short-version-5-1-08-150x150.png\" alt=\"\" width=\"150\" height=\"150\" \/> <img loading=\"lazy\" decoding=\"async\" class=\"alignnone size-thumbnail wp-image-24832\" src=\"https:\/\/www.espronceda.net\/wp-content\/uploads\/2023\/02\/ESPRONCEDA-RECOVERY-PLAN-Short-version-5-1-07-150x150.png\" alt=\"\" width=\"150\" height=\"150\" \/> <img loading=\"lazy\" decoding=\"async\" class=\"alignnone size-thumbnail wp-image-24829\" src=\"https:\/\/www.espronceda.net\/wp-content\/uploads\/2023\/02\/ESPRONCEDA-RECOVERY-PLAN-Short-version-5-1-06-150x150.png\" alt=\"\" width=\"150\" height=\"150\" \/> <img loading=\"lazy\" decoding=\"async\" class=\"alignnone size-thumbnail wp-image-24826\" src=\"https:\/\/www.espronceda.net\/wp-content\/uploads\/2023\/02\/ESPRONCEDA-RECOVERY-PLAN-Short-version-5-1-05-150x150.png\" alt=\"\" width=\"150\" height=\"150\" \/> <img loading=\"lazy\" decoding=\"async\" class=\"alignnone size-thumbnail wp-image-24823\" src=\"https:\/\/www.espronceda.net\/wp-content\/uploads\/2023\/02\/ESPRONCEDA-RECOVERY-PLAN-Short-version-5-1-04-150x150.png\" alt=\"\" width=\"150\" height=\"150\" \/> <img loading=\"lazy\" decoding=\"async\" class=\"alignnone size-thumbnail wp-image-24820\" src=\"https:\/\/www.espronceda.net\/wp-content\/uploads\/2023\/02\/ESPRONCEDA-RECOVERY-PLAN-Short-version-5-1-03-150x150.png\" alt=\"\" width=\"150\" height=\"150\" \/> <img loading=\"lazy\" decoding=\"async\" class=\"alignnone size-thumbnail wp-image-24817\" src=\"https:\/\/www.espronceda.net\/wp-content\/uploads\/2023\/02\/ESPRONCEDA-RECOVERY-PLAN-Short-version-5-1-02-150x150.png\" alt=\"\" width=\"150\" height=\"150\" \/><\/p>\n","protected":false},"excerpt":{"rendered":"<p>&nbsp; &nbsp; &nbsp; EMPOWERMENT OF SOCIAL INCLUSION GROUPS THROUGH CREATIVITY &amp; CULTURAL WORKS &nbsp; \u00a0 EU CALL PAL Konnect \u2013 Apoderament dels grups d&#8217;inclusi\u00f3 social a trav\u00e9s de la creativitat i les obres culturals (2020-1-CZ01-KA227-ADU-094406), un projecte que \u00e9s finan\u00e7at el 2020 per la Comissi\u00f3 Europea i Erasmus+ TIMELINE 2021 &#8211; 2023 &nbsp; PROJECT SUMMARY El projecte actual PALkonnect est\u00e0 [&hellip;]<\/p>\n","protected":false},"author":1,"featured_media":0,"parent":0,"menu_order":0,"comment_status":"closed","ping_status":"closed","template":"","meta":{"footnotes":""},"class_list":["post-24901","page","type-page","status-publish","hentry"],"_links":{"self":[{"href":"https:\/\/www.espronceda.net\/ca\/wp-json\/wp\/v2\/pages\/24901","targetHints":{"allow":["GET"]}}],"collection":[{"href":"https:\/\/www.espronceda.net\/ca\/wp-json\/wp\/v2\/pages"}],"about":[{"href":"https:\/\/www.espronceda.net\/ca\/wp-json\/wp\/v2\/types\/page"}],"author":[{"embeddable":true,"href":"https:\/\/www.espronceda.net\/ca\/wp-json\/wp\/v2\/users\/1"}],"replies":[{"embeddable":true,"href":"https:\/\/www.espronceda.net\/ca\/wp-json\/wp\/v2\/comments?post=24901"}],"version-history":[{"count":3,"href":"https:\/\/www.espronceda.net\/ca\/wp-json\/wp\/v2\/pages\/24901\/revisions"}],"predecessor-version":[{"id":25295,"href":"https:\/\/www.espronceda.net\/ca\/wp-json\/wp\/v2\/pages\/24901\/revisions\/25295"}],"wp:attachment":[{"href":"https:\/\/www.espronceda.net\/ca\/wp-json\/wp\/v2\/media?parent=24901"}],"curies":[{"name":"wp","href":"https:\/\/api.w.org\/{rel}","templated":true}]}}