{"id":24959,"date":"2022-08-29T03:02:08","date_gmt":"2022-08-29T01:02:08","guid":{"rendered":"https:\/\/www.espronceda.net\/westeam\/"},"modified":"2023-04-14T12:17:54","modified_gmt":"2023-04-14T10:17:54","slug":"westeam","status":"publish","type":"page","link":"https:\/\/www.espronceda.net\/ca\/westeam\/","title":{"rendered":"WeSTEAM"},"content":{"rendered":"<h2><strong>WeSTEAM <b>&#8211; Empowering women in STEM through Art Thinking<\/b><\/strong><\/h2>\n<p>&nbsp;<\/p>\n<p>&nbsp;<\/p>\n<p><a href=\"https:\/\/www.espronceda.net\/wp-content\/uploads\/2022\/08\/WeSTEAM_Logo_Gradient_CMYK.jpg\"><img loading=\"lazy\" decoding=\"async\" class=\"aligncenter size-medium wp-image-23524\" src=\"https:\/\/www.espronceda.net\/wp-content\/uploads\/2022\/08\/WeSTEAM_Logo_Gradient_CMYK-300x69.jpg\" alt=\"\" width=\"300\" height=\"69\" srcset=\"https:\/\/www.espronceda.net\/wp-content\/uploads\/2022\/08\/WeSTEAM_Logo_Gradient_CMYK-300x69.jpg 300w, https:\/\/www.espronceda.net\/wp-content\/uploads\/2022\/08\/WeSTEAM_Logo_Gradient_CMYK-1024x235.jpg 1024w, https:\/\/www.espronceda.net\/wp-content\/uploads\/2022\/08\/WeSTEAM_Logo_Gradient_CMYK-768x177.jpg 768w, https:\/\/www.espronceda.net\/wp-content\/uploads\/2022\/08\/WeSTEAM_Logo_Gradient_CMYK-1536x353.jpg 1536w, https:\/\/www.espronceda.net\/wp-content\/uploads\/2022\/08\/WeSTEAM_Logo_Gradient_CMYK-2048x471.jpg 2048w, https:\/\/www.espronceda.net\/wp-content\/uploads\/2022\/08\/WeSTEAM_Logo_Gradient_CMYK-1280x294.jpg 1280w\" sizes=\"auto, (max-width: 300px) 100vw, 300px\" \/><\/a><\/p>\n<p>&nbsp;<\/p>\n<p><strong>TIMELINE<\/strong><br \/>\nEl projecte dura 24 mesos fins a l&#8217;1 de gener de 2024<\/p>\n<p>&nbsp;<\/p>\n<p><strong>PROJECT PARTNERS<\/strong><\/p>\n<p><a href=\"https:\/\/www.instagram.com\/arselectronica\"><span style=\"font-weight: 400;\">Ars Electronica<\/span><\/a><\/p>\n<p><a href=\"https:\/\/www.instagram.com\/cmeducations\"><span style=\"font-weight: 400;\">Changemaker Educations<\/span><\/a><\/p>\n<p><a href=\"https:\/\/www.instagram.com\/esproncedabcn\/\"><span style=\"font-weight: 400;\">Espronceda Institute of Art &amp; Culture<\/span><\/a><\/p>\n<p><a href=\"https:\/\/www.instagram.com\/luleatekniskauniversitet\/?hl=en\"><span style=\"font-weight: 400;\">Lule\u00e5 University of Technology<\/span><\/a><\/p>\n<p><a href=\"https:\/\/www.instagram.com\/explore\/locations\/504918212900173\/sineglossa-creative-ground?hl=en\"><span style=\"font-weight: 400;\">Sineglossa<\/span><\/a><\/p>\n<p>&nbsp;<\/p>\n<p><strong>PROJECT SUMMARY<\/strong><\/p>\n<div class=\"traductor-textarea form-group\">\n<div class=\"textarea-desti col-xs-12 col-sm-6\">\n<div class=\"form-control second-textarea\">\n<p>Finan\u00e7at per la Uni\u00f3 Europea sota ERASMUS+, WeSTEAM va ser iniciat per la Universitat Tecnol\u00f2gica de Lule., Changemaker Educations, Sineglossa, Espronceda i Ars Electronica.<\/p>\n<p>Malgrat els grans esfor\u00e7os realitzats per les pol\u00edtiques i projectes europeus, i per les pol\u00edtiques i projectes a escala nacional i local, s&#8217;estima que la taxa de participaci\u00f3 de les dones en comparaci\u00f3 amb els homes en les tecnologies de la informaci\u00f3 i la comunicaci\u00f3 inclou una taxa molt inferior.<\/p>\n<p>Per tant, l&#8217;enfocament del programa STEAM (Ci\u00e8ncia &#8211; Tecnologia &#8211; Enginyeria &#8211; Art &#8211; Matem\u00e0tiques) pot ser una estrat\u00e8gia clau per fer els cursos STEM m\u00e9s atractius per a les dones.<\/p>\n<p>WeSTEAM t\u00e9 com a objectiu desenvolupar, provar i difondre una metodologia basada en l&#8217;enfocament de STEAM per millorar les habilitats del pensament art\u00edstic de les estudiants que participen en carreres STEM per tal de:<\/p>\n<\/div>\n<div><\/div>\n<ul>\n<li>Apoderar les dones estudiants STEM per augmentar les seves oportunitats d&#8217;ocupaci\u00f3 en llocs de treball d&#8217;alt nivell en el mercat laboral de les TIC un cop es graduin.<\/li>\n<li>Augmenta l&#8217;atractiu dels cursos STEM per a les dones.<\/li>\n<\/ul>\n<\/div>\n<\/div>\n<div class=\"traductor-checkbox form-group\">\n<div id=\"message_info\" class=\"panel-body alert alert-warning bg-success text-success\" role=\"alert\"><button class=\"close\" type=\"button\" aria-label=\"Close\"><span aria-hidden=\"true\">\u00d7<\/span><\/button><\/div>\n<\/div>\n<p>&nbsp;<\/p>\n<p><strong>PROJECT OBJECTIVES<\/strong><\/p>\n<p>Els objectius espec\u00edfics del projecte WeSTEAM s\u00f3n:<\/p>\n<ul>\n<li>Dissenyar i difondre un marc de refer\u00e8ncia per avaluar la capacitat de pensament art\u00edstic de les dones STEM. Aix\u00f2 permetr\u00e0 als estudiants prendre consci\u00e8ncia de les habilitats que necessiten per a complementar els seus plans d&#8217;estudis d&#8217;acord amb un enfocament din\u00e0mic.<\/li>\n<li>Dissenyar i difondre una metodologia formativa que utilitzin els professors STEM en les seves activitats docents o els propis estudiants per millorar, a trav\u00e9s d&#8217;un conjunt d&#8217;eines formatives, la seva capacitat de pensament art\u00edstic.<\/li>\n<li>Dissenyar i difondre un joc educatiu basat en VR per millorar la capacitat de pensament art\u00edstic de les dones estudiants STEM d&#8217;una manera interactiva i atractiva.<\/li>\n<li>Creeu un sistema de certificaci\u00f3, d&#8217;acord amb els marcs de qualificaci\u00f3 nacionals i de la UE, per al reconeixement i la certificaci\u00f3 de les habilitats del pensament art\u00edstic. Aix\u00f2 permetr\u00e0 a les dones estudiants de STEM demostrar les seves habilitats i comunicar-les quan sol\u00b7licitin m\u00e9s aprenentatge o llocs de treball en tota Europa.<\/li>\n<\/ul>\n<h3><\/h3>\n<p>Podeu baixar el projecte de documents aqu\u00ed:<\/p>\n<p style=\"text-align: left;\"><em><strong><a href=\"https:\/\/www.espronceda.net\/wp-content\/uploads\/2023\/02\/weSTEAM_skills_framework.pdf\">weSTEAM_skills_framework\u00a0<\/a><\/strong><\/em><\/p>\n<p>WeSteam Skills marc destinat a enfortir i avaluar la capacitat de pensament art\u00edstic de les dones d&#8217;estudiants STEM.<\/p>\n<p>&nbsp;<\/p>\n<p><strong>ESPRONCEDA CREDITS<\/strong><\/p>\n<p>Project management and researcher: Alessia Gervasone<\/p>\n<p>Intern Researcher: Liza Adamkuch\/Bianca L\u00f3pez<br \/>\nCommunication: Renata Proc\u00f3pio<\/p>\n<p>&nbsp;<\/p>\n<p>&nbsp;<\/p>\n<p>&nbsp;<\/p>\n<p><img loading=\"lazy\" decoding=\"async\" class=\"aligncenter size-medium wp-image-22100\" src=\"https:\/\/www.espronceda.net\/wp-content\/uploads\/2021\/12\/unnamed-300x66.png\" sizes=\"auto, (max-width: 300px) 100vw, 300px\" srcset=\"https:\/\/www.espronceda.net\/wp-content\/uploads\/2021\/12\/unnamed-300x66.png 300w, https:\/\/www.espronceda.net\/wp-content\/uploads\/2021\/12\/unnamed.png 512w\" alt=\"\" width=\"300\" height=\"66\" \/><\/p>\n<p>&nbsp;<\/p>\n<p>&nbsp;<\/p>\n","protected":false},"excerpt":{"rendered":"<p>WeSTEAM &#8211; Empowering women in STEM through Art Thinking &nbsp; &nbsp; &nbsp; TIMELINE El projecte dura 24 mesos fins a l&#8217;1 de gener de 2024 &nbsp; PROJECT PARTNERS Ars Electronica Changemaker Educations Espronceda Institute of Art &amp; Culture Lule\u00e5 University of Technology Sineglossa &nbsp; PROJECT SUMMARY Finan\u00e7at per la Uni\u00f3 Europea sota ERASMUS+, WeSTEAM va ser iniciat per la Universitat [&hellip;]<\/p>\n","protected":false},"author":1,"featured_media":0,"parent":0,"menu_order":0,"comment_status":"closed","ping_status":"closed","template":"","meta":{"footnotes":""},"class_list":["post-24959","page","type-page","status-publish","hentry"],"_links":{"self":[{"href":"https:\/\/www.espronceda.net\/ca\/wp-json\/wp\/v2\/pages\/24959","targetHints":{"allow":["GET"]}}],"collection":[{"href":"https:\/\/www.espronceda.net\/ca\/wp-json\/wp\/v2\/pages"}],"about":[{"href":"https:\/\/www.espronceda.net\/ca\/wp-json\/wp\/v2\/types\/page"}],"author":[{"embeddable":true,"href":"https:\/\/www.espronceda.net\/ca\/wp-json\/wp\/v2\/users\/1"}],"replies":[{"embeddable":true,"href":"https:\/\/www.espronceda.net\/ca\/wp-json\/wp\/v2\/comments?post=24959"}],"version-history":[{"count":6,"href":"https:\/\/www.espronceda.net\/ca\/wp-json\/wp\/v2\/pages\/24959\/revisions"}],"predecessor-version":[{"id":25380,"href":"https:\/\/www.espronceda.net\/ca\/wp-json\/wp\/v2\/pages\/24959\/revisions\/25380"}],"wp:attachment":[{"href":"https:\/\/www.espronceda.net\/ca\/wp-json\/wp\/v2\/media?parent=24959"}],"curies":[{"name":"wp","href":"https:\/\/api.w.org\/{rel}","templated":true}]}}