{"id":25227,"date":"2021-01-28T11:22:23","date_gmt":"2021-01-28T10:22:23","guid":{"rendered":"https:\/\/www.espronceda.net\/real-in\/"},"modified":"2023-03-28T17:24:33","modified_gmt":"2023-03-28T15:24:33","slug":"real-in","status":"publish","type":"page","link":"https:\/\/www.espronceda.net\/ca\/real-in\/","title":{"rendered":"REAL IN"},"content":{"rendered":"<p><img loading=\"lazy\" decoding=\"async\" class=\"aligncenter wp-image-19767 size-large\" src=\"https:\/\/www.espronceda.net\/wp-content\/uploads\/2021\/01\/MEET_realin_concept1-1-1024x576.jpg\" alt=\"\" width=\"1024\" height=\"576\" srcset=\"https:\/\/www.espronceda.net\/wp-content\/uploads\/2021\/01\/MEET_realin_concept1-1-1024x576.jpg 1024w, https:\/\/www.espronceda.net\/wp-content\/uploads\/2021\/01\/MEET_realin_concept1-1-300x169.jpg 300w, https:\/\/www.espronceda.net\/wp-content\/uploads\/2021\/01\/MEET_realin_concept1-1-768x432.jpg 768w, https:\/\/www.espronceda.net\/wp-content\/uploads\/2021\/01\/MEET_realin_concept1-1-1536x864.jpg 1536w, https:\/\/www.espronceda.net\/wp-content\/uploads\/2021\/01\/MEET_realin_concept1-1-2048x1152.jpg 2048w, https:\/\/www.espronceda.net\/wp-content\/uploads\/2021\/01\/MEET_realin_concept1-1-1280x720.jpg 1280w\" sizes=\"auto, (max-width: 1024px) 100vw, 1024px\" \/><\/p>\n<div>\n<p>&nbsp;<\/p>\n<section class=\"vc_row wpb_row vc_row-fluid liquid-row-shadowbox-6422e3f22f7b4\">\n<div class=\"ld-container container\">\n<div class=\"row ld-row\">\n<div class=\"wpb_column vc_column_container vc_col-sm-9 liquid-column-6422e3f230277\">\n<div class=\"vc_column-inner\">\n<div class=\"wpb_wrapper \">\n<div class=\"wpb_wrapper-inner\">\n<div class=\"wpb_text_column wpb_content_element \">\n<div class=\"wpb_wrapper\">\n<p>ESPRONCEDA &#8211; Institut d&#8217;Art i Cultura, comen\u00e7a el 2021 amb un nou projecte europeu, REAL-IN, finan\u00e7at pel programa Creative Europe Media.<\/p>\n<p><strong>EU CALL<br \/>\n<\/strong>Creative Europe<\/p>\n<p><strong>TIMELINE<br \/>\n<\/strong>2021 \u2013 2022<\/p>\n<p><strong>DESCRIPTION<\/strong><br \/>\nEl REAL-IN t\u00e9 com a objectiu l&#8217;exploraci\u00f3 de l&#8217;encreuament de camins de sectors culturals, audiovisuals i creatius per a propostes immersives i interactives, aprofitant les tecnologies d&#8217;escaneig 3D combinades amb XR. Construirem un parc infantil per a la creaci\u00f3 de prototips d&#8217;escenaris col\u00b7lectius per impulsar nous enfocaments participatius i experi\u00e8ncies innovadores d&#8217;usuaris per a les ind\u00fastries creatives i culturals i les seves audi\u00e8ncies. El REAL-IN activar\u00e0 sinergies multidisciplin\u00e0ries en un proc\u00e9s de cocreaci\u00f3 entre creatius, codificadors, ind\u00fastries creatives, amb el resultat de trencar SILOS entre sectors creatius.<\/p>\n<p><strong>PARTNERS<\/strong><br \/>\nREAL-IN \u00e9s una alian\u00e7a formada per 2 grans festivals de la UE (La Manufacture\/Estrella d&#8217;Arts Visuals i Disseny Interactiu a Hamburg), 2 institucions culturals innovadores en 2 grans ciutats europees i esdeveniments mundials classificats en ind\u00fastries creatives (MEET Digital Culture Center a Mil\u00e0, Espronceda, Institut d&#8217;Art i Cultura, a Barcelona), i una premiada empresa de tecnologia audiovisual Black Euphoria situada en un dels principals centres audiovisuals europeus a Marsella.<\/p>\n<p><strong>WEBSITE<\/strong><br \/>\n<a href=\"http:\/\/real-in.eu\/\">http:\/\/real-in.eu\/<\/a><\/p>\n<\/div>\n<\/div>\n<\/div>\n<\/div>\n<\/div>\n<\/div>\n<\/div>\n<\/div>\n<\/section>\n<\/div>\n","protected":false},"excerpt":{"rendered":"<p>&nbsp; ESPRONCEDA &#8211; Institut d&#8217;Art i Cultura, comen\u00e7a el 2021 amb un nou projecte europeu, REAL-IN, finan\u00e7at pel programa Creative Europe Media. EU CALL Creative Europe TIMELINE 2021 \u2013 2022 DESCRIPTION El REAL-IN t\u00e9 com a objectiu l&#8217;exploraci\u00f3 de l&#8217;encreuament de camins de sectors culturals, audiovisuals i creatius per a propostes immersives i interactives, aprofitant les tecnologies d&#8217;escaneig 3D combinades [&hellip;]<\/p>\n","protected":false},"author":1,"featured_media":0,"parent":0,"menu_order":0,"comment_status":"closed","ping_status":"closed","template":"","meta":{"footnotes":""},"class_list":["post-25227","page","type-page","status-publish","hentry"],"_links":{"self":[{"href":"https:\/\/www.espronceda.net\/ca\/wp-json\/wp\/v2\/pages\/25227","targetHints":{"allow":["GET"]}}],"collection":[{"href":"https:\/\/www.espronceda.net\/ca\/wp-json\/wp\/v2\/pages"}],"about":[{"href":"https:\/\/www.espronceda.net\/ca\/wp-json\/wp\/v2\/types\/page"}],"author":[{"embeddable":true,"href":"https:\/\/www.espronceda.net\/ca\/wp-json\/wp\/v2\/users\/1"}],"replies":[{"embeddable":true,"href":"https:\/\/www.espronceda.net\/ca\/wp-json\/wp\/v2\/comments?post=25227"}],"version-history":[{"count":2,"href":"https:\/\/www.espronceda.net\/ca\/wp-json\/wp\/v2\/pages\/25227\/revisions"}],"predecessor-version":[{"id":25232,"href":"https:\/\/www.espronceda.net\/ca\/wp-json\/wp\/v2\/pages\/25227\/revisions\/25232"}],"wp:attachment":[{"href":"https:\/\/www.espronceda.net\/ca\/wp-json\/wp\/v2\/media?parent=25227"}],"curies":[{"name":"wp","href":"https:\/\/api.w.org\/{rel}","templated":true}]}}