{"id":25284,"date":"2021-10-25T11:29:35","date_gmt":"2021-10-25T09:29:35","guid":{"rendered":"https:\/\/www.espronceda.net\/projectes\/olea\/"},"modified":"2023-03-28T17:54:10","modified_gmt":"2023-03-28T15:54:10","slug":"olea","status":"publish","type":"page","link":"https:\/\/www.espronceda.net\/ca\/projectes\/olea\/","title":{"rendered":"OLEA"},"content":{"rendered":"<p><img loading=\"lazy\" decoding=\"async\" class=\"size-large wp-image-21293 aligncenter\" src=\"https:\/\/www.espronceda.net\/wp-content\/uploads\/2021\/09\/nota_prensa_OLEA_LAUNCHINGdsa-1024x1024.jpg\" alt=\"\" width=\"1024\" height=\"1024\" srcset=\"https:\/\/www.espronceda.net\/wp-content\/uploads\/2021\/09\/nota_prensa_OLEA_LAUNCHINGdsa-1024x1024.jpg 1024w, https:\/\/www.espronceda.net\/wp-content\/uploads\/2021\/09\/nota_prensa_OLEA_LAUNCHINGdsa-300x300.jpg 300w, https:\/\/www.espronceda.net\/wp-content\/uploads\/2021\/09\/nota_prensa_OLEA_LAUNCHINGdsa-150x150.jpg 150w, https:\/\/www.espronceda.net\/wp-content\/uploads\/2021\/09\/nota_prensa_OLEA_LAUNCHINGdsa-768x768.jpg 768w, https:\/\/www.espronceda.net\/wp-content\/uploads\/2021\/09\/nota_prensa_OLEA_LAUNCHINGdsa.jpg 1103w\" sizes=\"auto, (max-width: 1024px) 100vw, 1024px\" \/><\/p>\n<div class=\"traductor-textarea form-group\">\n<div class=\"textarea-desti col-xs-12 col-sm-6\">\n<div class=\"form-control second-textarea\">El projecte OLEA proposa un espai de reflexi\u00f3 i un acostament d&#8217;esp\u00e8cies, conceptes, economies, societats i fluxos d&#8217;informaci\u00f3 que convergeixen en un \u00fanic fluid.<br \/>\nOli d&#8217;oliva.Hist\u00f2ricament relacionat amb les de\u00eftats, l&#8217;abund\u00e0ncia, la salut, la suavitat i l&#8217;or l\u00edquid, l&#8217;oli d&#8217;oliva \u00e9s el lloc perfecte per abra\u00e7ar altres naturas. L&#8217;alteraci\u00f3 gen\u00e8tica, la seva construcci\u00f3 artificial i la coexist\u00e8ncia en espais h\u00edbrids, configuren un nou ecosistema de pensament \u00e8tic, religi\u00f3s, pol\u00edtic i social que, gr\u00e0cies a aquest projecte, pret\u00e9n vincular molecularment amb estructures tecn\u00f2ptiques, criptografia i models descentralitzats de pensament i economia.L&#8217;OLEA \u00e9s un fluid oleic en el qual les propietats d&#8217;aquest oli coexisteixen amb la s\u00edntesi molecular del codi que d\u00f3na vida a una criptocid\u00e8ncia en entorns blockchain.<\/p>\n<p>Aquesta hibridaci\u00f3 d&#8217;espais revela un nou lloc d&#8217;enteniment. Un nou futur inesperat en la revoluci\u00f3 de l&#8217;esp\u00e8cie.<\/p>\n<\/div>\n<\/div>\n<\/div>\n<p>&nbsp;<\/p>\n<p class=\"impact-text\"><strong>CONCEPT AND OBJECTIVES<\/strong><\/p>\n<p>&nbsp;<\/p>\n<p>Els objectius principals del projecte s\u00f3n l&#8217;assoliment art\u00edstic d&#8217;un oli d&#8217;oliva que tamb\u00e9 \u00e9s una criptocondici\u00f3 en la seva ess\u00e8ncia biol\u00f2gica a trav\u00e9s de la coexist\u00e8ncia de la mol\u00e8cula d&#8217;ADN d&#8217;aquesta moneda i les mol\u00e8cules de l&#8217;oli. Despr\u00e9s de la s\u00edntesi d&#8217;ADN del codi que d\u00f3na vida al contracte intel\u00b7ligent en la cadena de blocs al\u00b7ludint a la moneda OLEA, el seg\u00fcent proc\u00e9s \u00e9s l&#8217;assoliment en el laboratori de la coexist\u00e8ncia org\u00e0nica d&#8217;ambdues mol\u00e8cules.<\/p>\n<p>Una vegada aconseguit aquest pas, comen\u00e7a una s\u00e8rie de produccions art\u00edstiques basades en aquesta fita, com ara instal\u00b7lacions interactives, gr\u00e0fiques, produccions audiovisuals i laboratoris.<br \/>\nA trav\u00e9s d&#8217;aquest gest simb\u00f2lic, cient\u00edfic, tecnol\u00f2gic i art\u00edstic, el projecte proposa la creaci\u00f3 d&#8217;un element h\u00edbrid en el m\u00f3n del consum.<br \/>\nUn nou l\u00edquid que es pot entendre de diverses maneres i que al seu torn ha de ser re-significat i re-definit. El l\u00edquid representa ara economies descentralitzades en el seu propi \u00e9sser, sent objecte de debat. Per\u00f2 tamb\u00e9 pot continuar consumint-se, impregnant-ho tot amb la seva pr\u00f2pia ess\u00e8ncia, regenerant-ho tot en el seu cam\u00ed.<\/p>\n<p>Un altre objectiu principal del projecte \u00e9s identificar altres possibles economies basades i situades en mat\u00e8ries primeres, que, gr\u00e0cies a aquesta connexi\u00f3 sense precedents, ofereixen noves vies per al desenvolupament social, cultural i econ\u00f2mic. Entre les l\u00ednies borroses de l&#8217;art conceptual i la bioart, el projecte OLEA redefineix els l\u00edmits de la inserci\u00f3 del digital en tots els racons de<br \/>\nLa vida quotidiana i estableix la tecnologia i la seva relaci\u00f3 amb la creaci\u00f3 conceptual en lloc del &#8220;sense l\u00edmit&#8221;. Moral i \u00e8ticament discutible, l&#8217;obra pret\u00e9n obrir un espai per a la investigaci\u00f3 i<br \/>\ndi\u00e0leg al voltant de la &#8220;revoluci\u00f3 de l&#8217;esp\u00e8cie&#8221; i l&#8217;escriptura d&#8217;un futur incert en la conjunci\u00f3 de l&#8217;org\u00e0nic, l&#8217;est\u00e0tic, el digital, el virtual, el tangible i l&#8217;intangible, el bit, l&#8217;\u00e0tom, mat\u00e8ria, antimat\u00e8ria, amor, guerra, l&#8217;economia, la reificaci\u00f3 de la naturalesa i la transfer\u00e8ncia d&#8217;informaci\u00f3. Al mateix temps, la producci\u00f3 \u00e9s un repte etimol\u00f2gic ja plantejat en la pr\u00e0ctica art\u00edstica i la seva relaci\u00f3 amb el laboratori cient\u00edfic.<\/p>\n<p>El projecte s&#8217;insereix aix\u00ed en un lloc complex entre l&#8217;estudi de l&#8217;artista, els imaginaris especulatius, el laboratori de biologia i la cadena de producci\u00f3 de mitjans de comunicaci\u00f3 de masses. Pretenint estar en el centre del debat, l&#8217;OLEA pret\u00e9n ser un epicentre de pensament al voltant de les noves economies descentralitzades i la pertinen\u00e7a a grups d&#8217;entorns digitals o pol\u00edtics locals. Estableix l\u00edmits col\u00b7lapsats sobre els l\u00edmits de l&#8217;inconscient col\u00b7lectiu i la noci\u00f3 de pol\u00edtica, moneda i identitat contempor\u00e0nia.<\/p>\n<p>Ara, amb l&#8217;OLEA, qualsevol usuari del m\u00f3n pot formar part d&#8217;un nou ecosistema descentralitzat en el qual ell o ella pot ser protagonista pel mer acte de consumir aquest or l\u00edquid. Com a met\u00e0fora de la no abund\u00e0ncia i el control d&#8217;exist\u00e8ncies, les limitacions de la naturalesa i els seus recursos sobreexplotats juguen un paper conceptual important aqu\u00ed en la seva relaci\u00f3 amb el digital, sempre ent\u00e8s com il\u00b7limitat i replicable.<\/p>\n<p>Ara la moneda de canvi s&#8217;insereix en la naturalesa que una vegada va donar lloc a ella sota el concepte de barata, actualitzant la cadena de construcci\u00f3 del concepte hist\u00f2ricament ent\u00e8s d&#8217;economia. Com a acte de llibertat i empoderament dels ciutadans, l&#8217;OLEA funciona des de l&#8217;estructura b\u00e0sica de la cadena de muntatge de consumidors fins a inocular nous conceptes, ajudant-nos a entendre el potencial de la tecnologia com a motor de canvi social i ciutad\u00e0 i en l&#8217;art com una estrat\u00e8gia operativa per a la producci\u00f3 del pensament i la promoci\u00f3 dels ideals.<\/p>\n<p>&nbsp;<\/p>\n<p class=\"impact-text\"><strong>HISTORY<\/strong><\/p>\n<p>HDM GEN<\/p>\n<p>L&#8217;any 2020 el museu fundat per Solim\u00e1n L\u00f3pez, Harddiskmuseum es va convertir en el primer museu de la hist\u00f2ria emmagatzemat en ADN gr\u00e0cies a la col\u00b7laboraci\u00f3 amb la genetista Dina Zielinski, el laboratori de Bioci\u00e8ncia Twist i el suport de l&#8217;Art Project Partner.<\/p>\n<p><img loading=\"lazy\" decoding=\"async\" class=\"alignleft wp-image-21686\" src=\"https:\/\/www.espronceda.net\/wp-content\/uploads\/2021\/10\/OLEA_SOLIMAN_LOPEZ_EN_PRO-1024x920.jpg\" alt=\"\" width=\"759\" height=\"682\" srcset=\"https:\/\/www.espronceda.net\/wp-content\/uploads\/2021\/10\/OLEA_SOLIMAN_LOPEZ_EN_PRO-1024x920.jpg 1024w, https:\/\/www.espronceda.net\/wp-content\/uploads\/2021\/10\/OLEA_SOLIMAN_LOPEZ_EN_PRO-300x269.jpg 300w, https:\/\/www.espronceda.net\/wp-content\/uploads\/2021\/10\/OLEA_SOLIMAN_LOPEZ_EN_PRO-768x690.jpg 768w, https:\/\/www.espronceda.net\/wp-content\/uploads\/2021\/10\/OLEA_SOLIMAN_LOPEZ_EN_PRO.jpg 1216w\" sizes=\"auto, (max-width: 759px) 100vw, 759px\" \/><\/p>\n<p>&nbsp;<\/p>\n<p>&nbsp;<\/p>\n<p class=\"impact-text\">INFORMACI\u00d3 T\u00c8CNICA<\/p>\n<p>PROCESS<br \/>\n1\u00ba Creation of a smart contract for a cryptocurrency based on the Ethereum<br \/>\nnetwork. The currency is called OLEA.<br \/>\n2\u00ba Compression of the folder containing the contract code in .zip format.<br \/>\n3\u00ba Encoding of the .zip file in ASCII code.<br \/>\n4\u00ba Encoding of the ASCII code into binary code.<br \/>\n5\u00ba Encoding of the binary code 1-0, 0-1, 0-0, 1-1 to quaternary code in A-GT-<br \/>\nC characters using Python-based code.<br \/>\n6\u00ba Synthesis of the DNA chain.<br \/>\n7\u00ba Sending to the laboratory.<br \/>\n8th Artificial production of the DNA molecule containing the sequence<br \/>\ncreated.<br \/>\n9\u00ba Storage in silica solution.<br \/>\n____________<br \/>\n10\u00ba Integration of silica into the oleic element.<\/p>\n<p><strong>ETAPES<\/strong><\/p>\n<p>ETAPA 1<br \/>\nLAB<br \/>\nEntesos com un laboratori obert a la participaci\u00f3, el projecte est\u00e0 temporalment incrustat a l&#8217;espai disponible per significar un entorn de pensament, cr\u00edtica<br \/>\ni producci\u00f3 executiva de la idea. Convidant professionals, p\u00fablics i cr\u00edtics, el laboratori es converteix en un lloc de trobada multidisciplinari per fer possible la idea, generar comunitat i establir punts cr\u00edtics al voltant del projecte. \u00c9s el lloc on es preveu la creaci\u00f3 efectiva del l\u00edquid d&#8217;OLEA. Planejat: Institut Espronceda de Barcelona. Setembre de 2021. Garden Ars Electronica<\/p>\n<p>ETAPA 2<br \/>\nPRODUCCI\u00d3<br \/>\nLa implementaci\u00f3 art\u00edstica i visual del projecte ocupa aquesta etapa. L&#8217;objectiu principal \u00e9s la creaci\u00f3 d&#8217;una instal\u00b7laci\u00f3 autoexplicativa de tot el proc\u00e9s en el qual el protagonista principal \u00e9s una gran font que fa que l&#8217;oli s&#8217;emboliqui. L&#8217;entorn de la font es completa amb tota la producci\u00f3 de l&#8217;imaginari de l&#8217;obra, com ampolles, mostres de laboratori, escrits i esbossos, textos cr\u00edtics, animacions especulatives, entrevistes i altres materials que al\u00b7ludeixen a l&#8217;evoluci\u00f3 conceptual i pl\u00e0stica de la idea.<\/p>\n","protected":false},"excerpt":{"rendered":"<p>El projecte OLEA proposa un espai de reflexi\u00f3 i un acostament d&#8217;esp\u00e8cies, conceptes, economies, societats i fluxos d&#8217;informaci\u00f3 que convergeixen en un \u00fanic fluid. Oli d&#8217;oliva.Hist\u00f2ricament relacionat amb les de\u00eftats, l&#8217;abund\u00e0ncia, la salut, la suavitat i l&#8217;or l\u00edquid, l&#8217;oli d&#8217;oliva \u00e9s el lloc perfecte per abra\u00e7ar altres naturas. L&#8217;alteraci\u00f3 gen\u00e8tica, la seva construcci\u00f3 artificial i la coexist\u00e8ncia en espais h\u00edbrids, [&hellip;]<\/p>\n","protected":false},"author":1,"featured_media":0,"parent":5377,"menu_order":0,"comment_status":"closed","ping_status":"closed","template":"","meta":{"footnotes":""},"class_list":["post-25284","page","type-page","status-publish","hentry"],"_links":{"self":[{"href":"https:\/\/www.espronceda.net\/ca\/wp-json\/wp\/v2\/pages\/25284","targetHints":{"allow":["GET"]}}],"collection":[{"href":"https:\/\/www.espronceda.net\/ca\/wp-json\/wp\/v2\/pages"}],"about":[{"href":"https:\/\/www.espronceda.net\/ca\/wp-json\/wp\/v2\/types\/page"}],"author":[{"embeddable":true,"href":"https:\/\/www.espronceda.net\/ca\/wp-json\/wp\/v2\/users\/1"}],"replies":[{"embeddable":true,"href":"https:\/\/www.espronceda.net\/ca\/wp-json\/wp\/v2\/comments?post=25284"}],"version-history":[{"count":4,"href":"https:\/\/www.espronceda.net\/ca\/wp-json\/wp\/v2\/pages\/25284\/revisions"}],"predecessor-version":[{"id":25291,"href":"https:\/\/www.espronceda.net\/ca\/wp-json\/wp\/v2\/pages\/25284\/revisions\/25291"}],"up":[{"embeddable":true,"href":"https:\/\/www.espronceda.net\/ca\/wp-json\/wp\/v2\/pages\/5377"}],"wp:attachment":[{"href":"https:\/\/www.espronceda.net\/ca\/wp-json\/wp\/v2\/media?parent=25284"}],"curies":[{"name":"wp","href":"https:\/\/api.w.org\/{rel}","templated":true}]}}