{"id":25320,"date":"2022-07-11T14:38:46","date_gmt":"2022-07-11T12:38:46","guid":{"rendered":"https:\/\/www.espronceda.net\/nectar-espronceda-art-prize\/"},"modified":"2023-04-08T01:22:16","modified_gmt":"2023-04-07T23:22:16","slug":"nectar-espronceda-art-prize","status":"publish","type":"page","link":"https:\/\/www.espronceda.net\/ca\/nectar-espronceda-art-prize\/","title":{"rendered":"Nectar \/ Espronceda Art Prize"},"content":{"rendered":"<h2 class=\"wsite-content-title\" style=\"text-align: center;\"><span style=\"color: #000000; font-size: x-large;\">Premi d&#8217;Art en col\u00b7laboraci\u00f3 amb Nectar Connectar &amp; On Mediation<\/span><\/h2>\n<div class=\"paragraph\">\n<p><span style=\"color: #2a2a2a;\">Situat enmig de la naturalesa i envoltat de boscos infinits,\u00a0Nectar, en col\u00b7laboraci\u00f3 amb Espronceda &#8211;\u00a0Instituto\u00a0d&#8217;Art i Cultura i\u00a0On\u00a0Mediation_*Platform\u00a0on\u00a0Curatorship\u00a0and\u00a0Research, presenta el seu programa de resid\u00e8ncies art\u00edstiques que ofereix una experi\u00e8ncia de vida i treball basada en la comunitat per a artistes emergents locals i internacionals. Comen\u00e7a amb una resid\u00e8ncia art\u00edstica gaudint d&#8217;un entorn rural i acaba amb una exposici\u00f3 final en l&#8217;Institut d&#8217;Art i Cultura d&#8217;Espronceda.<\/span><\/p>\n<p>\u200bRural \/ Urb\u00e0<br \/>\n<span style=\"color: #2a2a2a;\">Assenyalant la q\u00fcesti\u00f3 de com l&#8217;art i la cultura poden utilitzar-se com a element per a crear sinergies rural-urbanes, es convida als artistes residents a explorar i contribuir a aquest maridatge.<\/span><span style=\"color: #2a2a2a;\"><br \/>\nEn aquests temps d&#8217;incertesa, el retrobament entre la ciutat i el camp pot ser la clau de la transici\u00f3 de la societat cap a un futur m\u00e9s sostenible.<\/span><\/p>\n<p>La culminaci\u00f3 de la resid\u00e8ncia \u00e9s una exposici\u00f3 en l&#8217;espai expositiu Espronceda, un dels centres d&#8217;art contemporani m\u00e9s innovadors de Barcelona, on els artistes presenten les seves obres en el marc del Festival\u00a0Art\u00a0Nou.<br \/>\n<span style=\"color: #2a2a2a;\">Els artistes tindran l&#8217;oportunitat de presentar el seu treball en un esdeveniment de\u00a0Open\u00a0Studio\u00a0i reunir-se al costat de convidats i agents culturals de l&#8217;escena art\u00edstica local, propiciant un espai de conversa i\u00a0feed-*back.<\/span><\/p>\n<p>El Jurat est\u00e0 compost per:<br \/>\n<span style=\"color: #2a2a2a;\">Tai Llomes &amp; Olga\u00a0Sureda, cofundadors de\u00a0Nectar<\/span><span style=\"color: #2a2a2a;\"><br \/>\nSavina\u00a0Tarsitano,\u00a0Holger\u00a0i\u00a0Henrik\u00a0Sprengel, cofundadors d&#8217;Espronceda &#8211;\u00a0Instituto\u00a0d&#8217;Art i Cultura<br \/>\nAnna M\u00aa\u00a0Guasch, codirectora de\u00a0On\u00a0Mediation<\/span><\/p>\n<\/div>\n<h3 style=\"text-align: center;\"><a href=\"https:\/\/drive.google.com\/drive\/u\/0\/folders\/1wMlXQf6A3U3VdzjTcV16vSlWTt_vM-ku\">&lt;&lt; Nectar Art Prize Catalog &gt;&gt;<\/a><\/h3>\n<p>&nbsp;<\/p>\n<p><img loading=\"lazy\" decoding=\"async\" class=\"aligncenter size-large wp-image-20878\" src=\"https:\/\/www.espronceda.net\/wp-content\/uploads\/2021\/07\/WhatsApp-Image-2021-07-12-at-10.09.34-AM-1024x677.jpeg\" alt=\"\" width=\"1024\" height=\"677\" srcset=\"https:\/\/www.espronceda.net\/wp-content\/uploads\/2021\/07\/WhatsApp-Image-2021-07-12-at-10.09.34-AM-1024x677.jpeg 1024w, https:\/\/www.espronceda.net\/wp-content\/uploads\/2021\/07\/WhatsApp-Image-2021-07-12-at-10.09.34-AM-300x198.jpeg 300w, https:\/\/www.espronceda.net\/wp-content\/uploads\/2021\/07\/WhatsApp-Image-2021-07-12-at-10.09.34-AM-768x508.jpeg 768w, https:\/\/www.espronceda.net\/wp-content\/uploads\/2021\/07\/WhatsApp-Image-2021-07-12-at-10.09.34-AM-1536x1016.jpeg 1536w, https:\/\/www.espronceda.net\/wp-content\/uploads\/2021\/07\/WhatsApp-Image-2021-07-12-at-10.09.34-AM-1280x846.jpeg 1280w, https:\/\/www.espronceda.net\/wp-content\/uploads\/2021\/07\/WhatsApp-Image-2021-07-12-at-10.09.34-AM.jpeg 1600w\" sizes=\"auto, (max-width: 1024px) 100vw, 1024px\" \/><\/p>\n<p><img loading=\"lazy\" decoding=\"async\" class=\"aligncenter size-large wp-image-22979\" src=\"https:\/\/www.espronceda.net\/wp-content\/uploads\/2022\/07\/FLYER2-1024x581.jpg\" alt=\"\" width=\"1024\" height=\"581\" srcset=\"https:\/\/www.espronceda.net\/wp-content\/uploads\/2022\/07\/FLYER2-1024x581.jpg 1024w, https:\/\/www.espronceda.net\/wp-content\/uploads\/2022\/07\/FLYER2-300x170.jpg 300w, https:\/\/www.espronceda.net\/wp-content\/uploads\/2022\/07\/FLYER2-768x435.jpg 768w, https:\/\/www.espronceda.net\/wp-content\/uploads\/2022\/07\/FLYER2.jpg 1270w\" sizes=\"auto, (max-width: 1024px) 100vw, 1024px\" \/><\/p>\n<h2 style=\"text-align: center;\"><\/h2>\n<p><em><strong>Winners:<\/strong><\/em><\/p>\n<p><em>2022 ____________________________________________________________________<\/em><\/p>\n<p>Alberto Alejandro Rodriguez, Ana Karen Rodriguez, Laura Such, Nadoe. Curated by Olga Sureda.<\/p>\n<div class='gallery'><dl class='gallery-item'>\n\t\t\t<dt class='gallery-icon landscape'>\n\t\t\t\t<a class=\"view\" rel='gallery' href='https:\/\/www.espronceda.net\/ca\/nectar-espronceda-art-prize\/35-11-2\/'><img loading=\"lazy\" decoding=\"async\" width=\"150\" height=\"150\" src=\"https:\/\/www.espronceda.net\/wp-content\/uploads\/2022\/07\/35-150x150.jpg\" class=\"attachment-thumbnail size-thumbnail\" alt=\"\" title=\"35\" \/><\/a>\n\t\t\t<\/dt><\/dl><dl class='gallery-item'>\n\t\t\t<dt class='gallery-icon landscape'>\n\t\t\t\t<a class=\"view\" rel='gallery' href='https:\/\/www.espronceda.net\/ca\/nectar-espronceda-art-prize\/34-6-2\/'><img loading=\"lazy\" decoding=\"async\" width=\"150\" height=\"150\" src=\"https:\/\/www.espronceda.net\/wp-content\/uploads\/2022\/07\/34-150x150.jpg\" class=\"attachment-thumbnail size-thumbnail\" alt=\"\" title=\"34\" \/><\/a>\n\t\t\t<\/dt><\/dl><dl class='gallery-item'>\n\t\t\t<dt class='gallery-icon landscape'>\n\t\t\t\t<a class=\"view\" rel='gallery' href='https:\/\/www.espronceda.net\/ca\/nectar-espronceda-art-prize\/33-9-2\/'><img loading=\"lazy\" decoding=\"async\" width=\"150\" height=\"150\" src=\"https:\/\/www.espronceda.net\/wp-content\/uploads\/2022\/07\/33-150x150.jpg\" class=\"attachment-thumbnail size-thumbnail\" alt=\"\" title=\"33\" \/><\/a>\n\t\t\t<\/dt><\/dl><br style=\"clear: both\" \/><dl class='gallery-item'>\n\t\t\t<dt class='gallery-icon landscape'>\n\t\t\t\t<a class=\"view\" rel='gallery' href='https:\/\/www.espronceda.net\/ca\/nectar-espronceda-art-prize\/32-9-2\/'><img loading=\"lazy\" decoding=\"async\" width=\"150\" height=\"150\" src=\"https:\/\/www.espronceda.net\/wp-content\/uploads\/2022\/07\/32-150x150.jpg\" class=\"attachment-thumbnail size-thumbnail\" alt=\"\" title=\"32\" \/><\/a>\n\t\t\t<\/dt><\/dl><dl class='gallery-item'>\n\t\t\t<dt class='gallery-icon landscape'>\n\t\t\t\t<a class=\"view\" rel='gallery' href='https:\/\/www.espronceda.net\/ca\/nectar-espronceda-art-prize\/31-10-2\/'><img loading=\"lazy\" decoding=\"async\" width=\"150\" height=\"150\" src=\"https:\/\/www.espronceda.net\/wp-content\/uploads\/2022\/07\/31-150x150.jpg\" class=\"attachment-thumbnail size-thumbnail\" alt=\"\" title=\"31\" \/><\/a>\n\t\t\t<\/dt><\/dl><dl class='gallery-item'>\n\t\t\t<dt class='gallery-icon portrait'>\n\t\t\t\t<a class=\"view\" rel='gallery' href='https:\/\/www.espronceda.net\/ca\/nectar-espronceda-art-prize\/30-10-2\/'><img loading=\"lazy\" decoding=\"async\" width=\"150\" height=\"150\" src=\"https:\/\/www.espronceda.net\/wp-content\/uploads\/2022\/07\/30-150x150.jpg\" class=\"attachment-thumbnail size-thumbnail\" alt=\"\" title=\"30\" \/><\/a>\n\t\t\t<\/dt><\/dl><br style=\"clear: both\" \/><dl class='gallery-item'>\n\t\t\t<dt class='gallery-icon landscape'>\n\t\t\t\t<a class=\"view\" rel='gallery' href='https:\/\/www.espronceda.net\/ca\/nectar-espronceda-art-prize\/28-7-2\/'><img loading=\"lazy\" decoding=\"async\" width=\"150\" height=\"150\" src=\"https:\/\/www.espronceda.net\/wp-content\/uploads\/2022\/07\/28-150x150.jpg\" class=\"attachment-thumbnail size-thumbnail\" alt=\"\" title=\"28\" \/><\/a>\n\t\t\t<\/dt><\/dl><dl class='gallery-item'>\n\t\t\t<dt class='gallery-icon landscape'>\n\t\t\t\t<a class=\"view\" rel='gallery' href='https:\/\/www.espronceda.net\/ca\/nectar-espronceda-art-prize\/27-9-2\/'><img loading=\"lazy\" decoding=\"async\" width=\"150\" height=\"150\" src=\"https:\/\/www.espronceda.net\/wp-content\/uploads\/2022\/07\/27-150x150.jpg\" class=\"attachment-thumbnail size-thumbnail\" alt=\"\" title=\"27\" \/><\/a>\n\t\t\t<\/dt><\/dl><dl class='gallery-item'>\n\t\t\t<dt class='gallery-icon landscape'>\n\t\t\t\t<a class=\"view\" rel='gallery' href='https:\/\/www.espronceda.net\/ca\/nectar-espronceda-art-prize\/26-11-2\/'><img loading=\"lazy\" decoding=\"async\" width=\"150\" height=\"150\" src=\"https:\/\/www.espronceda.net\/wp-content\/uploads\/2022\/07\/26-150x150.jpg\" class=\"attachment-thumbnail size-thumbnail\" alt=\"\" title=\"26\" \/><\/a>\n\t\t\t<\/dt><\/dl><br style=\"clear: both\" \/><dl class='gallery-item'>\n\t\t\t<dt class='gallery-icon landscape'>\n\t\t\t\t<a class=\"view\" rel='gallery' href='https:\/\/www.espronceda.net\/ca\/nectar-espronceda-art-prize\/25-13\/'><img loading=\"lazy\" decoding=\"async\" width=\"150\" height=\"150\" src=\"https:\/\/www.espronceda.net\/wp-content\/uploads\/2022\/07\/25-150x150.jpg\" class=\"attachment-thumbnail size-thumbnail\" alt=\"\" title=\"25\" \/><\/a>\n\t\t\t<\/dt><\/dl><dl class='gallery-item'>\n\t\t\t<dt class='gallery-icon landscape'>\n\t\t\t\t<a class=\"view\" rel='gallery' href='https:\/\/www.espronceda.net\/ca\/nectar-espronceda-art-prize\/22-14\/'><img loading=\"lazy\" decoding=\"async\" width=\"150\" height=\"150\" src=\"https:\/\/www.espronceda.net\/wp-content\/uploads\/2022\/07\/22-150x150.jpg\" class=\"attachment-thumbnail size-thumbnail\" alt=\"\" title=\"22\" \/><\/a>\n\t\t\t<\/dt><\/dl>\n\t\t\t<br style='clear: both' \/>\n\t\t<\/div>\n\n<h2><\/h2>\n<p>&nbsp;<\/p>\n<p><em>2021 ____________________________________________________________________<\/em><\/p>\n<p>Josephine Lau Jessen, Lena Wurz. Curated by Olga Sureda and Savina Tarsitano.<\/p>\n<div class=\"paragraph\">\n<div class='gallery'><dl class='gallery-item'>\n\t\t\t<dt class='gallery-icon landscape'>\n\t\t\t\t<a class=\"view\" rel='gallery' href='https:\/\/www.espronceda.net\/ca\/immensiva-residency-2026-cartografies-col%c2%b7lectives\/img-20210703-wa0039-2\/'><img loading=\"lazy\" decoding=\"async\" width=\"150\" height=\"150\" src=\"https:\/\/www.espronceda.net\/wp-content\/uploads\/2021\/07\/IMG-20210703-WA0039-150x150.jpg\" class=\"attachment-thumbnail size-thumbnail\" alt=\"\" title=\"IMG-20210703-WA0039\" \/><\/a>\n\t\t\t<\/dt><\/dl><dl class='gallery-item'>\n\t\t\t<dt class='gallery-icon landscape'>\n\t\t\t\t<a class=\"view\" rel='gallery' href='https:\/\/www.espronceda.net\/ca\/nectar-espronceda-art-prize\/pf-2\/'><img loading=\"lazy\" decoding=\"async\" width=\"150\" height=\"150\" src=\"https:\/\/www.espronceda.net\/wp-content\/uploads\/2021\/07\/pf-150x150.jpg\" class=\"attachment-thumbnail size-thumbnail\" alt=\"\" title=\"pf\" \/><\/a>\n\t\t\t<\/dt><\/dl>\n\t\t\t<br style='clear: both' \/>\n\t\t<\/div>\n\n<div class='gallery'><dl class='gallery-item'>\n\t\t\t<dt class='gallery-icon landscape'>\n\t\t\t\t<a class=\"view\" rel='gallery' href='https:\/\/www.espronceda.net\/ca\/nectar-espronceda-art-prize\/img_6058-2\/'><img loading=\"lazy\" decoding=\"async\" width=\"150\" height=\"150\" src=\"https:\/\/www.espronceda.net\/wp-content\/uploads\/2022\/07\/IMG_6058-150x150.jpg\" class=\"attachment-thumbnail size-thumbnail\" alt=\"\" title=\"IMG_6058\" \/><\/a>\n\t\t\t<\/dt><\/dl><dl class='gallery-item'>\n\t\t\t<dt class='gallery-icon landscape'>\n\t\t\t\t<a class=\"view\" rel='gallery' href='https:\/\/www.espronceda.net\/ca\/nectar-espronceda-art-prize\/img_6244-2\/'><img loading=\"lazy\" decoding=\"async\" width=\"150\" height=\"150\" src=\"https:\/\/www.espronceda.net\/wp-content\/uploads\/2022\/07\/IMG_6244-150x150.jpg\" class=\"attachment-thumbnail size-thumbnail\" alt=\"\" title=\"IMG_6244\" \/><\/a>\n\t\t\t<\/dt><\/dl><dl class='gallery-item'>\n\t\t\t<dt class='gallery-icon landscape'>\n\t\t\t\t<a class=\"view\" rel='gallery' href='https:\/\/www.espronceda.net\/ca\/nectar-espronceda-art-prize\/img_5959-2\/'><img loading=\"lazy\" decoding=\"async\" width=\"150\" height=\"150\" src=\"https:\/\/www.espronceda.net\/wp-content\/uploads\/2022\/07\/IMG_5959-150x150.jpg\" class=\"attachment-thumbnail size-thumbnail\" alt=\"\" title=\"IMG_5959\" \/><\/a>\n\t\t\t<\/dt><\/dl><br style=\"clear: both\" \/><dl class='gallery-item'>\n\t\t\t<dt class='gallery-icon landscape'>\n\t\t\t\t<a class=\"view\" rel='gallery' href='https:\/\/www.espronceda.net\/ca\/nectar-espronceda-art-prize\/img_5958-2\/'><img loading=\"lazy\" decoding=\"async\" width=\"150\" height=\"150\" src=\"https:\/\/www.espronceda.net\/wp-content\/uploads\/2022\/07\/IMG_5958-150x150.jpg\" class=\"attachment-thumbnail size-thumbnail\" alt=\"\" title=\"IMG_5958\" \/><\/a>\n\t\t\t<\/dt><\/dl><dl class='gallery-item'>\n\t\t\t<dt class='gallery-icon landscape'>\n\t\t\t\t<a class=\"view\" rel='gallery' href='https:\/\/www.espronceda.net\/ca\/nectar-espronceda-art-prize\/img_5904-2\/'><img loading=\"lazy\" decoding=\"async\" width=\"150\" height=\"150\" src=\"https:\/\/www.espronceda.net\/wp-content\/uploads\/2022\/07\/IMG_5904-150x150.jpg\" class=\"attachment-thumbnail size-thumbnail\" alt=\"\" title=\"IMG_5904\" \/><\/a>\n\t\t\t<\/dt><\/dl><dl class='gallery-item'>\n\t\t\t<dt class='gallery-icon landscape'>\n\t\t\t\t<a class=\"view\" rel='gallery' href='https:\/\/www.espronceda.net\/ca\/nectar-espronceda-art-prize\/_mg_9701-2\/'><img loading=\"lazy\" decoding=\"async\" width=\"150\" height=\"150\" src=\"https:\/\/www.espronceda.net\/wp-content\/uploads\/2022\/07\/MG_9701-150x150.jpg\" class=\"attachment-thumbnail size-thumbnail\" alt=\"\" title=\"_MG_9701\" \/><\/a>\n\t\t\t<\/dt><\/dl><br style=\"clear: both\" \/><dl class='gallery-item'>\n\t\t\t<dt class='gallery-icon portrait'>\n\t\t\t\t<a class=\"view\" rel='gallery' href='https:\/\/www.espronceda.net\/ca\/nectar-espronceda-art-prize\/_mg_9687-2\/'><img loading=\"lazy\" decoding=\"async\" width=\"150\" height=\"150\" src=\"https:\/\/www.espronceda.net\/wp-content\/uploads\/2022\/07\/MG_9687-150x150.jpg\" class=\"attachment-thumbnail size-thumbnail\" alt=\"\" title=\"_MG_9687\" \/><\/a>\n\t\t\t<\/dt><\/dl><dl class='gallery-item'>\n\t\t\t<dt class='gallery-icon landscape'>\n\t\t\t\t<a class=\"view\" rel='gallery' href='https:\/\/www.espronceda.net\/ca\/nectar-espronceda-art-prize\/_mg_9683-2\/'><img loading=\"lazy\" decoding=\"async\" width=\"150\" height=\"150\" src=\"https:\/\/www.espronceda.net\/wp-content\/uploads\/2022\/07\/MG_9683-150x150.jpg\" class=\"attachment-thumbnail size-thumbnail\" alt=\"\" title=\"_MG_9683\" \/><\/a>\n\t\t\t<\/dt><\/dl><dl class='gallery-item'>\n\t\t\t<dt class='gallery-icon landscape'>\n\t\t\t\t<a class=\"view\" rel='gallery' href='https:\/\/www.espronceda.net\/ca\/nectar-espronceda-art-prize\/_mg_9669-2\/'><img loading=\"lazy\" decoding=\"async\" width=\"150\" height=\"150\" src=\"https:\/\/www.espronceda.net\/wp-content\/uploads\/2022\/07\/MG_9669-150x150.jpg\" class=\"attachment-thumbnail size-thumbnail\" alt=\"\" title=\"_MG_9669\" \/><\/a>\n\t\t\t<\/dt><\/dl><br style=\"clear: both\" \/>\n\t\t<\/div>\n\n<\/div>\n","protected":false},"excerpt":{"rendered":"<p>Premi d&#8217;Art en col\u00b7laboraci\u00f3 amb Nectar Connectar &amp; On Mediation Situat enmig de la naturalesa i envoltat de boscos infinits,\u00a0Nectar, en col\u00b7laboraci\u00f3 amb Espronceda &#8211;\u00a0Instituto\u00a0d&#8217;Art i Cultura i\u00a0On\u00a0Mediation_*Platform\u00a0on\u00a0Curatorship\u00a0and\u00a0Research, presenta el seu programa de resid\u00e8ncies art\u00edstiques que ofereix una experi\u00e8ncia de vida i treball basada en la comunitat per a artistes emergents locals i internacionals. Comen\u00e7a amb una resid\u00e8ncia art\u00edstica gaudint [&hellip;]<\/p>\n","protected":false},"author":1,"featured_media":0,"parent":0,"menu_order":0,"comment_status":"closed","ping_status":"closed","template":"","meta":{"footnotes":""},"class_list":["post-25320","page","type-page","status-publish","hentry"],"_links":{"self":[{"href":"https:\/\/www.espronceda.net\/ca\/wp-json\/wp\/v2\/pages\/25320","targetHints":{"allow":["GET"]}}],"collection":[{"href":"https:\/\/www.espronceda.net\/ca\/wp-json\/wp\/v2\/pages"}],"about":[{"href":"https:\/\/www.espronceda.net\/ca\/wp-json\/wp\/v2\/types\/page"}],"author":[{"embeddable":true,"href":"https:\/\/www.espronceda.net\/ca\/wp-json\/wp\/v2\/users\/1"}],"replies":[{"embeddable":true,"href":"https:\/\/www.espronceda.net\/ca\/wp-json\/wp\/v2\/comments?post=25320"}],"version-history":[{"count":4,"href":"https:\/\/www.espronceda.net\/ca\/wp-json\/wp\/v2\/pages\/25320\/revisions"}],"predecessor-version":[{"id":25327,"href":"https:\/\/www.espronceda.net\/ca\/wp-json\/wp\/v2\/pages\/25320\/revisions\/25327"}],"wp:attachment":[{"href":"https:\/\/www.espronceda.net\/ca\/wp-json\/wp\/v2\/media?parent=25320"}],"curies":[{"name":"wp","href":"https:\/\/api.w.org\/{rel}","templated":true}]}}