{"id":25328,"date":"2022-06-29T12:21:59","date_gmt":"2022-06-29T10:21:59","guid":{"rendered":"https:\/\/www.espronceda.net\/dialog-the-first-aliens-encounter\/"},"modified":"2023-04-08T02:15:06","modified_gmt":"2023-04-08T00:15:06","slug":"dialog-the-first-aliens-encounter","status":"publish","type":"page","link":"https:\/\/www.espronceda.net\/ca\/dialog-the-first-aliens-encounter\/","title":{"rendered":"D\u00cfALOG, THE FIRST ALIENS\u2019 ENCOUNTER"},"content":{"rendered":"<h2 class=\"entry_title\">D\u00cfALOG, THE FIRST ALIENS\u2019 ENCOUNTER<\/h2>\n<div class=\"post_info\"><\/div>\n<p><img loading=\"lazy\" decoding=\"async\" class=\"aligncenter size-large wp-image-22961\" src=\"https:\/\/www.espronceda.net\/wp-content\/uploads\/2022\/06\/2-1024x683.jpg\" alt=\"\" width=\"1024\" height=\"683\" srcset=\"https:\/\/www.espronceda.net\/wp-content\/uploads\/2022\/06\/2-1024x683.jpg 1024w, https:\/\/www.espronceda.net\/wp-content\/uploads\/2022\/06\/2-300x200.jpg 300w, https:\/\/www.espronceda.net\/wp-content\/uploads\/2022\/06\/2-768x512.jpg 768w, https:\/\/www.espronceda.net\/wp-content\/uploads\/2022\/06\/2-1536x1024.jpg 1536w, https:\/\/www.espronceda.net\/wp-content\/uploads\/2022\/06\/2-2048x1365.jpg 2048w, https:\/\/www.espronceda.net\/wp-content\/uploads\/2022\/06\/2-1280x853.jpg 1280w\" sizes=\"auto, (max-width: 1024px) 100vw, 1024px\" \/><\/p>\n<p>&nbsp;<\/p>\n<p>L&#8217;obra de Refik Anadol i Maurice Benayoun, nascut del projecte europeu MindSpaces de S+T+Arts, presenta dues peces, que s\u00f3n alhora obres d&#8217;art i estranyes, davant d&#8217;un nou entorn al qual no pertanyen. Hauran d&#8217;adaptar la seva llengua, crear coneixements comuns i integrar tots els nous artefactes i fen\u00f2mens naturals que ara constitueixen el seu entorn, incl\u00f2s el p\u00fablic. \u00abD\u00efaloG\u00bb reflexiona sobre la dificultat de construir un enteniment mutu m\u00e9s enll\u00e0 de les difer\u00e8ncies socials i culturals i intenta captar l&#8217;aparici\u00f3 de l&#8217;obra d&#8217;art com a tema, no nom\u00e9s capa\u00e7 d&#8217;aprendre del seu entorn, sin\u00f3 tamb\u00e9 de dialogar amb el seu p\u00fablic.<\/p>\n<p>&nbsp;<\/p>\n<p><img loading=\"lazy\" decoding=\"async\" class=\"aligncenter size-large wp-image-22967\" src=\"https:\/\/www.espronceda.net\/wp-content\/uploads\/2022\/06\/DSC09664-1024x683.jpg\" alt=\"\" width=\"1024\" height=\"683\" srcset=\"https:\/\/www.espronceda.net\/wp-content\/uploads\/2022\/06\/DSC09664-1024x683.jpg 1024w, https:\/\/www.espronceda.net\/wp-content\/uploads\/2022\/06\/DSC09664-300x200.jpg 300w, https:\/\/www.espronceda.net\/wp-content\/uploads\/2022\/06\/DSC09664-768x512.jpg 768w, https:\/\/www.espronceda.net\/wp-content\/uploads\/2022\/06\/DSC09664-1536x1024.jpg 1536w, https:\/\/www.espronceda.net\/wp-content\/uploads\/2022\/06\/DSC09664-2048x1365.jpg 2048w, https:\/\/www.espronceda.net\/wp-content\/uploads\/2022\/06\/DSC09664-1280x853.jpg 1280w\" sizes=\"auto, (max-width: 1024px) 100vw, 1024px\" \/><img loading=\"lazy\" decoding=\"async\" class=\"aligncenter size-large wp-image-22970\" src=\"https:\/\/www.espronceda.net\/wp-content\/uploads\/2022\/06\/DSC09639-1024x683.jpg\" alt=\"\" width=\"1024\" height=\"683\" srcset=\"https:\/\/www.espronceda.net\/wp-content\/uploads\/2022\/06\/DSC09639-1024x683.jpg 1024w, https:\/\/www.espronceda.net\/wp-content\/uploads\/2022\/06\/DSC09639-300x200.jpg 300w, https:\/\/www.espronceda.net\/wp-content\/uploads\/2022\/06\/DSC09639-768x512.jpg 768w, https:\/\/www.espronceda.net\/wp-content\/uploads\/2022\/06\/DSC09639-1536x1024.jpg 1536w, https:\/\/www.espronceda.net\/wp-content\/uploads\/2022\/06\/DSC09639-2048x1365.jpg 2048w, https:\/\/www.espronceda.net\/wp-content\/uploads\/2022\/06\/DSC09639-1280x853.jpg 1280w\" sizes=\"auto, (max-width: 1024px) 100vw, 1024px\" \/><\/p>\n<p>D\u00efaloG \u00e9s una instal\u00b7laci\u00f3 d&#8217;art urb\u00e0 interactiva que explora els temes de l&#8217;alteritat, l&#8217;estranyesa i la immigraci\u00f3, d&#8217;una manera performativa. L&#8217;obra presenta dues peces que s\u00f3n alhora obres d&#8217;art i alien\u00edgenes. S&#8217;enfronten a un nou entorn on encara no pertanyen. Hauran d&#8217;adaptar la seva llengua, construir coneixements comuns, integrar tots els nous artefactes i fen\u00f2mens naturals que constitueixen ara el seu entorn. Aix\u00f2 inclou als altres \u00e9ssers vius que es mouen al seu voltant i, finalment, hauran d&#8217;entendre&#8217;s m\u00fatuament. Tot i que utilitzem el concepte de llenguatge de manera molt \u00e0mplia per incloure la parla, el rendiment, el gest, l&#8217;expressi\u00f3 i fins i tot les dades, ens centrem en l&#8217;estranyesa des d&#8217;una perspectiva ontol\u00f2gica, intentant marcar un terreny de possibilitats per a la intersecci\u00f3 d&#8217;experi\u00e8ncies interpersonals i digitals en l&#8217;esfera urbana. MoBen i Refik Anadol prenen la noci\u00f3 de &#8220;dialogos&#8221; (a trav\u00e9s de la paraula, a trav\u00e9s de la parla) incrustat en les arrels etimol\u00f2giques de la paraula &#8220;di\u00e0leg&#8221;, m\u00e9s ent\u00e8s com un fil informatiu processat a trav\u00e9s d&#8217;un bucle iteratiu de retroalimentaci\u00f3 entre la percepci\u00f3 i l&#8217;expressi\u00f3, i empenyent-lo a un nivell de complexitat transaccional que activa la difer\u00e8ncia potencial entre virtualitat i visualitat. D&#8217;aquesta manera, pretenem crear un llenguatge \u00fanic i espec\u00edfic del lloc entre cadascuna de les dues obres que presentem com a entitats vives i el seu p\u00fablic desconegut, i tamb\u00e9, entre les nostres obres que inicialment s\u00f3n alienes entre si, un llenguatge d&#8217;expressions mec\u00e0niques inesperades i indefinides que s&#8217;adapten al flux constant de dades que representen accions ambientals, socials i humanes en temps real.<\/p>\n<p>D\u00efaloG est\u00e0 format per dues entitats din\u00e0miques visuals \u201cvives\u201d que s&#8217;enfronten entre si a l&#8217;espai p\u00fablic. No semblen els \u00e9ssers vius que coneixem. No parlen cap llengua que coneguem. S\u00f3n estrangers, estranys, immigrants. \u00c9s evident \u2013i desesperadament\u2013 que estan intentant entendre&#8217;s m\u00fatuament, comprendre el seu nou entorn i el seu estrany p\u00fablic.\u00a0D\u00efaloG reflexiona sobre la dificultat de construir un enteniment mutu m\u00e9s enll\u00e0 de les difer\u00e8ncies socials i culturals. Tot el que fa que els \u00e9ssers vius siguin el que s\u00f3n: la seva morfologia, el seu comportament, la seva etologia i, m\u00e9s enll\u00e0 del llenguatge, les seves funcions cognitives fan que el labori\u00f3s proc\u00e9s d&#8217;aprenentatge de l&#8217;estranyesa i l&#8217;alteritat sigui una realitat. Tenint en compte el seu entorn, l&#8217;obra d&#8217;art \u00e9s capa\u00e7 d&#8217;adaptar-se, evolucionar i comunicar-se com ho faria una entitat viva m\u00e9s avan\u00e7ada.\u00a0D\u00efaloG intenta personificar l&#8217;aparici\u00f3 de l&#8217;obra com a tema, no nom\u00e9s capa\u00e7 d&#8217;aprendre del seu entorn, sin\u00f3 tamb\u00e9 de dialogar amb el seu p\u00fablic, i fins i tot, pot ser un repte m\u00e9s gran, tractant d&#8217;entendre altres obres.<\/p>\n<p>&nbsp;<\/p>\n<p>&nbsp;<\/p>\n<p><img loading=\"lazy\" decoding=\"async\" class=\"aligncenter size-large wp-image-22964\" src=\"https:\/\/www.espronceda.net\/wp-content\/uploads\/2022\/06\/DSC09673-1024x683.jpg\" alt=\"\" width=\"1024\" height=\"683\" srcset=\"https:\/\/www.espronceda.net\/wp-content\/uploads\/2022\/06\/DSC09673-1024x683.jpg 1024w, https:\/\/www.espronceda.net\/wp-content\/uploads\/2022\/06\/DSC09673-300x200.jpg 300w, https:\/\/www.espronceda.net\/wp-content\/uploads\/2022\/06\/DSC09673-768x512.jpg 768w, https:\/\/www.espronceda.net\/wp-content\/uploads\/2022\/06\/DSC09673-1536x1024.jpg 1536w, https:\/\/www.espronceda.net\/wp-content\/uploads\/2022\/06\/DSC09673-2048x1365.jpg 2048w, https:\/\/www.espronceda.net\/wp-content\/uploads\/2022\/06\/DSC09673-1280x853.jpg 1280w\" sizes=\"auto, (max-width: 1024px) 100vw, 1024px\" \/><\/p>\n","protected":false},"excerpt":{"rendered":"<p>D\u00cfALOG, THE FIRST ALIENS\u2019 ENCOUNTER &nbsp; L&#8217;obra de Refik Anadol i Maurice Benayoun, nascut del projecte europeu MindSpaces de S+T+Arts, presenta dues peces, que s\u00f3n alhora obres d&#8217;art i estranyes, davant d&#8217;un nou entorn al qual no pertanyen. Hauran d&#8217;adaptar la seva llengua, crear coneixements comuns i integrar tots els nous artefactes i fen\u00f2mens naturals que ara constitueixen el seu [&hellip;]<\/p>\n","protected":false},"author":1,"featured_media":0,"parent":0,"menu_order":0,"comment_status":"closed","ping_status":"closed","template":"","meta":{"footnotes":""},"class_list":["post-25328","page","type-page","status-publish","hentry"],"_links":{"self":[{"href":"https:\/\/www.espronceda.net\/ca\/wp-json\/wp\/v2\/pages\/25328","targetHints":{"allow":["GET"]}}],"collection":[{"href":"https:\/\/www.espronceda.net\/ca\/wp-json\/wp\/v2\/pages"}],"about":[{"href":"https:\/\/www.espronceda.net\/ca\/wp-json\/wp\/v2\/types\/page"}],"author":[{"embeddable":true,"href":"https:\/\/www.espronceda.net\/ca\/wp-json\/wp\/v2\/users\/1"}],"replies":[{"embeddable":true,"href":"https:\/\/www.espronceda.net\/ca\/wp-json\/wp\/v2\/comments?post=25328"}],"version-history":[{"count":3,"href":"https:\/\/www.espronceda.net\/ca\/wp-json\/wp\/v2\/pages\/25328\/revisions"}],"predecessor-version":[{"id":25359,"href":"https:\/\/www.espronceda.net\/ca\/wp-json\/wp\/v2\/pages\/25328\/revisions\/25359"}],"wp:attachment":[{"href":"https:\/\/www.espronceda.net\/ca\/wp-json\/wp\/v2\/media?parent=25328"}],"curies":[{"name":"wp","href":"https:\/\/api.w.org\/{rel}","templated":true}]}}