{"id":25334,"date":"2021-10-29T13:42:11","date_gmt":"2021-10-29T11:42:11","guid":{"rendered":"https:\/\/www.espronceda.net\/drap-art\/"},"modified":"2023-04-08T02:19:28","modified_gmt":"2023-04-08T00:19:28","slug":"drap-art","status":"publish","type":"page","link":"https:\/\/www.espronceda.net\/ca\/drap-art\/","title":{"rendered":"Drap-Art"},"content":{"rendered":"<div><img loading=\"lazy\" decoding=\"async\" class=\"aligncenter size-medium wp-image-21719\" src=\"https:\/\/www.espronceda.net\/wp-content\/uploads\/2021\/10\/DrapArt21_RGB_Logo_regular-1-300x252.png\" alt=\"\" width=\"300\" height=\"252\" srcset=\"https:\/\/www.espronceda.net\/wp-content\/uploads\/2021\/10\/DrapArt21_RGB_Logo_regular-1-300x252.png 300w, https:\/\/www.espronceda.net\/wp-content\/uploads\/2021\/10\/DrapArt21_RGB_Logo_regular-1-1024x861.png 1024w, https:\/\/www.espronceda.net\/wp-content\/uploads\/2021\/10\/DrapArt21_RGB_Logo_regular-1-768x646.png 768w, https:\/\/www.espronceda.net\/wp-content\/uploads\/2021\/10\/DrapArt21_RGB_Logo_regular-1-1536x1292.png 1536w, https:\/\/www.espronceda.net\/wp-content\/uploads\/2021\/10\/DrapArt21_RGB_Logo_regular-1-2048x1722.png 2048w, https:\/\/www.espronceda.net\/wp-content\/uploads\/2021\/10\/DrapArt21_RGB_Logo_regular-1-1280x1076.png 1280w\" sizes=\"auto, (max-width: 300px) 100vw, 300px\" \/><\/div>\n<div><\/div>\n<div>El Festival Internacional d&#8217;Art Sostenible de Catalunya celebra la seva 25a edici\u00f3 i ens complau anunciar la nostra col\u00b7laboraci\u00f3 amb\u00a0Drap-*art\u00a0en aquest projecte amb un programa molt especial dins de l&#8217;\u00e0mbit de l&#8217;art sostenible, amb pioners de l&#8217;art contemporani i figures destacades de l&#8217;art urb\u00e0, a part d&#8217;una \u00a0 gran selecci\u00f3 d&#8217;artistes contemporanis i projectes emergents.<\/p>\n<p>Del 18 de novembre al 21 de desembre de 2021 el centre de Barcelona ser\u00e0 inundat per mostres i exposicions d&#8217;artistes pioners de l&#8217;art ambiental com Michelangelo Pistoletto, i tamb\u00e9 es comptar\u00e0 amb els comissaris Savina Tarsitano i Saverio Teruzzi per al Rebirth Day, co-organitzat amb Cittadellarte \u2013 Fundaci\u00f3 Pistoletto.<\/p>\n<p>Un recorregut cultural pel barri G\u00f2tic de Barcelona amb exposicions d&#8217;obres d&#8217;art urb\u00e0 i contemporani, mostra les infinites possibilitats del reciclatge creatiu i l&#8217;\u00fas d&#8217;objectes trouv\u00e9s per a reflexionar sobre la relaci\u00f3 entre art i sostenibilitat i el potencial de l&#8217;art \u00a0 com a eina de transformaci\u00f3 social.<\/p>\n<p>Drap-*Art\u00a0ha crescut i s&#8217;ha enriquit gr\u00e0cies a la participaci\u00f3 de\u00a0Fousion\u00a0Gallery, el Real Cercle Art\u00edstic, Vila de l&#8217;Art\u00a0Galleries, el Centre d&#8217;Artesania de Catalunya i la Sala Perill, aix\u00ed com la Facultat de Belles arts de la Universitat \u00a0de Barcelona. \u00a0\u00c9s esperan\u00e7ador veure el gran nombre d&#8217;artistes, col\u00b7lectius i organitzacions que\u00a0Drap-*Art\u00a0aglutina a tot el m\u00f3n i ens assenyala un nou cam\u00ed<\/p><\/div>\n<div><\/div>\n<div><\/div>\n","protected":false},"excerpt":{"rendered":"<p>El Festival Internacional d&#8217;Art Sostenible de Catalunya celebra la seva 25a edici\u00f3 i ens complau anunciar la nostra col\u00b7laboraci\u00f3 amb\u00a0Drap-*art\u00a0en aquest projecte amb un programa molt especial dins de l&#8217;\u00e0mbit de l&#8217;art sostenible, amb pioners de l&#8217;art contemporani i figures destacades de l&#8217;art urb\u00e0, a part d&#8217;una \u00a0 gran selecci\u00f3 d&#8217;artistes contemporanis i projectes emergents. Del 18 de novembre al [&hellip;]<\/p>\n","protected":false},"author":1,"featured_media":0,"parent":0,"menu_order":0,"comment_status":"closed","ping_status":"closed","template":"","meta":{"footnotes":""},"class_list":["post-25334","page","type-page","status-publish","hentry"],"_links":{"self":[{"href":"https:\/\/www.espronceda.net\/ca\/wp-json\/wp\/v2\/pages\/25334","targetHints":{"allow":["GET"]}}],"collection":[{"href":"https:\/\/www.espronceda.net\/ca\/wp-json\/wp\/v2\/pages"}],"about":[{"href":"https:\/\/www.espronceda.net\/ca\/wp-json\/wp\/v2\/types\/page"}],"author":[{"embeddable":true,"href":"https:\/\/www.espronceda.net\/ca\/wp-json\/wp\/v2\/users\/1"}],"replies":[{"embeddable":true,"href":"https:\/\/www.espronceda.net\/ca\/wp-json\/wp\/v2\/comments?post=25334"}],"version-history":[{"count":3,"href":"https:\/\/www.espronceda.net\/ca\/wp-json\/wp\/v2\/pages\/25334\/revisions"}],"predecessor-version":[{"id":25362,"href":"https:\/\/www.espronceda.net\/ca\/wp-json\/wp\/v2\/pages\/25334\/revisions\/25362"}],"wp:attachment":[{"href":"https:\/\/www.espronceda.net\/ca\/wp-json\/wp\/v2\/media?parent=25334"}],"curies":[{"name":"wp","href":"https:\/\/api.w.org\/{rel}","templated":true}]}}