{"id":25346,"date":"2022-07-13T14:25:04","date_gmt":"2022-07-13T12:25:04","guid":{"rendered":"https:\/\/www.espronceda.net\/catalogos\/"},"modified":"2023-04-08T02:26:46","modified_gmt":"2023-04-08T00:26:46","slug":"catalogos","status":"publish","type":"page","link":"https:\/\/www.espronceda.net\/ca\/catalogos\/","title":{"rendered":"Catalogos"},"content":{"rendered":"<h3 style=\"text-align: center;\">Alguns dels nostres esdeveniments, projectes i premis anteriors es poden trobar en els seg\u00fcents enlla\u00e7os:<br \/>\nExposicions i Premis:<\/h3>\n<p style=\"text-align: center;\">Cat\u00e0leg de l&#8217;Any d&#8217;Espronceda &#8211; 2020<\/p>\n<p style=\"text-align: center;\"><a href=\"https:\/\/drive.google.com\/drive\/u\/0\/folders\/1wMlXQf6A3U3VdzjTcV16vSlWTt_vM-ku\">Arba \/ Premio Espronceda<\/a><\/p>\n<p style=\"text-align: center;\">Signos Humanos \/ Loop ED<\/p>\n<p style=\"text-align: center;\"><a href=\"https:\/\/drive.google.com\/drive\/u\/0\/folders\/1wMlXQf6A3U3VdzjTcV16vSlWTt_vM-ku\">N\u00e9ctar \/ Premio Espronceda &#8211; 1<\/a><\/p>\n<p style=\"text-align: center;\">Teatro<\/p>\n<p style=\"text-align: center;\"><a href=\"https:\/\/drive.google.com\/drive\/u\/0\/folders\/1wMlXQf6A3U3VdzjTcV16vSlWTt_vM-ku\">La luz de las piedras<\/a><\/p>\n<h3 style=\"text-align: center;\">Proyectos:<\/h3>\n<p style=\"text-align: center;\"><a href=\"https:\/\/drive.google.com\/file\/d\/1Cd7TzquzaCrPJA36cZvj_laQgoWJWqWt\/view\">Visualizaci\u00f3n virtual de emociones reales<\/a><\/p>\n","protected":false},"excerpt":{"rendered":"<p>Alguns dels nostres esdeveniments, projectes i premis anteriors es poden trobar en els seg\u00fcents enlla\u00e7os: Exposicions i Premis: Cat\u00e0leg de l&#8217;Any d&#8217;Espronceda &#8211; 2020 Arba \/ Premio Espronceda Signos Humanos \/ Loop ED N\u00e9ctar \/ Premio Espronceda &#8211; 1 Teatro La luz de las piedras Proyectos: Visualizaci\u00f3n virtual de emociones reales<\/p>\n","protected":false},"author":1,"featured_media":0,"parent":0,"menu_order":0,"comment_status":"closed","ping_status":"closed","template":"","meta":{"footnotes":""},"class_list":["post-25346","page","type-page","status-publish","hentry"],"_links":{"self":[{"href":"https:\/\/www.espronceda.net\/ca\/wp-json\/wp\/v2\/pages\/25346","targetHints":{"allow":["GET"]}}],"collection":[{"href":"https:\/\/www.espronceda.net\/ca\/wp-json\/wp\/v2\/pages"}],"about":[{"href":"https:\/\/www.espronceda.net\/ca\/wp-json\/wp\/v2\/types\/page"}],"author":[{"embeddable":true,"href":"https:\/\/www.espronceda.net\/ca\/wp-json\/wp\/v2\/users\/1"}],"replies":[{"embeddable":true,"href":"https:\/\/www.espronceda.net\/ca\/wp-json\/wp\/v2\/comments?post=25346"}],"version-history":[{"count":3,"href":"https:\/\/www.espronceda.net\/ca\/wp-json\/wp\/v2\/pages\/25346\/revisions"}],"predecessor-version":[{"id":25366,"href":"https:\/\/www.espronceda.net\/ca\/wp-json\/wp\/v2\/pages\/25346\/revisions\/25366"}],"wp:attachment":[{"href":"https:\/\/www.espronceda.net\/ca\/wp-json\/wp\/v2\/media?parent=25346"}],"curies":[{"name":"wp","href":"https:\/\/api.w.org\/{rel}","templated":true}]}}