{"id":25367,"date":"2023-04-08T02:34:05","date_gmt":"2023-04-08T00:34:05","guid":{"rendered":"https:\/\/www.espronceda.net\/?page_id=25367"},"modified":"2023-04-08T02:34:05","modified_gmt":"2023-04-08T00:34:05","slug":"universitat-de-barcelona-fine-arts-espronceda-prize","status":"publish","type":"page","link":"https:\/\/www.espronceda.net\/ca\/universitat-de-barcelona-fine-arts-espronceda-prize\/","title":{"rendered":"Universitat de Barcelona &#8211; FINE ARTS \/ Espronceda Prize"},"content":{"rendered":"<p>La primera edici\u00f3 del Premi d&#8217;Art amb la Facultat de Belles Arts de Barcelona comen\u00e7a el 2022, amb l&#8217;exposici\u00f3 On The Flip Side.<\/p>\n<p>L&#8217;exposici\u00f3 col\u00b7lectiva es va presentar amb motiu del circuit Art Nou Contemporary Art, sota la direcci\u00f3 de Savina Tarsitano. El projecte va n\u00e9ixer amb l&#8217;objectiu principal de crear noves aliances en el m\u00f3n de l&#8217;art, investigant la necessitat de temps per a la reflexi\u00f3 i la investigaci\u00f3 per als artistes emergents. Donar-los temps per trobar el seu llenguatge art\u00edstic, sense les influ\u00e8ncies del mercat art\u00edstic o pressions externes.<\/p>\n<p>El premi pret\u00e9n actuar com un pont entre el m\u00f3n acad\u00e8mic, el centre d&#8217;art i les galeries per reflexionar junts sobre la necessitat d&#8217;una major col\u00b7laboraci\u00f3 tant per a la qualitat dels projectes com per a millorar la col\u00b7laboraci\u00f3 i els valors humans.<\/p>\n<p>El projecte amb la Universitat de Belles Arts de Barcelona va n\u00e9ixer gr\u00e0cies a l&#8217;\u00e8xit aconseguit amb la Universitat de Brussel\u00b7les, ara en la seva sisena edici\u00f3. L&#8217;exposici\u00f3 \u00e9s un exemple de col\u00b7laboraci\u00f3, on els joves artistes s&#8217;hi van enfrontar, l&#8217;espai i el seu propi llenguatge art\u00edstic. Les obres creades van n\u00e9ixer en una interacci\u00f3 amb la ciutat i el lloc, on els quatre artistes han creat noves obres desafiant-se, amb l&#8217;elaboraci\u00f3 de nous conceptes. Enguany, el projecte va reunir les dues universitats: la UB i ARBA-Esa. El projecte est\u00e0 comissariat per Savina Tarsitano.<\/p>\n<p>\u201cSobre el revers\u201d, obres d&#8217;Aliz\u00e9e Loubet, Emir G\u00f3mez Farah, Juliane Lusson i Teresa W.<\/p>\n<p><a href=\"https:\/\/www.espronceda.net\/wp-content\/uploads\/2022\/07\/5-1-scaled.jpg\"><img loading=\"lazy\" decoding=\"async\" class=\"aligncenter size-medium wp-image-23284\" src=\"https:\/\/www.espronceda.net\/wp-content\/uploads\/2022\/07\/5-1-300x158.jpg\" alt=\"\" width=\"300\" height=\"158\" srcset=\"https:\/\/www.espronceda.net\/wp-content\/uploads\/2022\/07\/5-1-300x158.jpg 300w, https:\/\/www.espronceda.net\/wp-content\/uploads\/2022\/07\/5-1-1024x538.jpg 1024w, https:\/\/www.espronceda.net\/wp-content\/uploads\/2022\/07\/5-1-768x403.jpg 768w, https:\/\/www.espronceda.net\/wp-content\/uploads\/2022\/07\/5-1-1536x806.jpg 1536w, https:\/\/www.espronceda.net\/wp-content\/uploads\/2022\/07\/5-1-2048x1075.jpg 2048w, https:\/\/www.espronceda.net\/wp-content\/uploads\/2022\/07\/5-1-1280x672.jpg 1280w\" sizes=\"auto, (max-width: 300px) 100vw, 300px\" \/><\/a><\/p>\n<p><strong>Guanyadors:<\/strong><\/p>\n<p>2022<em> ____________________________________________________________________<\/em><\/p>\n<p>Artistes de la Universitat de Barcelona, s\u00f3n Emir G\u00f3mez Farah i Teresa W.<\/p>\n<p>\u201cSobre el revers\u201d, obres d&#8217;Aliz\u00e9e Loubet, Emir G\u00f3mez Farah, Juliane Lusson i Teresa W. Curated per Savina Tarsitano.<\/p>\n<p><a href=\"https:\/\/www.espronceda.net\/wp-content\/uploads\/2022\/07\/295612906_489496663175733_5704013925421614167_n.jpg\"><img loading=\"lazy\" decoding=\"async\" class=\"aligncenter size-medium wp-image-23312\" src=\"https:\/\/www.espronceda.net\/wp-content\/uploads\/2022\/07\/295612906_489496663175733_5704013925421614167_n-300x200.jpg\" alt=\"\" width=\"300\" height=\"200\" srcset=\"https:\/\/www.espronceda.net\/wp-content\/uploads\/2022\/07\/295612906_489496663175733_5704013925421614167_n-300x200.jpg 300w, https:\/\/www.espronceda.net\/wp-content\/uploads\/2022\/07\/295612906_489496663175733_5704013925421614167_n-1024x683.jpg 1024w, https:\/\/www.espronceda.net\/wp-content\/uploads\/2022\/07\/295612906_489496663175733_5704013925421614167_n-768x512.jpg 768w, https:\/\/www.espronceda.net\/wp-content\/uploads\/2022\/07\/295612906_489496663175733_5704013925421614167_n-1280x853.jpg 1280w, https:\/\/www.espronceda.net\/wp-content\/uploads\/2022\/07\/295612906_489496663175733_5704013925421614167_n.jpg 1440w\" sizes=\"auto, (max-width: 300px) 100vw, 300px\" \/><\/a><\/p>\n<p><a href=\"https:\/\/www.espronceda.net\/wp-content\/uploads\/2022\/07\/295611198_489496713175728_1804711702816863474_n.jpg\"><img loading=\"lazy\" decoding=\"async\" class=\"aligncenter size-medium wp-image-23309\" src=\"https:\/\/www.espronceda.net\/wp-content\/uploads\/2022\/07\/295611198_489496713175728_1804711702816863474_n-300x200.jpg\" alt=\"\" width=\"300\" height=\"200\" srcset=\"https:\/\/www.espronceda.net\/wp-content\/uploads\/2022\/07\/295611198_489496713175728_1804711702816863474_n-300x200.jpg 300w, https:\/\/www.espronceda.net\/wp-content\/uploads\/2022\/07\/295611198_489496713175728_1804711702816863474_n-1024x682.jpg 1024w, https:\/\/www.espronceda.net\/wp-content\/uploads\/2022\/07\/295611198_489496713175728_1804711702816863474_n-768x511.jpg 768w, https:\/\/www.espronceda.net\/wp-content\/uploads\/2022\/07\/295611198_489496713175728_1804711702816863474_n-1280x852.jpg 1280w, https:\/\/www.espronceda.net\/wp-content\/uploads\/2022\/07\/295611198_489496713175728_1804711702816863474_n.jpg 1440w\" sizes=\"auto, (max-width: 300px) 100vw, 300px\" \/><\/a><\/p>\n<p><a href=\"https:\/\/www.espronceda.net\/wp-content\/uploads\/2022\/08\/unnamed.jpg\"><img loading=\"lazy\" decoding=\"async\" class=\"aligncenter size-medium wp-image-23365\" src=\"https:\/\/www.espronceda.net\/wp-content\/uploads\/2022\/08\/unnamed-300x169.jpg\" alt=\"\" width=\"300\" height=\"169\" srcset=\"https:\/\/www.espronceda.net\/wp-content\/uploads\/2022\/08\/unnamed-300x169.jpg 300w, https:\/\/www.espronceda.net\/wp-content\/uploads\/2022\/08\/unnamed-1024x576.jpg 1024w, https:\/\/www.espronceda.net\/wp-content\/uploads\/2022\/08\/unnamed-768x432.jpg 768w, https:\/\/www.espronceda.net\/wp-content\/uploads\/2022\/08\/unnamed-1280x720.jpg 1280w, https:\/\/www.espronceda.net\/wp-content\/uploads\/2022\/08\/unnamed.jpg 1440w\" sizes=\"auto, (max-width: 300px) 100vw, 300px\" \/><\/a><\/p>\n<p><a href=\"https:\/\/www.espronceda.net\/wp-content\/uploads\/2022\/07\/296017364_489496593175740_5287988700512343903_n.jpg\"><img loading=\"lazy\" decoding=\"async\" class=\"aligncenter size-medium wp-image-23321\" src=\"https:\/\/www.espronceda.net\/wp-content\/uploads\/2022\/07\/296017364_489496593175740_5287988700512343903_n-300x200.jpg\" alt=\"\" width=\"300\" height=\"200\" srcset=\"https:\/\/www.espronceda.net\/wp-content\/uploads\/2022\/07\/296017364_489496593175740_5287988700512343903_n-300x200.jpg 300w, https:\/\/www.espronceda.net\/wp-content\/uploads\/2022\/07\/296017364_489496593175740_5287988700512343903_n-1024x683.jpg 1024w, https:\/\/www.espronceda.net\/wp-content\/uploads\/2022\/07\/296017364_489496593175740_5287988700512343903_n-768x512.jpg 768w, https:\/\/www.espronceda.net\/wp-content\/uploads\/2022\/07\/296017364_489496593175740_5287988700512343903_n.jpg 1066w\" sizes=\"auto, (max-width: 300px) 100vw, 300px\" \/><\/a><\/p>\n","protected":false},"excerpt":{"rendered":"<p>La primera edici\u00f3 del Premi d&#8217;Art amb la Facultat de Belles Arts de Barcelona comen\u00e7a el 2022, amb l&#8217;exposici\u00f3 On The Flip Side. L&#8217;exposici\u00f3 col\u00b7lectiva es va presentar amb motiu del circuit Art Nou Contemporary Art, sota la direcci\u00f3 de Savina Tarsitano. El projecte va n\u00e9ixer amb l&#8217;objectiu principal de crear noves aliances en el m\u00f3n de l&#8217;art, investigant la [&hellip;]<\/p>\n","protected":false},"author":24,"featured_media":0,"parent":0,"menu_order":0,"comment_status":"closed","ping_status":"closed","template":"","meta":{"footnotes":""},"class_list":["post-25367","page","type-page","status-publish","hentry"],"_links":{"self":[{"href":"https:\/\/www.espronceda.net\/ca\/wp-json\/wp\/v2\/pages\/25367","targetHints":{"allow":["GET"]}}],"collection":[{"href":"https:\/\/www.espronceda.net\/ca\/wp-json\/wp\/v2\/pages"}],"about":[{"href":"https:\/\/www.espronceda.net\/ca\/wp-json\/wp\/v2\/types\/page"}],"author":[{"embeddable":true,"href":"https:\/\/www.espronceda.net\/ca\/wp-json\/wp\/v2\/users\/24"}],"replies":[{"embeddable":true,"href":"https:\/\/www.espronceda.net\/ca\/wp-json\/wp\/v2\/comments?post=25367"}],"version-history":[{"count":2,"href":"https:\/\/www.espronceda.net\/ca\/wp-json\/wp\/v2\/pages\/25367\/revisions"}],"predecessor-version":[{"id":25370,"href":"https:\/\/www.espronceda.net\/ca\/wp-json\/wp\/v2\/pages\/25367\/revisions\/25370"}],"wp:attachment":[{"href":"https:\/\/www.espronceda.net\/ca\/wp-json\/wp\/v2\/media?parent=25367"}],"curies":[{"name":"wp","href":"https:\/\/api.w.org\/{rel}","templated":true}]}}