{"id":25381,"date":"2023-03-27T10:58:11","date_gmt":"2023-03-27T08:58:11","guid":{"rendered":"https:\/\/www.espronceda.net\/rise-up\/"},"modified":"2023-04-14T12:25:28","modified_gmt":"2023-04-14T10:25:28","slug":"rise-up","status":"publish","type":"page","link":"https:\/\/www.espronceda.net\/ca\/rise-up\/","title":{"rendered":"RISE UP"},"content":{"rendered":"<h2><img loading=\"lazy\" decoding=\"async\" class=\"size-medium wp-image-25160 aligncenter\" src=\"https:\/\/www.espronceda.net\/wp-content\/uploads\/2023\/03\/Screen-Shot-2023-03-27-at-10.56.10-300x116.png\" alt=\"\" width=\"300\" height=\"116\" srcset=\"https:\/\/www.espronceda.net\/wp-content\/uploads\/2023\/03\/Screen-Shot-2023-03-27-at-10.56.10-300x116.png 300w, https:\/\/www.espronceda.net\/wp-content\/uploads\/2023\/03\/Screen-Shot-2023-03-27-at-10.56.10.png 659w\" sizes=\"auto, (max-width: 300px) 100vw, 300px\" \/><\/h2>\n<h2><\/h2>\n<p>&nbsp;<\/p>\n<p><strong>RESUM DEL PROJECTE<\/strong><\/p>\n<p>RISE UP t\u00e9 com a objectiu potenciar les comunitats ling\u00fc\u00edstiques amena\u00e7ades mitjan\u00e7ant la creaci\u00f3 de connexions entre els actors rellevants, la identificaci\u00f3 de bones pr\u00e0ctiques i el desenvolupament de m\u00e8todes a trav\u00e9s d&#8217;un enfocament multidisciplinari. A m\u00e9s, l&#8217;al\u00e7ament fomentar\u00e0 la confian\u00e7a d&#8217;aquestes comunitats, inclosos els estudiants, els nous parlants, les persones que encara no han tingut l&#8217;oportunitat d&#8217;aprendre la seva llengua d&#8217;her\u00e8ncia, els seus seguidors i molt m\u00e9s. A trav\u00e9s de la recopilaci\u00f3 i l&#8217;an\u00e0lisi de la informaci\u00f3 contextual i les pol\u00edtiques per a les lleng\u00fces en perill a Europa, la creaci\u00f3 d&#8217;un conjunt d&#8217;eines per a les comunitats, la connexi\u00f3 dels actors rellevants i la participaci\u00f3 dels joves, en concret, s&#8217;aixequen els objectius per proporcionar suport i capacitaci\u00f3 a les comunitats ling\u00fc\u00edstiques en perill d&#8217;extinci\u00f3 a Europa.<\/p>\n<p>&nbsp;<\/p>\n<p><strong>Durada<\/strong><\/p>\n<p>02\/2023 to 01\/2026<\/p>\n<p><strong>Programa<\/strong><\/p>\n<p>HORIZON EUROPE<\/p>\n<p>HORIZON-CL2-2022-HERITAGE-01-01<\/p>\n<p>Coordination &amp; Support Action<\/p>\n<p><strong>Grant ID<\/strong><\/p>\n<p>101095048<\/p>\n<p>&nbsp;<\/p>\n<div id=\"qodef-tab-ace9f61\" class=\"qodef-tabs-horizontal-content ui-tabs-panel ui-corner-bottom ui-widget-content\" role=\"tabpanel\" aria-labelledby=\"ui-id-1\" aria-hidden=\"false\">\n<p><strong>CONTESTO DEL PROJECTE<\/strong><\/p>\n<p>Les lleng\u00fces sempre han exercit un paper important quan grups de persones vivien bra\u00e7 a bra\u00e7. Els parlants poden ser suprimits o ocupar una nova llengua. Per\u00f2 per molt que una llengua digui molt sobre la identitat individual, tamb\u00e9 comporta una gran refer\u00e8ncia a la cultura i la hist\u00f2ria del grup en qu\u00e8 es parla i al fons cultural. Est\u00e0 estretament entrella\u00e7ada amb les emocions i tradicions, que val la pena mantenir-les, ja que representen arrels personals.<\/p>\n<p>RISE UP interconnecta a tots els actors del coneixement rellevants, inclosos els ciutadans, la societat civil i els usuaris finals. Recull i analitza informaci\u00f3 de fons, identifica bones pr\u00e0ctiques i desenvolupa nous m\u00e8todes amb l&#8217;ajuda i el suport de les persones que estan preocupades i interessades en el tema. Per tant, l&#8217;ascens t\u00e9 com a objectiu l&#8217;apoderament d&#8217;aquestes comunitats ling\u00fc\u00edstiques en perill d&#8217;extinci\u00f3, fomentant la seva confian\u00e7a en si mateixes i superant el trauma passat. En la comprensi\u00f3 del consorci RISE UP, aquestes comunitats ling\u00fc\u00edstiques en perill inclouen aprenents, nous parlants, persones que no han tingut l&#8217;oportunitat d&#8217;aprendre les seves lleng\u00fces d&#8217;her\u00e8ncia, seguidors i altres parts interessades, aix\u00ed com parlants reals.<\/p>\n<p>RISE UP explora i s&#8217;ocupa de<br \/>\n(a) Context, raons i pol\u00edtiques per a les lleng\u00fces en perill d&#8217;extinci\u00f3 a Europa<br \/>\n(b) Recollir i crear un conjunt d&#8217;eines per donar suport a les comunitats locals<br \/>\n(c) Interconnectar grups rellevants d&#8217;interessats i<br \/>\n(d) Involucrar i atreure especialment als joves i altres parts interessades, per exemple mitjan\u00e7ant l&#8217;\u00fas d&#8217;eines digitals.<\/p>\n<\/div>\n<p>&nbsp;<\/p>\n<p><strong>Website:<\/strong> <a href=\"https:\/\/www.riseupproject.eu\/\">https:\/\/www.riseupproject.eu\/<\/a><\/p>\n","protected":false},"excerpt":{"rendered":"<p>&nbsp; RESUM DEL PROJECTE RISE UP t\u00e9 com a objectiu potenciar les comunitats ling\u00fc\u00edstiques amena\u00e7ades mitjan\u00e7ant la creaci\u00f3 de connexions entre els actors rellevants, la identificaci\u00f3 de bones pr\u00e0ctiques i el desenvolupament de m\u00e8todes a trav\u00e9s d&#8217;un enfocament multidisciplinari. A m\u00e9s, l&#8217;al\u00e7ament fomentar\u00e0 la confian\u00e7a d&#8217;aquestes comunitats, inclosos els estudiants, els nous parlants, les persones que encara no han tingut [&hellip;]<\/p>\n","protected":false},"author":28,"featured_media":0,"parent":0,"menu_order":0,"comment_status":"closed","ping_status":"closed","template":"","meta":{"footnotes":""},"class_list":["post-25381","page","type-page","status-publish","hentry"],"_links":{"self":[{"href":"https:\/\/www.espronceda.net\/ca\/wp-json\/wp\/v2\/pages\/25381","targetHints":{"allow":["GET"]}}],"collection":[{"href":"https:\/\/www.espronceda.net\/ca\/wp-json\/wp\/v2\/pages"}],"about":[{"href":"https:\/\/www.espronceda.net\/ca\/wp-json\/wp\/v2\/types\/page"}],"author":[{"embeddable":true,"href":"https:\/\/www.espronceda.net\/ca\/wp-json\/wp\/v2\/users\/28"}],"replies":[{"embeddable":true,"href":"https:\/\/www.espronceda.net\/ca\/wp-json\/wp\/v2\/comments?post=25381"}],"version-history":[{"count":2,"href":"https:\/\/www.espronceda.net\/ca\/wp-json\/wp\/v2\/pages\/25381\/revisions"}],"predecessor-version":[{"id":25388,"href":"https:\/\/www.espronceda.net\/ca\/wp-json\/wp\/v2\/pages\/25381\/revisions\/25388"}],"wp:attachment":[{"href":"https:\/\/www.espronceda.net\/ca\/wp-json\/wp\/v2\/media?parent=25381"}],"curies":[{"name":"wp","href":"https:\/\/api.w.org\/{rel}","templated":true}]}}