{"id":25389,"date":"2023-03-27T11:56:35","date_gmt":"2023-03-27T09:56:35","guid":{"rendered":"https:\/\/www.espronceda.net\/auge-augmented-europe\/"},"modified":"2023-04-14T12:37:08","modified_gmt":"2023-04-14T10:37:08","slug":"auge-augmented-europe","status":"publish","type":"page","link":"https:\/\/www.espronceda.net\/ca\/auge-augmented-europe\/","title":{"rendered":"AugE | Augmented Europe"},"content":{"rendered":"<p><img loading=\"lazy\" decoding=\"async\" class=\"size-medium wp-image-25173 aligncenter\" src=\"https:\/\/www.espronceda.net\/wp-content\/uploads\/2023\/03\/Screen-Shot-2023-03-27-at-11.51.36-300x76.png\" alt=\"\" width=\"300\" height=\"76\" srcset=\"https:\/\/www.espronceda.net\/wp-content\/uploads\/2023\/03\/Screen-Shot-2023-03-27-at-11.51.36-300x76.png 300w, https:\/\/www.espronceda.net\/wp-content\/uploads\/2023\/03\/Screen-Shot-2023-03-27-at-11.51.36-1024x259.png 1024w, https:\/\/www.espronceda.net\/wp-content\/uploads\/2023\/03\/Screen-Shot-2023-03-27-at-11.51.36-768x194.png 768w, https:\/\/www.espronceda.net\/wp-content\/uploads\/2023\/03\/Screen-Shot-2023-03-27-at-11.51.36-1280x326.png 1280w, https:\/\/www.espronceda.net\/wp-content\/uploads\/2023\/03\/Screen-Shot-2023-03-27-at-11.51.36.png 1288w\" sizes=\"auto, (max-width: 300px) 100vw, 300px\" \/><\/p>\n<p>&nbsp;<\/p>\n<p><strong>AugE | Augmented Europe<\/strong> \u00e9s un projecte finan\u00e7at pel programa Ciutadans, Igualtat, Drets i Valors (CERV)<\/p>\n<p>El segon programa AUGE t\u00e9 per objecte implicar els joves europeus, de manera activa i a trav\u00e9s dels mitjans digitals, per a donar forma al futur d&#8217;Europa d&#8217;una manera m\u00e9s sostenible, integradora i resistent. Seran recolzats per joves &#8220;artivistes&#8221; (artistes que tamb\u00e9 s\u00f3n activistes) per donar forma a noves idees per impulsar visions, somnis, accions que inspiraran i guiaran les formes futures de viure junts a Europa d&#8217;una manera m\u00e9s sostenible, inclusiva i bella.<\/p>\n<p><strong>Cinc ciutats per a cinc reptes<\/strong><\/p>\n<p>Cinc ciutats estaran interconnectades durant 2 anys a trav\u00e9s de 7 esdeveniments transnacionals, figitals i participatius per donar forma a idees i projectes sobre 5 reptes:<\/p>\n<p>Milan: Media literacy and digital awareness<\/p>\n<p>Barcelona: Gender diversity and inclusion<\/p>\n<p>Berlin: Climate change and space colonization<\/p>\n<p>Riga: Blockchain and future economies<\/p>\n<p>Gda\u0144sk: Democracy and public health<\/p>\n<p>&nbsp;<\/p>\n<p>130 adults joves treballaran junts en les artatons AUGE, esdeveniments interactius i participatius que s&#8217;organitzaran de mar\u00e7 a novembre de 2023.<\/p>\n<h2 class=\"has-text-color\">Com participar?<\/h2>\n<p>Per participar en l&#8217;artat\u00f3 heu d&#8217;enviar la vostra sol\u00b7licitud emplenant el formulari de la p\u00e0gina d&#8217;artat\u00f3, els llocs s\u00f3n limitats!<\/p>\n<p>Si esteu basats en la ciutat de l&#8217;artat\u00f3, podeu unir-vos f\u00edsicament, si veniu de les altres ciutats, us unireu en l\u00ednia.<\/p>\n<p><strong>Per qu\u00e8 participar en l&#8217;artat\u00f3?<\/strong><\/p>\n<p>En participar en una de les 5 artatons podreu:<\/p>\n<p>1) assistir a un taller inspirador d&#8217;un expert en el repte;<\/p>\n<p>2) treballar en un grup amb participants d&#8217;altres ciutats per explorar junts el repte i activar una comunitat transnacional;<\/p>\n<p>3) participar (sol o amb un equip petit) en el concurs d&#8217;idees que premiar\u00e0 la idea guanyadora amb 1.200 euros com a suport al seu projecte;<\/p>\n<p>4) ser convidat a l&#8217;esdeveniment final que se celebrar\u00e0 a Mil\u00e0 l&#8217;abril de 2024 durant la Setmana del Disseny.<\/p>\n<p>&nbsp;<\/p>\n<p><strong>ARATHON BARCELONA: 27 APRIL 2023.<\/strong><\/p>\n<p>&nbsp;<\/p>\n<p><strong>Website<\/strong>: <a href=\"https:\/\/augenext.eu\/auge-2nd-second-chapter\/\">https:\/\/augenext.eu\/auge-2nd-second-chapter\/<\/a><\/p>\n<p>&nbsp;<\/p>\n<p><strong>PARTNERS<\/strong><\/p>\n<p><strong>MADE GROUP<\/strong><\/p>\n<p>MADE Group \u00e9s una plataforma sense \u00e0nim de lucre per a l&#8217;estrat\u00e8gia de comunicaci\u00f3, projectes d&#8217;innovaci\u00f3 social i sinergies creatives. La cultura i la innovaci\u00f3, l&#8217;ecologia i la sostenibilitat, la democr\u00e0cia i la inclusivitat, la resili\u00e8ncia i el progr\u00e9s s\u00f3n la seva inspiraci\u00f3 i les directrius de les seves obres. La innovaci\u00f3 social consisteix a crear idees i solucions per al canvi; la creativitat consisteix a convertir-se en inventiva a trav\u00e9s de sinergies i interactivitat, al mateix temps que t\u00e9 alts est\u00e0ndards est\u00e8tics per a cada estrat\u00e8gia o assoliment. MADE team \u00e9s un grup d&#8217;experts, professionals i cient\u00edfics que proporcionen l&#8217;oportunitat de formar, experimentar i un alt nivell de comprom\u00eds amb els alumnes i els joves professionals.<\/p>\n<p><a href=\"https:\/\/madegroup.co\/\" target=\"_blank\" rel=\"noreferrer noopener\">More about MADE<\/a><\/p>\n<div class=\"wp-block-spacer\" aria-hidden=\"true\"><\/div>\n<p><strong>MEET<\/strong><\/p>\n<p>MEET \u00e9s l&#8217;organitzaci\u00f3 italiana que d\u00f3na suport a la cultura digital i la tecnologia creativa. MEET ofereix un pla massiu d&#8217;activitats sobre la vida \u2013 en l\u00ednia i en el lloc \u2013 que porten a la gent a experimentar i abra\u00e7ar la tecnologia digital com a part de la seva vida di\u00e0ria i un recurs per a la seva creativitat. MEET t\u00e9 com a objectiu reduir la bretxa cultural digital italiana. Altres factors clau s\u00f3n l&#8217;intercanvi, el debat i la creaci\u00f3 de nous projectes juntament amb socis internacionals. Dissenyat com una instituci\u00f3 d&#8217;orientaci\u00f3 social, MEET recull, promou i comparteix idees creatives i projectes innovadors per reduir la bretxa cultural digital i garantir una participaci\u00f3 cada vegada m\u00e9s activa amb un enfocament centrat en la reuni\u00f3 i la inclusi\u00f3.<\/p>\n<p><a href=\"https:\/\/www.meetcenter.it\/en\/home-page\/\" target=\"_blank\" rel=\"noreferrer noopener\">More about MEET<\/a><\/p>\n<div class=\"wp-block-spacer\" aria-hidden=\"true\"><\/div>\n<p><strong>PUBLIC ART LAB<\/strong><\/p>\n<p>Public Art Lab (PAL) \u00e9s un laboratori d&#8217;investigaci\u00f3 d&#8217;acci\u00f3 i plataforma de Berl\u00edn que investiga, comissaria i produeix projectes art\u00edstics en l&#8217;\u00e0mbit p\u00fablic urb\u00e0 en la intersecci\u00f3 d&#8217;arts medi\u00e0tiques, planificaci\u00f3 urbana i tecnologies creatives. PAL s&#8217;especialitza en la creaci\u00f3 de ciutats creatives, la ci\u00e8ncia ciutadana i el di\u00e0leg translocal que empodera les interaccions socials i el comprom\u00eds dels ciutadans. Aquestes col\u00b7laboracions creen plataformes de ciutadans, nous mercats art\u00edstics, festivals i xarxes que faciliten un proc\u00e9s obert de co-disseny amb les parts interessades per facilitar la creaci\u00f3 de llocs de la comunitat i la construcci\u00f3 de barris.<\/p>\n<p><a href=\"https:\/\/www.publicartlab-berlin.de\/\" target=\"_blank\" rel=\"noreferrer noopener\">More about Public Art Lab<\/a><\/p>\n<div class=\"wp-block-spacer\" aria-hidden=\"true\"><\/div>\n<p><strong>RICX<\/strong><\/p>\n<p>RIXC \u00e9s el centre de la nova cultura dels mitjans de comunicaci\u00f3, galeria d&#8217;art i col\u00b7lectiu art\u00edstic amb seu a Riga, Let\u00f2nia, que inicia projectes en la intersecci\u00f3 de l&#8217;art, la ci\u00e8ncia i les tecnologies emergents. Les activitats de RIXC inclouen: dirigir una galeria d&#8217;art, producci\u00f3 d&#8217;obres d&#8217;art i projectes innovadors d&#8217;art, ci\u00e8ncia i tecnologia, organitzar el festival anual RIXC Art Science, exposicions, resid\u00e8ncies i publicar la s\u00e8rie de revistes Acoustic Space. L&#8217;objectiu principal de la RIXC \u00e9s iniciar els temes m\u00e9s nous i actuals de l&#8217;art digital mitjan\u00e7ant la realitzaci\u00f3 de projectes experimentals innovadors en l&#8217;art, la ci\u00e8ncia i la tecnologia a Let\u00f2nia i internacionalment.<\/p>\n<p><a href=\"http:\/\/rixc.org\/\" target=\"_blank\" rel=\"noreferrer noopener\">More about RICX<\/a><\/p>\n<div class=\"wp-block-spacer\" aria-hidden=\"true\"><\/div>\n<p><strong>ESPRONCEDA<\/strong><\/p>\n<p>Espronceda &#8211; Institut d&#8217;Art i Cultura, impulsat per Lemongrass Communications S.L., va ser fundat el 2013 per crear una plataforma innovadora per a la investigaci\u00f3 art\u00edstica i cultural que podria produir impacte social i canvi social en la societat. La seva missi\u00f3 \u00e9s proporcionar un entorn multidisciplinari per promoure el di\u00e0leg internacional entre artistes, comissaris, cr\u00edtics, galeristes, col\u00b7leccionistes, directors de cultura, cient\u00edfics, diplom\u00e0tics, acad\u00e8mics de tot Europa i a tot el m\u00f3n, permetent-los col\u00b7laborar per a les millors solucions culturals i socials. Els pilars de la filosofia d&#8217;Espronceda s\u00f3n la interconnexi\u00f3 entre l&#8217;art, la cultura, la ci\u00e8ncia i la societat, amb l&#8217;objectiu de crear noves aliances, i contribuir activament a la implementaci\u00f3 de l&#8217;agenda 2030. El nostre comprom\u00eds i contribuci\u00f3 al m\u00f3n de l&#8217;art i la cultura s&#8217;activen a trav\u00e9s de l&#8217;organitzaci\u00f3 de les resid\u00e8ncies d&#8217;art i cultura, exposicions, tallers, webinars, simposis que abasten diversos temes contemporanis en col\u00b7laboraci\u00f3 amb diferents socis locals i europeus. La metodologia es basa en un enfocament multidisciplinari i interdisciplinari que abasta les arts visuals i de nous mitjans, arts esc\u00e8niques, m\u00fasica i teatre, i es basa en el concepte de crear solidaritat i aprofitar la humanitat en totes les races, cultures i fons.<\/p>\n<p><a href=\"https:\/\/urlsand.esvalabs.com\/?u=https%3A%2F%2Fwww.espronceda.net%2F&amp;e=a39aa7eb&amp;h=2e4f67be&amp;f=n&amp;p=y&amp;l=1\" target=\"_blank\" rel=\"noreferrer noopener\">More about Espronceda<\/a><\/p>\n<div class=\"wp-block-spacer\" aria-hidden=\"true\"><\/div>\n<p><strong>LAZNIA<\/strong><\/p>\n<p>El LAZNIA Centre for Contemporary Art va ser una de les primeres institucions culturals p\u00fabliques establertes a Pol\u00f2nia despr\u00e9s de les transformacions de 1989. Va comen\u00e7ar com una iniciativa d&#8217;artistes independents locals oposats als models tradicionals d&#8217;art. Una antiga i dilapidada antiga casa de banys p\u00fablica al districte de Lower Town a Gdansk, Pol\u00f2nia, va resultar ser un espai ideal per mostrar art. En resposta a una iniciativa popular dels artistes, el 1998 l&#8217;Ajuntament de Gdansk la va designar instituci\u00f3 cultural municipal. El LAZNIA Centre for Contemporary Art est\u00e0 guiat per la seva missi\u00f3 de mostrar i promoure l&#8217;art contemporani com un mitj\u00e0 per expressar els valors universals, i un element del patrimoni cultural mundial. El centre ho fa mostrant els \u00faltims desenvolupaments de l&#8217;art contemporani, mostrant el proc\u00e9s de canvi que l&#8217;art est\u00e0 experimentant, comprometent-se amb fen\u00f2mens culturals i socials que tenen lloc a tot el m\u00f3n, i educant al p\u00fablic sobre aquests temes.<\/p>\n<p><a href=\"https:\/\/www.transartists.org\/en\/air\/laznia-centre-contemporary-art\" target=\"_blank\" rel=\"noreferrer noopener\">More about Laznia<\/a><\/p>\n<p>&nbsp;<\/p>\n<p><strong>Project co-funded by<\/strong><\/p>\n<p><img loading=\"lazy\" decoding=\"async\" class=\"alignnone size-medium wp-image-25170\" src=\"https:\/\/www.espronceda.net\/wp-content\/uploads\/2023\/03\/Co-Funded-By-the-EU-300x81.png\" alt=\"\" width=\"300\" height=\"81\" srcset=\"https:\/\/www.espronceda.net\/wp-content\/uploads\/2023\/03\/Co-Funded-By-the-EU-300x81.png 300w, https:\/\/www.espronceda.net\/wp-content\/uploads\/2023\/03\/Co-Funded-By-the-EU-768x208.png 768w, https:\/\/www.espronceda.net\/wp-content\/uploads\/2023\/03\/Co-Funded-By-the-EU.png 800w\" sizes=\"auto, (max-width: 300px) 100vw, 300px\" \/><\/p>\n<p>&nbsp;<\/p>\n","protected":false},"excerpt":{"rendered":"<p>&nbsp; AugE | Augmented Europe \u00e9s un projecte finan\u00e7at pel programa Ciutadans, Igualtat, Drets i Valors (CERV) El segon programa AUGE t\u00e9 per objecte implicar els joves europeus, de manera activa i a trav\u00e9s dels mitjans digitals, per a donar forma al futur d&#8217;Europa d&#8217;una manera m\u00e9s sostenible, integradora i resistent. Seran recolzats per joves &#8220;artivistes&#8221; (artistes que tamb\u00e9 s\u00f3n [&hellip;]<\/p>\n","protected":false},"author":28,"featured_media":0,"parent":0,"menu_order":0,"comment_status":"closed","ping_status":"closed","template":"","meta":{"footnotes":""},"class_list":["post-25389","page","type-page","status-publish","hentry"],"_links":{"self":[{"href":"https:\/\/www.espronceda.net\/ca\/wp-json\/wp\/v2\/pages\/25389","targetHints":{"allow":["GET"]}}],"collection":[{"href":"https:\/\/www.espronceda.net\/ca\/wp-json\/wp\/v2\/pages"}],"about":[{"href":"https:\/\/www.espronceda.net\/ca\/wp-json\/wp\/v2\/types\/page"}],"author":[{"embeddable":true,"href":"https:\/\/www.espronceda.net\/ca\/wp-json\/wp\/v2\/users\/28"}],"replies":[{"embeddable":true,"href":"https:\/\/www.espronceda.net\/ca\/wp-json\/wp\/v2\/comments?post=25389"}],"version-history":[{"count":2,"href":"https:\/\/www.espronceda.net\/ca\/wp-json\/wp\/v2\/pages\/25389\/revisions"}],"predecessor-version":[{"id":25396,"href":"https:\/\/www.espronceda.net\/ca\/wp-json\/wp\/v2\/pages\/25389\/revisions\/25396"}],"wp:attachment":[{"href":"https:\/\/www.espronceda.net\/ca\/wp-json\/wp\/v2\/media?parent=25389"}],"curies":[{"name":"wp","href":"https:\/\/api.w.org\/{rel}","templated":true}]}}