{"id":25405,"date":"2023-03-27T13:16:33","date_gmt":"2023-03-27T11:16:33","guid":{"rendered":"https:\/\/www.espronceda.net\/pmp-professional-media-presence\/"},"modified":"2023-04-17T14:14:42","modified_gmt":"2023-04-17T12:14:42","slug":"pmp-professional-media-presence","status":"publish","type":"page","link":"https:\/\/www.espronceda.net\/ca\/pmp-professional-media-presence\/","title":{"rendered":"PMP &#8211; Professional Media Presence"},"content":{"rendered":"<p style=\"text-align: center;\"><strong>PMP &#8211; Professional Media Presence<\/strong><\/p>\n<p>&nbsp;<\/p>\n<p>Professional Media Presence \u201cPMP\u201d \u00e9s un projecte d&#8217;innovaci\u00f3 de l&#8217;Europa Creativa de mida mitjana, on se centren les prioritats de la inclusi\u00f3 digital i social. PMP respon a la necessitat d&#8217;entendre millor els mitjans de comunicaci\u00f3, d&#8217;aprofitar millor els mitjans de comunicaci\u00f3 i les noves tecnologies com a eines per a les pr\u00e0ctiques professionals i l&#8217;expressi\u00f3 professional de la identitat en el sector cultural i creatiu europeu. La necessitat d&#8217;aquesta mena de suport i desenvolupament est\u00e0 creixent a mesura que creix el paper dels mitjans de comunicaci\u00f3 en les nostres vides; aix\u00f2 ha ocorregut especialment durant la pand\u00e8mia de la Covid-19 i la guerra d&#8217;Ucra\u00efna, a mesura que l&#8217;\u00fas de noves tecnologies en el sector creatiu ha augmentat r\u00e0pidament.Tamb\u00e9 som molt conscients del clima pol\u00edtic global i europeu que canvia radicalment. Els mitjans de comunicaci\u00f3 serveixen com a recipient per a la desinformaci\u00f3, desinformaci\u00f3 i propaganda en aquests entorns. Els artistes poden, sense saber-ho, trobar-se participant en aquesta manipulaci\u00f3 medi\u00e0tica. La necessitat d&#8217;educaci\u00f3 medi\u00e0tica entre els artistes \u00e9s m\u00e9s actual que mai.<\/p>\n<p>PMP respon a la necessitat de comprendre millor els mitjans de comunicaci\u00f3 socials i tradicionals, d&#8217;aprofitar-los millor com a eines per a les pr\u00e0ctiques professionals i l&#8217;expressi\u00f3 professional identitiva en el sector cultural i creatiu europeu. PMP permet la creaci\u00f3 del propi mitj\u00e0 professional d&#8217;un artista, ensenya principis i millors pr\u00e0ctiques, i proporciona un conjunt d&#8217;eines de pr\u00e0ctica de mitjans de comunicaci\u00f3 accessibles, creat de manera inclusiva, amb finalitats m\u00e9s \u00e0mplies del sector creatiu. Actualment no hi ha directrius per a les pr\u00e0ctiques professionals dels mitjans de comunicaci\u00f3 per a artistes, per exemple, en l&#8217;educaci\u00f3 art\u00edstica formal o no formal. La necessitat d&#8217;aquest tipus de contingut, suport i desenvolupament est\u00e0 creixent a mesura que creix el paper dels mitjans de comunicaci\u00f3 en les nostres vides; aix\u00f2 ha ocorregut especialment durant la pand\u00e8mia de la COVID-19.<\/p>\n<div class=\"traductor-textarea form-group\">\n<div class=\"textarea-desti col-xs-12 col-sm-6\">\n<div class=\"form-control second-textarea\">PMP consistir\u00e0 en una s\u00e8rie de seminaris en l\u00ednia de 5 parts, que oferir\u00e0 una educaci\u00f3 medi\u00e0tica accessible per a artistes i organitzacions creatives de tota Europa. Cada seminari ser\u00e0 seguit per un taller de 5 dies, on les millors pr\u00e0ctiques medi\u00e0tiques per artistes seran co-desenvolupades i co-creades amb un m\u00e8tode horitzontal FATAA. Els esdeveniments del taller seran seguits per resid\u00e8ncies d&#8217;artista i treballs editorials, resultant en el resultat principal de PMP: Professional Media Practices for Artists- toolkit.<\/p>\n<p>At\u00e8s que PMP adapta l&#8217;educaci\u00f3 medi\u00e0tica per a artistes, la difusi\u00f3 cont\u00ednua, per exemple, una s\u00e8rie de podcasts, s\u00e8ries d&#8217;exposicions h\u00edbrides, articles professionals i campanyes de xarxes socials tamb\u00e9 ser\u00e0 una part important de PMP. El treball es far\u00e0 en equips d&#8217;artistes nacionals. Consisteixen en artistes amb or\u00edgens desfavorits, menys oportunitats i aquells, les carreres dels quals han patit la crisi de la COVID19: PMPs grup principal objectiu. Els altres grups objectiu inclouen organitzacions creatives europees, organitzacions d&#8217;educaci\u00f3 art\u00edstica i educadors d&#8217;art, finan\u00e7adors i responsables de la presa de decisions, i artistes a escala mundial.<\/p><\/div>\n<\/div>\n<\/div>\n<div class=\"traductor-checkbox form-group\">\n<div id=\"message_info\" class=\"panel-body alert alert-warning bg-success text-success\" role=\"alert\"><button class=\"close\" type=\"button\" aria-label=\"Close\"><span aria-hidden=\"true\">\u00d7<\/span><\/button><\/div>\n<\/div>\n<p><strong>Call:<\/strong> CREA-CULT-2022-COOP<\/p>\n<p><strong>Duration:<\/strong> 48 months<\/p>\n<p>&nbsp;<\/p>\n<p><strong>PARTNERS:<\/strong><\/p>\n<p><strong>Turku UAS(COO)<\/strong> de Finl\u00e0ndia \u00e9s el coordinador del PMP. Tenen una experi\u00e8ncia s\u00f2lida i reconeguda en la gesti\u00f3 de projectes, amb aproximadament 200 projectes cada any, inclosos els projectes de la UE. En PMP treballaran com a coordinadors. Turku UAS assignar\u00e0 un coordinador (assessor del projecte principal) per al projecte, aix\u00ed com un assessor financer. Sent una Universitat de Ci\u00e8ncies Aplicades, Turku UAS tamb\u00e9 proporcionar\u00e0 2 artistes experts i 20NAT dels camps de l&#8217;art contemporani, l&#8217;escultura, el circ, l&#8217;art medi\u00e0tic, la dansa i el teatre. A m\u00e9s, proporcionaran informaci\u00f3 sobre el desenvolupament de seccions de pedagogia formal del conjunt d&#8217;eines. A m\u00e9s, proporcionaran la seva experi\u00e8ncia en treballs editorials, curatorials i editorials, aix\u00ed com les seves \u00e0mplies xarxes tant per al grup objectiu com per a la difusi\u00f3. Turku UAS ser\u00e0 responsable del WP1 (Gesti\u00f3 del Projecte).<\/p>\n<p><strong>Perypezye Urbane<\/strong> \u00e9s un col\u00b7lectiu de dansa contempor\u00e0nia d&#8217;It\u00e0lia. Reuneixen joves artistes de dansa emergents, que utilitzen els mitjans de comunicaci\u00f3 en les seves vides professionals. Perypezye Urbane ofereix possibilitats de creixement i rendiment professional. Donar suport als artistes amb antecedents minoritaris \u00e9s un dels seus valors importants, que tamb\u00e9 es poden veure en els seus anteriors projectes de Creative Europe, com DanceMe Up. A la PMP, proporcionaran la seva experi\u00e8ncia en l&#8217;organitzaci\u00f3 de seminaris en l\u00ednia, tallers, resid\u00e8ncies art\u00edstiques, facilitaci\u00f3, comissariat d&#8217;esdeveniments de dansa i altres accions de difusi\u00f3, treball editorial del conjunt d&#8217;eines i gesti\u00f3 de projectes. A m\u00e9s d&#8217;aquestes \u00e0rees de participaci\u00f3, Perypezye Urbane utilitzar\u00e0 les seves xarxes en la participaci\u00f3 del grup objectiu, espec\u00edficament els joves artistes d&#8217;art esc\u00e8nic. Seran responsables del WP4.<\/p>\n<p><strong>Youth for equality<\/strong> \u00e9s una ONG juvenil d&#8217;Eslov\u00e0quia. El seu objectiu principal \u00e9s oferir oportunitats als joves, com els artistes emergents, per a desenvolupar les seves habilitats laborals. Anteriorment havien organitzat diversos tallers, incloent-hi els relacionats amb les arts i la creativitat, aix\u00ed com habilitats digitals. Tamb\u00e9 tenen xarxes fortes per a experts en xarxes socials i artistes locals. En el PMP La Joventut per la Igualtat ajudar\u00e0 en el proc\u00e9s de preparaci\u00f3, ser\u00e0 responsable de les seminaris teonline, avaluaci\u00f3 de qualitat, organitzar un esdeveniment de taller, fer feina editorial amb el joc d&#8217;eines i treballar amb la difusi\u00f3. Seran responsables del WP2 (S\u00e8rie de seminaris en l\u00ednia).<\/p>\n<p><strong>Prisms Malta<\/strong> \u00e9s una ONG maltesa que organitza cursos de formaci\u00f3 per a joves europeus. S\u00f3n treballadors amb llic\u00e8ncia de joventut, que s&#8217;especialitzen en l&#8217;aprenentatge no formal i s\u00f3n experimentats no nom\u00e9s en el desenvolupament de m\u00e8todes ells mateixos, sin\u00f3 en facilitar a altres en el desenvolupament de m\u00e8todes creatius. Tamb\u00e9 tenen experi\u00e8ncia amb la gesti\u00f3 de projectes i l&#8217;organitzaci\u00f3 de seminaris.Tenen experi\u00e8ncia treballant amb persones de diversos or\u00edgens, aix\u00ed com una forta pres\u00e8ncia en la comunitat maltesa.En el PMP contribuiran a l&#8217;\u00e0mbit de l&#8217;aprenentatge no formal, la facilitaci\u00f3 i l&#8217;arranjament dels tallers i seminaris i el desenvolupament del conjunt d&#8217;eines, assegurant que tamb\u00e9 sigui atractiu per als artistes joves emergents. Tamb\u00e9 utilitzaran les seves xarxes d&#8217;experts en mitjans de comunicaci\u00f3 i experi\u00e8ncia en la gesti\u00f3 de projectes, aix\u00ed com en la difusi\u00f3. Els prismes seran responsables del WP3 (els Tallers).<\/p>\n<p><strong>Culture Hub Croatia<\/strong> Combina l&#8217;educaci\u00f3, la cultura i la creativitat per al desenvolupament de les comunitats croates locals. Tenen experi\u00e8ncia pr\u00e8via en projectes finan\u00e7ats per la UE, dissenyant i implementant tallers participatius, organitzant esdeveniments (com seminaris en l\u00ednia i tallers en directe), aix\u00ed com elaborant eines i eines educatives per a diversos tipus d&#8217;audi\u00e8ncies. Participa activament en el desenvolupament d&#8217;estrat\u00e8gies de comunicaci\u00f3 i activitats de difusi\u00f3. Contribuiran a PMP en termes d&#8217;organitzaci\u00f3 d&#8217;esdeveniments (tant en l\u00ednia com fora de l\u00ednia), allotjament de resid\u00e8ncia, avaluaci\u00f3 de necessitats, desenvolupament de conjunts d&#8217;eines i treballs editorials, comissariat d&#8217;exposicions i altres accions o activitats de difusi\u00f3. Culture Hub Cro\u00e0cia ser\u00e0 responsable del WP 5 (Disseminaci\u00f3).<\/p>\n<p><strong>Lapland University of Applied Sciences<\/strong> \u00e9s una instituci\u00f3 que ofereix educaci\u00f3 art\u00edstica visual formal. Tenen fortes connexions no nom\u00e9s amb artistes visuals de tota Europa, sin\u00f3 tamb\u00e9 amb la dimensi\u00f3 septentrional local: l&#8217;escena art\u00edstica de Lap\u00f2nia. Aportaran els seus coneixements i connexions a seminaris d&#8217;organitzaci\u00f3, organitzaci\u00f3 de tallers i participaci\u00f3, aix\u00ed com la construcci\u00f3 i edici\u00f3 del conjunt d&#8217;eines, aix\u00ed com la difusi\u00f3 i l&#8217;allotjament.<\/p>\n<p><strong>Espronceda<\/strong> \u00e9s una organitzaci\u00f3 d&#8217;art i creativitat de Barcelona, connectada a diversos artistes locals i organitzacions creatives. Treballa com a plataforma d&#8217;art i recerca contempor\u00e0nia internacional i local. Tenen una gran experi\u00e8ncia en projectes creatius finan\u00e7ats per la UE, aix\u00ed com en projectes relacionats amb la ci\u00e8ncia, les noves tecnologies, la intel\u00b7lig\u00e8ncia artificial, aix\u00ed com en projectes relacionats amb el canvi social, la inclusi\u00f3 social i l&#8217;educaci\u00f3. T\u00e9 una gran experi\u00e8ncia en l&#8217;organitzaci\u00f3 d&#8217;esdeveniments culturals, com ara simposis, debats internacionals i locals, esdeveniments de tallers, resid\u00e8ncies i exposicions. A PMP, organitzaran un seminari en l\u00ednia i un esdeveniment de taller, acolliran una resid\u00e8ncia i comissariaran l&#8217;exposici\u00f3 aPMP.<\/p>\n<p>&nbsp;<\/p>\n<p><strong>A project:<\/strong><\/p>\n<p><img loading=\"lazy\" decoding=\"async\" class=\"alignnone size-medium wp-image-25170\" src=\"https:\/\/www.espronceda.net\/wp-content\/uploads\/2023\/03\/Co-Funded-By-the-EU-300x81.png\" alt=\"\" width=\"300\" height=\"81\" srcset=\"https:\/\/www.espronceda.net\/wp-content\/uploads\/2023\/03\/Co-Funded-By-the-EU-300x81.png 300w, https:\/\/www.espronceda.net\/wp-content\/uploads\/2023\/03\/Co-Funded-By-the-EU-768x208.png 768w, https:\/\/www.espronceda.net\/wp-content\/uploads\/2023\/03\/Co-Funded-By-the-EU.png 800w\" sizes=\"auto, (max-width: 300px) 100vw, 300px\" \/><\/p>\n","protected":false},"excerpt":{"rendered":"<p>PMP &#8211; Professional Media Presence &nbsp; Professional Media Presence \u201cPMP\u201d \u00e9s un projecte d&#8217;innovaci\u00f3 de l&#8217;Europa Creativa de mida mitjana, on se centren les prioritats de la inclusi\u00f3 digital i social. PMP respon a la necessitat d&#8217;entendre millor els mitjans de comunicaci\u00f3, d&#8217;aprofitar millor els mitjans de comunicaci\u00f3 i les noves tecnologies com a eines per a les pr\u00e0ctiques professionals [&hellip;]<\/p>\n","protected":false},"author":28,"featured_media":0,"parent":0,"menu_order":0,"comment_status":"closed","ping_status":"closed","template":"","meta":{"footnotes":""},"class_list":["post-25405","page","type-page","status-publish","hentry"],"_links":{"self":[{"href":"https:\/\/www.espronceda.net\/ca\/wp-json\/wp\/v2\/pages\/25405","targetHints":{"allow":["GET"]}}],"collection":[{"href":"https:\/\/www.espronceda.net\/ca\/wp-json\/wp\/v2\/pages"}],"about":[{"href":"https:\/\/www.espronceda.net\/ca\/wp-json\/wp\/v2\/types\/page"}],"author":[{"embeddable":true,"href":"https:\/\/www.espronceda.net\/ca\/wp-json\/wp\/v2\/users\/28"}],"replies":[{"embeddable":true,"href":"https:\/\/www.espronceda.net\/ca\/wp-json\/wp\/v2\/comments?post=25405"}],"version-history":[{"count":2,"href":"https:\/\/www.espronceda.net\/ca\/wp-json\/wp\/v2\/pages\/25405\/revisions"}],"predecessor-version":[{"id":25412,"href":"https:\/\/www.espronceda.net\/ca\/wp-json\/wp\/v2\/pages\/25405\/revisions\/25412"}],"wp:attachment":[{"href":"https:\/\/www.espronceda.net\/ca\/wp-json\/wp\/v2\/media?parent=25405"}],"curies":[{"name":"wp","href":"https:\/\/api.w.org\/{rel}","templated":true}]}}