{"id":26313,"date":"2023-11-20T00:08:12","date_gmt":"2023-11-19T23:08:12","guid":{"rendered":"https:\/\/www.espronceda.net\/?page_id=26313"},"modified":"2023-11-24T01:25:40","modified_gmt":"2023-11-24T00:25:40","slug":"nubia-comunitat-dinamica","status":"publish","type":"page","link":"https:\/\/www.espronceda.net\/ca\/nubia-comunitat-dinamica\/","title":{"rendered":"NUBIA COMUNITAT DINAMICA"},"content":{"rendered":"<p>NUBIA comunitat din\u00e0mica \u00e9s una nova iniciativa d&#8217;ESPRONCEDA que comen\u00e7a amb dues jornades activadores d&#8217;una nova comunitat de p\u00fablic creatiu i participatiu. Utilitzant les noves tecnologies com a realitat virtual, realitat augmentada, intel\u00b7lig\u00e8ncia artificial i dispositius h\u00e0ptics, els participants s\u00f3n co-creadors d&#8217;experi\u00e8ncies\/objectes digitals a trav\u00e9s de la seva participaci\u00f3 din\u00e0mica\/performativa en una s\u00e8rie d&#8217;experi\u00e8ncies proposades en dues jornades, dia 22 i 23 de novembre. A m\u00e9s, aquestes jornades inclouen formaci\u00f3 en \u201cstorytelling\u201d immersiu i interactiu i tecnologies clau com els dispositius h\u00e0ptics. Els participants en aquestes jornades passen a ser integrants d&#8217;una comunitat que fomenta la co-creativitat i l&#8217;assist\u00e8ncia a esdeveniments\/exposicions interactives. La comunitat \u00e9s activada mitjan\u00e7ant una comunitat online basada en la web i un metavers online que ofereix informaci\u00f3 i permet el contacte de p\u00fablic i creadors<\/p>\n<p><img loading=\"lazy\" decoding=\"async\" class=\"aligncenter wp-image-26230 size-large\" src=\"https:\/\/www.espronceda.net\/wp-content\/uploads\/2023\/11\/final-nubia-comunitat-dinamica-2-819x1024.jpg\" alt=\"\" width=\"819\" height=\"1024\" srcset=\"https:\/\/www.espronceda.net\/wp-content\/uploads\/2023\/11\/final-nubia-comunitat-dinamica-2-819x1024.jpg 819w, https:\/\/www.espronceda.net\/wp-content\/uploads\/2023\/11\/final-nubia-comunitat-dinamica-2-240x300.jpg 240w, https:\/\/www.espronceda.net\/wp-content\/uploads\/2023\/11\/final-nubia-comunitat-dinamica-2-768x960.jpg 768w, https:\/\/www.espronceda.net\/wp-content\/uploads\/2023\/11\/final-nubia-comunitat-dinamica-2.jpg 1080w\" sizes=\"auto, (max-width: 819px) 100vw, 819px\" \/><\/p>\n<p>Objectius de les activitats<br \/>\n1) Dinamitzar la creaci\u00f3 de comunitats de p\u00fablic-co-creadors mitjan\u00e7ant experi\u00e8ncies interactives que fan del moviment corporal (performance) part fonamental del proc\u00e9s.<br \/>\n2) Crear vincles emocionals\/relaci\u00f3 t\u00e0ctil-performativa-humana\/ perqu\u00e8 la comunitat tingui una motivaci\u00f3 personal.<br \/>\n3) Apropar el potencial de les noves tecnologies a l&#8217;experi\u00e8ncia expandida, que \u00e9s aquella que no ens porta a cap altra realitat, sin\u00f3 que potencia la nostra pr\u00f2pia exist\u00e8ncia i ajuda a dinamitzar la sociabilitat.<\/p>\n<p>El p\u00fablic objectiu d&#8217;aquestes activitats \u00e9s un p\u00fablic general, en la participaci\u00f3 de les activitats din\u00e0miques, obert a totes les edats, per\u00f2 el component formativa en noves tecnologies i la seva aplicaci\u00f3 est\u00e0 m\u00e9s enfocat a gent jove (18-25 anys) i que tenen una relaci\u00f3 amb les tecnologies avan\u00e7ades, ja sigui pels estudis en curs com per la motivaci\u00f3 personal. ESPRONCEDA mant\u00e9 relaci\u00f3 amb diverses escoles\/universitats que estan formant professionals en la creaci\u00f3 de projectes immersius.<\/p>\n<div>Dia 22 de novembre: D\u201911 a 16h.<\/div>\n<div>11h-11h30. Recepci\u00f3 dels participants. Explicaci\u00f3 de les activitats de les dues jornades NUBIA Comunitat din\u00e0mica.<\/div>\n<div>11h30-12h30. Intel.ligencia Artificial creativa. Cas d\u2019estudi: Common-AI-verse. CSIC-IIIA. Dr. Jordi Sabater\/ Dra. Lissette Lemus.<\/div>\n<div>12h30-13h00. Introduci\u00f3 a la comunitat online NUBIA.<\/div>\n<div>13-14h. Entrepans i begudes.<\/div>\n<div>14-16h. Participaci\u00f3 activa a la instal\u00b7laci\u00f3 performativa LOVE VIBES.<\/div>\n<div><\/div>\n<div>Dia 23 de novembre. D\u201911 a 16h.<\/div>\n<div>11-1h30. Recepci\u00f3 dels participants. Resum de la jornada anterior.<\/div>\n<div>11h30-12h30. Creaci\u00f3 de \u201cstorytelling\u201d per instal.lacions inmersiones i interactives.<\/div>\n<div>12h30-13h30. Taller de co-creaci\u00f3 de comunitats.<\/div>\n<div>13h30-15h00. Temps de menjar i trasllat al CCCB.<\/div>\n<div>15h00-16h00. Participaci\u00f3 guiada a la instal\u00b7laci\u00f3<\/div>\n<div>COMMON-AI-VERSE.<\/div>\n<div><\/div>\n<div><strong>INSCRIPCIONS:<\/strong> <a href=\"https:\/\/docs.google.com\/forms\/u\/1\/d\/e\/1FAIpQLSd0qqJcjF0pn3ggZGxCeG8JuT3E7syoIMRtB52s86gmfvKEiQ\/viewform?urp=gmail_link\">GOOGLE FORMS:<\/a><\/div>\n","protected":false},"excerpt":{"rendered":"<p>NUBIA comunitat din\u00e0mica \u00e9s una nova iniciativa d&#8217;ESPRONCEDA que comen\u00e7a amb dues jornades activadores d&#8217;una nova comunitat de p\u00fablic creatiu i participatiu. Utilitzant les noves tecnologies com a realitat virtual, realitat augmentada, intel\u00b7lig\u00e8ncia artificial i dispositius h\u00e0ptics, els participants s\u00f3n co-creadors d&#8217;experi\u00e8ncies\/objectes digitals a trav\u00e9s de la seva participaci\u00f3 din\u00e0mica\/performativa en una s\u00e8rie d&#8217;experi\u00e8ncies proposades en dues jornades, dia 22 [&hellip;]<\/p>\n","protected":false},"author":24,"featured_media":0,"parent":0,"menu_order":0,"comment_status":"closed","ping_status":"closed","template":"","meta":{"footnotes":""},"class_list":["post-26313","page","type-page","status-publish","hentry"],"_links":{"self":[{"href":"https:\/\/www.espronceda.net\/ca\/wp-json\/wp\/v2\/pages\/26313","targetHints":{"allow":["GET"]}}],"collection":[{"href":"https:\/\/www.espronceda.net\/ca\/wp-json\/wp\/v2\/pages"}],"about":[{"href":"https:\/\/www.espronceda.net\/ca\/wp-json\/wp\/v2\/types\/page"}],"author":[{"embeddable":true,"href":"https:\/\/www.espronceda.net\/ca\/wp-json\/wp\/v2\/users\/24"}],"replies":[{"embeddable":true,"href":"https:\/\/www.espronceda.net\/ca\/wp-json\/wp\/v2\/comments?post=26313"}],"version-history":[{"count":2,"href":"https:\/\/www.espronceda.net\/ca\/wp-json\/wp\/v2\/pages\/26313\/revisions"}],"predecessor-version":[{"id":26368,"href":"https:\/\/www.espronceda.net\/ca\/wp-json\/wp\/v2\/pages\/26313\/revisions\/26368"}],"wp:attachment":[{"href":"https:\/\/www.espronceda.net\/ca\/wp-json\/wp\/v2\/media?parent=26313"}],"curies":[{"name":"wp","href":"https:\/\/api.w.org\/{rel}","templated":true}]}}