{"id":26323,"date":"2023-11-20T00:47:23","date_gmt":"2023-11-19T23:47:23","guid":{"rendered":"https:\/\/www.espronceda.net\/nubia-metavers-navas\/"},"modified":"2023-11-20T00:47:23","modified_gmt":"2023-11-19T23:47:23","slug":"nubia-metavers-navas","status":"publish","type":"page","link":"https:\/\/www.espronceda.net\/ca\/nubia-metavers-navas\/","title":{"rendered":"NUBIA METAVERS NAVAS"},"content":{"rendered":"<p><strong>NUBIA Lab Metavers NAVAS 2023-2024.<\/strong> Dues setmanes de co-creaci\u00f3 en colaborac\u00ed\u00f3 amb Pla Comunitari de Navas, s&#8217;organitzar\u00e0 una convocatoria per escollir 5 participants, prioritzan gent jove (18-30 anya) dones o col.lectiu LGTBI+, no sent excloent l&#8217;edat si es tobren persones motivades d&#8217;altres grups d&#8217;edat. Les dues setmanes de co-creaci\u00f3 son presencials, als matins, de 11 a 14h els dies laborables, i es coordina amb el col.lectiu Be Another Lab. Tot el grup de 5 persones treballen al mateix projecte, fomentant la negociaci\u00f3 i la col.laboraci\u00f3. El resultat creatiu, un metavers liminal entre allo real\/analogic i allo virtual\/ digital sera mostrat als veins en una jornada de portes obertes feta en collaboraci\u00f3 amb les associacions veinals de Navas.<\/p>\n<p><span style=\"font-weight: 400;\">Objectius de NUBIA Lab Metavers NAVAS:\u00a0<\/span><\/p>\n<p><span style=\"font-weight: 400;\">1) Crear un Metavers de forma col.laborativa i que tingui un arrel\/ connexi\u00f3 amb el barri de Navas.\u00a0\u00a0<\/span><\/p>\n<p><span style=\"font-weight: 400;\">2) NUBIA Lab afavoriex un entorn segur, perqu\u00e8 els equips de ciutadans puguin crear el seu primer projecte Metavers ( Web 3, liminal: f\u00edsic + digital) i pensar a la generaci\u00f3 de beneficis per la seva comercialitzaci\u00f3 mitjan\u00e7ant NFTs de les obres f\u00edsiques, objectes digitals i experi\u00e8ncies immersives.\u00a0<\/span><\/p>\n<p><span style=\"font-weight: 400;\">3) Oferir formaci\u00f3 incial i motivadora a trav\u00e9s de tallers presencials: ideaci\u00f3 i creaci\u00f3 de metaversos, tecnologies immersives de realitat expandida (VR, AR, projecci\u00f3 360), so 3D, entorns multisensorials (tacte, olfacte, etc) , projectes multi-plataforma, creaci\u00f3 de NFTs per la monetizaci\u00f3 i protecci\u00f3 de la propietat intel.lectual, etc.\u00a0<\/span><\/p>\n<p><span style=\"font-weight: 400;\">4) Generar comunitats creatives i de creixement mutu, que substitueixen les tradicionals xarxes socials.<\/span><\/p>\n<p>5<span style=\"font-weight: 400;\">) Promoure projectes Metavers que siguin inclusius, sostenibles i participatius. \u00c9s fonamental crear esperan\u00e7a i optimisme en un entorn internacional tan canviant i fer arrivar a la ciutadania els potencials positius de les noves realitats expandides que oferir\u00e0 el Metavers.<\/span><\/p>\n<p><span style=\"font-weight: 400;\">6) Fomentar la curiositat a les noves tecnolog\u00edes i la nova econom\u00eda blockchain com formes de trobar feines de futur.<\/span><\/p>\n<p><span style=\"font-weight: 400;\">7) Crear una identitat comunitaria digital fent que el Metavers NAVAS sigui un nou punt de referencia i trobada de la ciutadania del barri. Obrint despr\u00e9s de l&#8217;exposici\u00f3 un proc\u00e9s participatiu i auto-motivat.\u00a0<\/span><span style=\"font-weight: 400;\">\u00a0<\/span><\/p>\n<p>&nbsp;<\/p>\n<p><span style=\"font-weight: 400;\">ESPRONCEDA &#8211; Institute of Art &amp; Culture, te una gran experiencia el l&#8217;organitzaci\u00f3 de residencies i processos creatius amb col.lectius artistics\/ creatius pero tamb\u00e9 de ciutadans i col.lectius en risc d&#8217;inclusi\u00f3. <\/span><span style=\"font-weight: 400;\">Tamb\u00e9 participa com soci a dos projectes ERASMUS + que promouen l&#8217;inclusi\u00f3 de col.lectius migrants en processos creatius ( PAL Konnect) y la promoci\u00f3 de dones en els estudis t\u00e8cnics fent servir el pensament artistic (WeSTEAM).<\/span><\/p>\n<p>&nbsp;<\/p>\n<p><span style=\"font-weight: 400;\">IMMENSIVA, plataforma Art, Ci\u00e8ncia, Tecnolog\u00eda i Societat, fa servir fa quatre anys metodolog\u00edes inter-disciplinars, de mentoria i creaci\u00f3 d&#8217;equips creatius i col.laboratius.<\/span><\/p>\n<p>&nbsp;<\/p>\n<p><span style=\"font-weight: 400;\">Seguint aquest amplia experiencia, NUBIA Lab Metavers NUBIA, far\u00e0 servir la metodolog\u00eda seguent:<\/span><\/p>\n<p><span style=\"font-weight: 400;\">1) Treball en xarxa. Som una instituci\u00f3 m\u00e9s al barri de Navas i per assolir objectius d&#8217;impacte som conscients que he de treballar amb associaci\u00f3 amb altres entitats implementades la barri, per aix\u00f3 farem costat amb Pla Comunitari Navas, Be Another Lab a nivell organitzatiu i les associacions veinals de Navas per implementar l&#8217;impacte de l&#8217;acci\u00f3 i el centre c\u00edvic de Navas per la difusi\u00f3.<\/span><\/p>\n<p><span style=\"font-weight: 400;\">2) Convocatoria Oberta per seleccionar el 5 participants, fent esment del caracter p\u00fablic i inclussi\u00f3 de la convocatoria, afavorim la selecci\u00f3 joves (10-30 anys) de dones\/ col.lectiu LGTBI +, pero sense descartar canditats d&#8217;altres edats o g\u00e8neres i que trobem estiguin fortament motivats.<\/span><\/p>\n<p>&nbsp;<\/p>\n<p><span style=\"font-weight: 400;\">Els tallers son impartits per experts i professionals la major part lligats a les escoles i universitats catalanes:<\/span><\/p>\n<p><span style=\"font-weight: 400;\">-Taller de ideaci\u00f3 i creaci\u00f3 de Metaversos.\u00a0<\/span><\/p>\n<p><span style=\"font-weight: 400;\">&#8211; Taller de Tecnologies de realitat expandida. Be Another Lab.<\/span><\/p>\n<p><span style=\"font-weight: 400;\">&#8211; Entorns Multisensorials.<\/span><\/p>\n<p><span style=\"font-weight: 400;\">&#8211; Tenologia Blockchain<\/span><\/p>\n<p><span style=\"font-weight: 400;\">&#8211; Projectes multiplataforma.<\/span><\/p>\n<p>&nbsp;<\/p>\n<p><span style=\"font-weight: 400;\">\u00a0Amb ajuda dels mentors de NUBIA Lab, els 5 participants crear\u00e0n un metavers liminal, entre all`fisic i digital, que ser\u00e0 instal.lat a la sala d&#8217;exposicions d&#8217;ESPRONCEDA &#8211; Institute of Art &amp; Culture i que ser\u00e0 mostrat al dia\/dies de portes obertes als veins. Els participants tenen acc\u00e9s al tot el material tecnol\u00f2gic d&#8217;Espronceda: ordinadors personals gamer, ulleres de realitat virtual, projectors, sensors de moviment\/ camara, etc.<\/span><\/p>\n<p>&nbsp;<\/p>\n<p><span style=\"font-weight: 400;\">Els Metaversos proposats pels creadors tenen les seves pr\u00f2pies regles, utilitzen la gamificaci\u00f3, la immersi\u00f3 i la interacci\u00f3 per convidar a altres ciutadans a ser part d&#8217;ell i descobrir nous espais de col.laboraci\u00f3 e interacci\u00f3.<\/span><\/p>\n<p>&nbsp;<\/p>\n<p><span style=\"font-weight: 400;\">\u00a0Mesura de l&#8217;impacte. Despr\u00e8s del dia de portes obertes es tindr\u00e1 una reuni\u00f3 amb els participants per tenir el seu &#8220;feedback&#8221; de l&#8217;experiencies, la seva motivaci\u00f3 per continuar explorant i les millores proposades per l&#8217;edici\u00f3 del any seguent. Tamb\u00e9 es demanar\u00e0 al public assitent el seu email per a fer arribar una enquesta curta de satisfacci\u00f3 i sugerencies creatives i de millora.<\/span><\/p>\n<p>&nbsp;<\/p>\n<p><span style=\"font-weight: 400;\">NUBIA es converteix en una de les primeres plataformes catalanes on tant continguts art\u00edstics com culturals inicien una exploraci\u00f3 segura de les grans possibilitats del Metavers, la web tridimensional, i de les noves audi\u00e8ncies que busquen interactuar i experimentar, establir comunitats co-creatives i donar pas nova generaci\u00f3 de productes digitals que substituiran els tradicionals mitjans d&#8217;entreteniment i socialitzaci\u00f3.<\/span><\/p>\n<p><a href=\"https:\/\/nubia.world\/\"><span style=\"font-weight: 400;\">\u00a0https:\/\/nubia.world\/<\/span><\/a><\/p>\n<p>&#8211;<\/p>\n<p><a href=\"https:\/\/docs.google.com\/forms\/d\/e\/1FAIpQLSde6a0xSxwl8BPXy1u3dZMUth6Fo09yLziM8DXbeYPNZB2htg\/viewform\">NUBIA METAVERS NAVAS (google.com)<\/a><\/p>\n<p><a href=\"https:\/\/nubialabs.com\/ca\/nosaltres\/\">Sobre nosaltres &#8211; NubiaLabs<\/a><\/p>\n","protected":false},"excerpt":{"rendered":"<p>NUBIA Lab Metavers NAVAS 2023-2024. Dues setmanes de co-creaci\u00f3 en colaborac\u00ed\u00f3 amb Pla Comunitari de Navas, s&#8217;organitzar\u00e0 una convocatoria per escollir 5 participants, prioritzan gent jove (18-30 anya) dones o col.lectiu LGTBI+, no sent excloent l&#8217;edat si es tobren persones motivades d&#8217;altres grups d&#8217;edat. Les dues setmanes de co-creaci\u00f3 son presencials, als matins, de 11 a 14h els dies laborables, [&hellip;]<\/p>\n","protected":false},"author":24,"featured_media":0,"parent":0,"menu_order":0,"comment_status":"closed","ping_status":"closed","template":"","meta":{"footnotes":""},"class_list":["post-26323","page","type-page","status-publish","hentry"],"_links":{"self":[{"href":"https:\/\/www.espronceda.net\/ca\/wp-json\/wp\/v2\/pages\/26323","targetHints":{"allow":["GET"]}}],"collection":[{"href":"https:\/\/www.espronceda.net\/ca\/wp-json\/wp\/v2\/pages"}],"about":[{"href":"https:\/\/www.espronceda.net\/ca\/wp-json\/wp\/v2\/types\/page"}],"author":[{"embeddable":true,"href":"https:\/\/www.espronceda.net\/ca\/wp-json\/wp\/v2\/users\/24"}],"replies":[{"embeddable":true,"href":"https:\/\/www.espronceda.net\/ca\/wp-json\/wp\/v2\/comments?post=26323"}],"version-history":[{"count":0,"href":"https:\/\/www.espronceda.net\/ca\/wp-json\/wp\/v2\/pages\/26323\/revisions"}],"wp:attachment":[{"href":"https:\/\/www.espronceda.net\/ca\/wp-json\/wp\/v2\/media?parent=26323"}],"curies":[{"name":"wp","href":"https:\/\/api.w.org\/{rel}","templated":true}]}}