{"id":27035,"date":"2024-05-02T22:52:55","date_gmt":"2024-05-02T20:52:55","guid":{"rendered":"https:\/\/www.espronceda.net\/theatre-in-palms-performing-arts-residency-2024\/"},"modified":"2024-05-20T05:29:46","modified_gmt":"2024-05-20T03:29:46","slug":"theatre-in-palms-performing-arts-residency-2024","status":"publish","type":"page","link":"https:\/\/www.espronceda.net\/ca\/theatre-in-palms-performing-arts-residency-2024\/","title":{"rendered":"RESID\u00c8NCIA D&#8217;ARTS ESC\u00c8NIQUES 2024 DE THEATRE IN PALM"},"content":{"rendered":"<p><img loading=\"lazy\" decoding=\"async\" class=\"aligncenter wp-image-27025 size-large\" src=\"https:\/\/www.espronceda.net\/wp-content\/uploads\/2024\/05\/1-1-1024x1024.png\" alt=\"\" width=\"1024\" height=\"1024\" srcset=\"https:\/\/www.espronceda.net\/wp-content\/uploads\/2024\/05\/1-1-1024x1024.png 1024w, https:\/\/www.espronceda.net\/wp-content\/uploads\/2024\/05\/1-1-300x300.png 300w, https:\/\/www.espronceda.net\/wp-content\/uploads\/2024\/05\/1-1-150x150.png 150w, https:\/\/www.espronceda.net\/wp-content\/uploads\/2024\/05\/1-1-768x768.png 768w, https:\/\/www.espronceda.net\/wp-content\/uploads\/2024\/05\/1-1.png 1080w\" sizes=\"auto, (max-width: 1024px) 100vw, 1024px\" \/><\/p>\n<p>&nbsp;<\/p>\n<p><strong>Termini de la convocat\u00f2ria:<\/strong> 3 DE JUNY DE 2024<br \/>\n<strong>Per\u00edode de la resid\u00e8ncia:<\/strong> del dilluns 7 al divendres 18 d&#8217;octubre de 2024<br \/>\nLa resid\u00e8ncia\u00a0Theatre\u00a0in\u00a0Palm\u00a0est\u00e0 oberta a 5 participants<br \/>\nLa convocat\u00f2ria est\u00e0 oberta a artistes de l&#8217;\u00e0mbit de les arts esc\u00e8niques, els nous mitjans i l&#8217;art sonor.<br \/>\nTarifa: 600 euros<br \/>\nSi els artistes no residents a Barcelona s\u00f3n seleccionats, tamb\u00e9 se&#8217;ls proporcionar\u00e0 allotjament.<\/p>\n<p><strong>Tema de la recerca art\u00edstica:<\/strong><br \/>\nDrets no humans \/ Contracte natural \/ Intel\u00b7lig\u00e8ncia col\u00b7lectiva \/ Resili\u00e8ncia \/ Imaginaris de futur<\/p>\n<p>Les pr\u00e0ctiques art\u00edstiques operen tant a nivell simb\u00f2lic com real perqu\u00e8 poden influir directament o indirectament en l&#8217;estat emocional del perceptor implicat en l&#8217;experi\u00e8ncia art\u00edstica. Aquesta sinergia que s&#8217;estableix entre el simb\u00f2lic i el real podria portar-nos a reflexionar sobre la potencial influ\u00e8ncia que aquestes pr\u00e0ctiques podrien tenir en la promoci\u00f3 d&#8217;altres imaginaris capa\u00e7os d&#8217;educar en valors menys competitius, m\u00e9s igualitaris i cooperatius.<\/p>\n<p>Per a implementar mesures de salvaguarda i conservaci\u00f3 dels ecosistemes, pot ser \u00fatil comprendre les relacions entre les diferents parts que componen el tot. Tot ser est\u00e0 profundament lligat al seu entorn i la seva evoluci\u00f3 est\u00e0 directament vinculada a la seva capacitat d&#8217;adaptaci\u00f3. Aix\u00f2 ocorre en la majoria dels casos a trav\u00e9s de la capacitat de cooperaci\u00f3 entre organismes de la mateixa o diferent esp\u00e8cie, com esmenta\u00a0Lynn\u00a0Margulis\u00a0en comentar la seva teoria de l&#8217;evoluci\u00f3 endosimbi\u00f2tica.<\/p>\n<p>Per tant, podem entendre com cada subjecte est\u00e0 vinculat al seu entorn, d&#8217;aqu\u00ed ve que la superviv\u00e8ncia de la vida a nivell cognitiu, social i ambiental (citant a\u00a0Guattari)\u00a0dependr\u00e0 de la qualitat de les relacions que s&#8217;estableixin entre les diferents dimensions de la realitat i entre els subjectes i el seu entorn. La crisi ecol\u00f2gica i l&#8217;actual transici\u00f3 ecosocial a la qual ens enfrontem ens porten a la necessitat de crear nous imaginaris m\u00e9s equilibrats, capa\u00e7os d&#8217;incloure els drets de tots els organismes vius i no vius en els processos de presa de decisions. en els processos de presa de decisions.<\/p>\n<p>En el context d&#8217;aquesta nova resid\u00e8ncia, ens agradaria proposar aquestes reflexions com a est\u00edmuls per al desenvolupament de possibles continguts de projectes compartits, i al mateix temps, ens agradaria proposar les seg\u00fcents preguntes.<br \/>\nCom obrir espais d&#8217;escolta activa i sensible tant en les maneres de pensar com en les de viure el<br \/>\nterritori amb altres \u00e9ssers? Quins imaginaris, capa\u00e7os d&#8217;afavorir l&#8217;heterogene\u00eftat i la multiplicitat m\u00e9s que l&#8217;homogene\u00eftat i la<br \/>\nuniformitat? Quin possibles futurs postcapitalistes o imaginaris ut\u00f2pics podem esbossar per a descolonitzar la nostra idea de naturalesa i de futurs inh\u00f2spits?<\/p>\n<p>Formulari de sol\u00b7licitud: Formulari de sol\u00b7licitud\u00a0TIP\u00a0Residency\u00a02024: Enquesta realitzada per\u00a0Webropol\u00a0(webropolsurveys.com)<\/p>\n<p>Teatre a Palma: <a href=\"https:\/\/theatreinpalm.eu\/posts\/theatre-in-palm-2024-residencies\/\">https:\/\/theatreinpalm.eu\/posts\/theatre-in-palm-2024-residencies\/<\/a><\/p>\n<p>&nbsp;<\/p>\n<p><img loading=\"lazy\" decoding=\"async\" class=\"aligncenter wp-image-27031 size-large\" src=\"https:\/\/www.espronceda.net\/wp-content\/uploads\/2024\/05\/2-1-1024x1024.png\" alt=\"\" width=\"1024\" height=\"1024\" srcset=\"https:\/\/www.espronceda.net\/wp-content\/uploads\/2024\/05\/2-1-1024x1024.png 1024w, https:\/\/www.espronceda.net\/wp-content\/uploads\/2024\/05\/2-1-300x300.png 300w, https:\/\/www.espronceda.net\/wp-content\/uploads\/2024\/05\/2-1-150x150.png 150w, https:\/\/www.espronceda.net\/wp-content\/uploads\/2024\/05\/2-1-768x768.png 768w, https:\/\/www.espronceda.net\/wp-content\/uploads\/2024\/05\/2-1.png 1080w\" sizes=\"auto, (max-width: 1024px) 100vw, 1024px\" \/><\/p>\n","protected":false},"excerpt":{"rendered":"<p>&nbsp; Termini de la convocat\u00f2ria: 3 DE JUNY DE 2024 Per\u00edode de la resid\u00e8ncia: del dilluns 7 al divendres 18 d&#8217;octubre de 2024 La resid\u00e8ncia\u00a0Theatre\u00a0in\u00a0Palm\u00a0est\u00e0 oberta a 5 participants La convocat\u00f2ria est\u00e0 oberta a artistes de l&#8217;\u00e0mbit de les arts esc\u00e8niques, els nous mitjans i l&#8217;art sonor. Tarifa: 600 euros Si els artistes no residents a Barcelona s\u00f3n seleccionats, tamb\u00e9 [&hellip;]<\/p>\n","protected":false},"author":24,"featured_media":0,"parent":0,"menu_order":0,"comment_status":"closed","ping_status":"closed","template":"","meta":{"footnotes":""},"class_list":["post-27035","page","type-page","status-publish","hentry"],"_links":{"self":[{"href":"https:\/\/www.espronceda.net\/ca\/wp-json\/wp\/v2\/pages\/27035","targetHints":{"allow":["GET"]}}],"collection":[{"href":"https:\/\/www.espronceda.net\/ca\/wp-json\/wp\/v2\/pages"}],"about":[{"href":"https:\/\/www.espronceda.net\/ca\/wp-json\/wp\/v2\/types\/page"}],"author":[{"embeddable":true,"href":"https:\/\/www.espronceda.net\/ca\/wp-json\/wp\/v2\/users\/24"}],"replies":[{"embeddable":true,"href":"https:\/\/www.espronceda.net\/ca\/wp-json\/wp\/v2\/comments?post=27035"}],"version-history":[{"count":3,"href":"https:\/\/www.espronceda.net\/ca\/wp-json\/wp\/v2\/pages\/27035\/revisions"}],"predecessor-version":[{"id":27117,"href":"https:\/\/www.espronceda.net\/ca\/wp-json\/wp\/v2\/pages\/27035\/revisions\/27117"}],"wp:attachment":[{"href":"https:\/\/www.espronceda.net\/ca\/wp-json\/wp\/v2\/media?parent=27035"}],"curies":[{"name":"wp","href":"https:\/\/api.w.org\/{rel}","templated":true}]}}