{"id":27193,"date":"2024-05-28T18:39:12","date_gmt":"2024-05-28T16:39:12","guid":{"rendered":"https:\/\/www.espronceda.net\/projectes\/immensiva\/pluja-dil-lusions\/"},"modified":"2024-05-29T21:57:05","modified_gmt":"2024-05-29T19:57:05","slug":"pluja-dil-lusions","status":"publish","type":"page","link":"https:\/\/www.espronceda.net\/ca\/projectes\/immensiva\/pluja-dil-lusions\/","title":{"rendered":"PLUJA D&#8217;IL.LUSIONS\u00a0"},"content":{"rendered":"<p><b>PLUJA D\u2019IL.LUSIONS\u00a0<\/b><\/p>\n<p><span style=\"font-weight: 400;\">El projecte <\/span><b>Pluja d\u2019il.lusions<\/b><span style=\"font-weight: 400;\"> \u00e9s una experi\u00e8ncia immersiva, interactiva i col.lectiva que fa servir tecnologies molt experimentals en realitat augmentada e interacci\u00f3. \u00c9s una experi\u00e8ncia en grup i de col.laboraci\u00f3 que t\u00e9 un \u201cstorytelling\u201d basat a l\u2019actual sequera d\u2019aigua, d\u2019abs\u00e8ncia de pluges, i que gaireb\u00e9 tots els pantans que baixen el seu nivell deixen veure pobles, esgl\u00e9sies i castells que formen part de l\u2019hist\u00f2ria de Catalunya.\u00a0<\/span><\/p>\n<p><span style=\"font-weight: 400;\">El canvi clim\u00e0tic i la consci\u00e8ncia de l&#8217;import\u00e0ncia de l\u2019equilibri de l\u2019atmosfera i la biosfera terrestre, l\u2019Hip\u00f2tesi de Gaia, s\u00f3n el derrafont d\u2019aquesta creaci\u00f3 digital e instal.lativa. El projecte est\u00e0 pensat per situarse a un espai expositiu o fer servir construccions hist\u00f2riques: esgl\u00e9sies, castells, masies, etc. El grup participant (de 5 a 8 persones) fa servir una <\/span><b>Llanterna M\u00e0gica<\/b><span style=\"font-weight: 400;\"> per anar trobant els objectes i elements naturals que serveixen per invocar l\u2019aigua, a mesura que aquesta prova comuna \u00e9s resolta les projeccions i sons anunciant la pluja i l\u2019aigua qui d\u00f3na la vida. La conexi\u00f3, la\u00a0 consci\u00e8ncia ecol\u00f2gica i el patrimoni hist\u00f2ric de les zones rurals i parcs naturals ens fa reflexionar sobre la necessitat d\u2019una acci\u00f3 col.lectiva. Aquesta instal.laci\u00f3 pot ser adaptada a llocs hist\u00f2rics especifics i fer servir simbologies que conecten amb les tradicions de cultures antigues i primitives.<\/span><\/p>\n<p><span style=\"font-weight: 400;\">El projecte es portar\u00e0 de prototip a <\/span><b>Ars Electronica Festival 2024<\/b><span style=\"font-weight: 400;\"> i despr\u00e9s al setembre o octubre es far\u00e0 l\u2019exposici\u00f3 a <\/span><b>ESPRONCEDA, Institut d\u2019art and culture<\/b><span style=\"font-weight: 400;\">. El projecte conta amb el suport de la <\/span><b>Universitat Pompeu Fabra, UPF.\u00a0<\/b><\/p>\n<p><img loading=\"lazy\" decoding=\"async\" class=\"aligncenter wp-image-27215 size-medium\" src=\"https:\/\/www.espronceda.net\/wp-content\/uploads\/2024\/05\/fc_240416_0024-300x232.jpg\" alt=\"\" width=\"300\" height=\"232\" srcset=\"https:\/\/www.espronceda.net\/wp-content\/uploads\/2024\/05\/fc_240416_0024-300x232.jpg 300w, https:\/\/www.espronceda.net\/wp-content\/uploads\/2024\/05\/fc_240416_0024-1024x791.jpg 1024w, https:\/\/www.espronceda.net\/wp-content\/uploads\/2024\/05\/fc_240416_0024-768x593.jpg 768w, https:\/\/www.espronceda.net\/wp-content\/uploads\/2024\/05\/fc_240416_0024-1536x1187.jpg 1536w, https:\/\/www.espronceda.net\/wp-content\/uploads\/2024\/05\/fc_240416_0024-2048x1583.jpg 2048w, https:\/\/www.espronceda.net\/wp-content\/uploads\/2024\/05\/fc_240416_0024-1280x989.jpg 1280w\" sizes=\"auto, (max-width: 300px) 100vw, 300px\" \/><\/p>\n<p><b><i>TECNOLOGIES IMPLEMENTADES<\/i><\/b><b><i><br \/>\n<\/i><\/b><span style=\"font-weight: 400;\">En el projecte PLUJA D\u2019IL.LUSIONS farem servir una s\u00e8rie de t\u00e8cniques de projecci\u00f3 noves amb el laboratori d\u2019interacci\u00f3 de cos sencer de la UPF, com ara la <\/span><b>Llanterna M\u00e0gica<\/b><span style=\"font-weight: 400;\"> un dispositiu de RA de m\u00e0 que permet als usuaris \u201cencendre una torxa\u201d per explorar un m\u00f3n virtual en temps real. Les imatges principals es renderitzar a Unity pel nostre desenvolupador principal: Fran Macia.\u00a0<\/span><\/p>\n<p>&nbsp;<\/p>\n<p><img loading=\"lazy\" decoding=\"async\" class=\"aligncenter wp-image-27218 size-medium\" src=\"https:\/\/www.espronceda.net\/wp-content\/uploads\/2024\/05\/fc_240416_0007-300x200.jpg\" alt=\"\" width=\"300\" height=\"200\" srcset=\"https:\/\/www.espronceda.net\/wp-content\/uploads\/2024\/05\/fc_240416_0007-300x200.jpg 300w, https:\/\/www.espronceda.net\/wp-content\/uploads\/2024\/05\/fc_240416_0007-1024x683.jpg 1024w, https:\/\/www.espronceda.net\/wp-content\/uploads\/2024\/05\/fc_240416_0007-768x512.jpg 768w, https:\/\/www.espronceda.net\/wp-content\/uploads\/2024\/05\/fc_240416_0007-1536x1024.jpg 1536w, https:\/\/www.espronceda.net\/wp-content\/uploads\/2024\/05\/fc_240416_0007-2048x1365.jpg 2048w, https:\/\/www.espronceda.net\/wp-content\/uploads\/2024\/05\/fc_240416_0007-1280x853.jpg 1280w\" sizes=\"auto, (max-width: 300px) 100vw, 300px\" \/><\/p>\n<p>&nbsp;<\/p>\n<p><span style=\"font-weight: 400;\">El nostre conjunt incorporar\u00e0 dos projectors mapejats a elements reals escenogr\u00e0fics, aix\u00ed com a possibles elements interactius basats en Arduino i Raspberry-Pi que poden permetre interaccions pr\u00e0ctiques (com la interacci\u00f3 activada en recollir un objecte). Les interaccions f\u00edsiques seran implementades pel nostre Artista Computacional, Rafa Roeder (Goldsmiths). Utilitzarem NDI, i possiblement Photon (Unity) per crear una experi\u00e8ncia en xarxa on els nostres elements visuals, \u00e0udio i conjunt f\u00edsic puguin treballar junts per crear un m\u00f3n reactiu. Els altaveus de so envoltant, amagats amb cura a l\u2019entorn, oferiran un paisatge sonor compartit que uneix tots els elements audiovisuals i d\u00f3na una sensaci\u00f3 d\u2019espai.<\/span><\/p>\n<p><b><i>INNOVACI\u00d3 EN LA EXP\u00c8RIENCIA:INMERSIVA+INTERACTIVA+COL.LECTIVA= IMPACTE SOCIAL + INCLUSI\u00d3<\/i><\/b><b><i><br \/>\n<\/i><\/b><span style=\"font-weight: 400;\">L\u2019experi\u00e8ncia inmersiva\/interactiva proposada es fa de forma col.lectiva i t\u00e9 una usabilitat\/gamificaci\u00f3 per \u00e9sser entesa\/experimentada per tot tipus d\u2019usuari. Fomenta el treball col.lectiu per la consecuci\u00f3 d\u2019un be com\u00fa i la conscienciaci\u00f3 de l\u2019equilibri de l\u2019ecosistema terrestre i la necesitat de l\u2019aigua como generador de vida.<\/span><\/p>\n<p><b><i>INNOVACI\u00d3 EN LLOCS EXPOSITIUS i GENERACI\u00d3 DE NOUS P\u00daBLICS<\/i><\/b><b><i><br \/>\n<\/i><\/b><span style=\"font-weight: 400;\">El \u201cstorytelling\u201d en que es basa l\u2019experi\u00e8ncia PLUJA D\u2019IL.LUSIONS segueix una nova tend\u00e8ncia de fer servir espais hist\u00f2rics i lligats als territoris com noves experi\u00e8ncies digitals immersives. Aquest tipus de projecte revitalitza els espais naturals, les zones rurals i engega col.laboracions per produccions digitals m\u00e9s enll\u00e0 dels centres urbans i les grans institucions culturals.<\/span><\/p>\n<p>&nbsp;<\/p>\n<p><img loading=\"lazy\" decoding=\"async\" class=\"aligncenter wp-image-27221 size-medium\" src=\"https:\/\/www.espronceda.net\/wp-content\/uploads\/2024\/05\/e602bffe-6350-4ea2-8bc0-49016c6ca76d-300x225.jpg\" alt=\"\" width=\"300\" height=\"225\" srcset=\"https:\/\/www.espronceda.net\/wp-content\/uploads\/2024\/05\/e602bffe-6350-4ea2-8bc0-49016c6ca76d-300x225.jpg 300w, https:\/\/www.espronceda.net\/wp-content\/uploads\/2024\/05\/e602bffe-6350-4ea2-8bc0-49016c6ca76d-1024x768.jpg 1024w, https:\/\/www.espronceda.net\/wp-content\/uploads\/2024\/05\/e602bffe-6350-4ea2-8bc0-49016c6ca76d-768x576.jpg 768w, https:\/\/www.espronceda.net\/wp-content\/uploads\/2024\/05\/e602bffe-6350-4ea2-8bc0-49016c6ca76d-1536x1152.jpg 1536w, https:\/\/www.espronceda.net\/wp-content\/uploads\/2024\/05\/e602bffe-6350-4ea2-8bc0-49016c6ca76d-94x70.jpg 94w, https:\/\/www.espronceda.net\/wp-content\/uploads\/2024\/05\/e602bffe-6350-4ea2-8bc0-49016c6ca76d-600x450.jpg 600w, https:\/\/www.espronceda.net\/wp-content\/uploads\/2024\/05\/e602bffe-6350-4ea2-8bc0-49016c6ca76d-900x675.jpg 900w, https:\/\/www.espronceda.net\/wp-content\/uploads\/2024\/05\/e602bffe-6350-4ea2-8bc0-49016c6ca76d-1280x960.jpg 1280w, https:\/\/www.espronceda.net\/wp-content\/uploads\/2024\/05\/e602bffe-6350-4ea2-8bc0-49016c6ca76d.jpg 1600w\" sizes=\"auto, (max-width: 300px) 100vw, 300px\" \/><\/p>\n<p>&nbsp;<\/p>\n<p><b><i>INNOVACI\u00d3 i EXPERIMENTACI\u00d3 T\u00c8CNICA<\/i><\/b><b><i><br \/>\n<\/i><\/b><span style=\"font-weight: 400;\">Les innovacions claus aqu\u00ed s\u00f3n l\u2019\u00fas de m\u00faltiples projeccions en temps real, possiblement inclosa una Llanterna M\u00e0gica de rel\u00e9 augmentada port\u00e0til, aix\u00ed com petits desplegaments interactius integrats al plat\u00f3, per crear un m\u00f3n d\u2019hist\u00f2ria coherent que evoluciona al llarg d\u2019aprox. 10\/12 minuts de durada.<\/span><span style=\"font-weight: 400;\"><br \/>\n<\/span><span style=\"font-weight: 400;\">Aix\u00f2 requerir\u00e0 connectar en xarxa els nostres projectors, elements f\u00edsics del conjunt i la matriu d\u2019altaveus, probablement amb NDI.<\/span><span style=\"font-weight: 400;\"><br \/>\n<\/span><span style=\"font-weight: 400;\">Elements f\u00edsics a l\u2019espai expositiu es poden modificar amb Arduino i Raspberry, o segones pantalles, per proporcionar una immersi\u00f3 addicional.<\/span><span style=\"font-weight: 400;\"><br \/>\n<\/span><span style=\"font-weight: 400;\">Hi ha possibilitats d\u2019estendre el nostre \u00fas de la realitat augmentada als auriculars, mitjan\u00e7ant la transmissi\u00f3 a l\u2019Oculus Quest 3.<\/span><span style=\"font-weight: 400;\"><br \/>\n<\/span><\/p>\n<p><span style=\"font-weight: 400;\">En conjunt, es tracta d\u2019un enfocament de realitat mixta, que explora noves t\u00e8cniques de projecci\u00f3 i art computacional per crear un m\u00f3n immersiu coherent.<\/span><\/p>\n<p><img loading=\"lazy\" decoding=\"async\" class=\"aligncenter wp-image-27224 size-full\" src=\"https:\/\/www.espronceda.net\/wp-content\/uploads\/2024\/05\/Captura-de-tela-2024-05-29-162649.png\" alt=\"\" width=\"903\" height=\"607\" srcset=\"https:\/\/www.espronceda.net\/wp-content\/uploads\/2024\/05\/Captura-de-tela-2024-05-29-162649.png 903w, https:\/\/www.espronceda.net\/wp-content\/uploads\/2024\/05\/Captura-de-tela-2024-05-29-162649-300x202.png 300w, https:\/\/www.espronceda.net\/wp-content\/uploads\/2024\/05\/Captura-de-tela-2024-05-29-162649-768x516.png 768w\" sizes=\"auto, (max-width: 903px) 100vw, 903px\" \/><\/p>\n<p>&nbsp;<\/p>\n<p><img loading=\"lazy\" decoding=\"async\" class=\"aligncenter wp-image-27227 size-full\" src=\"https:\/\/www.espronceda.net\/wp-content\/uploads\/2024\/05\/Captura-de-tela-2024-05-29-162835.png\" alt=\"\" width=\"915\" height=\"720\" srcset=\"https:\/\/www.espronceda.net\/wp-content\/uploads\/2024\/05\/Captura-de-tela-2024-05-29-162835.png 915w, https:\/\/www.espronceda.net\/wp-content\/uploads\/2024\/05\/Captura-de-tela-2024-05-29-162835-300x236.png 300w, https:\/\/www.espronceda.net\/wp-content\/uploads\/2024\/05\/Captura-de-tela-2024-05-29-162835-768x604.png 768w\" sizes=\"auto, (max-width: 915px) 100vw, 915px\" \/><\/p>\n<p><img loading=\"lazy\" decoding=\"async\" class=\"aligncenter wp-image-27230 size-full\" src=\"https:\/\/www.espronceda.net\/wp-content\/uploads\/2024\/05\/Captura-de-tela-2024-05-29-163030.png\" alt=\"\" width=\"900\" height=\"700\" srcset=\"https:\/\/www.espronceda.net\/wp-content\/uploads\/2024\/05\/Captura-de-tela-2024-05-29-163030.png 900w, https:\/\/www.espronceda.net\/wp-content\/uploads\/2024\/05\/Captura-de-tela-2024-05-29-163030-300x233.png 300w, https:\/\/www.espronceda.net\/wp-content\/uploads\/2024\/05\/Captura-de-tela-2024-05-29-163030-768x597.png 768w\" sizes=\"auto, (max-width: 900px) 100vw, 900px\" \/><\/p>\n<p>&nbsp;<\/p>\n<p>&nbsp;<\/p>\n<p><span style=\"font-weight: 400;\">A continuaci\u00f3 es mostra el diagrama de sistema aplicat a la Llanterna M\u00e0gica.<\/span><\/p>\n<p>&nbsp;<\/p>\n<p><img loading=\"lazy\" decoding=\"async\" class=\"aligncenter wp-image-27233 size-full\" src=\"https:\/\/www.espronceda.net\/wp-content\/uploads\/2024\/05\/Captura-de-tela-2024-05-29-163234.png\" alt=\"\" width=\"877\" height=\"597\" srcset=\"https:\/\/www.espronceda.net\/wp-content\/uploads\/2024\/05\/Captura-de-tela-2024-05-29-163234.png 877w, https:\/\/www.espronceda.net\/wp-content\/uploads\/2024\/05\/Captura-de-tela-2024-05-29-163234-300x204.png 300w, https:\/\/www.espronceda.net\/wp-content\/uploads\/2024\/05\/Captura-de-tela-2024-05-29-163234-768x523.png 768w, https:\/\/www.espronceda.net\/wp-content\/uploads\/2024\/05\/Captura-de-tela-2024-05-29-163234-220x150.png 220w\" sizes=\"auto, (max-width: 877px) 100vw, 877px\" \/><\/p>\n<p>&nbsp;<\/p>\n<p><span style=\"font-weight: 400;\">A continuaci\u00f3, es presenten les imatges del Full-Body Interaction Lab de la Universitat Pompeu Fabra.\u00a0<\/span><\/p>\n<p>&nbsp;<\/p>\n<p>&nbsp;<\/p>\n<p><img loading=\"lazy\" decoding=\"async\" class=\"aligncenter wp-image-27236 size-large\" src=\"https:\/\/www.espronceda.net\/wp-content\/uploads\/2024\/05\/ARML-System-Diagram-ARML-1a-1024x596.jpg\" alt=\"\" width=\"1024\" height=\"596\" srcset=\"https:\/\/www.espronceda.net\/wp-content\/uploads\/2024\/05\/ARML-System-Diagram-ARML-1a-1024x596.jpg 1024w, https:\/\/www.espronceda.net\/wp-content\/uploads\/2024\/05\/ARML-System-Diagram-ARML-1a-300x175.jpg 300w, https:\/\/www.espronceda.net\/wp-content\/uploads\/2024\/05\/ARML-System-Diagram-ARML-1a-768x447.jpg 768w, https:\/\/www.espronceda.net\/wp-content\/uploads\/2024\/05\/ARML-System-Diagram-ARML-1a-1280x746.jpg 1280w, https:\/\/www.espronceda.net\/wp-content\/uploads\/2024\/05\/ARML-System-Diagram-ARML-1a.jpg 1310w\" sizes=\"auto, (max-width: 1024px) 100vw, 1024px\" \/><\/p>\n<p>&nbsp;<\/p>\n<p>&nbsp;<\/p>\n<p><img loading=\"lazy\" decoding=\"async\" class=\"aligncenter wp-image-27239 size-large\" src=\"https:\/\/www.espronceda.net\/wp-content\/uploads\/2024\/05\/ARML-System-Diagram-ARML-1a-_-back-1024x596.jpg\" alt=\"\" width=\"1024\" height=\"596\" srcset=\"https:\/\/www.espronceda.net\/wp-content\/uploads\/2024\/05\/ARML-System-Diagram-ARML-1a-_-back-1024x596.jpg 1024w, https:\/\/www.espronceda.net\/wp-content\/uploads\/2024\/05\/ARML-System-Diagram-ARML-1a-_-back-300x175.jpg 300w, https:\/\/www.espronceda.net\/wp-content\/uploads\/2024\/05\/ARML-System-Diagram-ARML-1a-_-back-768x447.jpg 768w, https:\/\/www.espronceda.net\/wp-content\/uploads\/2024\/05\/ARML-System-Diagram-ARML-1a-_-back-1280x746.jpg 1280w, https:\/\/www.espronceda.net\/wp-content\/uploads\/2024\/05\/ARML-System-Diagram-ARML-1a-_-back.jpg 1310w\" sizes=\"auto, (max-width: 1024px) 100vw, 1024px\" \/><\/p>\n<p>&nbsp;<\/p>\n<p>&nbsp;<\/p>\n<p><img loading=\"lazy\" decoding=\"async\" class=\"aligncenter wp-image-27242 size-large\" src=\"https:\/\/www.espronceda.net\/wp-content\/uploads\/2024\/05\/ARML-System-Diagram-Internal-1024x323.jpg\" alt=\"\" width=\"1024\" height=\"323\" srcset=\"https:\/\/www.espronceda.net\/wp-content\/uploads\/2024\/05\/ARML-System-Diagram-Internal-1024x323.jpg 1024w, https:\/\/www.espronceda.net\/wp-content\/uploads\/2024\/05\/ARML-System-Diagram-Internal-300x94.jpg 300w, https:\/\/www.espronceda.net\/wp-content\/uploads\/2024\/05\/ARML-System-Diagram-Internal-768x242.jpg 768w, https:\/\/www.espronceda.net\/wp-content\/uploads\/2024\/05\/ARML-System-Diagram-Internal-1536x484.jpg 1536w, https:\/\/www.espronceda.net\/wp-content\/uploads\/2024\/05\/ARML-System-Diagram-Internal-1280x403.jpg 1280w, https:\/\/www.espronceda.net\/wp-content\/uploads\/2024\/05\/ARML-System-Diagram-Internal.jpg 1781w\" sizes=\"auto, (max-width: 1024px) 100vw, 1024px\" \/><\/p>\n<p>&nbsp;<\/p>\n<p>&nbsp;<\/p>\n<p><img loading=\"lazy\" decoding=\"async\" class=\"alignnone wp-image-27245 size-full\" src=\"https:\/\/www.espronceda.net\/wp-content\/uploads\/2024\/05\/ARML-System-Diagram-Copy-of-ARML-1a-_-battery.jpg\" alt=\"\" width=\"1280\" height=\"780\" srcset=\"https:\/\/www.espronceda.net\/wp-content\/uploads\/2024\/05\/ARML-System-Diagram-Copy-of-ARML-1a-_-battery.jpg 1280w, https:\/\/www.espronceda.net\/wp-content\/uploads\/2024\/05\/ARML-System-Diagram-Copy-of-ARML-1a-_-battery-300x183.jpg 300w, https:\/\/www.espronceda.net\/wp-content\/uploads\/2024\/05\/ARML-System-Diagram-Copy-of-ARML-1a-_-battery-1024x624.jpg 1024w, https:\/\/www.espronceda.net\/wp-content\/uploads\/2024\/05\/ARML-System-Diagram-Copy-of-ARML-1a-_-battery-768x468.jpg 768w\" sizes=\"auto, (max-width: 1280px) 100vw, 1280px\" \/><\/p>\n<p><img loading=\"lazy\" decoding=\"async\" class=\"aligncenter wp-image-27248 size-large\" src=\"https:\/\/www.espronceda.net\/wp-content\/uploads\/2024\/05\/fc_240416_0059-1024x683.jpg\" alt=\"\" width=\"1024\" height=\"683\" srcset=\"https:\/\/www.espronceda.net\/wp-content\/uploads\/2024\/05\/fc_240416_0059-1024x683.jpg 1024w, https:\/\/www.espronceda.net\/wp-content\/uploads\/2024\/05\/fc_240416_0059-300x200.jpg 300w, https:\/\/www.espronceda.net\/wp-content\/uploads\/2024\/05\/fc_240416_0059-768x512.jpg 768w, https:\/\/www.espronceda.net\/wp-content\/uploads\/2024\/05\/fc_240416_0059-1536x1024.jpg 1536w, https:\/\/www.espronceda.net\/wp-content\/uploads\/2024\/05\/fc_240416_0059-2048x1365.jpg 2048w, https:\/\/www.espronceda.net\/wp-content\/uploads\/2024\/05\/fc_240416_0059-1280x853.jpg 1280w\" sizes=\"auto, (max-width: 1024px) 100vw, 1024px\" \/><\/p>\n<p>&nbsp;<\/p>\n<p>&nbsp;<\/p>\n<p><span style=\"font-weight: 400;\">Per a m\u00e9s informaci\u00f3 addicional, visita la web del projecte:\u00a0<\/span><\/p>\n<p><a href=\"https:\/\/emil-xr.eu\/lighthouse-projects\/upf-ar-magic-lantern\/\"><span style=\"font-weight: 400;\">https:\/\/emil-xr.eu\/lighthouse-projects\/upf-ar-magic-lantern\/<\/span><\/a><\/p>\n","protected":false},"excerpt":{"rendered":"<p>PLUJA D\u2019IL.LUSIONS\u00a0 El projecte Pluja d\u2019il.lusions \u00e9s una experi\u00e8ncia immersiva, interactiva i col.lectiva que fa servir tecnologies molt experimentals en realitat augmentada e interacci\u00f3. \u00c9s una experi\u00e8ncia en grup i de col.laboraci\u00f3 que t\u00e9 un \u201cstorytelling\u201d basat a l\u2019actual sequera d\u2019aigua, d\u2019abs\u00e8ncia de pluges, i que gaireb\u00e9 tots els pantans que baixen el seu nivell deixen veure pobles, esgl\u00e9sies i [&hellip;]<\/p>\n","protected":false},"author":24,"featured_media":0,"parent":10649,"menu_order":0,"comment_status":"closed","ping_status":"closed","template":"","meta":{"footnotes":""},"class_list":["post-27193","page","type-page","status-publish","hentry"],"_links":{"self":[{"href":"https:\/\/www.espronceda.net\/ca\/wp-json\/wp\/v2\/pages\/27193","targetHints":{"allow":["GET"]}}],"collection":[{"href":"https:\/\/www.espronceda.net\/ca\/wp-json\/wp\/v2\/pages"}],"about":[{"href":"https:\/\/www.espronceda.net\/ca\/wp-json\/wp\/v2\/types\/page"}],"author":[{"embeddable":true,"href":"https:\/\/www.espronceda.net\/ca\/wp-json\/wp\/v2\/users\/24"}],"replies":[{"embeddable":true,"href":"https:\/\/www.espronceda.net\/ca\/wp-json\/wp\/v2\/comments?post=27193"}],"version-history":[{"count":4,"href":"https:\/\/www.espronceda.net\/ca\/wp-json\/wp\/v2\/pages\/27193\/revisions"}],"predecessor-version":[{"id":27251,"href":"https:\/\/www.espronceda.net\/ca\/wp-json\/wp\/v2\/pages\/27193\/revisions\/27251"}],"up":[{"embeddable":true,"href":"https:\/\/www.espronceda.net\/ca\/wp-json\/wp\/v2\/pages\/10649"}],"wp:attachment":[{"href":"https:\/\/www.espronceda.net\/ca\/wp-json\/wp\/v2\/media?parent=27193"}],"curies":[{"name":"wp","href":"https:\/\/api.w.org\/{rel}","templated":true}]}}