{"id":28459,"date":"2025-02-03T09:23:51","date_gmt":"2025-02-03T08:23:51","guid":{"rendered":"https:\/\/www.espronceda.net\/?page_id=28459"},"modified":"2025-02-03T09:23:51","modified_gmt":"2025-02-03T08:23:51","slug":"neb-lab-symposium","status":"publish","type":"page","link":"https:\/\/www.espronceda.net\/ca\/neb-lab-symposium\/","title":{"rendered":"NEB LAB Symposium"},"content":{"rendered":"<p dir=\"ltr\" data-placeholder=\"Translation\"><a href=\"https:\/\/www.espronceda.net\/wp-content\/uploads\/2022\/04\/NEB_logo_EUflag.png\"><img loading=\"lazy\" decoding=\"async\" class=\"wp-image-22608 size-large aligncenter\" src=\"https:\/\/www.espronceda.net\/wp-content\/uploads\/2022\/04\/NEB_logo_EUflag-1024x287.png\" alt=\"\" width=\"1024\" height=\"287\" srcset=\"https:\/\/www.espronceda.net\/wp-content\/uploads\/2022\/04\/NEB_logo_EUflag-1024x287.png 1024w, https:\/\/www.espronceda.net\/wp-content\/uploads\/2022\/04\/NEB_logo_EUflag-300x84.png 300w, https:\/\/www.espronceda.net\/wp-content\/uploads\/2022\/04\/NEB_logo_EUflag-768x215.png 768w, https:\/\/www.espronceda.net\/wp-content\/uploads\/2022\/04\/NEB_logo_EUflag-1536x431.png 1536w, https:\/\/www.espronceda.net\/wp-content\/uploads\/2022\/04\/NEB_logo_EUflag-2048x575.png 2048w, https:\/\/www.espronceda.net\/wp-content\/uploads\/2022\/04\/NEB_logo_EUflag-1280x359.png 1280w\" sizes=\"auto, (max-width: 1024px) 100vw, 1024px\" \/><\/a><\/p>\n<p id=\"tw-target-text\" class=\"tw-data-text tw-text-large tw-ta\" dir=\"ltr\" style=\"text-align: center;\" data-placeholder=\"Translation\"><strong><span class=\"Y2IQFc\" lang=\"ca\">Espronceda, Institut d&#8217;Art i Cultura \u00e9s oficialment soci de la Nova Bauhaus Europea! <\/span><\/strong><\/p>\n<h1 class=\"tw-data-text tw-text-large tw-ta\" dir=\"ltr\" data-placeholder=\"Translation\">NEB\u00a0LAB Simposi:<\/h1>\n<p class=\"tw-data-text tw-text-large tw-ta\" dir=\"ltr\" data-placeholder=\"Translation\">La creaci\u00f3 d&#8217;un ecosistema de cultura sostenible. 20 Octubre 2022<br \/>\nESPRONCEDA \u2013\u00a0Institute\u00a0of\u00a0Art\u00a0&amp;\u00a0Culture. Barcelona.<\/p>\n<p>\u00c9s necessari que l&#8217;\u00e0mbit cultural i social adapti noves formes i pr\u00e0ctiques per a assegurar la sostenibilitat del nostre planeta. Per\u00f2, fins a quin punt les Institucions d&#8217;Art i Cultura poden ser de gran valor per a aconseguir aquesta transformaci\u00f3 cap a un entorn sostenible? El 20 d&#8217;octubre i d&#8217;acord amb la\u00a0New\u00a0European\u00a0Bauhaus\u00a0Mission, ESPRONCEDA \u2013\u00a0Institute\u00a0of\u00a0Art\u00a0&amp;\u00a0Culture\u00a0organitza un simposi entorn de \u201cla creaci\u00f3 d&#8217;ecosistemes de cultures sostenibles\u201d que t\u00e9 com a objectiu suscitar discussions i reflexions sobre un tema tan urgent, q\u00fcestionant nostra valors i h\u00e0bits a trav\u00e9s dels quals es poden adoptar pr\u00e0ctiques art\u00edstiques i accions culturals, amb la finalitat de crear un model sostenible per a l&#8217;\u00e0mbit cultural. A trav\u00e9s d&#8217;una recerca cient\u00edfica i art\u00edstica, el simposi brinda un espai per a desenvolupar reaccions, reflexions i idees d&#8217;una comunitat d&#8217;acad\u00e8mics, artistes i activistes per a comprendre l&#8217;estat de la cultura en relaci\u00f3 amb l&#8217;ecologia, el medi ambient, la mobilitat i altres aspectes de la sostenibilitat.<\/p>\n<p><span style=\"text-decoration: underline;\">Els temes principals del simposi s\u00f3n:<\/span><\/p>\n<p>1) Integrant la Sostenibilitat en les organitzacions culturals<br \/>\n2) El paper de la cultura en el desenvolupament d&#8217;un futur sostenible.<br \/>\n3) Creaci\u00f3 d&#8217;un nou\u00a0NEB\u00a0LAB de Cultura Sostenible.<\/p>\n<p>Al simposi li segueix un conjunt de fites que Espronceda est\u00e0 duent a terme fins a arribar a la convenci\u00f3 anual de\u00a0NEB\u00a0LAB Cultura Sostenible. Les pr\u00f2ximes activitats s&#8217;executaran de la seg\u00fcent manera:<br \/>\n30\/10\/2022: Llan\u00e7ament de la convocat\u00f2ria oberta de Projectes interdisciplinaris. 30\/11\/2022: Selecci\u00f3 de Projectes per a passar a Fase d&#8217;Incubaci\u00f3<br \/>\n15\/01\/2023: presentaci\u00f3 final davant un jurat que decideix els guanyadors i negocia la data de l&#8217;exposici\u00f3 a Barcelona i altres localitats espanyoles<br \/>\nAbril\/2023: exposici\u00f3 de les obres seleccionades a Barcelona, i altres llocs d&#8217;Espanya &#8211; Data exacta a determinar pel Jurat.<br \/>\n05\/2023: Convenci\u00f3 anual de Cultura Sostenible de\u00a0NEB\u00a0Lab.<\/p>\n<p><strong>NEB\u00a0LAB CULTURA SOSTENIBLE. Barcelona. 20 d&#8217;Octubre 2022<\/strong><\/p>\n<p>11.00 \u2013 11.30 Bienvenida i discurs d&#8217;obertura<br \/>\nBienvenida des d&#8217;ESPRONCEDA \u2013\u00a0Institute\u00a0of\u00a0Art\u00a0&amp;\u00a0Culture\u00a0i breu explicaci\u00f3 dels objectius de la jornada. Alejandro Mart\u00edn. Cap d&#8217;Innovaci\u00f3 i projectes europeus.<br \/>\nObertura a c\u00e0rrec de la Sra. B\u00e0rbara Pons. Comissionat d&#8217;Agenda 2030.\u00a0Ajuntament\u00a0de Barcelona. Presentaci\u00f3 dels objectius Agenda 2030 i la seva relaci\u00f3 amb Cultura Sostenible.<br \/>\nPrimera sessi\u00f3:<br \/>\n11.30 \u2013 12.20 Introduint la Sostenibilitat en la Instituci\u00f3 Cultural<br \/>\nResum de l&#8217;informe Cultura Sostenible, presentaci\u00f3 en l\u00ednia des de\u00a0REDS, Sra. Luc\u00eda V\u00e1zquez. (en l\u00ednia)<br \/>\nPresentaci\u00f3 de\u00a0FAB\u00a0LAB BCN\/\u00a0Distributed\u00a0Design, a c\u00e0rrec del Sr. Guillem Camprodon. (en l\u00ednia)<br \/>\n12.20 \u2013 12.40 Pausa caf\u00e8.<br \/>\n12.40 \u2013 12.55. Confer\u00e8ncia\u00a0inspiracional. Vincular-se al territori com a exercici d&#8217;ecologia institucional. Christian Alonso (investigador cultural, curador i Director del\u00a0Centre\u00a0d&#8217;Art\u00a0La Panera de Lleida<br \/>\n13.00- 13.30 El paper de la cultura i les ind\u00fastries culturals en el desenvolupament d&#8217;un futur sostenible<br \/>\nPresentacions institucionals, accions en Cultura sostenible:<br \/>\nNE\u00c0POLIS. Mr. Jordi Romero. Head of Innovation<\/p>\n<p>Cl\u00faster Audiovisual de Catalunya.<br \/>\nPresentaci\u00f3 de\u00a0New\u00a0European\u00a0Bauhaus\u00a0Lab, objectius de la iniciativa europea i exemples dels\u00a0NEB\u00a0Lab\u00a0existents. Alejandro Mart\u00edn. Espronceda.<\/p>\n<p>Esmorzar 13.30 \u2013 15.00. Nau 10 Espronceda.<br \/>\nSe servir\u00e0 un servei d&#8217;\u00e0pats als participants d&#8217;institucions convidades en l&#8217;esdeveniment i que formen part de la taula de treball posterior.<\/p>\n<p>Segona sessi\u00f3<br \/>\n15.10 &#8211; 16.30 Taller sobre Creaci\u00f3 d&#8217;un nou\u00a0NEB\u00a0LAB de Cultura Sostenible<br \/>\nCreaci\u00f3 de taules de treball per a generar la proposta a presentar a la Comissi\u00f3 Europea.<br \/>\n16.30 &#8211; 17.00 Preguntes i respostes + Conclusions.<br \/>\nAcord dels punts clau que inclour\u00e0 la proposta a presentar a comit\u00e8 de\u00a0New\u00a0European\u00a0Bauhaus Brussel\u00b7les.<\/p>\n<p>La participaci\u00f3 en el simposi \u00e9s per invitaci\u00f3.<br \/>\nUn programa m\u00e9s detallat ser\u00e0 rem\u00e8s als participants.<\/p>\n<p>&nbsp;<\/p>\n<p><strong>Agafa ja el teu ticket desde Eventbrite per assistir a la trobada :<\/strong><\/p>\n<div class=\"traductor-textarea form-group\">\n<div class=\"textarea-desti col-xs-12 col-sm-6\">\n<div class=\"form-control second-textarea\">Les confer\u00e8ncies i els debats del mat\u00ed estan oberts al p\u00fablic<\/div>\n<\/div>\n<\/div>\n<div class=\"traductor-checkbox form-group\">\n<div id=\"panel-radioneuronal\" class=\"row\">\n<div class=\"col-sm-5 col-sm-offset-2\"><\/div>\n<\/div>\n<\/div>\n<p>L&#8217;esdeveniment ser\u00e0 presencial i online<\/p>\n<p>https:\/\/www.eventbrite.com\/e\/entradas-neb-lab-symposium-by-espronceda-institute-of-art-and-culutre-430802601177<\/p>\n<p dir=\"ltr\" data-placeholder=\"Translation\"><a href=\"https:\/\/www.espronceda.net\/wp-content\/uploads\/2022\/10\/NEB-Marc-copia.jpg\"><img loading=\"lazy\" decoding=\"async\" class=\"wp-image-24071 size-large aligncenter\" src=\"https:\/\/www.espronceda.net\/wp-content\/uploads\/2022\/10\/NEB-Marc-copia-724x1024.jpg\" alt=\"\" width=\"724\" height=\"1024\" srcset=\"https:\/\/www.espronceda.net\/wp-content\/uploads\/2022\/10\/NEB-Marc-copia-724x1024.jpg 724w, https:\/\/www.espronceda.net\/wp-content\/uploads\/2022\/10\/NEB-Marc-copia-212x300.jpg 212w, https:\/\/www.espronceda.net\/wp-content\/uploads\/2022\/10\/NEB-Marc-copia-768x1086.jpg 768w, https:\/\/www.espronceda.net\/wp-content\/uploads\/2022\/10\/NEB-Marc-copia-1086x1536.jpg 1086w, https:\/\/www.espronceda.net\/wp-content\/uploads\/2022\/10\/NEB-Marc-copia-1448x2048.jpg 1448w, https:\/\/www.espronceda.net\/wp-content\/uploads\/2022\/10\/NEB-Marc-copia-1280x1810.jpg 1280w, https:\/\/www.espronceda.net\/wp-content\/uploads\/2022\/10\/NEB-Marc-copia.jpg 1655w\" sizes=\"auto, (max-width: 724px) 100vw, 724px\" \/><\/a><\/p>\n<p><iframe loading=\"lazy\" title=\"Symposium New European Bauhaus\" width=\"1170\" height=\"658\" src=\"https:\/\/www.youtube.com\/embed\/cxmfPW5Y_7Y?start=5855&#038;feature=oembed\" frameborder=\"0\" allow=\"accelerometer; autoplay; clipboard-write; encrypted-media; gyroscope; picture-in-picture; web-share\" referrerpolicy=\"strict-origin-when-cross-origin\" allowfullscreen><\/iframe><\/p>\n<h1 dir=\"ltr\" data-placeholder=\"Translation\">NOU FESTIVAL EUROPEU DE BAUHAUS 2022\/ISEA2022 Barcelona, programa ampliat.<br \/>\nCONSCI\u00c8NCIA DIGITAL<\/h1>\n<p dir=\"ltr\" data-placeholder=\"Translation\">Des de l&#8217;educaci\u00f3 fins a l&#8217;impacte social i la identitat humana<br \/>\nLa societat actual es mou entre el f\u00edsic i el digital, tots dos territoris formen part de la mateixa realitat, per la qual cosa \u00e9s necessari prendre consci\u00e8ncia d&#8217;aquest flux a trav\u00e9s de l&#8217;educaci\u00f3, la consci\u00e8ncia social de totes les nostres accions respecte als \u00e9ssers humans i el nostre ecosistema terrestre. L&#8217;exploraci\u00f3 de nous mons, met\u00e0versos, digitals, \u00e9s un gran desafiament l&#8217;\u00fas conscient de tecnologies avan\u00e7ades i, al mateix temps, \u00e9s important mantenir el patrimoni cultural, material i immaterial, vinculat a la creaci\u00f3 art\u00edstica i a les comunitats.<br \/>\nDel 10 al 18 de juny del 2022. Dins del programa proposat pel New European Bauhaus Festival &#8211; esdeveniments secundaris. ESPRONCEDA &#8211; Institut d&#8217;Art i Cultura &#8211; organitza una important exposici\u00f3 i tallers en col\u00b7laboraci\u00f3 amb entitats nacionals i internacionals, que tamb\u00e9 formen part de la Ciutat de Barcelona ISEA2022, la proposta urbana del Simposi Internacional d&#8217;Art Electr\u00f2nic, que enguany explora objectius humans i sostenibles.<\/p>\n<p><span style=\"text-decoration: underline;\">Contingut del programa:<\/span><\/p>\n<p><strong>Musem de disc dur:<\/strong><br \/>\nLa proposta d&#8217;exposici\u00f3 de l&#8217;artista Solim.n L\u00f3pez, INTRONS \u2013 consisteix en la creaci\u00f3 d&#8217;entitats digitals tridimensionals que representen el genoma dels humans i les plantes, aix\u00ed com el seu entorn de recerca en el metavers. El projecte t\u00e9 com a objectiu ampliar el concepte de representaci\u00f3 en nous entorns digitals. Aquest \u00e9s el moment de desenvolupar una comprensi\u00f3 m\u00e9s interna del m\u00f3n de la mat\u00e8ria i la naturalesa. La instal\u00b7laci\u00f3 consisteix en un portal f\u00edsic que, quan es creua, converteix la pres\u00e8ncia org\u00e0nica en una pres\u00e8ncia digital, amb la seva pr\u00f2pia identitat i que habita els naixent metaversos.<\/p>\n<p><strong>AI4Future<\/strong><br \/>\nAI4Future: Art, intel\u00b7lig\u00e8ncia artificial i activisme. Les obres exposades s\u00f3n dels artistes seleccionats en les crides obertes de Barcelona, Rotterdam, Mil\u00e0 i Sardenya, que col\u00b7laboren amb diversos grups activistes que van des de la barrera digital a les ciutats fins a la perspectiva de g\u00e8nere. L&#8217;\u00fas d&#8217;intel\u00b7lig\u00e8ncia artificial creativament ser\u00e0 una eina que funcioni a favor d&#8217;aquests objectius socials. Artistes\/projectes: Bernat Cuni\/DIVIDE, Nino Basilashvili\/ Avan\u00e7ant, Luca Pozzi\/Rosetta Mission 2022, i Chunju Yu\/ Ser un gos.<\/p>\n<p>http:\/\/ai4future.eu\/artists-in-residence<\/p>\n<p><strong>Universitat d&#8217;Aalto<\/strong><br \/>\nLa Universitat d&#8217;Aalto, la prestigiosa universitat finlandesa, mostrar\u00e0 el projecte: Patrimoni com a font de coneixement en l&#8217;art i l&#8217;educaci\u00f3 de disseny per Lily D\u00edaz-Kommonen, Cvijeta Miljak. El programa de la Beca Research MA ha funcionat al costat de la fase conceptual de les reconstruccions digitals de dues exposicions hist\u00f2riques memorables. Aquests s\u00f3n Les Immat\u00e9riaux (Centre Pompidou, 1985) i Iconoclash (ZKM, 2002) de tardor de 2020 a l&#8217;estiu de 2021. L&#8217;exposici\u00f3 pret\u00e9n utilitzar una combinaci\u00f3 de mitjans (digitals i anal\u00f2gics) per crear una experi\u00e8ncia amb els visitants, compartint els processos i resultats de les seves metodologies de disseny conjunt. Intentant mostrar una selecci\u00f3 de diversos aspectes de l&#8217;obra en diferents punts en el temps, les activitats inclouen sessions de treball en grup amb col\u00b7lectius locals, tamb\u00e9 explicaci\u00f3 de les presentacions de disseny de conceptes i v\u00eddeos de sessions\/intervistes individuals amb experts. Aquest treball s&#8217;ha dut a terme com a part del Beyond Matter, Cultural Heritage on the Verge of Virtual Reality Research projecte finan\u00e7at pel programa Creative Europe, amb el ZKM com a coordinador i Centre Pompidou com a soci.<\/p>\n<p><strong>Leonardo ISAST<\/strong><br \/>\nFinalment, Leonardo ISAST (International Society for Art, Science and Technology) introdueix a Barcelona &#8220;Digital Awareness for Sustainable Futures&#8221; explorant els possibles futurs globals que ReImagine Everything per a un m\u00f3n m\u00e9s vibrant, just i regeneratiu. Seleccionats de col\u00b7laboracions a trav\u00e9s de la Leosfera en associaci\u00f3 amb Wisdom VR, ASU Seize the Moment, Meteor Studio, Interplanetary Initiative, els espectadors experimenten immersive VR, AR i videoart que s&#8217;enfronten a reptes del canvi clim\u00e0tic, la guerra i la sostenibilitat.<\/p>\n<p><strong>Curated per Alejandro Mart\u00edn.<\/strong><br \/>\nAdre\u00e7a: Carrer d&#8217;Espronceda 326, nau 4-5. 08017 Barcelona<\/p>\n<p><strong>ACTIVITATS ESPEC\u00cdFIQUES<\/strong><br \/>\n10 de JUNY. A les 5:00. Prem la previsualitzaci\u00f3.<br \/>\n10 de JUNY. Obertura de l&#8217;exposici\u00f3 i gira guiada. De les 7:00 p.m. a les 9:00 p.m. Amb la pres\u00e8ncia d&#8217;artistes i socis.<br \/>\n11 de juny. Des de les 12:00 del migdia fins al taller de 3 pm de la Universitat d&#8217;Aalto sobre: El patrimoni cultural com a font de coneixement en l&#8217;art i l&#8217;educaci\u00f3 de disseny.<br \/>\nEl dia 13 de juny.<br \/>\nDe les 4:00 p.m. a les 6:00 p.m. Openhouse amb artistes de Leonardo ISAST.<br \/>\nDe les 7:00 p.m. a les 9:00 p.m. Visita guiada per a experts i visitants de l&#8217;EEA 2022.<\/p>\n<p dir=\"ltr\" data-placeholder=\"Translation\"><a href=\"https:\/\/www.espronceda.net\/wp-content\/uploads\/2022\/06\/NEW_Flyer_NewEuropeanBauhaus-2.png\"><img loading=\"lazy\" decoding=\"async\" class=\"wp-image-22956 size-large aligncenter\" src=\"https:\/\/www.espronceda.net\/wp-content\/uploads\/2022\/06\/NEW_Flyer_NewEuropeanBauhaus-2-827x1024.png\" alt=\"\" width=\"827\" height=\"1024\" srcset=\"https:\/\/www.espronceda.net\/wp-content\/uploads\/2022\/06\/NEW_Flyer_NewEuropeanBauhaus-2-827x1024.png 827w, https:\/\/www.espronceda.net\/wp-content\/uploads\/2022\/06\/NEW_Flyer_NewEuropeanBauhaus-2-242x300.png 242w, https:\/\/www.espronceda.net\/wp-content\/uploads\/2022\/06\/NEW_Flyer_NewEuropeanBauhaus-2-768x951.png 768w, https:\/\/www.espronceda.net\/wp-content\/uploads\/2022\/06\/NEW_Flyer_NewEuropeanBauhaus-2-1240x1536.png 1240w, https:\/\/www.espronceda.net\/wp-content\/uploads\/2022\/06\/NEW_Flyer_NewEuropeanBauhaus-2-1654x2048.png 1654w, https:\/\/www.espronceda.net\/wp-content\/uploads\/2022\/06\/NEW_Flyer_NewEuropeanBauhaus-2-1280x1585.png 1280w, https:\/\/www.espronceda.net\/wp-content\/uploads\/2022\/06\/NEW_Flyer_NewEuropeanBauhaus-2.png 1800w\" sizes=\"auto, (max-width: 827px) 100vw, 827px\" \/><\/a><\/p>\n","protected":false},"excerpt":{"rendered":"<p>Espronceda, Institut d&#8217;Art i Cultura \u00e9s oficialment soci de la Nova Bauhaus Europea! NEB\u00a0LAB Simposi: La creaci\u00f3 d&#8217;un ecosistema de cultura sostenible. 20 Octubre 2022 ESPRONCEDA \u2013\u00a0Institute\u00a0of\u00a0Art\u00a0&amp;\u00a0Culture. Barcelona. \u00c9s necessari que l&#8217;\u00e0mbit cultural i social adapti noves formes i pr\u00e0ctiques per a assegurar la sostenibilitat del nostre planeta. Per\u00f2, fins a quin punt les Institucions d&#8217;Art i Cultura poden ser [&hellip;]<\/p>\n","protected":false},"author":30,"featured_media":22467,"parent":0,"menu_order":0,"comment_status":"closed","ping_status":"closed","template":"","meta":{"footnotes":""},"class_list":["post-28459","page","type-page","status-publish","has-post-thumbnail","hentry"],"_links":{"self":[{"href":"https:\/\/www.espronceda.net\/ca\/wp-json\/wp\/v2\/pages\/28459","targetHints":{"allow":["GET"]}}],"collection":[{"href":"https:\/\/www.espronceda.net\/ca\/wp-json\/wp\/v2\/pages"}],"about":[{"href":"https:\/\/www.espronceda.net\/ca\/wp-json\/wp\/v2\/types\/page"}],"author":[{"embeddable":true,"href":"https:\/\/www.espronceda.net\/ca\/wp-json\/wp\/v2\/users\/30"}],"replies":[{"embeddable":true,"href":"https:\/\/www.espronceda.net\/ca\/wp-json\/wp\/v2\/comments?post=28459"}],"version-history":[{"count":1,"href":"https:\/\/www.espronceda.net\/ca\/wp-json\/wp\/v2\/pages\/28459\/revisions"}],"predecessor-version":[{"id":28462,"href":"https:\/\/www.espronceda.net\/ca\/wp-json\/wp\/v2\/pages\/28459\/revisions\/28462"}],"wp:featuredmedia":[{"embeddable":true,"href":"https:\/\/www.espronceda.net\/ca\/wp-json\/wp\/v2\/media\/22467"}],"wp:attachment":[{"href":"https:\/\/www.espronceda.net\/ca\/wp-json\/wp\/v2\/media?parent=28459"}],"curies":[{"name":"wp","href":"https:\/\/api.w.org\/{rel}","templated":true}]}}