{"id":28472,"date":"2025-02-03T09:45:01","date_gmt":"2025-02-03T08:45:01","guid":{"rendered":"https:\/\/www.espronceda.net\/?page_id=28472"},"modified":"2025-02-03T16:32:44","modified_gmt":"2025-02-03T15:32:44","slug":"programa-neb-inclusio","status":"publish","type":"page","link":"https:\/\/www.espronceda.net\/ca\/programa-neb-inclusio\/","title":{"rendered":"Programa NEB &#038; Inclusi\u00f3"},"content":{"rendered":"<h2><b>Programa NEB &amp; Inclusi\u00f3<\/b><\/h2>\n<h3><b>Un comprom\u00eds amb la diversitat i la creativitat<\/b><\/h3>\n<p><span style=\"font-weight: 400;\">El programa NEB &amp; Inclusi\u00f3, emmarcat en les resid\u00e8ncies art\u00edstiques <\/span><b>d&#8217;ESPRONCEDA<\/b><span style=\"font-weight: 400;\">, promou valors essencials com la toler\u00e0ncia, el respecte a la diversitat cultural, la col\u00b7laboraci\u00f3 creativa, la inclusi\u00f3 i la democr\u00e0cia. A trav\u00e9s de l&#8217;art i la creativitat, aquest programa busca fomentar sinergies entre comunitats locals, nacionals i internacionals, amb un fort comprom\u00eds cap als Objectius de Desenvolupament Sostenible (ODS). L&#8217;objectiu principal \u00e9s situar l&#8217;art i la cultura com a eixos vertebradors per abordar problem\u00e0tiques socials, eliminar barreres i promoure una societat inclusiva i innovadora.<\/span><\/p>\n<h3><\/h3>\n<h3><b>Activitats destacades del programa NEB &amp; Inclusi\u00f3 2024<\/b><\/h3>\n<h4><span style=\"font-weight: 400;\">1. Resid\u00e8ncia &#8220;Voices of Community&#8221; (Maig 2024)<\/span><\/h4>\n<ul>\n<li style=\"font-weight: 400;\" aria-level=\"1\"><span style=\"font-weight: 400;\">Participants: artistes de comunitats amb lleng\u00fces minoritzades com l&#8217;aran\u00e8s, seto, c\u00f2rnic, croat de Burgenland i aroman\u00e8s.<\/span><\/li>\n<li style=\"font-weight: 400;\" aria-level=\"1\"><span style=\"font-weight: 400;\">Activitats: Tallers creatius, col\u00b7laboracions amb Felicia Trouvenot i Alid\u00e9 Sans, i creaci\u00f3 de la pe\u00e7a conjunta &#8220;Woodpeckers&#8221; basada en sons naturals.<\/span><\/li>\n<\/ul>\n<p class=\"tw-data-text tw-text-large tw-ta\" dir=\"ltr\" data-placeholder=\"Translation\"><img loading=\"lazy\" decoding=\"async\" class=\"aligncenter wp-image-28475 size-large\" src=\"https:\/\/www.espronceda.net\/wp-content\/uploads\/2025\/02\/FLYER-NEBInclusio-Residencia-_Voices-of-Community_-projecte-digital-Kieli-a-SONAR-D-1024x1024.webp\" alt=\"\" width=\"1024\" height=\"1024\" srcset=\"https:\/\/www.espronceda.net\/wp-content\/uploads\/2025\/02\/FLYER-NEBInclusio-Residencia-_Voices-of-Community_-projecte-digital-Kieli-a-SONAR-D-1024x1024.webp 1024w, https:\/\/www.espronceda.net\/wp-content\/uploads\/2025\/02\/FLYER-NEBInclusio-Residencia-_Voices-of-Community_-projecte-digital-Kieli-a-SONAR-D-300x300.webp 300w, https:\/\/www.espronceda.net\/wp-content\/uploads\/2025\/02\/FLYER-NEBInclusio-Residencia-_Voices-of-Community_-projecte-digital-Kieli-a-SONAR-D-150x150.webp 150w, https:\/\/www.espronceda.net\/wp-content\/uploads\/2025\/02\/FLYER-NEBInclusio-Residencia-_Voices-of-Community_-projecte-digital-Kieli-a-SONAR-D-768x768.webp 768w, https:\/\/www.espronceda.net\/wp-content\/uploads\/2025\/02\/FLYER-NEBInclusio-Residencia-_Voices-of-Community_-projecte-digital-Kieli-a-SONAR-D.webp 1080w\" sizes=\"auto, (max-width: 1024px) 100vw, 1024px\" \/><\/p>\n<h4><span style=\"font-weight: 400;\">2. IMMENSIVA London-Barcelona (Juny-Juliol 2024)<\/span><\/h4>\n<ul>\n<li style=\"font-weight: 400;\" aria-level=\"1\"><span style=\"font-weight: 400;\">Context: resid\u00e8ncia immersiva en col\u00b7laboraci\u00f3 amb la Royal Academy of Arts, implicant artistes catalans.<\/span><\/li>\n<li style=\"font-weight: 400;\" aria-level=\"1\"><span style=\"font-weight: 400;\">Resultats: desenvolupament de projectes amb tecnologies VR i AR i una exposici\u00f3 final.<\/span><\/li>\n<\/ul>\n<p>&nbsp;<\/p>\n<h4><span style=\"font-weight: 400;\">3. Tallers d&#8217;Inclusi\u00f3 i Il\u00b7lusi\u00f3 (Juny-Juliol 2024)<\/span><\/h4>\n<ul>\n<li style=\"font-weight: 400;\" aria-level=\"1\"><span style=\"font-weight: 400;\">Participants: infants, gent gran i fam\u00edlies del barri de Navas.<\/span><\/li>\n<li style=\"font-weight: 400;\" aria-level=\"1\"><span style=\"font-weight: 400;\">Activitats: tallers enfocats per potenciar la creativitat intergeneracional.<\/span><\/li>\n<\/ul>\n<p><img loading=\"lazy\" decoding=\"async\" class=\"aligncenter wp-image-28499 size-large\" src=\"https:\/\/www.espronceda.net\/wp-content\/uploads\/2025\/02\/Flyer-NEB-INCLUSIO-Taller-07-1024x1024.webp\" alt=\"\" width=\"1024\" height=\"1024\" srcset=\"https:\/\/www.espronceda.net\/wp-content\/uploads\/2025\/02\/Flyer-NEB-INCLUSIO-Taller-07-1024x1024.webp 1024w, https:\/\/www.espronceda.net\/wp-content\/uploads\/2025\/02\/Flyer-NEB-INCLUSIO-Taller-07-300x300.webp 300w, https:\/\/www.espronceda.net\/wp-content\/uploads\/2025\/02\/Flyer-NEB-INCLUSIO-Taller-07-150x150.webp 150w, https:\/\/www.espronceda.net\/wp-content\/uploads\/2025\/02\/Flyer-NEB-INCLUSIO-Taller-07-768x768.webp 768w, https:\/\/www.espronceda.net\/wp-content\/uploads\/2025\/02\/Flyer-NEB-INCLUSIO-Taller-07.webp 1080w\" sizes=\"auto, (max-width: 1024px) 100vw, 1024px\" \/><\/p>\n<p><img loading=\"lazy\" decoding=\"async\" class=\"aligncenter wp-image-28502 size-large\" src=\"https:\/\/www.espronceda.net\/wp-content\/uploads\/2025\/02\/Flyer-NEB-INCLUSIO-Taller-10.07-Inclusion-e-Illusion-1024x1024.webp\" alt=\"\" width=\"1024\" height=\"1024\" srcset=\"https:\/\/www.espronceda.net\/wp-content\/uploads\/2025\/02\/Flyer-NEB-INCLUSIO-Taller-10.07-Inclusion-e-Illusion-1024x1024.webp 1024w, https:\/\/www.espronceda.net\/wp-content\/uploads\/2025\/02\/Flyer-NEB-INCLUSIO-Taller-10.07-Inclusion-e-Illusion-300x300.webp 300w, https:\/\/www.espronceda.net\/wp-content\/uploads\/2025\/02\/Flyer-NEB-INCLUSIO-Taller-10.07-Inclusion-e-Illusion-150x150.webp 150w, https:\/\/www.espronceda.net\/wp-content\/uploads\/2025\/02\/Flyer-NEB-INCLUSIO-Taller-10.07-Inclusion-e-Illusion-768x768.webp 768w, https:\/\/www.espronceda.net\/wp-content\/uploads\/2025\/02\/Flyer-NEB-INCLUSIO-Taller-10.07-Inclusion-e-Illusion.webp 1080w\" sizes=\"auto, (max-width: 1024px) 100vw, 1024px\" \/><\/p>\n<p>&nbsp;<\/p>\n<h4><span style=\"font-weight: 400;\">4. Art &amp; Endavant (Setembre 2024)<\/span><\/h4>\n<ul>\n<li style=\"font-weight: 400;\" aria-level=\"1\"><span style=\"font-weight: 400;\">Objectiu: suport a artistes amb pocs recursos.<\/span><\/li>\n<li style=\"font-weight: 400;\" aria-level=\"1\"><span style=\"font-weight: 400;\">Activitats: capacitaci\u00f3 digital amb PMP, introducci\u00f3 al Kit Digital Next Gen i espais de networking.<\/span><\/li>\n<\/ul>\n<p class=\"tw-data-text tw-text-large tw-ta\" dir=\"ltr\" data-placeholder=\"Translation\"><img loading=\"lazy\" decoding=\"async\" class=\"aligncenter wp-image-28478 size-large\" src=\"https:\/\/www.espronceda.net\/wp-content\/uploads\/2025\/02\/05.09_NEB-INCLUSIO_FLYER_MAS-GRANDE-1024x1024.webp\" alt=\"\" width=\"1024\" height=\"1024\" srcset=\"https:\/\/www.espronceda.net\/wp-content\/uploads\/2025\/02\/05.09_NEB-INCLUSIO_FLYER_MAS-GRANDE-1024x1024.webp 1024w, https:\/\/www.espronceda.net\/wp-content\/uploads\/2025\/02\/05.09_NEB-INCLUSIO_FLYER_MAS-GRANDE-300x300.webp 300w, https:\/\/www.espronceda.net\/wp-content\/uploads\/2025\/02\/05.09_NEB-INCLUSIO_FLYER_MAS-GRANDE-150x150.webp 150w, https:\/\/www.espronceda.net\/wp-content\/uploads\/2025\/02\/05.09_NEB-INCLUSIO_FLYER_MAS-GRANDE-768x768.webp 768w, https:\/\/www.espronceda.net\/wp-content\/uploads\/2025\/02\/05.09_NEB-INCLUSIO_FLYER_MAS-GRANDE.webp 1080w\" sizes=\"auto, (max-width: 1024px) 100vw, 1024px\" \/><\/p>\n<h4><\/h4>\n<h4><span style=\"font-weight: 400;\">5. Hackathon Metavers Navas (Desembre 2024)<\/span><\/h4>\n<ul>\n<li style=\"font-weight: 400;\" aria-level=\"1\"><span style=\"font-weight: 400;\">Participants: estudiants de batxillerat del barri de Navas.<\/span><\/li>\n<li style=\"font-weight: 400;\" aria-level=\"1\"><span style=\"font-weight: 400;\">Activitats: formaci\u00f3 en tecnologies immersives i creaci\u00f3 de projectes col\u00b7laboratius sobre la comunitat.<\/span><\/li>\n<\/ul>\n<p class=\"tw-data-text tw-text-large tw-ta\" dir=\"ltr\" data-placeholder=\"Translation\"><img loading=\"lazy\" decoding=\"async\" class=\"aligncenter wp-image-28481 size-large\" src=\"https:\/\/www.espronceda.net\/wp-content\/uploads\/2025\/02\/Flyer-Hackathon-Metavers-Navas-12-2024-1-1024x1024.webp\" alt=\"\" width=\"1024\" height=\"1024\" srcset=\"https:\/\/www.espronceda.net\/wp-content\/uploads\/2025\/02\/Flyer-Hackathon-Metavers-Navas-12-2024-1-1024x1024.webp 1024w, https:\/\/www.espronceda.net\/wp-content\/uploads\/2025\/02\/Flyer-Hackathon-Metavers-Navas-12-2024-1-300x300.webp 300w, https:\/\/www.espronceda.net\/wp-content\/uploads\/2025\/02\/Flyer-Hackathon-Metavers-Navas-12-2024-1-150x150.webp 150w, https:\/\/www.espronceda.net\/wp-content\/uploads\/2025\/02\/Flyer-Hackathon-Metavers-Navas-12-2024-1-768x768.webp 768w, https:\/\/www.espronceda.net\/wp-content\/uploads\/2025\/02\/Flyer-Hackathon-Metavers-Navas-12-2024-1.webp 1080w\" sizes=\"auto, (max-width: 1024px) 100vw, 1024px\" \/><\/p>\n<h3><b>Innovaci\u00f3 i inclusi\u00f3 cultural<\/b><\/h3>\n<p><span style=\"font-weight: 400;\">El programa NEB &amp; Inclusi\u00f3 destaca per integrar l&#8217;art i la tecnologia com a eines transformadores, promovent la diversitat cultural i la inclusi\u00f3 social. Amb projectes com &#8220;Voices of Community&#8221; i &#8220;Kieli&#8221;, ESPRONCEDA no nom\u00e9s reflexiona sobre la sostenibilitat i la identitat cultural, sin\u00f3 que tamb\u00e9 crea espais innovadors per preservar i potenciar lleng\u00fces i tradicions minoritzades. A trav\u00e9s de resid\u00e8ncies, tallers i esdeveniments, es connecten comunitats diverses i es fomenta una societat m\u00e9s justa, creativa i cohesionada.<\/span><\/p>\n","protected":false},"excerpt":{"rendered":"<p>Programa NEB &amp; Inclusi\u00f3 Un comprom\u00eds amb la diversitat i la creativitat El programa NEB &amp; Inclusi\u00f3, emmarcat en les resid\u00e8ncies art\u00edstiques d&#8217;ESPRONCEDA, promou valors essencials com la toler\u00e0ncia, el respecte a la diversitat cultural, la col\u00b7laboraci\u00f3 creativa, la inclusi\u00f3 i la democr\u00e0cia. A trav\u00e9s de l&#8217;art i la creativitat, aquest programa busca fomentar sinergies entre comunitats locals, nacionals i [&hellip;]<\/p>\n","protected":false},"author":30,"featured_media":22467,"parent":0,"menu_order":0,"comment_status":"closed","ping_status":"closed","template":"","meta":{"footnotes":""},"class_list":["post-28472","page","type-page","status-publish","has-post-thumbnail","hentry"],"_links":{"self":[{"href":"https:\/\/www.espronceda.net\/ca\/wp-json\/wp\/v2\/pages\/28472","targetHints":{"allow":["GET"]}}],"collection":[{"href":"https:\/\/www.espronceda.net\/ca\/wp-json\/wp\/v2\/pages"}],"about":[{"href":"https:\/\/www.espronceda.net\/ca\/wp-json\/wp\/v2\/types\/page"}],"author":[{"embeddable":true,"href":"https:\/\/www.espronceda.net\/ca\/wp-json\/wp\/v2\/users\/30"}],"replies":[{"embeddable":true,"href":"https:\/\/www.espronceda.net\/ca\/wp-json\/wp\/v2\/comments?post=28472"}],"version-history":[{"count":3,"href":"https:\/\/www.espronceda.net\/ca\/wp-json\/wp\/v2\/pages\/28472\/revisions"}],"predecessor-version":[{"id":28506,"href":"https:\/\/www.espronceda.net\/ca\/wp-json\/wp\/v2\/pages\/28472\/revisions\/28506"}],"wp:featuredmedia":[{"embeddable":true,"href":"https:\/\/www.espronceda.net\/ca\/wp-json\/wp\/v2\/media\/22467"}],"wp:attachment":[{"href":"https:\/\/www.espronceda.net\/ca\/wp-json\/wp\/v2\/media?parent=28472"}],"curies":[{"name":"wp","href":"https:\/\/api.w.org\/{rel}","templated":true}]}}