{"id":28572,"date":"2025-02-23T21:24:40","date_gmt":"2025-02-23T20:24:40","guid":{"rendered":"https:\/\/www.espronceda.net\/?page_id=28572"},"modified":"2025-02-23T21:57:39","modified_gmt":"2025-02-23T20:57:39","slug":"punt-lila","status":"publish","type":"page","link":"https:\/\/www.espronceda.net\/ca\/punt-lila\/","title":{"rendered":"Punt Lila"},"content":{"rendered":"<p>En ESPRONCEDA Institute of Art &amp; Culture ens comprometem a garantir un espai segur i lliure de viol\u00e8ncies masclistes i LGTBI-f\u00f2biques. No tolerem cap mena d&#8217;agressi\u00f3 o discriminaci\u00f3. Per a aix\u00f2, hem creat un protocol d&#8217;actuaci\u00f3, basat en protocols de col\u00b7lectius feministes i transfeministas, que garanteix seguretat i suport en situacions d&#8217;agressi\u00f3.<\/p>\n<p>El Punt Lila est\u00e0 disponible en entrar en la nostra galeria, a l&#8217;esquerra, i est\u00e0 clarament senyalitzat per als qui necessitin suport, informaci\u00f3 o assessorament. Volem que totes les persones se sentin segures i acompanyades en el nostre espai.<\/p>\n<p>Consulta el protocol complet <a href=\"https:\/\/www.espronceda.net\/wp-content\/uploads\/2025\/02\/PROTOCOL-PUNT-LILA_CAT.pdf\"><u>aqu\u00ed<\/u><\/a>.<\/p>\n<p>&nbsp;<\/p>\n","protected":false},"excerpt":{"rendered":"<p>En ESPRONCEDA Institute of Art &amp; Culture ens comprometem a garantir un espai segur i lliure de viol\u00e8ncies masclistes i LGTBI-f\u00f2biques. No tolerem cap mena d&#8217;agressi\u00f3 o discriminaci\u00f3. Per a aix\u00f2, hem creat un protocol d&#8217;actuaci\u00f3, basat en protocols de col\u00b7lectius feministes i transfeministas, que garanteix seguretat i suport en situacions d&#8217;agressi\u00f3. El Punt Lila est\u00e0 disponible en entrar en [&hellip;]<\/p>\n","protected":false},"author":30,"featured_media":22467,"parent":0,"menu_order":0,"comment_status":"closed","ping_status":"closed","template":"","meta":{"footnotes":""},"class_list":["post-28572","page","type-page","status-publish","has-post-thumbnail","hentry"],"_links":{"self":[{"href":"https:\/\/www.espronceda.net\/ca\/wp-json\/wp\/v2\/pages\/28572","targetHints":{"allow":["GET"]}}],"collection":[{"href":"https:\/\/www.espronceda.net\/ca\/wp-json\/wp\/v2\/pages"}],"about":[{"href":"https:\/\/www.espronceda.net\/ca\/wp-json\/wp\/v2\/types\/page"}],"author":[{"embeddable":true,"href":"https:\/\/www.espronceda.net\/ca\/wp-json\/wp\/v2\/users\/30"}],"replies":[{"embeddable":true,"href":"https:\/\/www.espronceda.net\/ca\/wp-json\/wp\/v2\/comments?post=28572"}],"version-history":[{"count":3,"href":"https:\/\/www.espronceda.net\/ca\/wp-json\/wp\/v2\/pages\/28572\/revisions"}],"predecessor-version":[{"id":28613,"href":"https:\/\/www.espronceda.net\/ca\/wp-json\/wp\/v2\/pages\/28572\/revisions\/28613"}],"wp:featuredmedia":[{"embeddable":true,"href":"https:\/\/www.espronceda.net\/ca\/wp-json\/wp\/v2\/media\/22467"}],"wp:attachment":[{"href":"https:\/\/www.espronceda.net\/ca\/wp-json\/wp\/v2\/media?parent=28572"}],"curies":[{"name":"wp","href":"https:\/\/api.w.org\/{rel}","templated":true}]}}