{"id":30801,"date":"2026-03-24T09:22:34","date_gmt":"2026-03-24T08:22:34","guid":{"rendered":"https:\/\/www.espronceda.net\/?page_id=30801"},"modified":"2026-03-24T09:22:34","modified_gmt":"2026-03-24T08:22:34","slug":"avis-legal","status":"publish","type":"page","link":"https:\/\/www.espronceda.net\/ca\/avis-legal\/","title":{"rendered":"Av\u00eds legal"},"content":{"rendered":"<p><strong>Av\u00eds legal<\/strong><\/p>\n<p>Av\u00eds per a usuaris eur<\/p>\n<p>opeus: aquesta declaraci\u00f3 de privacitat s&#8217;ha redactat en compliment de les obligacions establertes a l&#8217;article 10 de la Directiva 95\/46\/CE i d&#8217;acord amb les disposicions de la Directiva 2002\/58\/CE, modificada per la Directiva 2009\/136\/CE, pel que fa a les galetes.<\/p>\n<p><strong>Contacte<br \/>\n<\/strong><br \/>\nSi voleu contactar amb nosaltres sobre qualsevol q\u00fcesti\u00f3 relacionada amb la pol\u00edtica de privacitat, envieu-nos un correu electr\u00f2nic a: info@espronceda.net.<br \/>\nDarrera actualitzaci\u00f3: maig de 2018<\/p>\n<p>&nbsp;<\/p>\n","protected":false},"excerpt":{"rendered":"<p>Av\u00eds legal Av\u00eds per a usuaris eur opeus: aquesta declaraci\u00f3 de privacitat s&#8217;ha redactat en compliment de les obligacions establertes a l&#8217;article 10 de la Directiva 95\/46\/CE i d&#8217;acord amb les disposicions de la Directiva 2002\/58\/CE, modificada per la Directiva 2009\/136\/CE, pel que fa a les galetes. Contacte Si voleu contactar amb nosaltres sobre qualsevol q\u00fcesti\u00f3 relacionada amb la pol\u00edtica [&hellip;]<\/p>\n","protected":false},"author":30,"featured_media":0,"parent":0,"menu_order":0,"comment_status":"closed","ping_status":"closed","template":"","meta":{"footnotes":""},"class_list":["post-30801","page","type-page","status-publish","hentry"],"_links":{"self":[{"href":"https:\/\/www.espronceda.net\/ca\/wp-json\/wp\/v2\/pages\/30801","targetHints":{"allow":["GET"]}}],"collection":[{"href":"https:\/\/www.espronceda.net\/ca\/wp-json\/wp\/v2\/pages"}],"about":[{"href":"https:\/\/www.espronceda.net\/ca\/wp-json\/wp\/v2\/types\/page"}],"author":[{"embeddable":true,"href":"https:\/\/www.espronceda.net\/ca\/wp-json\/wp\/v2\/users\/30"}],"replies":[{"embeddable":true,"href":"https:\/\/www.espronceda.net\/ca\/wp-json\/wp\/v2\/comments?post=30801"}],"version-history":[{"count":1,"href":"https:\/\/www.espronceda.net\/ca\/wp-json\/wp\/v2\/pages\/30801\/revisions"}],"predecessor-version":[{"id":30803,"href":"https:\/\/www.espronceda.net\/ca\/wp-json\/wp\/v2\/pages\/30801\/revisions\/30803"}],"wp:attachment":[{"href":"https:\/\/www.espronceda.net\/ca\/wp-json\/wp\/v2\/media?parent=30801"}],"curies":[{"name":"wp","href":"https:\/\/api.w.org\/{rel}","templated":true}]}}