{"id":30806,"date":"2026-03-24T09:38:49","date_gmt":"2026-03-24T08:38:49","guid":{"rendered":"https:\/\/www.espronceda.net\/?page_id=30806"},"modified":"2026-03-24T09:38:49","modified_gmt":"2026-03-24T08:38:49","slug":"politica-de-privacitat","status":"publish","type":"page","link":"https:\/\/www.espronceda.net\/ca\/politica-de-privacitat\/","title":{"rendered":"Pol\u00edtica de Privacitat"},"content":{"rendered":"<p class=\"p1\"><span class=\"s1\"><b>Pol\u00edtica de privacitat<\/b><\/span><\/p>\n<p class=\"p2\"><span class=\"s1\">El lloc web <a href=\"http:\/\/www.espronceda.net\/ca\/\"><span class=\"s2\">www.espronceda.net<\/span><\/a> \u00e9s propietat de LemonGrass Communication S.L, amb NIF: B-64644412, domicili social a Gran de Gr\u00e0cia 15, 2o 1a, 08012 Barcelona. Correu electr\u00f2nic de contacte: <a href=\"mailto:info@espronceda.net\"><span class=\"s2\">info@espronceda.net<\/span><\/a>. Tel\u00e8fon d&#8217;atenci\u00f3 al p\u00fablic: 933 68 23 84.<\/span><\/p>\n<p class=\"p2\"><span class=\"s1\">La vostra privacitat \u00e9s molt important per a nosaltres. En conseq\u00fc\u00e8ncia, hem desenvolupat aquesta Pol\u00edtica perqu\u00e8 pugueu entendre com recollim, utilitzem, comuniquem, divulguem i fem \u00fas de la informaci\u00f3 personal que ens faciliteu.<\/span><\/p>\n<p class=\"p2\"><span class=\"s1\">Abans o en el moment de la recollida d&#8217;informaci\u00f3 personal, us informarem a trav\u00e9s dels nostres textos legals sobre els tractaments que realitzarem amb les vostres dades de manera totalment transparent, que b\u00e0sicament estar\u00e0 relacionat amb l&#8217;enc\u00e0rrec que ens confi\u00efn, a m\u00e9s de la gesti\u00f3, administraci\u00f3 i qualsevol fi que no sigui incompatible amb l&#8217;anterior. Recollim informaci\u00f3 personal per mitjans leg\u00edtims i justos i, si escau, amb el coneixement o consentiment de la persona afectada. Les dades personals han de ser pertinents als fins per als quals s&#8217;utilitzaran i, en la mesura necess\u00e0ria per a aquests fins, han de ser precises, completes i actualitzades. Protegirem la informaci\u00f3 personal amb garanties raonables de seguretat contra la p\u00e8rdua o el robatori, aix\u00ed com l&#8217;acc\u00e9s no autoritzat, la divulgaci\u00f3, la c\u00f2pia, l&#8217;\u00fas o la modificaci\u00f3.<\/span><\/p>\n<p class=\"p2\"><span class=\"s1\">Estem compromesos a dur a terme el nostre negoci d&#8217;acord amb aquests principis per tal d&#8217;assegurar que la confidencialitat de la informaci\u00f3 personal est\u00e0 protegida i mantinguda.<\/span><\/p>\n<p class=\"p4\"><span class=\"s1\"><b>Quina informaci\u00f3 recollim?<\/b><\/span><\/p>\n<p class=\"p2\"><span class=\"s1\">En fer la comanda al nostre web, se us sol\u00b7licitar\u00e0 que introdu\u00efu el vostre nom i adre\u00e7a de correu electr\u00f2nic. La informaci\u00f3 recollida s&#8217;utilitza per enviar correus electr\u00f2nics peri\u00f2dics. Entre les categories de Dades Personals que aquesta plataforma recull, ja sigui directament o a trav\u00e9s de tercers, hi ha: Nom, Cognoms, Adre\u00e7a de correu electr\u00f2nic, Cookies i Dades d&#8217;\u00fas.<\/span><\/p>\n<p class=\"p2\"><span class=\"s1\">Les Dades Personals poden ser proporcionades per l&#8217;Usuari de manera volunt\u00e0ria, o b\u00e9 ser recollides autom\u00e0ticament durant la utilitzaci\u00f3 d&#8217;aquesta plataforma.<\/span><\/p>\n<p class=\"p2\"><span class=\"s1\">La negativa de l&#8217;Usuari a proporcionar certes Dades Personals o a no acceptar els nostres textos legals podria impossibilitar a aquesta plataforma la prestaci\u00f3 dels seus serveis.<\/span><\/p>\n<p class=\"p2\"><span class=\"s1\">L&#8217;Usuari assumeix la responsabilitat per les Dades Personals de tercers publicades o compartides mitjan\u00e7ant aquesta plataforma i declara que t\u00e9 el consentiment d&#8217;aquests tercers per proporcionar les Dades al Titular.<\/span><\/p>\n<p class=\"p4\"><span class=\"s1\"><b>Com protegim la informaci\u00f3 del visitant?<\/b><\/span><\/p>\n<p class=\"p2\"><span class=\"s1\"><b>Protecci\u00f3 de dades<\/b><\/span><\/p>\n<p class=\"p2\"><span class=\"s1\">D&#8217;acord amb el que estableix la Llei Org\u00e0nica 15\/1999, de 13 de desembre, de Protecci\u00f3 de Dades de Car\u00e0cter Personal (LOPD), us informem que les dades personals que ens faciliteu a trav\u00e9s del nostre lloc web o mitjan\u00e7ant l&#8217;enviament de correus electr\u00f2nics seran incorporades a un fitxer automatitzat titularitat de LemonGrass Communication S.L, amb la finalitat de gestionar, prestar, ampliar i millorar els serveis oferts al lloc web, executar els contractes que s&#8217;hi realitzin, enviar formularis d&#8217;enquesta, estudiar la utilitzaci\u00f3 dels serveis per part dels Usuaris registrats, l&#8217;enviament d&#8217;actualitzacions dels serveis, aix\u00ed com per enviar-vos informaci\u00f3 publicit\u00e0ria i butlletins de not\u00edcies (<i>newsletter<\/i>), amb el consentiment expr\u00e9s de l&#8217;usuari registrat per a l&#8217;enviament d&#8217;aquesta informaci\u00f3 per qualsevol mitj\u00e0, inclosos els que sorgeixin en un futur i especialment els postals i els electr\u00f2nics, entre d&#8217;altres.<\/span><\/p>\n<p class=\"p2\"><span class=\"s1\">El consentiment de l&#8217;Usuari registrat per rebre, per correu electr\u00f2nic o mitj\u00e0 electr\u00f2nic equivalent, podr\u00e0 ser revocat mitjan\u00e7ant notificaci\u00f3 adre\u00e7ada a la seg\u00fcent adre\u00e7a de correu electr\u00f2nic: <a href=\"mailto:info@espronceda.net\"><span class=\"s2\">info@espronceda.net<\/span><\/a>, o b\u00e9 a trav\u00e9s dels enlla\u00e7os de BAIXA dels mateixos correus promocionals. Aix\u00ed mateix, l&#8217;Usuari registrat t\u00e9 la possibilitat d&#8217;accedir a les seves dades personals i dur a terme les modificacions oportunes. En aquest sentit, l&#8217;usuari registrat es compromet a proporcionar informaci\u00f3 vera\u00e7 en relaci\u00f3 amb les seves dades personals i a mantenir les dades facilitades a <a href=\"http:\/\/www.espronceda.net\/ca\/\"><span class=\"s2\">www.espronceda.net<\/span><\/a> actualitzades. L&#8217;usuari podr\u00e0 exercir els seus drets d&#8217;acc\u00e9s, rectificaci\u00f3, cancel\u00b7laci\u00f3 i oposici\u00f3 mitjan\u00e7ant l&#8217;enviament d&#8217;una comunicaci\u00f3 a l&#8217;adre\u00e7a recollida en el present apartat. L&#8217;Usuari registrat respondr\u00e0, en tot cas, de la veracitat de les dades facilitades, i <a href=\"http:\/\/www.espronceda.net\/ca\/\"><span class=\"s2\">www.espronceda.net<\/span><\/a> es reserva el dret d&#8217;excloure dels Serveis registrats qualsevol Soci que hagi facilitat dades falses, sense perjudici de les altres accions que procedeixin en Dret.<\/span><\/p>\n<p class=\"p4\"><span class=\"s1\"><b>Quina \u00e9s la finalitat del tractament de les dades recollides?<\/b><\/span><\/p>\n<p class=\"p2\"><span class=\"s1\">Les Dades relatives de l&#8217;Usuari s\u00f3n recollides per a la base de dades de <i>newsletter<\/i>, aix\u00ed com per a les finalitats seg\u00fcents: Estad\u00edstiques, Interacci\u00f3 amb xarxes socials i plataformes externes, Contacte amb l&#8217;Usuari, Gesti\u00f3 de contactes i enviament de missatges, Gesti\u00f3 de pagaments, Registre i autenticaci\u00f3, Remarketing i Behavioral Targeting, Publicitat, Test de rendiment de continguts i funcionalitats (A\/B testing), Allotjament i infraestructura de backend, Monitoritzaci\u00f3 de la infraestructura, Gesti\u00f3 de la base de dades d&#8217;Usuaris, Heat mapping, Interacci\u00f3 amb plataformes de xat en viu, Interaccions basades en la localitzaci\u00f3, Gesti\u00f3 de les sol\u00b7licituds d&#8217;assist\u00e8ncia i contacte, Comentaris de continguts i Visualitzaci\u00f3 de continguts de plataformes externes.<\/span><\/p>\n<p class=\"p2\"><span class=\"s1\">Es recomana a l&#8217;usuari que consulti la pol\u00edtica de privacitat de cadascuna de les plataformes a trav\u00e9s de les quals es recullen dades personals.<\/span><\/p>\n<p class=\"p2\"><span class=\"s1\">Relacionem en format de llista els nostres principals tractaments:<\/span><\/p>\n<ul class=\"ul1\">\n<li class=\"li5\"><span class=\"s1\">L&#8217;exist\u00e8ncia de l&#8217;enviament de butlletins de not\u00edcies (<i>newsletters<\/i>) peri\u00f2dics.<\/span><\/li>\n<li class=\"li5\"><span class=\"s1\">Interacci\u00f3 dins de les xarxes socials i les que puguin existir en un futur, i enviament d&#8217;informaci\u00f3 que pugui ser d&#8217;inter\u00e8s per a l&#8217;usuari (cal tenir sempre present que en aquest context les xarxes tenen els seus propis textos legals).<\/span><\/li>\n<\/ul>\n<p class=\"p4\"><span class=\"s1\"><b>Comunicacions de Dades Personals<\/b><\/span><\/p>\n<p class=\"p2\"><span class=\"s1\">No comuniquem les dades personals de l&#8217;Usuari a tercers. No obstant aix\u00f2, ens reservem el dret de compartir amb tercers les dades personals que recollim sobre l&#8217;Usuari en les circumst\u00e0ncies que es detallen a continuaci\u00f3.<\/span><\/p>\n<p class=\"p2\"><span class=\"s1\">Podem comunicar les dades personals que ens faciliti l&#8217;Usuari als nostres prove\u00efdors i socis de negoci que treballen en representaci\u00f3 nostra per al compliment del contracte subscrit amb l&#8217;Usuari o per comunicar-nos amb l&#8217;Usuari quan faci una compra, amb la finalitat d&#8217;administrar la venda i de complir les condicions de venda.<\/span><\/p>\n<p class=\"p2\"><span class=\"s1\">Tamb\u00e9 realitzem una cessi\u00f3 de dades a terceres entitats mercantils, tant per als nostres enviaments publicitaris com per als de les altres entitats mercantils amb les quals col\u00b7laborem. L&#8217;acceptaci\u00f3 dels nostres textos legals implica prestar el consentiment sobre les cessions que esmentem.<\/span><\/p>\n<p class=\"p2\"><span class=\"s1\">En el cas dels nostres socis comercials o entitats amb les quals col\u00b7laborem, si hi hagu\u00e9s cessi\u00f3, us advertim que sempre s&#8217;identificar\u00e0 qui s\u00f3n aquests socis, el sector comercial que representen i els tractaments que realitzin, si escau.<\/span><\/p>\n<p class=\"p2\"><span class=\"s1\">Aix\u00ed mateix, podem comunicar a tercers les dades personals de l&#8217;Usuari quan sigui requerit per llei. En particular, en relaci\u00f3 amb investigacions relacionades amb la seguretat o el compliment de la normativa vigent, per complir disposicions legals o ordres o procediments judicials i policials. Tamb\u00e9 per protegir els drets o la propietat dels nostres empleats, subscriptors i Serveis, aix\u00ed com per investigar, evitar o iniciar accions en relaci\u00f3 amb activitats il\u00b7legals, sospita de frau, situacions que impliquin amenaces potencials a la seguretat de qualsevol persona, violacions de les Condicions de Servei o de la Pol\u00edtica de Privacitat o de qualsevol altra manera que ho permeti la llei. Finalment, tamb\u00e9 com a part de qualsevol proc\u00e9s de reorganitzaci\u00f3 corporativa (com ara una fusi\u00f3, adquisici\u00f3 i\/o venda de tots, gaireb\u00e9 tots o part dels nostres actius), per a la cessi\u00f3 definitiva del seu fons de negoci o davant de potencials compradors i auditors.<\/span><\/p>\n<p class=\"p4\"><span class=\"s1\"><b>Informaci\u00f3 addicional sobre la recollida de Dades i el seu tractament<\/b><\/span><\/p>\n<p class=\"p2\"><span class=\"s1\"><b>Defensa jur\u00eddica<\/b><\/span><\/p>\n<p class=\"p2\"><span class=\"s1\">Les Dades Personals de l&#8217;Usuari podran ser utilitzades per a la defensa jur\u00eddica del Titular en judici o en les fases prejudicials pr\u00e8vies a un possible plet derivat de l&#8217;\u00fas abusiu per part de l&#8217;Usuari d&#8217;aquest lloc web o dels serveis relacionats.<\/span><\/p>\n<p class=\"p2\"><span class=\"s1\">L&#8217;Usuari \u00e9s conscient que el Titular pot ser requerit per autoritats p\u00fabliques per tal de revelar Dades Personals.<\/span><\/p>\n<p class=\"p2\"><span class=\"s1\"><b>Informaci\u00f3 addicional sobre les Dades Personals de l&#8217;Usuari<\/b><\/span><\/p>\n<p class=\"p2\"><span class=\"s1\">A m\u00e9s de les informacions contingudes en aquesta pol\u00edtica de privacitat, aquesta plataforma podr\u00e0 proporcionar a l&#8217;Usuari informaci\u00f3 contextual relativa a serveis espec\u00edfics o a la recollida i el tractament de les Dades Personals.<\/span><\/p>\n<p class=\"p2\"><span class=\"s1\"><b>Informaci\u00f3 no continguda en aquesta pol\u00edtica de privacitat<\/b><\/span><\/p>\n<p class=\"p2\"><span class=\"s1\">Es podr\u00e0 sol\u00b7licitar en qualsevol moment informaci\u00f3 addicional sobre la recollida i el tractament de les Dades Personals a l&#8217;empresa Responsable del Tractament.<\/span><\/p>\n<p class=\"p4\"><span class=\"s1\"><b>Exercici dels drets pels Titulars de les Dades<\/b><\/span><\/p>\n<p class=\"p2\"><span class=\"s1\">S&#8217;informa els usuaris que les dades de car\u00e0cter personal facilitades seran incorporades a diversos fitxers, degudament inscrits en el Registre General de Protecci\u00f3 de Dades, del qual el titular i responsable \u00e9s LemonGrass Communication S.L, amb NIF: B-64644412, amb domicili social a C\/ Gran de Gr\u00e0cia 15, 1r-1a, 08012 de Barcelona, duent a terme un tractament mixt amb la finalitat de mantenir la relaci\u00f3 negocial, aix\u00ed com per rebre informaci\u00f3 publicit\u00e0ria sobre tots els nostres serveis.<\/span><\/p>\n<p class=\"p2\"><span class=\"s1\">Tamb\u00e9 i de conformitat amb el que s&#8217;estableix en l&#8217;elenc normatiu de protecci\u00f3 de dades, l&#8217;usuari pot exercir els seus drets d&#8217;acc\u00e9s, rectificaci\u00f3, cancel\u00b7laci\u00f3 i oposici\u00f3, adre\u00e7ant una comunicaci\u00f3 escrita a LemonGrass Communication S.L, C\/ Gran de Gr\u00e0cia 15, 2o-1a, 08012 de Barcelona, en la qual acrediti la seva identitat, o b\u00e9 al correu electr\u00f2nic <a href=\"mailto:info@espronceda.net\"><span class=\"s2\">info@espronceda.net<\/span><\/a>. La sol\u00b7licitud haur\u00e0 de contenir nom, cognoms i fotoc\u00f2pia del DNI de l&#8217;interessat o del seu representant legal, aix\u00ed com document acreditatiu de la representaci\u00f3, petici\u00f3 en la qual es concreti la sol\u00b7licitud, domicili a efectes de notificacions, data i signatura del sol\u00b7licitant i documents acreditatius de la petici\u00f3 que formula. Si la sol\u00b7licitud no reuneix els requisits especificats, se&#8217;n requerir\u00e0 la seva esmena. Pel que fa al dret d&#8217;acc\u00e9s, \u00fanicament es denegar\u00e0 quan la sol\u00b7licitud no compleixi els requisits anteriorment esmentats i no s&#8217;acrediti cap inter\u00e8s leg\u00edtim a l&#8217;efecte. No s&#8217;exigir\u00e0 cap contraprestaci\u00f3 per l&#8217;exercici dels drets.<\/span><\/p>\n<p class=\"p2\"><span class=\"s1\">Els titulars als quals es refereixen les Dades Personals tenen dret a obtenir en qualsevol moment la confirmaci\u00f3 que aquestes han estat emmagatzemades pel Responsable de Tractament, a con\u00e8ixer-ne el contingut i l&#8217;origen, a verificar-ne l&#8217;exactitud o sol\u00b7licitar que siguin completades, cancel\u00b7lades, actualitzades o rectificades, a que siguin anonimitzades o a que es bloquegin aquelles Dades Personals que estan sent tractades en contravencions de les lleis, aix\u00ed com a oposar-se al seu tractament per qualsevol motiu leg\u00edtim. Les sol\u00b7licituds hauran de remetre&#8217;s a l&#8217;empresa responsable de tractament utilitzant les dades de contacte indicades en aquesta p\u00e0gina.<\/span><\/p>\n<p class=\"p4\"><span class=\"s1\"><b>Modificaci\u00f3 d&#8217;aquesta pol\u00edtica de privacitat<\/b><\/span><\/p>\n<p class=\"p2\"><span class=\"s1\">La empresa es reserva el dret de modificar aquesta pol\u00edtica de privacitat en qualsevol moment sense necessitat d&#8217;av\u00eds previ. Es recomana encaridament que reviseu aquesta p\u00e0gina amb freq\u00fc\u00e8ncia, prenent com a refer\u00e8ncia la data de l&#8217;\u00faltima modificaci\u00f3 indicada al final. En el cas que un Usuari estigui en desacord amb alguna de les modificacions realitzades a aquesta Pol\u00edtica, l&#8217;Usuari haur\u00e0 de cessar en l&#8217;\u00fas d&#8217;aquesta plataforma i podr\u00e0 sol\u00b7licitar al Responsable de Tractament que elimini les seves Dades Personals. Llevat que s&#8217;indiqui el contrari, la pol\u00edtica de privacitat vigent en cada moment ser\u00e0 d&#8217;aplicaci\u00f3 a totes les Dades Personals que el Responsable de Tractament hagi recollit fins aleshores.<\/span><\/p>\n<p>&nbsp;<\/p>\n<p>&nbsp;<\/p>\n<p>&nbsp;<\/p>\n","protected":false},"excerpt":{"rendered":"<p>Pol\u00edtica de privacitat El lloc web www.espronceda.net \u00e9s propietat de LemonGrass Communication S.L, amb NIF: B-64644412, domicili social a Gran de Gr\u00e0cia 15, 2o 1a, 08012 Barcelona. Correu electr\u00f2nic de contacte: info@espronceda.net. Tel\u00e8fon d&#8217;atenci\u00f3 al p\u00fablic: 933 68 23 84. La vostra privacitat \u00e9s molt important per a nosaltres. En conseq\u00fc\u00e8ncia, hem desenvolupat aquesta Pol\u00edtica perqu\u00e8 pugueu entendre com recollim, [&hellip;]<\/p>\n","protected":false},"author":30,"featured_media":0,"parent":0,"menu_order":0,"comment_status":"closed","ping_status":"closed","template":"","meta":{"footnotes":""},"class_list":["post-30806","page","type-page","status-publish","hentry"],"_links":{"self":[{"href":"https:\/\/www.espronceda.net\/ca\/wp-json\/wp\/v2\/pages\/30806","targetHints":{"allow":["GET"]}}],"collection":[{"href":"https:\/\/www.espronceda.net\/ca\/wp-json\/wp\/v2\/pages"}],"about":[{"href":"https:\/\/www.espronceda.net\/ca\/wp-json\/wp\/v2\/types\/page"}],"author":[{"embeddable":true,"href":"https:\/\/www.espronceda.net\/ca\/wp-json\/wp\/v2\/users\/30"}],"replies":[{"embeddable":true,"href":"https:\/\/www.espronceda.net\/ca\/wp-json\/wp\/v2\/comments?post=30806"}],"version-history":[{"count":1,"href":"https:\/\/www.espronceda.net\/ca\/wp-json\/wp\/v2\/pages\/30806\/revisions"}],"predecessor-version":[{"id":30808,"href":"https:\/\/www.espronceda.net\/ca\/wp-json\/wp\/v2\/pages\/30806\/revisions\/30808"}],"wp:attachment":[{"href":"https:\/\/www.espronceda.net\/ca\/wp-json\/wp\/v2\/media?parent=30806"}],"curies":[{"name":"wp","href":"https:\/\/api.w.org\/{rel}","templated":true}]}}