{"id":30811,"date":"2026-03-24T09:50:58","date_gmt":"2026-03-24T08:50:58","guid":{"rendered":"https:\/\/www.espronceda.net\/?page_id=30811"},"modified":"2026-03-24T09:50:58","modified_gmt":"2026-03-24T08:50:58","slug":"politica-de-cookies","status":"publish","type":"page","link":"https:\/\/www.espronceda.net\/ca\/politica-de-cookies\/","title":{"rendered":"Pol\u00edtica de Cookies"},"content":{"rendered":"<p class=\"p1\"><span class=\"s1\"><b>Pol\u00edtica de Cookies<\/b><\/span><\/p>\n<p class=\"p2\"><span class=\"s1\"><b>Acceptaci\u00f3 de la pol\u00edtica de Cookies<\/b><\/span><\/p>\n<p class=\"p2\"><span class=\"s1\">En utilitzar el portal web d&#8217;Espronceda Center for Art and Culture, l&#8217;usuari accepta l&#8217;\u00fas de cookies i consent el tractament d&#8217;informaci\u00f3 sobre ell mateix de la manera i per als fins indicats a continuaci\u00f3. No obstant aix\u00f2, Espronceda Center for Art and Culture mostra informaci\u00f3 sobre la seva pol\u00edtica de cookies a la part superior de la p\u00e0gina principal del portal web en cada inici de sessi\u00f3, amb l&#8217;objectiu que els usuaris en siguin conscients.<\/span><\/p>\n<p class=\"p2\"><span class=\"s1\"><b>Concepte de Cookies<\/b><\/span><\/p>\n<p class=\"p2\"><span class=\"s1\">Espronceda Center for Art and Culture us informa que les cookies s\u00f3n arxius que les p\u00e0gines web poden descarregar al vostre equip cada vegada que hi accediu, creats amb la finalitat d&#8217;ajudar el portal web a analitzar l&#8217;\u00fas que en fan els usuaris, i que poden ser actualitzats o recuperats per l&#8217;entitat responsable de la seva instal\u00b7laci\u00f3.<\/span><\/p>\n<p class=\"p2\"><span class=\"s1\">Aquests arxius permeten emmagatzemar a l&#8217;equip de l&#8217;usuari quantitats de dades que poden anar des d&#8217;uns pocs quilobytes fins a diversos megabytes.<\/span><\/p>\n<p class=\"p2\"><span class=\"s1\">Les cookies s\u00f3n eines que tenen un paper essencial per a la prestaci\u00f3 de serveis de la Societat de la Informaci\u00f3, ja que serveixen perqu\u00e8 una p\u00e0gina web pugui emmagatzemar i recuperar informaci\u00f3 sobre els h\u00e0bits de navegaci\u00f3 dels usuaris o del seu equip i, en funci\u00f3 de la informaci\u00f3 obtinguda, es poden utilitzar per recon\u00e8ixer l&#8217;usuari i millorar els serveis.<\/span><\/p>\n<p class=\"p2\"><span class=\"s1\"><b>Tipus de Cookies<\/b><\/span><\/p>\n<p class=\"p2\"><span class=\"s1\">A continuaci\u00f3 es fa una classificaci\u00f3 de les diferents cookies existents en funci\u00f3 d&#8217;una s\u00e8rie de categories. Cal tenir en compte, per\u00f2, que una mateixa cookie pot estar inclosa en m\u00e9s d&#8217;una categoria.<\/span><\/p>\n<p class=\"p2\"><span class=\"s1\"><i>Segons l&#8217;entitat que les gestioni:<\/i><\/span><\/p>\n<ul class=\"ul1\">\n<li class=\"li4\"><b><\/b><span class=\"s1\"><b>Cookies pr\u00f2pies:<\/b> s\u00f3n les que s&#8217;envien a l&#8217;equip de l&#8217;usuari des d&#8217;un equip o domini gestionat pel propi editor i des del qual es presta el servei sol\u00b7licitat.<\/span><\/li>\n<li class=\"li4\"><b><\/b><span class=\"s1\"><b>Cookies de tercers:<\/b> s\u00f3n les que s&#8217;envien a l&#8217;equip de l&#8217;usuari des d&#8217;un equip o domini no gestionat per l&#8217;editor.<\/span><\/li>\n<\/ul>\n<p class=\"p2\"><span class=\"s1\"><i>Segons el termini d&#8217;emmagatzematge:<\/i><\/span><\/p>\n<ul class=\"ul1\">\n<li class=\"li4\"><b><\/b><span class=\"s1\"><b>Cookies de sessi\u00f3:<\/b> dissenyades per recollir i emmagatzemar dades durant la navegaci\u00f3. S&#8217;utilitzen per conservar informaci\u00f3 necess\u00e0ria \u00fanicament durant la prestaci\u00f3 del servei en una sola ocasi\u00f3.<\/span><\/li>\n<li class=\"li4\"><b><\/b><span class=\"s1\"><b>Cookies persistents:<\/b> les dades romanen emmagatzemades a l&#8217;equip de l&#8217;usuari i hi poden ser accedides durant un per\u00edode definit pel responsable de la cookie, que pot anar des d&#8217;uns minuts fins a diversos anys.<\/span><\/li>\n<\/ul>\n<p class=\"p2\"><span class=\"s1\"><i>Segons la seva finalitat:<\/i><\/span><\/p>\n<ul class=\"ul1\">\n<li class=\"li4\"><b><\/b><span class=\"s1\"><b>Cookies t\u00e8cniques:<\/b> permeten a l&#8217;usuari navegar pel lloc web i utilitzar les diferents opcions o serveis disponibles.<\/span><\/li>\n<li class=\"li4\"><b><\/b><span class=\"s1\"><b>Cookies de personalitzaci\u00f3:<\/b> permeten a l&#8217;usuari accedir al servei amb caracter\u00edstiques predefinides segons criteris del terminal, com l&#8217;idioma o el tipus de navegador.<\/span><\/li>\n<li class=\"li4\"><b><\/b><span class=\"s1\"><b>Cookies d&#8217;an\u00e0lisi:<\/b> permeten el seguiment i l&#8217;an\u00e0lisi del comportament dels usuaris amb la finalitat d&#8217;introduir millores en el servei.<\/span><\/li>\n<li class=\"li4\"><b><\/b><span class=\"s1\"><b>Cookies publicit\u00e0ries:<\/b> permeten gestionar de manera efica\u00e7 els espais publicitaris inclosos al portal web.<\/span><\/li>\n<li class=\"li4\"><b><\/b><span class=\"s1\"><b>Cookies de publicitat comportamental:<\/b> emmagatzemen informaci\u00f3 del comportament dels usuaris obtinguda mitjan\u00e7ant l&#8217;observaci\u00f3 dels seus h\u00e0bits de navegaci\u00f3, amb la finalitat de mostrar publicitat personalitzada.<\/span><\/li>\n<\/ul>\n<p class=\"p2\"><span class=\"s1\"><b>1. Google Analytics<\/b><\/span><\/p>\n<p class=\"p2\"><span class=\"s1\">El portal web d&#8217;Espronceda Center for Art and Culture utilitza Google Analytics, un servei anal\u00edtic prestat per Google, Inc. (1600 Amphitheatre Parkway, Mountain View, Calif\u00f2rnia, CA 94043, EUA), que permet la mesura i l&#8217;an\u00e0lisi de la navegaci\u00f3. Es tracta de cookies d&#8217;an\u00e0lisi.<\/span><\/p>\n<p class=\"p2\"><span class=\"s1\">A trav\u00e9s de Google Analytics, Espronceda Center for Art and Culture obt\u00e9 informaci\u00f3 relativa al nombre d&#8217;usuaris que accedeixen al lloc web, les p\u00e0gines visitades, la freq\u00fc\u00e8ncia i repetici\u00f3 de les visites, la seva durada, el navegador utilitzat, l&#8217;operador de servei, l&#8217;idioma, el terminal utilitzat i la ciutat associada a l&#8217;adre\u00e7a IP. La informaci\u00f3 generada per la cookie sobre l&#8217;\u00fas del lloc web (inclosa la vostra adre\u00e7a IP) ser\u00e0 transmesa i arxivada directament per Google en servidors ubicats als Estats Units.<\/span><\/p>\n<p class=\"p2\"><span class=\"s1\">Les cookies de Google Analytics utilitzades s\u00f3n:<\/span><\/p>\n<ul class=\"ul1\">\n<li class=\"li4\"><b><\/b><span class=\"s3\"><b>_utma<\/b><\/span><span class=\"s1\"><b>:<\/b> Cookie de sessi\u00f3 per al seguiment de l&#8217;activitat al portal.<\/span><\/li>\n<li class=\"li4\"><b><\/b><span class=\"s3\"><b>_utmb<\/b><\/span><span class=\"s1\"><b>:<\/b> Cookie persistent amb venciment als 2 anys, que recopila informaci\u00f3 de registre est\u00e0ndard i dades sobre h\u00e0bits de navegaci\u00f3 de manera an\u00f2nima.<\/span><\/li>\n<li class=\"li4\"><b><\/b><span class=\"s3\"><b>_utmc<\/b><\/span><span class=\"s1\"><b>:<\/b> Cookie de sessi\u00f3 que desapareix en finalitzar la sessi\u00f3 al portal.<\/span><\/li>\n<li class=\"li4\"><b><\/b><span class=\"s3\"><b>_utmz<\/b><\/span><span class=\"s1\"><b>:<\/b> Cookie persistent amb venciment als 6 mesos des de l&#8217;acc\u00e9s al portal.<\/span><\/li>\n<\/ul>\n<p class=\"p2\"><span class=\"s1\">Google utilitzar\u00e0 aquesta informaci\u00f3 per fer el seguiment de l&#8217;\u00fas del portal, recopilar informes d&#8217;activitat i prestar altres serveis relacionats. Ni Espronceda Center for Art and Culture ni Google associaran la vostra adre\u00e7a IP amb cap altre dada de qu\u00e8 disposin.<\/span><\/p>\n<p class=\"p2\"><span class=\"s1\"><b>2. Cookies publicit\u00e0ries de Google i YouTube<\/b><\/span><\/p>\n<p class=\"p2\"><span class=\"s1\">En accedir al portal web es podran descarregar cookies associades als dominis google.com i google.es (cookies NID i PREF), vinculades a productes i serveis de Google utilitzats per aquest portal. Aix\u00ed mateix, despr\u00e9s d&#8217;acceptar la pol\u00edtica de cookies i navegar pel portal, es podran descarregar cookies publicit\u00e0ries de tercers sota el domini youtube.com.<\/span><\/p>\n<p class=\"p2\"><span class=\"s1\"><b>3. Doubleclick.net<\/b><\/span><\/p>\n<p class=\"p2\"><span class=\"s1\">Empresa amb fins publicitaris.<\/span><\/p>\n<ul class=\"ul1\">\n<li class=\"li4\"><b><\/b><span class=\"s3\"><b>id<\/b><\/span><span class=\"s1\"><b>:<\/b> Cookie persistent amb venciment als 6 mesos.<\/span><\/li>\n<\/ul>\n<p class=\"p2\"><span class=\"s1\"><b>4. Facebook.com<\/b><\/span><\/p>\n<p class=\"p2\"><span class=\"s1\">Cookies utilitzades amb fins publicitaris adaptats als interessos de l&#8217;usuari.<\/span><\/p>\n<ul class=\"ul1\">\n<li class=\"li4\"><b><\/b><span class=\"s3\"><b>act<\/b><\/span><span class=\"s1\"><b>, <\/b><\/span><span class=\"s3\"><b>c_user<\/b><\/span><span class=\"s1\"><b>, <\/b><\/span><span class=\"s3\"><b>csm<\/b><\/span><span class=\"s1\"><b>, <\/b><\/span><span class=\"s3\"><b>fr<\/b><\/span><span class=\"s1\"><b>, <\/b><\/span><span class=\"s3\"><b>p<\/b><\/span><span class=\"s1\"><b>, <\/b><\/span><span class=\"s3\"><b>presence<\/b><\/span><span class=\"s1\"><b>, <\/b><\/span><span class=\"s3\"><b>s<\/b><\/span><span class=\"s1\"><b>, <\/b><\/span><span class=\"s3\"><b>xs<\/b><\/span><span class=\"s1\"><b>:<\/b> Cookies persistents amb venciment als 6 mesos.<\/span><\/li>\n<\/ul>\n<p class=\"p2\"><span class=\"s1\"><b>5. Zopim<\/b><\/span><\/p>\n<p class=\"p2\"><span class=\"s1\">Cookie per oferir atenci\u00f3 personalitzada als usuaris del xat.<\/span><\/p>\n<ul class=\"ul1\">\n<li class=\"li4\"><b><\/b><span class=\"s3\"><b>_cfduid<\/b><\/span><span class=\"s1\"><b>:<\/b> Cookie persistent amb venciment als 6 mesos.<\/span><\/li>\n<\/ul>\n<p class=\"p2\"><span class=\"s1\"><b>Com modificar la configuraci\u00f3 de les Cookies<\/b><\/span><\/p>\n<p class=\"p2\"><span class=\"s1\">Espronceda Center for Art and Culture informa l&#8217;usuari que, en qualsevol moment, pot rebutjar l&#8217;\u00fas de cookies mitjan\u00e7ant la configuraci\u00f3 apropiada del seu navegador, si b\u00e9 aix\u00f2 podria limitar la funcionalitat del lloc web.<\/span><\/p>\n<p class=\"p2\"><span class=\"s1\">A continuaci\u00f3 s&#8217;indica com gestionar les cookies als principals navegadors:<\/span><\/p>\n<ul class=\"ul1\">\n<li class=\"li4\"><b><\/b><span class=\"s1\"><b>Google Chrome:<\/b> <a href=\"https:\/\/support.google.com\/chrome\/answer\/95647?hl=ca\"><span class=\"s4\">Instruccions<\/span><\/a><\/span><\/li>\n<li class=\"li4\"><b><\/b><span class=\"s1\"><b>Internet Explorer:<\/b> <a href=\"http:\/\/windows.microsoft.com\/es-es\/windows7\/how-to-manage-cookies-in-internet-explorer-9\"><span class=\"s4\">Instruccions<\/span><\/a><\/span><\/li>\n<li class=\"li4\"><b><\/b><span class=\"s1\"><b>Firefox:<\/b> <a href=\"https:\/\/support.mozilla.org\/ca\/kb\/habilitar-i-deshabilitar-cookies\"><span class=\"s4\">Instruccions<\/span><\/a><\/span><\/li>\n<\/ul>\n<p class=\"p2\"><span class=\"s1\"><i>Google Chrome:<\/i> Configuraci\u00f3 &gt; Mostra la configuraci\u00f3 avan\u00e7ada &gt; Privadesa &gt; Configuraci\u00f3 del contingut &gt; Totes les cookies i dades del lloc.<\/span><\/p>\n<p class=\"p2\"><span class=\"s1\"><i>Internet Explorer:<\/i> Eines &gt; Opcions d&#8217;Internet &gt; Privadesa &gt; ajustar el nivell de privadesa.<\/span><\/p>\n<p class=\"p2\"><span class=\"s1\"><i>Firefox:<\/i> Opcions &gt; Privadesa &gt; Historial &gt; Configuraci\u00f3 personalitzada &gt; Acceptar cookies.<\/span><\/p>\n<p class=\"p2\"><span class=\"s1\"><i>Safari (iOS):<\/i> Ajustos &gt; Safari &gt; Privadesa i Seguretat &gt; Bloquejar cookies.<\/span><\/p>\n<p class=\"p2\"><span class=\"s1\"><i>Safari (OSX):<\/i> Prefer\u00e8ncies &gt; Privadesa &gt; Bloquejar cookies.<\/span><\/p>\n<p class=\"p2\"><span class=\"s1\"><i>Android:<\/i> Navegador &gt; Men\u00fa &gt; Ajustos &gt; Seguretat i Privadesa &gt; Acceptar cookies.<\/span><\/p>\n<p class=\"p2\"><span class=\"s1\"><i>Windows Phone:<\/i> Navegador &gt; Men\u00fa &gt; Ajustos &gt; Seguretat i Privadesa &gt; Acceptar cookies.<\/span><\/p>\n<p class=\"p2\"><span class=\"s1\">Per inhabilitar les cookies de Google Analytics, podeu obtenir m\u00e9s informaci\u00f3 a: <a href=\"http:\/\/www.google.es\/intl\/analytics\/privacyoverview.html\"><span class=\"s4\">www.google.es\/intl\/analytics\/privacyoverview.html<\/span><\/a><\/span><\/p>\n","protected":false},"excerpt":{"rendered":"<p>Pol\u00edtica de Cookies Acceptaci\u00f3 de la pol\u00edtica de Cookies En utilitzar el portal web d&#8217;Espronceda Center for Art and Culture, l&#8217;usuari accepta l&#8217;\u00fas de cookies i consent el tractament d&#8217;informaci\u00f3 sobre ell mateix de la manera i per als fins indicats a continuaci\u00f3. No obstant aix\u00f2, Espronceda Center for Art and Culture mostra informaci\u00f3 sobre la seva pol\u00edtica de cookies [&hellip;]<\/p>\n","protected":false},"author":30,"featured_media":0,"parent":0,"menu_order":0,"comment_status":"closed","ping_status":"closed","template":"","meta":{"footnotes":""},"class_list":["post-30811","page","type-page","status-publish","hentry"],"_links":{"self":[{"href":"https:\/\/www.espronceda.net\/ca\/wp-json\/wp\/v2\/pages\/30811","targetHints":{"allow":["GET"]}}],"collection":[{"href":"https:\/\/www.espronceda.net\/ca\/wp-json\/wp\/v2\/pages"}],"about":[{"href":"https:\/\/www.espronceda.net\/ca\/wp-json\/wp\/v2\/types\/page"}],"author":[{"embeddable":true,"href":"https:\/\/www.espronceda.net\/ca\/wp-json\/wp\/v2\/users\/30"}],"replies":[{"embeddable":true,"href":"https:\/\/www.espronceda.net\/ca\/wp-json\/wp\/v2\/comments?post=30811"}],"version-history":[{"count":1,"href":"https:\/\/www.espronceda.net\/ca\/wp-json\/wp\/v2\/pages\/30811\/revisions"}],"predecessor-version":[{"id":30813,"href":"https:\/\/www.espronceda.net\/ca\/wp-json\/wp\/v2\/pages\/30811\/revisions\/30813"}],"wp:attachment":[{"href":"https:\/\/www.espronceda.net\/ca\/wp-json\/wp\/v2\/media?parent=30811"}],"curies":[{"name":"wp","href":"https:\/\/api.w.org\/{rel}","templated":true}]}}