{"id":5377,"date":"2017-11-07T11:14:13","date_gmt":"2017-11-07T10:14:13","guid":{"rendered":"http:\/\/www.espronceda.net\/projects\/"},"modified":"2022-08-01T18:49:25","modified_gmt":"2022-08-01T16:49:25","slug":"projectes","status":"publish","type":"page","link":"https:\/\/www.espronceda.net\/ca\/projectes\/","title":{"rendered":"Projectes"},"content":{"rendered":"<h2>Act Utopia Lab<\/h2>\n<p>En un m\u00f3n global i canviant, la creativitat \u00e9s clau per desenvolupar noves professions, productes i formes d&#8217;interacci\u00f3.<\/p>\n<p>El coneixement hum\u00e0 en altres temps va ser hol\u00edstic, per\u00f2 es va especialitzar amb la revoluci\u00f3 industrial.<\/p>\n<p>Artistes, cient\u00edfics i tecn\u00f2legs treballen en les seves diferents \u00e0rees creatives, per\u00f2 sense comunicaci\u00f3 i sinergia constants.<\/p>\n<p>La Comissi\u00f3 Europea, en el programa Horitz\u00f3 2020, STARTS, analitza que aquestes \u00e0rees han d&#8217;interactuar per produir un pensament creatiu transversal i que els desenvolupadors cient\u00edfics i tecnol\u00f2gics, aix\u00ed com els artistes, abandonin les seves \u00e0rees de confort i s&#8217;atreveixin a emprendre Idees que no s\u00f3n comuns o inicialment s\u00f3n massa ut\u00f2piques i amb elles generin startups reeixides.<\/p>\n<p>\u00c9s la contribuci\u00f3 a aquesta utopia el que impulsa a Espronceda a llan\u00e7ar &#8220;ACT UTOPIA LAB&#8221;, Art, Ci\u00e8ncia i Tecnologia, confer\u00e8ncies, tallers, xarxa i incubadora de startups.<\/p>\n<h4><a href=\"http:\/\/act-utopia.com\/\">act-utopia.com<\/a><\/h4>\n<p>&nbsp;<\/p>\n<h2>Artcosmos<\/h2>\n<p>Espronceda \u00e9s un dels socis fundadors de ArtCosmos. La primera edici\u00f3 es va celebrar a ESPRONCEDA.<\/p>\n<p>ArtCosmos \u00e9s una plataforma dedicada a la col\u00b7laboraci\u00f3 entre artistes, acad\u00e8mics i l\u00edders del pensament en la intersecci\u00f3 de la ci\u00e8ncia i l&#8217;art contemporani. La primera edici\u00f3 de ArtCosmos es va celebrar a ESPRONCEDA i va representar a 12 artistes i va convidar a 5 cient\u00edfics, tots amb vincles mutus amb l&#8217;art i el m\u00f3n de la ci\u00e8ncia, respectivament. La segona edici\u00f3 de ArtCosmos a la ciutat de Nova York es celebra en honor al 55 aniversari del primer vol hum\u00e0 a l&#8217;espai realitzat per Yuri Gagarin. L&#8217;exhibici\u00f3 presenta a un grup d&#8217;artistes multidisciplinaris que creen nous di\u00e0legs visuals per a la recerca indestructible de la humanitat per explorar l&#8217;espai profund.<\/p>\n<h4><a href=\"https:\/\/www.artcosmos.net\/\" target=\"_blank\" rel=\"nofollow noopener noreferrer\">artcosmos.net<\/a><\/h4>\n<p>&nbsp;<\/p>\n<h2>Artists In Residence TV<\/h2>\n<p>AIRTV \u00e9s un projecte nascut a Barcelona, Espanya, de la manca de canals de v\u00eddeo dedicats a les resid\u00e8ncies d&#8217;artistes. El fenomen de les resid\u00e8ncies d&#8217;artistes est\u00e0 creixent r\u00e0pidament i arreu del m\u00f3n, reduint les \u00e0rees sense aquests llocs.<\/p>\n<p>AIRTV t\u00e9 com a objectiu mapejar tots aquests incre\u00efbles espais creatius i presentar-los a cada un d&#8217;ells un v\u00eddeo d&#8217;introducci\u00f3. Ajudaria molt als artistes, als amants de l&#8217;art, per\u00f2 tamb\u00e9 a les resid\u00e8ncies a diferenciar unes de les altres. Creiem en el conjunt \u00fanic d&#8217;habilitats, persones i serveis que les resid\u00e8ncies ofereixen per promoure l&#8217;art i la cultura, i el poder de les imatges per arribar a un p\u00fablic m\u00e9s ampli.<\/p>\n<p>El projecte tamb\u00e9 prov\u00e9 de la passi\u00f3 per viatjar i el desig de con\u00e8ixer i connectar noves cultures i persones, noves visions i opinions, nous punts de vista i estils de vida, aix\u00ed com tenir una bona visi\u00f3 general del sector de la resid\u00e8ncia d&#8217;artistes en l&#8217;escala internacional.<\/p>\n<h4><a href=\"http:\/\/artistsinresidencetv.com\/\">artistsinresidencetv.com<\/a><\/h4>\n<p>&nbsp;<\/p>\n<h2>Clubhaus<\/h2>\n<div>\n<p>Espronceda d\u00f3na suport i contribueix a la creaci\u00f3 de &#8220;Clubhaus&#8221;, un espai que uneix Menjar i Art en un nou concepte i visi\u00f3.<br \/>\nUna gran visi\u00f3 \u00e9s donar visibilitat als artistes emergents i trobar una llar per als amants de l&#8217;art que s\u00f3n amants del menjar al mateix temps &#8230;;-)<\/p>\n<p>Per a la comunitat d&#8217;Espronceda, registreu-vos gratu\u00eftament www.clubhaus.es\/amigos (escriviu &#8220;Espronceda&#8221; al camp d&#8217;indicaci\u00f3 de amic).<\/p>\n<h4><a class=\"\" href=\"http:\/\/www.clubhaus.es\/\">www.clubhaus.es<\/a><\/h4>\n<\/div>\n<p>&nbsp;<\/p>\n<h2>Cruixent<\/h2>\n<p>Espronceda va ser cofundadora i co-organitzada de &#8220;Cruixent&#8221;, una exposici\u00f3 col\u00b7lectiva per a artistes visuals joves i contemporanis. L\u2019esdeveniment \u201cCruixent\u201d \u00e9s un esdeveniment de tota la jornada, que inclou actuacions del teatre a la dansa fins a l\u2019experimentaci\u00f3 amb noves tecnologies. Els artistes s\u00f3n seleccionats per un jurat despr\u00e9s de les aplicacions d&#8217;una convocat\u00f2ria oberta.<\/p>\n<p>&nbsp;<\/p>\n<h2><span style=\"color: #333399;\"><a style=\"color: #333399;\" href=\"https:\/\/www.espronceda.net\/projects\/drap-art\/\">Drap-Art<\/a><\/span><\/h2>\n<p>El Festival Internacional de Arte Sostenible de Catalu\u00f1a celebra su 25\u00aa edici\u00f3n y nos complace anunciar nuestra colaboraci\u00f3n con Drap-art en este proyecto con un programa muy especial dentro del \u00e1mbito del arte sostenible, con pioneros del arte contempor\u00e1neo y figuras destacadas del arte urbano, aparte de \u00a0una gran selecci\u00f3n de artistas contempor\u00e1neos y proyectos emergentes<\/p>\n<p>&nbsp;<\/p>\n<h2>Human Signs<\/h2>\n<p>Una anomalia art\u00edstica, no produ\u00efda ni encarregada per cap entitat, sin\u00f3 desitjada pels mateixos artistes. Nascut durant la reclusi\u00f3 de COVID-19, interpretant l&#8217;est\u00e8tica viral d&#8217;aquest moment hist\u00f2ric \u00fanic, HUMAN SIGNS ha reunit fins ara m\u00e9s de 200 artistes de 50 pa\u00efsos, cadascun dels quals proposa un testimoni d&#8217;art individual profund que convergeix en un poder\u00f3s fresc expressiu multim\u00e8dia. El testimoni d&#8217;art vocal de 12 minuts de Yuval, filmat autom\u00e0ticament durant la reclusi\u00f3, expressa el seu estat m\u00e9s \u00edntim i es converteix en una capa fonamental amb qu\u00e8 tots els artistes es relacionen com a l\u00ednia de temps, musicalitat i guia d&#8217;intensitat (similar al concepte renaixentista de Cantus Firmus), permetent mitjan\u00e7ant aquest m\u00e8tode un potencial infinit. interconnexions entre tots els participants, creant cors, assemblatges, constel\u00b7lacions i di\u00e0legs \u00edntims. Aportant un sentit d&#8217;uni\u00f3 profund, HUMAN SIGNS t\u00e9 com a objectiu superar la dist\u00e0ncia f\u00edsica i l&#8217;a\u00efllament, per tant, ens convida a explorar de manera diferent els espais, llenguatges i formes d&#8217;interconnexi\u00f3, com a part d&#8217;una reflexi\u00f3 col\u00b7lectiva sobre un temps hist\u00f2ric. \u00fanic. HUMANSIGNS es va presentar en l\u00ednia com una obra d&#8217;art multim\u00e8dia a trav\u00e9s de l&#8217;Arxiu Digital Vivent i fora de l\u00ednia a trav\u00e9s d&#8217;actuacions de LIVE GRID a cinc ciutats diferents de tot el m\u00f3n (Nova York, Sant Petersburg, Tel Aviv, Mil\u00e0, Tor\u00ed) .<\/p>\n<p>&nbsp;<\/p>\n<h2><strong>Inter_WE symposium<\/strong><\/h2>\n<p>El simposi reflexionar\u00e0 sobre els canvis en la societat actual respecte a la diversitat de g\u00e8neres. L&#8217;exist\u00e8ncia de persones intersexuals prova la falsedat de la construcci\u00f3 bin\u00e0ria de g\u00e8nere. Si deixem de dividir a les persones en homes i dones i vam comen\u00e7ar a pensar en \u00e9ssers humans, es dilueixen les pol\u00e8miques sobre g\u00e8nere. Hem deixat de marcar ra\u00e7a i religi\u00f3 en el passaport, esborrar el g\u00e8nere del passaport haur\u00e0 de ser el seg\u00fcent pas. Un exemple \u00e9s de la legislaci\u00f3 alemanya &#8211; un canvi per afegir un tercer g\u00e8nere a les dues opcions tradicionals de femen\u00ed | mascul\u00ed.<\/p>\n<p>Les arts pl\u00e0stiques sempre han tingut la capacitat de reflectir una visi\u00f3 contempor\u00e0nia de l&#8217;\u00e9sser hum\u00e0 i plantejar-se preguntes noves com, Poden les persones intersex trobar el seu lloc en el m\u00f3n dicot\u00f2mic d&#8217;avui en dia?<\/p>\n<p>Poden les persones &#8220;que s&#8217;ajusten a un g\u00e8nere definit com mascul\u00ed i femen\u00ed analitzar la construcci\u00f3 social del g\u00e8nere i proposar conceptes alternatius al sistema binari tradicional de classificaci\u00f3 de g\u00e8nere, i finalment \u00bfrepresenten adequadament els museus aquesta diversitat?<\/p>\n<p>El simposi pret\u00e9n contribuir a fer comprensible la varietat de g\u00e8neres, una diversitat que s&#8217;ha de veure m\u00e9s que com una amena\u00e7a, com un regal. El concepte de g\u00e8nere l\u00edquid, com a reflex de la societat l\u00edquida analitzada per Zygmunt Bauman, vol superar la divisi\u00f3 de g\u00e8neres en masculins i femenins, i els rols i els estereotips que aquests comporten associats des de fa segles.<\/p>\n<h4><a href=\"http:\/\/www.inter-we.com\/\">inter-we.com<\/a><\/h4>\n<p>&nbsp;<\/p>\n<h2>Luminic Festival<\/h2>\n<div class=\"traductor-textarea form-group\">\n<div class=\"textarea-desti col-xs-12 col-sm-6\">\n<div class=\"form-control second-textarea\">\n<p>Ens complau formar part del Festival\u00a0Luminic, amb l&#8217;exposici\u00f3 Les llums de les pedres de\u00a0Savina\u00a0Tarsitano\u00a0i\u00a0Dinu\u00a0Flamand.<\/p>\n<p>Un projecte interdisciplinari, fruit de la trobada entre l&#8217;artista italiana\u00a0Savina\u00a0Tarsitano\u00a0i el poeta roman\u00e8s\u00a0Dinu\u00a0Flam\u00e2nd, \u00e9s un di\u00e0leg intercultural sobre l&#8217;exist\u00e8ncia de l&#8217;\u00e9sser hum\u00e0, la relaci\u00f3 amb la naturalesa, la import\u00e0ncia del lloc i la mem\u00f2ria tradu\u00efda a trav\u00e9s de les fotografies.<br \/>\nLa col\u00b7laboraci\u00f3 dels dos artistes va donar lloc a la publicaci\u00f3 del llibre\u00a0Ombre\u00a0e\u00a0Falesie\u00a0en 2018, barrejant imatge i poesia.<\/p>\n<p>LUM\u00cdNIC\u00a0\u00e9s el festival de fotografia de Sant Cugat del Vall\u00e8s, que des de 2019 promou la fotografia d&#8217;autor.<\/p>\n<\/div>\n<\/div>\n<\/div>\n<p>&nbsp;<\/p>\n<h2>The Salon of Espronceda<\/h2>\n<p>El projecte Sal\u00f3 d&#8217;Espronceda &#8211; Xerrada amb Convidat Especial sorgeix de la necessitat de connectar persones als camps de l&#8217;art, la cultura, la literatura, l&#8217;educaci\u00f3, la ci\u00e8ncia, la pol\u00edtica, en un per\u00edode dif\u00edcil de moviment, de moviment. La pand\u00e8mia i Covid ens ha portat a una profunda reflexi\u00f3 sobre com estar junts encara que sigui distant, sobre com continuar dialogant junts encara que sigui distant. Per aix\u00f2 la idea de crear el sal\u00f3 Espronceda, un rac\u00f3 dedicat cada vegada a un Convidat Especial, per dialogar junts sobre art, cultura, pol\u00edtica, economia i m\u00e9s, sempre en connexi\u00f3 amb l&#8217;art. La mostra est\u00e0 oberta a joves i experts amb anys d&#8217;experi\u00e8ncia per comparar tamb\u00e9 les diferents generacions, tot explorant junts diferents temes des de diferents punts de vista.<\/p>\n<p>&nbsp;<\/p>\n<h2><a href=\"http:\/\/www.onstageproject.eu\/on-stage\/\">ON STAGE<\/a><\/h2>\n<div>\n<p>On satage\u00a0 es un proyecto, concebido por Manuel Canelles, que reflexiona sobre la cuesti\u00f3n del lenguaje, sobre la identidad de la percepci\u00f3n y sobre la construcci\u00f3n de lo real percibido: lo que disfrutamos no se corresponde necesariamente con (nuestra idea de) la realidad. Elaborando una simulaci\u00f3n del plano f\u00edlmico -lenguaje que en s\u00ed mismo es ya fruto de un proceso de ilusi\u00f3n- el proyecto indaga en la relaci\u00f3n entre la realidad y su representaci\u00f3n, explorando, a trav\u00e9s de varias fases de trabajo, el lenguaje como materia expresiva.<\/p>\n<\/div>\n<p>&nbsp;<\/p>\n<h2>Visualitzaci\u00f3 Virtual d\u00b4Emocions Reals<\/h2>\n<p>Visualitzaci\u00f3 virtual d\u00b4emocions reals \u00e9s un projecte col\u00b7laboratiu i educatiu d\u00b4art i realitat virtual que investiga l\u00b4impacte emocional de l\u00b4a\u00efllament, especialment en els joves, amb l\u00b4objectiu de suportar els efectes de la crisi sanit\u00e0ria viscuda durant el 2020. El projecte busca, a mitjan\u00e7ant un estudi de cas, per provar i validar una metodologia innovadora d&#8217;educaci\u00f3 no formal on participen joves que seran acompanyats a expressar les seves emocions en obres d&#8217;art virtuals gr\u00e0cies a tallers de creaci\u00f3 i experimentaci\u00f3, realitat virtual i narraci\u00f3 d&#8217;hist\u00f2ries.<\/p>\n<p>&nbsp;<\/p>\n<p>&nbsp;<\/p>\n<p>&nbsp;<\/p>\n<p>&nbsp;<\/p>\n<h1>Olea<\/h1>\n<p>OLEA \u00e9s un oli d&#8217;oliva \u00fanic fruit del desenvolupament entre diferents disciplines i coordinat per l&#8217;artista Solim\u00e1n L\u00f3pez. En col\u00b7laboraci\u00f3 amb el laboratori Twist Bioscience, que s&#8217;ha encarregat de la s\u00edntesi d&#8217;ADN del contracte intel\u00b7ligent per a la criptomoneda OLEA (programada per Blue Room Innovation) i que posteriorment ser\u00e0 encapsulada en s\u00edlice per incorporar-se a una s\u00e8rie limitada de 1.250 litres d&#8217;oli de oliva que s&#8217;anir\u00e0 ampliant amb la nova oferta de la moneda els propers mesos. En aquest darrer pas, Solim\u00e1n ha comptat amb el suport de Javier Forment, responsable del Servei de Bioinform\u00e0tica de l&#8217;Institut de Biologia Molecular i Cel\u00b7lular de Plantes IBMCP<br \/>\n(Universitat Polit\u00e8cnica de Val\u00e8ncia \u2013 Consell Superior d&#8217;Investigacions Cient\u00edfiques del CSIC). Amb aquesta acci\u00f3, l&#8217;artista crea un nou espai de reflexi\u00f3 i un apropament d&#8217;esp\u00e8cies, conceptes, economies, societats i fluxos d&#8217;informaci\u00f3 que conflueixen en un sol fluid.<\/p>\n<p>OLEA introdueix una innovaci\u00f3 hist\u00f2rica al m\u00f3n de l&#8217;art contemporani i l&#8217;entorn de les criptomonedes i NFT (actius digitals \u00fanics) incorporant el factor art\u00edstic per<br \/>\nun sector de car\u00e0cter altament especulatiu. Gr\u00e0cies a la tecnologia blockchain, ara podem demostrar la propietat i autenticitat dels actius digitals. A m\u00e9s de facilitar la tra\u00e7abilitat i la transpar\u00e8ncia a les obres dels creadors. Relacionat hist\u00f2ricament amb les de\u00eftats, l&#8217;abund\u00e0ncia, la salut, la suavitat i l&#8217;or l\u00edquid, l&#8217;oli \u00e9s el lloc perfecte per donar la benvinguda a altres natures. L&#8217;alteraci\u00f3 gen\u00e8tica, la construcci\u00f3 artificial i la conviv\u00e8ncia en espais h\u00edbrids, configuren un nou ecosistema de pensament \u00e8tic, religi\u00f3s, pol\u00edtic i social que, gr\u00e0cies a aquest projecte, pret\u00e9n vincular-se molecularment amb estructures tecnopol\u00edtiques, criptografia i models descentralitzats de pensament i economia. .<\/p>\n<p>&nbsp;<\/p>\n<h2>AI4Futuro<\/h2>\n<p>AI4Future \u00e9s un projecte d&#8217;Europa Creativa que involucra a tres pa\u00efsos europeus diferents: It\u00e0lia, Espanya i Holanda. El seu objectiu \u00e9s millorar la comprensi\u00f3 i la difusi\u00f3 de A.I. tecnologies relacionades per a la participaci\u00f3 activa i creativa de joves activistes a l\u2019escena cultural europea, permetent treballar amb artistes per a la creaci\u00f3 conjunta d\u2019una nova consci\u00e8ncia comunit\u00e0ria urbana.<\/p>\n<p>El A.I. El enfoque permet l\u2019acc\u00e9s i la interpretaci\u00f3 de les dades per comprendre millor com funcionen aquestes noves tecnologies i descobrir nous aspectes dels mecanismes de la societat comunit\u00e0ria. Las nuevas generaciones tendr\u00e1n un papel fundamental en este cambio a medida que vayan madurando y creciendo en el avance de la revoluci\u00f3n tecnol\u00f3gica.<\/p>\n<p>El tema principal de col\u00b7laboraci\u00f3 entre joves activistes i artistes ser\u00e0 la \u201cmobilitat\u201d, considerat en diferents significats i diferents interpretacions desenvolupades gr\u00e0cies al di\u00e0leg entre els socis. Los significados de movilidad que surgieron son: movilidad mental, fatiga pand\u00e9mica; movilitat social, econ\u00f2mica i pol\u00edtica; movilitat virtual i interactiva, en la que A.I. no es solo una herramienta. Los j\u00f3venes activistas, artistas y legisladores tendran l&#8217;oportunitat de lidiar amb reunions internacionals, tallers i resid\u00e8ncies d&#8217;artistes.<\/p>\n<p>&nbsp;<\/p>\n<h2>Mindspaces<\/h2>\n<p>MindSpaces \u00e9s un esfor\u00e7 multidisciplinari, que integra les arts, la neuroci\u00e8ncia, l&#8217;arquitectura, el modelatge 3D, el visual, el text, l&#8217;EEG, l&#8217;an\u00e0lisi de detecci\u00f3 fisiol\u00f2gica, AR \/ VR i una \u00e0mplia gamma d&#8217;usuaris finals, des habitants de la ciutat fins turistes, persones grans que viuen independentment. El seu objectiu, millorar el disseny d&#8217;espais p\u00fablics a l&#8217;aire lliure, treballs en interiors i interiors de cases a trav\u00e9s d&#8217;un disseny participatiu que impliqui mesuraments multisensorials de les respostes dels usuaris finals, integrar\u00e0 de manera inherent aquestes m\u00faltiples disciplines cap a un objectiu com\u00fa. Les instal\u00b7lacions art\u00edstiques d&#8217;AR \/ VR, les eines de disseny i les metodologies resultants permetran desenvolupaments futurs dins d&#8217;aquest ecosistema a trav\u00e9s del seu \u00fas.<\/p>\n<p>MindSpaces t\u00e9 com a objectiu la florida de l&#8217;ecosistema de STARTS mitjan\u00e7ant el desenvolupament d&#8217;un paradigma innovador de cooperaci\u00f3 entre artistes, tecnologia, investigaci\u00f3, socis industrials i usuaris, i un model de treball com\u00fa (SIO1), que permetr\u00e0 l&#8217;inici de projectes de naturalesa similar sota l&#8217;evoluci\u00f3 de l&#8217;ecosistema STARTS.<\/p>\n<p><a href=\"https:\/\/www.espronceda.net\/ca\/projectes\/mindspaces\/\">m\u00e9s sobre el projecte<\/a><\/p>\n<p>&nbsp;<\/p>\n<p><img loading=\"lazy\" decoding=\"async\" class=\"alignnone size-medium wp-image-11233\" src=\"https:\/\/www.espronceda.net\/wp-content\/uploads\/2019\/07\/Immensiva-V1-300x63.jpg\" alt=\"\" width=\"300\" height=\"63\" srcset=\"https:\/\/www.espronceda.net\/wp-content\/uploads\/2019\/07\/Immensiva-V1-300x63.jpg 300w, https:\/\/www.espronceda.net\/wp-content\/uploads\/2019\/07\/Immensiva-V1-768x161.jpg 768w, https:\/\/www.espronceda.net\/wp-content\/uploads\/2019\/07\/Immensiva-V1-1024x215.jpg 1024w, https:\/\/www.espronceda.net\/wp-content\/uploads\/2019\/07\/Immensiva-V1-1280x268.jpg 1280w\" sizes=\"auto, (max-width: 300px) 100vw, 300px\" \/><\/p>\n<p>IMMENSIVA \u00e9s una plataforma internacional per a noves plataformes digitals, centrada en VR, AR i MR, en cooperaci\u00f3 amb Espronceda &#8211; Institut d&#8217;Art i Cultura<\/p>\n<p>&nbsp;<\/p>\n<h2><strong>Resid\u00e8ncia d&#8217;artista VR \/ AI<\/strong><\/h2>\n<p>Un cop a l&#8217;any, Espronceda atorga el premi IMMENSIVA a artistes seleccionats que estan convidats a una resid\u00e8ncia de 2 a 4 setmanes a Barcelona per crear art amb tecnologies d&#8217;avantguarda, com VR, AI, AR i m\u00e9s.<br \/>\nLa selecci\u00f3 la realitza un jurat internacional. Els artistes es presenten a trav\u00e9s d&#8217;una convocat\u00f2ria oberta o s\u00f3n proposats pels assessors \/ curadors d&#8217;Espronceda i Immensiva.<\/p>\n<p>A la resid\u00e8ncia d&#8217;artistes VR \/ AI, fins a 12 artistes treballaran i col\u00b7laboraran junts per crear noves obres d&#8217;art en un entorn col\u00b7laboratiu.<br \/>\nL&#8217;equip de Immensiva i Espronceda recolza en gran mesura als artistes amb totes les possibilitats. Tamb\u00e9 ens connectarem amb l&#8217;ecosistema local i regional i convidarem oradors, assessors i curadors d&#8217;alt nivell durant la resid\u00e8ncia per oferir una experi\u00e8ncia excel\u00b7lent i sostenible.<\/p>\n<p>Les obres d&#8217;art creades (aix\u00ed com les obres d&#8217;art potencialment individuals) es presentaran en un esdeveniment de clausura i posterior exposici\u00f3, obert a el p\u00fablic.<\/p>\n<p>Al febrer de 2020, va tenir lloc la primera resid\u00e8ncia d&#8217;artistes de VR \/ AI.<br \/>\nI Espronceda s&#8217;enorgulleix que la primera edici\u00f3 hagi estat la resid\u00e8ncia de realitat virtual m\u00e9s gran de m\u00f3n fins ara!<\/p>\n<p><a href=\"http:\/\/www.immensiva.com\/activites\/\"><strong>immensiva.com\/activites<\/strong><\/a><\/p>\n<p>&nbsp;<\/p>\n<h2>VR Art Academy<\/h2>\n<div class=\"\">\n<div class=\"\">Espronceda \u00e9s un dels cofundadors de la VR Art Academy. L&#8217;objectiu \u00e9s instruir als artistes com expandir la seva visi\u00f3 creativa a trav\u00e9s de VR \/ AR \/ MR Art, i proporcionar-los la tecnologia i assessorar-ne la utilitzaci\u00f3.<\/div>\n<div><\/div>\n<\/div>\n<p>&nbsp;<\/p>\n<p>&nbsp;<\/p>\n","protected":false},"excerpt":{"rendered":"<p>Act Utopia Lab En un m\u00f3n global i canviant, la creativitat \u00e9s clau per desenvolupar noves professions, productes i formes d&#8217;interacci\u00f3. El coneixement hum\u00e0 en altres temps va ser hol\u00edstic, per\u00f2 es va especialitzar amb la revoluci\u00f3 industrial. Artistes, cient\u00edfics i tecn\u00f2legs treballen en les seves diferents \u00e0rees creatives, per\u00f2 sense comunicaci\u00f3 i sinergia constants. La Comissi\u00f3 Europea, en el [&hellip;]<\/p>\n","protected":false},"author":1,"featured_media":0,"parent":0,"menu_order":0,"comment_status":"closed","ping_status":"closed","template":"","meta":{"footnotes":""},"class_list":["post-5377","page","type-page","status-publish","hentry"],"_links":{"self":[{"href":"https:\/\/www.espronceda.net\/ca\/wp-json\/wp\/v2\/pages\/5377","targetHints":{"allow":["GET"]}}],"collection":[{"href":"https:\/\/www.espronceda.net\/ca\/wp-json\/wp\/v2\/pages"}],"about":[{"href":"https:\/\/www.espronceda.net\/ca\/wp-json\/wp\/v2\/types\/page"}],"author":[{"embeddable":true,"href":"https:\/\/www.espronceda.net\/ca\/wp-json\/wp\/v2\/users\/1"}],"replies":[{"embeddable":true,"href":"https:\/\/www.espronceda.net\/ca\/wp-json\/wp\/v2\/comments?post=5377"}],"version-history":[{"count":22,"href":"https:\/\/www.espronceda.net\/ca\/wp-json\/wp\/v2\/pages\/5377\/revisions"}],"predecessor-version":[{"id":23381,"href":"https:\/\/www.espronceda.net\/ca\/wp-json\/wp\/v2\/pages\/5377\/revisions\/23381"}],"wp:attachment":[{"href":"https:\/\/www.espronceda.net\/ca\/wp-json\/wp\/v2\/media?parent=5377"}],"curies":[{"name":"wp","href":"https:\/\/api.w.org\/{rel}","templated":true}]}}