{"id":5567,"date":"2017-11-28T17:15:41","date_gmt":"2017-11-28T16:15:41","guid":{"rendered":"http:\/\/www.espronceda.net\/?page_id=5567"},"modified":"2020-03-19T14:09:46","modified_gmt":"2020-03-19T13:09:46","slug":"opencall-sustainable-views","status":"publish","type":"page","link":"https:\/\/www.espronceda.net\/ca\/opencall-sustainable-views\/","title":{"rendered":"Open Call Sustainable Views"},"content":{"rendered":"<p><img loading=\"lazy\" decoding=\"async\" class=\"alignnone size-full wp-image-13006\" src=\"https:\/\/www.espronceda.net\/wp-content\/uploads\/2020\/03\/senza-titolo-7.jpg\" alt=\"\" width=\"1200\" height=\"630\" srcset=\"https:\/\/www.espronceda.net\/wp-content\/uploads\/2020\/03\/senza-titolo-7.jpg 1200w, https:\/\/www.espronceda.net\/wp-content\/uploads\/2020\/03\/senza-titolo-7-300x158.jpg 300w, https:\/\/www.espronceda.net\/wp-content\/uploads\/2020\/03\/senza-titolo-7-768x403.jpg 768w, https:\/\/www.espronceda.net\/wp-content\/uploads\/2020\/03\/senza-titolo-7-1024x538.jpg 1024w\" sizes=\"auto, (max-width: 1200px) 100vw, 1200px\" \/><\/p>\n<p>La convocat\u00f2ria est\u00e0 dirigida a artistes italians i internacionals involucrats en la realitzaci\u00f3 de v\u00eddeos, que volen proposar una visi\u00f3 creativa en termes de sostenibilitat ambiental i reciclatge responsable.<\/p>\n<p>L&#8217;objectiu \u00e9s proporcionar idees per a un estil de vida sostenible a trav\u00e9s de la documentaci\u00f3 en v\u00eddeo de les solucions ja existents, o abordar els problemes de la sostenibilitat ambiental (incl\u00f2s el reciclatge i l&#8217;eliminaci\u00f3 de residus) amb una visi\u00f3 proactiva, ut\u00f2pica i positiva , per estimular la reflexi\u00f3 sobre canvi clim\u00e0tic.<\/p>\n<p>El concurs \u00e9s el resultat de la cooperaci\u00f3 entre diferents empreses i organitzacions de Tor\u00ed, Biella i Barcelona &#8211; Ok Bio, Collettivo IF, Cittadellarte &#8211; beca i PAV &#8211; Parc Art Vivente, Espronceda &#8211; Institut d&#8217;Art i Cultura &#8211; i patrocinat per Albertina Academy of Belles Arts de Tor\u00ed. Est\u00e0 promogut per Ok Bio, una companyia de Biella, durant l&#8217;esdeveniment &#8220;Dove el Getto? &#8211; Quello che devi sapere sul sol \u00fas compostabile i il riciclaggio &#8220;.<\/p>\n<p>Per postular-se a la Convocat\u00f2ria Oberta &#8220;Sustainable Views&#8221;, descarregui el PDF (en angl\u00e8s) disponible al seg\u00fcent enlla\u00e7:<\/p>\n<p><a href=\"https:\/\/www.espronceda.net\/wp-content\/uploads\/2020\/03\/CALL-eng-.pdf\">Guidelines to Open Call Sustainable Views &#8211; ENGLISH<\/a><\/p>\n<p>Pots tamb\u00e9 accedir a <a href=\"https:\/\/collettivoif.com\/2020\/03\/02\/1250\/?fbclid=IwAR307VlGX6Pblf4IdsoJkszPuTQW05t_pHBlNOYY3XICfynnCZdj0tIx84U\">aquest lloc web<\/a> per a m\u00e9s informacions.<\/p>\n<p>_______________<\/p>\n<p class=\"p1\"><span class=\"s1\"><b>Sobre Espronceda<\/b><\/span><\/p>\n<p class=\"p1\">Espronceda &#8211; Center for Art &amp; Culture, fundat el 2013 a Barcelona, \u200b\u200b\u00e9s un innovador i contemporani centre d&#8217;art, exposici\u00f3 i espai de treball. Proporciona una plataforma i un entorn multidisciplinari per artistes, curadors i tots els que creuen en la import\u00e0ncia de l&#8217;art, la cultura i l&#8217;educaci\u00f3 per a un m\u00f3n m\u00e9s creatiu i millor. Espronceda organitza: Programa d&#8217;artista en resid\u00e8ncia, programa d&#8217;curador en resid\u00e8ncia, activitats educatives i culturals. Fomenta a artistes internacionals establerts i aspirants a desenvolupar el seu treball i difondre la seva inspiraci\u00f3 m\u00e9s enll\u00e0 de la nostra galeria. Va transformar antics espais industrials en un gresol d&#8217;avantguarda per a la cultura i l&#8217;art. Espronceda fomenta la connexi\u00f3 amb la comunitat local i la creaci\u00f3 d&#8217;una xarxa global entre artistes, empreses, institucions culturals i art\u00edstiques per a un canvi social a trav\u00e9s d&#8217;l&#8217;art. Espronceda estimula un intercanvi cultural i intel\u00b7lectual entre residents, artistes locals i estudiants de la Universitat de Barcelona. Es pot convidar els residents a donar confer\u00e8ncies o presentacions sobre el seu treball en seminaris i tallers per a estudiants.<\/p>\n<p><strong>Les instal\u00b7lacions i condicions d&#8217;allotjament<\/strong><\/p>\n<p>Los artistas seleccionados se alojar\u00e1n en una habitaci\u00f3n privada en un apartamento compartido con una cocina totalmente equipada, una gran mesa de comedor y reuni\u00f3n, sal\u00f3n, dos ba\u00f1os con ducha, lavadora e internet. No se requerir\u00e1 que el artista pague por su estad\u00eda, pero deber\u00e1 considerar los gastos con alimentos y otras actividades diarias.<\/p>\n<div class='gallery'><dl class='gallery-item'>\n\t\t\t<dt class='gallery-icon landscape'>\n\t\t\t\t<a class=\"view\" rel='gallery' href='https:\/\/www.espronceda.net\/wp-content\/uploads\/2019\/04\/OA6A0066.jpg'><img loading=\"lazy\" decoding=\"async\" width=\"150\" height=\"150\" src=\"https:\/\/www.espronceda.net\/wp-content\/uploads\/2019\/04\/OA6A0066-150x150.jpg\" class=\"attachment-thumbnail size-thumbnail\" alt=\"\" aria-describedby=\"gallery-1-10451\" title=\"OA6A0066\" \/><\/a>\n\t\t\t<\/dt>\n\t\t\t\t<dd class='wp-caption-text gallery-caption' id='gallery-1-10451'>\n\t\t\t\tmain gallery \n\t\t\t\t<\/dd><\/dl><dl class='gallery-item'>\n\t\t\t<dt class='gallery-icon landscape'>\n\t\t\t\t<a class=\"view\" rel='gallery' href='https:\/\/www.espronceda.net\/wp-content\/uploads\/2019\/04\/OA6A0072.jpg'><img loading=\"lazy\" decoding=\"async\" width=\"150\" height=\"150\" src=\"https:\/\/www.espronceda.net\/wp-content\/uploads\/2019\/04\/OA6A0072-150x150.jpg\" class=\"attachment-thumbnail size-thumbnail\" alt=\"\" aria-describedby=\"gallery-1-10454\" title=\"OA6A0072\" \/><\/a>\n\t\t\t<\/dt>\n\t\t\t\t<dd class='wp-caption-text gallery-caption' id='gallery-1-10454'>\n\t\t\t\tmain gallery \n\t\t\t\t<\/dd><\/dl><dl class='gallery-item'>\n\t\t\t<dt class='gallery-icon landscape'>\n\t\t\t\t<a class=\"view\" rel='gallery' href='https:\/\/www.espronceda.net\/wp-content\/uploads\/2019\/04\/OA6A0076.jpg'><img loading=\"lazy\" decoding=\"async\" width=\"150\" height=\"150\" src=\"https:\/\/www.espronceda.net\/wp-content\/uploads\/2019\/04\/OA6A0076-150x150.jpg\" class=\"attachment-thumbnail size-thumbnail\" alt=\"\" aria-describedby=\"gallery-1-10457\" title=\"OA6A0076\" \/><\/a>\n\t\t\t<\/dt>\n\t\t\t\t<dd class='wp-caption-text gallery-caption' id='gallery-1-10457'>\n\t\t\t\tmain gallery \n\t\t\t\t<\/dd><\/dl><br style=\"clear: both\" \/>\n\t\t<\/div>\n\n<p>____________________________________________________________________________________<\/p>\n<p>Aqu\u00ed trobem nostres trucades obertes anteriors:<\/p>\n<p><em><strong>2018<\/strong><\/em><\/p>\n<p><strong>Convocat\u00f2ria general oberta. Resid\u00e8ncies a l&#8217;agost i setembre de 2018<\/strong><\/p>\n<p><img loading=\"lazy\" decoding=\"async\" class=\"alignnone size-large wp-image-5665\" src=\"https:\/\/www.espronceda.net\/wp-content\/uploads\/2017\/12\/Open-call-horizontal-web-7-1024x584.jpg\" alt=\"\" width=\"1024\" height=\"584\" srcset=\"https:\/\/www.espronceda.net\/wp-content\/uploads\/2017\/12\/Open-call-horizontal-web-7-1024x584.jpg 1024w, https:\/\/www.espronceda.net\/wp-content\/uploads\/2017\/12\/Open-call-horizontal-web-7-300x171.jpg 300w, https:\/\/www.espronceda.net\/wp-content\/uploads\/2017\/12\/Open-call-horizontal-web-7-768x438.jpg 768w, https:\/\/www.espronceda.net\/wp-content\/uploads\/2017\/12\/Open-call-horizontal-web-7-1280x730.jpg 1280w, https:\/\/www.espronceda.net\/wp-content\/uploads\/2017\/12\/Open-call-horizontal-web-7.jpg 1754w\" sizes=\"auto, (max-width: 1024px) 100vw, 1024px\" \/><\/p>\n<p>&#8220;Seleccionarem dos artistes de lliuraments de projectes que es desenvoluparan en el nostre programa de resid\u00e8ncia a 2018. Acomodaci\u00f3 per un per\u00edode de 5 setmanes i un pressupost de fins a 500 \u20ac estar\u00e0 disponible per a artistes seleccionats&#8221;.<\/p>\n<h2>guanyadors:<\/h2>\n<h3><a href=\"https:\/\/www.espronceda.net\/?portfolio=georg-pinteritsch\">Georg Pinteritch<\/a><\/h3>\n<h3><a href=\"https:\/\/www.espronceda.net\/?portfolio=kaoru-shibu\">Kaoru Shibuta<\/a><\/h3>\n<p>________________________________________________________________<\/p>\n<h4>Convocat\u00f2ria General Oberta Act Utopia Lab<\/h4>\n<p><img loading=\"lazy\" decoding=\"async\" class=\"alignnone size-large wp-image-13125\" src=\"https:\/\/www.espronceda.net\/wp-content\/uploads\/2020\/03\/invitacio\u0301n-act-utopia-lab-1024x722.jpg\" alt=\"\" width=\"1024\" height=\"722\" srcset=\"https:\/\/www.espronceda.net\/wp-content\/uploads\/2020\/03\/invitacio\u0301n-act-utopia-lab-1024x722.jpg 1024w, https:\/\/www.espronceda.net\/wp-content\/uploads\/2020\/03\/invitacio\u0301n-act-utopia-lab-300x211.jpg 300w, https:\/\/www.espronceda.net\/wp-content\/uploads\/2020\/03\/invitacio\u0301n-act-utopia-lab-768x541.jpg 768w, https:\/\/www.espronceda.net\/wp-content\/uploads\/2020\/03\/invitacio\u0301n-act-utopia-lab-1280x902.jpg 1280w\" sizes=\"auto, (max-width: 1024px) 100vw, 1024px\" \/><\/p>\n<p>&#8220;Es seleccionar\u00e0 un guanyador per guanyar una subvenci\u00f3 de 1.000 \u20ac per ajudar a el llan\u00e7ament d&#8217;una startup creativa&#8221;.<\/p>\n<p>No hi va haver guanyadors seleccionats per a aquesta edici\u00f3.<\/p>\n<p>________________________________________________________________<\/p>\n<h4><em>2019<\/em><\/h4>\n<h4>Convocat\u00f2ria General Oberta per a resid\u00e8ncies al mar\u00e7 i abril de 2020:<\/h4>\n<p><img loading=\"lazy\" decoding=\"async\" class=\"alignnone size-large wp-image-13089\" src=\"https:\/\/www.espronceda.net\/wp-content\/uploads\/2020\/03\/CALL-01-1024x422.jpg\" alt=\"\" width=\"1024\" height=\"422\" srcset=\"https:\/\/www.espronceda.net\/wp-content\/uploads\/2020\/03\/CALL-01-1024x422.jpg 1024w, https:\/\/www.espronceda.net\/wp-content\/uploads\/2020\/03\/CALL-01-300x124.jpg 300w, https:\/\/www.espronceda.net\/wp-content\/uploads\/2020\/03\/CALL-01-768x317.jpg 768w, https:\/\/www.espronceda.net\/wp-content\/uploads\/2020\/03\/CALL-01-1280x528.jpg 1280w\" sizes=\"auto, (max-width: 1024px) 100vw, 1024px\" \/><\/p>\n<p>&#8220;Seleccionarem dos artistes de lliuraments de projectes que es desenvoluparan en el nostre programa de resid\u00e8ncia a 2018. Acomodaci\u00f3 per un per\u00edode de 5 setmanes i un pressupost de fins a 500 \u20ac estar\u00e0 disponible per a artistes seleccionats&#8221;.<\/p>\n<h2>guanyadors:<\/h2>\n<h3><a href=\"https:\/\/www.espronceda.net\/?portfolio=andrea-siervo\">Andrea Siervo<\/a><\/h3>\n<h3><a href=\"https:\/\/www.espronceda.net\/?portfolio=ann-mackowski\">Ann Mackowski<\/a><\/h3>\n<p>________________________________________________________________<\/p>\n<h4>Crida oberta de col\u00b7laboraci\u00f3 amb Mindspaces. Resid\u00e8ncies produ\u00efdes per <a href=\"http:\/\/mindspaces.eu\/open-call\/\">Mindspaces<\/a>.<\/h4>\n<p><img loading=\"lazy\" decoding=\"async\" class=\"alignnone size-full wp-image-10782\" src=\"https:\/\/www.espronceda.net\/wp-content\/uploads\/2019\/05\/58442969_523425568192394_2403263673624690688_n.jpg\" alt=\"\" width=\"900\" height=\"900\" srcset=\"https:\/\/www.espronceda.net\/wp-content\/uploads\/2019\/05\/58442969_523425568192394_2403263673624690688_n.jpg 900w, https:\/\/www.espronceda.net\/wp-content\/uploads\/2019\/05\/58442969_523425568192394_2403263673624690688_n-150x150.jpg 150w, https:\/\/www.espronceda.net\/wp-content\/uploads\/2019\/05\/58442969_523425568192394_2403263673624690688_n-300x300.jpg 300w, https:\/\/www.espronceda.net\/wp-content\/uploads\/2019\/05\/58442969_523425568192394_2403263673624690688_n-768x768.jpg 768w\" sizes=\"auto, (max-width: 900px) 100vw, 900px\" \/><\/p>\n<p>&#8220;MindSpaces \u00e9s un projecte d&#8217;investigaci\u00f3 de 3 anys finan\u00e7at pels projectes STARTS \/ Lighthouse de la Comissi\u00f3 Europea que va comen\u00e7ar l&#8217;1 de gener de 2019. Per encoratjar la col\u00b7laboraci\u00f3 de projectes d&#8217;investigaci\u00f3 i artistes, STARTS finan\u00e7a &#8216;resid\u00e8ncies STARTS&#8217; d&#8217;artistes en institucions tecnol\u00f2giques i de cient\u00edfics i tecn\u00f2legs en estudi en aquest projecte, artistes, cient\u00edfics, arquitectes, enginyers i experts en tecnologia col\u00b7laboren estretament sota un nou esquema de model de treball per proposar dissenys innovadors per abordar els desafiaments socials que enfronten les ciutats a mesura que s&#8217;expandeixen, i les necessitats canviants de funcionalitat i resson\u00e0ncia emocional de llocs de treball moderns i interiors d&#8217;habitatges: l&#8217;art t\u00e9 la capacitat de transcendir els marcs te\u00f2rics i conceptuals establerts i actuar de manera interdisciplin\u00e0ria, ja que proporciona espai per al que es diu pensament &#8220;lateral&#8221;, \u00e9s a dir, per abordar proble mes amb l&#8217;enfocament de la caixa &#8220;.<\/p>\n<p>________<\/p>\n<h4>2020<\/h4>\n<h4>Convocat\u00f2ria General Oberta per a resid\u00e8ncia de realitat virtual, febrer de 2020<\/h4>\n<p><img loading=\"lazy\" decoding=\"async\" class=\"alignnone wp-image-13086 size-large\" src=\"https:\/\/www.espronceda.net\/wp-content\/uploads\/2020\/03\/open-call-VR-1024x682.jpeg\" alt=\"\" width=\"1024\" height=\"682\" srcset=\"https:\/\/www.espronceda.net\/wp-content\/uploads\/2020\/03\/open-call-VR-1024x682.jpeg 1024w, https:\/\/www.espronceda.net\/wp-content\/uploads\/2020\/03\/open-call-VR-300x200.jpeg 300w, https:\/\/www.espronceda.net\/wp-content\/uploads\/2020\/03\/open-call-VR-768x512.jpeg 768w, https:\/\/www.espronceda.net\/wp-content\/uploads\/2020\/03\/open-call-VR.jpeg 1280w\" sizes=\"auto, (max-width: 1024px) 100vw, 1024px\" \/><\/p>\n<p>L&#8217;Institut d&#8217;Art i Cultura d&#8217;Espronceda est\u00e0 seleccionant 2 artistes per participar en la seva primera resid\u00e8ncia dedicada a la investigaci\u00f3 i el desenvolupament de projectes art\u00edstics de Realitat Virtual, Realitat Augmentada i Intel\u00b7lig\u00e8ncia Artificial.<\/p>\n<p><b>La resid\u00e8ncia<\/b><\/p>\n<p>El per\u00edode de resid\u00e8ncia \u00e9s de 3 setmanes. Comen\u00e7a el 3 de febrer de 2020 i acaba el 21 de febrer de 2020. Durant aquest per\u00edode, s&#8217;espera que els artistes seleccionats per aquesta convocat\u00f2ria oberta i altres artistes seleccionats pel jurat d&#8217;Espronceda treballin junts per a la creaci\u00f3 de diferents projectes.<\/p>\n<h3>guanyadors:<\/h3>\n<p><a href=\"https:\/\/www.espronceda.net\/?portfolio=mohsen-hazrati\">Mohsen Hazrati<\/a><\/p>\n<p><a href=\"https:\/\/www.espronceda.net\/?portfolio=kris-pilcher\">Kris Pilcher<\/a><\/p>\n<p><a href=\"https:\/\/www.espronceda.net\/?portfolio=bettina-katja-lange\">Bettina Katja Lange<\/a><\/p>\n<p><a href=\"https:\/\/www.espronceda.net\/?portfolio=josecarlos-florez\">Josecarlos Florez<\/a><\/p>\n<p><a href=\"https:\/\/www.espronceda.net\/?portfolio=joan-soler-adillon\">Joan Soler-Adillon<\/a><\/p>\n<p><a href=\"https:\/\/www.espronceda.net\/?portfolio=shivani-hassard\">Shivani Hassard<\/a><\/p>\n<p><a href=\"https:\/\/www.espronceda.net\/?portfolio=clarice-hilton\">Clarice Hilton<\/a><\/p>\n<p><a href=\"https:\/\/www.espronceda.net\/?portfolio=lauren-moffatt\">Lauren Moffat<\/a><\/p>\n<p><a href=\"https:\/\/www.espronceda.net\/?portfolio=chiara-passa\">Chiara Passa<\/a><\/p>\n<p><a href=\"https:\/\/www.espronceda.net\/?portfolio=uwe-brunner\">Uwe Brunner<\/a><\/p>\n<p><a href=\"https:\/\/www.espronceda.net\/?portfolio=cenk-guzelis\">Cenk G\u00fczelis<\/a><\/p>\n<p>&nbsp;<\/p>\n<p>&nbsp;<\/p>\n<p class=\"p11\"><span class=\"s5\"><b>\u00a0<\/b><\/span><\/p>\n<p>&nbsp;<\/p>\n<p>&nbsp;<\/p>\n<p>&nbsp;<\/p>\n","protected":false},"excerpt":{"rendered":"<p>La convocat\u00f2ria est\u00e0 dirigida a artistes italians i internacionals involucrats en la realitzaci\u00f3 de v\u00eddeos, que volen proposar una visi\u00f3 creativa en termes de sostenibilitat ambiental i reciclatge responsable. L&#8217;objectiu \u00e9s proporcionar idees per a un estil de vida sostenible a trav\u00e9s de la documentaci\u00f3 en v\u00eddeo de les solucions ja existents, o abordar els problemes de la sostenibilitat ambiental [&hellip;]<\/p>\n","protected":false},"author":1,"featured_media":0,"parent":0,"menu_order":0,"comment_status":"closed","ping_status":"closed","template":"","meta":{"footnotes":""},"class_list":["post-5567","page","type-page","status-publish","hentry"],"_links":{"self":[{"href":"https:\/\/www.espronceda.net\/ca\/wp-json\/wp\/v2\/pages\/5567","targetHints":{"allow":["GET"]}}],"collection":[{"href":"https:\/\/www.espronceda.net\/ca\/wp-json\/wp\/v2\/pages"}],"about":[{"href":"https:\/\/www.espronceda.net\/ca\/wp-json\/wp\/v2\/types\/page"}],"author":[{"embeddable":true,"href":"https:\/\/www.espronceda.net\/ca\/wp-json\/wp\/v2\/users\/1"}],"replies":[{"embeddable":true,"href":"https:\/\/www.espronceda.net\/ca\/wp-json\/wp\/v2\/comments?post=5567"}],"version-history":[{"count":29,"href":"https:\/\/www.espronceda.net\/ca\/wp-json\/wp\/v2\/pages\/5567\/revisions"}],"predecessor-version":[{"id":13130,"href":"https:\/\/www.espronceda.net\/ca\/wp-json\/wp\/v2\/pages\/5567\/revisions\/13130"}],"wp:attachment":[{"href":"https:\/\/www.espronceda.net\/ca\/wp-json\/wp\/v2\/media?parent=5567"}],"curies":[{"name":"wp","href":"https:\/\/api.w.org\/{rel}","templated":true}]}}