{"id":5784,"date":"2018-01-12T16:02:59","date_gmt":"2018-01-12T15:02:59","guid":{"rendered":"http:\/\/www.espronceda.net\/projects\/inter-we\/"},"modified":"2018-01-17T11:10:43","modified_gmt":"2018-01-17T10:10:43","slug":"inter-we","status":"publish","type":"page","link":"https:\/\/www.espronceda.net\/ca\/projectes\/inter-we\/","title":{"rendered":"Inter We"},"content":{"rendered":"<p class=\"p1\"><span class=\"s1\"><b>ESPRONCEDA CENTER for ART &amp; CULTURE<\/b><\/span><\/p>\n<p class=\"p2\"><span class=\"s1\"><b>i<\/b><\/span><\/p>\n<p class=\"p3\"><span class=\"s1\"><b>Museu del Disseny de Barcelona<\/b><\/span><\/p>\n<p class=\"p4\"><span class=\"s1\">presenten<\/span><\/p>\n<p class=\"p1\"><a href=\"http:\/\/inter-we.com\/\"><span class=\"s1\"><b><i>INTER_WE <\/i><\/b><\/span><\/a><\/p>\n<p class=\"p6\"><span class=\"s1\"><b><i>un simposi art\u00edstic sobre G\u00c8NERE L\u00cdQUID<\/i><\/b><\/span><\/p>\n<p class=\"p2\"><span class=\"s1\"><b>Dimarts, 30 de gener, al Museu del Disseny de Barcelona<\/b><\/span><\/p>\n<p class=\"p2\"><span class=\"s1\"><b>Comissaris: Fabian Vogler i Valentina Casacchia<\/b><\/span><\/p>\n<div class=\"et_pb_column et_pb_column_1_2 et_pb_column_4 et_pb_css_mix_blend_mode_passthrough\">\n<div class=\"et_pb_text et_pb_module et_pb_bg_layout_dark et_pb_text_align_left et_pb_text_4\">\n<div class=\"et_pb_text_inner\">\n<p class=\"p1\"><span class=\"s1\">INTER_WE reflexiona sobre els canvis en la societat actual respecte a la diversitat de g\u00e8neres. L&#8217;exist\u00e8ncia de persones intersexuals prova la falsedat de la construcci\u00f3 bin\u00e0ria de g\u00e8nere. Si deixem<span class=\"Apple-converted-space\">\u00a0 <\/span>de dividir a les persones en homes i dones i comencem a pensar en \u00e9ssers humans, es dilueixen les pol\u00e8miques sobre g\u00e8nere. Hem deixat d\u2019incloure ra\u00e7a i religi\u00f3 en el passaport, esborrar el g\u00e8nere del passaport haur\u00e0 de ser el seg\u00fcent pas. Un exemple \u00e9s el de la legislaci\u00f3 alemanya \u2013 un canvi per afegir un tercer g\u00e8nere a les dues opcions tradicionals de femen\u00ed\/mascul\u00ed.<\/span><\/p>\n<p class=\"p2\"><span class=\"s1\">Les arts pl\u00e0stiques sempre han tingut la capacitat de reflectir una visi\u00f3 contempor\u00e0nia de l&#8217;\u00e9sser hum\u00e0 i plantejar-se preguntes noves com, poden les persones intersexuals trobar el seu lloc al m\u00f3n dicot\u00f2mic d&#8217;avui dia? Poden les persones que \u201cs&#8217;ajusten\u201d a un g\u00e8nere definit com a mascul\u00ed i femen\u00ed analitzar la construcci\u00f3 social del g\u00e8nere i proposar conceptes alternatius al sistema binari tradicional de classificaci\u00f3? I finalment, representen adequadament els museus aquesta diversitat?<\/span><\/p>\n<p class=\"p3\"><span class=\"s1\">El simposi pret\u00e9n contribuir a fer comprensible la varietat de g\u00e8neres, una diversitat que ha de veure&#8217;s, m\u00e9s que com una amena\u00e7a, com un regal. El concepte de g\u00e8nere l\u00edquid, com a reflex de la societat l\u00edquida analitzada per Zygmunt Bauman, vol superar la divisi\u00f3 de g\u00e8neres en masculins i femenins, i els rols i els estereotips que aquests comporten associats des de fa segles.<\/span><\/p>\n<p class=\"p4\"><span class=\"s1\">Le sessions estan organitzades per <b>Valentina Casacchia i Fabian Vogler,<\/b> i moderades per S\u00edlvia Ventosa, conservadora del Museu del Disseny. Els oradors provenen de disciplines aparentment tan allunyades com l\u2019art,<span class=\"Apple-converted-space\">\u00a0 <\/span>la moda, literatura, ci\u00e8ncies biol\u00f2giques, sociologia o psicologia. Contribuiran amb confer\u00e8ncies in\u00e8dites <b>Manuel Aramendia, Inga Becker, Begonya Enguix, Stefan Horlacher, Marisol Salanova, Katinka Schweizer, Patricia Soley-Bertran, S\u00edlvia Ventosa i Simon Zobel.<\/b><\/span><\/p>\n<p class=\"p6\"><span class=\"s1\">El simposi forma part d&#8217;un programa desenvolupat i recolzat per <b>ESPRONCEDA CENTER for ART &amp; CULTURE<\/b>, amb el patrocini del Consolat alemany, per a una resid\u00e8ncia art\u00edstica des del <b>10 de febrer de 2018<\/b>. Els artistes s\u00f3n <b>Eric Bocanegra, Bianca Kennedy, Yao Kong, Felix Kraus, Caroline Liebl, Parul Modha, Roland Reiter, Martina Rogers, Avelino Sala, Nikolas Schmid-Pf\u00e4hler i Fabian Vogler.<\/b><\/span><\/p>\n<\/div>\n<\/div>\n<\/div>\n<div class=\"et_pb_column et_pb_column_1_2 et_pb_column_5 et_pb_css_mix_blend_mode_passthrough et-last-child\">\n<div class=\"et_pb_text et_pb_module et_pb_bg_layout_dark et_pb_text_align_left et_pb_text_5\">\n<div>_____<\/div>\n<\/div>\n<div><\/div>\n<div>M\u00e9s informaci\u00f3 a:<\/div>\n<div>\n<h4><a href=\"http:\/\/inter-we.com\/\">inter-we.com<\/a><\/h4>\n<\/div>\n<\/div>\n<p>____<\/p>\n<p><img loading=\"lazy\" decoding=\"async\" class=\"aligncenter size-large wp-image-5782\" src=\"https:\/\/www.espronceda.net\/wp-content\/uploads\/2018\/01\/Screen-Shot-2018-01-17-at-10.59.26-1024x775.png\" alt=\"\" width=\"1024\" height=\"775\" srcset=\"https:\/\/www.espronceda.net\/wp-content\/uploads\/2018\/01\/Screen-Shot-2018-01-17-at-10.59.26-1024x775.png 1024w, https:\/\/www.espronceda.net\/wp-content\/uploads\/2018\/01\/Screen-Shot-2018-01-17-at-10.59.26-300x227.png 300w, https:\/\/www.espronceda.net\/wp-content\/uploads\/2018\/01\/Screen-Shot-2018-01-17-at-10.59.26-768x581.png 768w, https:\/\/www.espronceda.net\/wp-content\/uploads\/2018\/01\/Screen-Shot-2018-01-17-at-10.59.26-94x70.png 94w, https:\/\/www.espronceda.net\/wp-content\/uploads\/2018\/01\/Screen-Shot-2018-01-17-at-10.59.26-1280x969.png 1280w, https:\/\/www.espronceda.net\/wp-content\/uploads\/2018\/01\/Screen-Shot-2018-01-17-at-10.59.26.png 1976w\" sizes=\"auto, (max-width: 1024px) 100vw, 1024px\" \/><\/p>\n","protected":false},"excerpt":{"rendered":"<p>ESPRONCEDA CENTER for ART &amp; CULTURE i Museu del Disseny de Barcelona presenten INTER_WE un simposi art\u00edstic sobre G\u00c8NERE L\u00cdQUID Dimarts, 30 de gener, al Museu del Disseny de Barcelona Comissaris: Fabian Vogler i Valentina Casacchia INTER_WE reflexiona sobre els canvis en la societat actual respecte a la diversitat de g\u00e8neres. L&#8217;exist\u00e8ncia de persones intersexuals prova la falsedat de la [&hellip;]<\/p>\n","protected":false},"author":1,"featured_media":0,"parent":5377,"menu_order":0,"comment_status":"closed","ping_status":"closed","template":"","meta":{"footnotes":""},"class_list":["post-5784","page","type-page","status-publish","hentry"],"_links":{"self":[{"href":"https:\/\/www.espronceda.net\/ca\/wp-json\/wp\/v2\/pages\/5784","targetHints":{"allow":["GET"]}}],"collection":[{"href":"https:\/\/www.espronceda.net\/ca\/wp-json\/wp\/v2\/pages"}],"about":[{"href":"https:\/\/www.espronceda.net\/ca\/wp-json\/wp\/v2\/types\/page"}],"author":[{"embeddable":true,"href":"https:\/\/www.espronceda.net\/ca\/wp-json\/wp\/v2\/users\/1"}],"replies":[{"embeddable":true,"href":"https:\/\/www.espronceda.net\/ca\/wp-json\/wp\/v2\/comments?post=5784"}],"version-history":[{"count":4,"href":"https:\/\/www.espronceda.net\/ca\/wp-json\/wp\/v2\/pages\/5784\/revisions"}],"predecessor-version":[{"id":5794,"href":"https:\/\/www.espronceda.net\/ca\/wp-json\/wp\/v2\/pages\/5784\/revisions\/5794"}],"up":[{"embeddable":true,"href":"https:\/\/www.espronceda.net\/ca\/wp-json\/wp\/v2\/pages\/5377"}],"wp:attachment":[{"href":"https:\/\/www.espronceda.net\/ca\/wp-json\/wp\/v2\/media?parent=5784"}],"curies":[{"name":"wp","href":"https:\/\/api.w.org\/{rel}","templated":true}]}}