{"id":6252,"date":"2017-07-07T15:48:04","date_gmt":"2017-07-07T13:48:04","guid":{"rendered":"http:\/\/www.espronceda.net\/innovation\/"},"modified":"2024-05-28T18:59:34","modified_gmt":"2024-05-28T16:59:34","slug":"innovation","status":"publish","type":"page","link":"https:\/\/www.espronceda.net\/ca\/innovation\/","title":{"rendered":"Innovation"},"content":{"rendered":"<div class=\"row\"><\/div>\n<div><\/div>\n<h3><\/h3>\n<h3 style=\"text-align: center;\"><strong>INNOVATIONS PROJECTS AND EUROPEAN PROJECTS<\/strong><\/h3>\n<p>&nbsp;<\/p>\n<p>&nbsp;<\/p>\n<p>&nbsp;<\/p>\n<div style=\"text-align: center;\">\n<p style=\"text-align: left;\">L&#8217;art \u00e9s el nostre futur per construir una societat millor. Creiem en el poder de l&#8217;art i la seva connexi\u00f3 amb la ci\u00e8ncia i la tecnologia.\u00a0La innovaci\u00f3 no prov\u00e9 nom\u00e9s de les equacions, les matem\u00e0tiques o alguna f\u00f3rmula cient\u00edfica, sin\u00f3 que prov\u00e9 d&#8217;un lloc hum\u00e0. La innovaci\u00f3 en les ci\u00e8ncies est\u00e0 sempre vinculada d&#8217;alguna manera, ja sigui directament o indirectament, a una experi\u00e8ncia humana. I les experi\u00e8ncies humanes ocorren a trav\u00e9s de la participaci\u00f3 amb les arts i la creaci\u00f3: tocar o escoltar m\u00fasica, descobrir una pe\u00e7a d&#8217;art, fer una fotografia, ect.<br \/>\nL&#8217;art t&#8217;ajuda a veure les coses en un espai menys antinatural. La nostra economia es basa en pensadors convergents, persones que executen les coses, que les facin. Per\u00f2 els artistes i els dissenyadors s\u00f3n pensadors divergents: amplien l&#8217;horitz\u00f3 de les possibilitats, s\u00f3n visionaris. La innovaci\u00f3 superior prov\u00e9 de la uni\u00f3 de divergents (artistes i dissenyadors) i convergents (ci\u00e8ncia i enginyeria).\u00a0Tota la societat ha de participar en el proc\u00e9s d&#8217;innovaci\u00f3 (oberta).<\/p>\n<p>Per tant, creiem en la filosofia del programa START, que tracta de connectar la innovaci\u00f3 en el nucli de la ci\u00e8ncia, la tecnologia i les arts. L&#8217;art \u00e9s un catalitzador per a un canvi innovador en la recerca, l&#8217;economia, la pol\u00edtica i la societat.<\/p>\n<\/div>\n<p>&nbsp;<\/p>\n<p><img loading=\"lazy\" decoding=\"async\" class=\"size-medium wp-image-25188 aligncenter\" style=\"text-align: center;\" src=\"https:\/\/www.espronceda.net\/wp-content\/uploads\/2023\/03\/V2A1754-300x200.jpeg\" alt=\"\" width=\"300\" height=\"200\" srcset=\"https:\/\/www.espronceda.net\/wp-content\/uploads\/2023\/03\/V2A1754-300x200.jpeg 300w, https:\/\/www.espronceda.net\/wp-content\/uploads\/2023\/03\/V2A1754-1024x683.jpeg 1024w, https:\/\/www.espronceda.net\/wp-content\/uploads\/2023\/03\/V2A1754-768x512.jpeg 768w, https:\/\/www.espronceda.net\/wp-content\/uploads\/2023\/03\/V2A1754-1536x1024.jpeg 1536w, https:\/\/www.espronceda.net\/wp-content\/uploads\/2023\/03\/V2A1754-1280x853.jpeg 1280w, https:\/\/www.espronceda.net\/wp-content\/uploads\/2023\/03\/V2A1754.jpeg 1920w\" sizes=\"auto, (max-width: 300px) 100vw, 300px\" \/><\/p>\n<p>&nbsp;<\/p>\n<h3><a href=\"https:\/\/www.espronceda.net\/projects\/ai4future\/\">AI4Future<\/a><\/h3>\n<div class=\"traductor-textarea form-group\">\n<div class=\"textarea-desti col-xs-12 col-sm-6\">\n<div class=\"form-control second-textarea\">\n<p>AI4Future \u00e9s un projecte de l&#8217;Europa creativa en el qual participen tres pa\u00efsos europeus diferents: It\u00e0lia, Espanya i Pa\u00efsos Baixos. El seu objectiu \u00e9s millorar la comprensi\u00f3 i la difusi\u00f3 de les tecnologies relacionades amb la IA per a la participaci\u00f3 activa i creativa dels joves activistes en l&#8217;escena cultural europea, permetent-los treballar amb artistes per a una creaci\u00f3 conjunta d&#8217;una nova consci\u00e8ncia de la comunitat urbana.<\/p>\n<p>L&#8217;enfocament de la IA permet l&#8217;acc\u00e9s i la interpretaci\u00f3 de les dades per entendre millor tant com funciona aquesta nova tecnologia i per descobrir nous aspectes dels mecanismes socials de la comunitat. Les noves generacions tindran un paper fonamental en aquest canvi, ja que s&#8217;estan madurant i creixent en el progr\u00e9s de la revoluci\u00f3 tecnol\u00f2gica.<br \/>\nEl tema principal de la col\u00b7laboraci\u00f3 entre joves activistes i artistes ser\u00e0 la &#8220;mobilitat&#8221;, considerada en diferents significats i diferents interpretacions desenvolupades gr\u00e0cies a un di\u00e0leg entre els socis. Els significats de la mobilitat que van sorgir s\u00f3n: mobilitat mental, fatiga de pand\u00e8mia; mobilitat econ\u00f2mica i pol\u00edtica social; mobilitat virtual i interactiva, en la qual la IA no \u00e9s nom\u00e9s una eina. Els joves activistes, artistes i responsables pol\u00edtics tindran l&#8217;oportunitat de fer front a les reunions internacionals, tallers i resid\u00e8ncies d&#8217;artistes.<\/p>\n<\/div>\n<\/div>\n<\/div>\n<div class=\"traductor-checkbox form-group\">\n<div id=\"panel-radioneuronal\" class=\"row\">\n<div class=\"col-sm-5 col-sm-offset-2\"><\/div>\n<\/div>\n<\/div>\n<p>Website: <a href=\"https:\/\/ai4future.eu\/\">https:\/\/ai4future.eu\/<\/a><\/p>\n<p>&nbsp;<\/p>\n<h3><\/h3>\n<h3><a href=\"https:\/\/www.espronceda.net\/projects\/mindspaces\/\">MINDSPACES<\/a><\/h3>\n<div style=\"text-align: left;\">\n<p>MindSpaces \u00e9s un esfor\u00e7 multidisciplinari, integrant les arts, neuroci\u00e8ncia, arquitectura, modelitzaci\u00f3 3D, visual, text, EEG, an\u00e0lisi de detecci\u00f3 fisiol\u00f2gica, AR\/VR i una \u00e0mplia gamma d&#8217;usuaris finals, des dels habitants de la ciutat fins als turistes, els ancians que viuen independentment. El seu objectiu, millorar el disseny d&#8217;espais p\u00fablics a l&#8217;aire lliure, treballs a l&#8217;interior i interiors de la casa a trav\u00e9s d&#8217;un disseny participatiu que impliqui mesuraments multisensoris de les respostes dels usuaris finals, integrar\u00e0 inherentment aquestes m\u00faltiples disciplines cap a un objectiu com\u00fa. Les instal\u00b7lacions art\u00edstiques AR\/VR resultants, eines de disseny i metodologies permetran futurs desenvolupaments dins d&#8217;aquest ecosistema a trav\u00e9s del seu \u00fas.<br \/>\nMindSpaces t\u00e9 com a objectiu el creixement de l&#8217;ecosistema mitjan\u00e7ant el desenvolupament d&#8217;un nou paradigma de cooperaci\u00f3 entre artistes, tecnologia, recerca, socis industrials i d&#8217;usuaris i un model de treball com\u00fa (SIO1), que permetr\u00e0 l&#8217;inici de projectes de naturalesa similar sota l&#8217;ecosistema START en evoluci\u00f3.<\/p>\n<p>Website: <a href=\"https:\/\/mindspaces.eu\/\">https:\/\/mindspaces.eu\/<\/a><\/p>\n<\/div>\n<p>&nbsp;<\/p>\n<h3>REAL-IN<\/h3>\n<p>El REAL-IN t\u00e9 com a objectiu l&#8217;exploraci\u00f3 de l&#8217;encreuament de camins de sectors culturals, audiovisuals i creatius per a propostes immersives i interactives, aprofitant les tecnologies d&#8217;escaneig 3D combinades amb XR. Construirem un parc infantil per a la creaci\u00f3 de prototips d&#8217;escenaris col\u00b7lectius per impulsar nous enfocaments participatius i experi\u00e8ncies innovadores d&#8217;usuaris per a les ind\u00fastries creatives i culturals i les seves audi\u00e8ncies. El REAL-IN activar\u00e0 sinergies multidisciplin\u00e0ries en un proc\u00e9s de cocreaci\u00f3 entre creatius, codificadors, ind\u00fastries creatives, amb el resultat de trencar SILOS entre sectors creatius.<\/p>\n<p>Website: <a href=\"https:\/\/real-in.eu\/\">https:\/\/real-in.eu\/<\/a><\/p>\n<p>&nbsp;<\/p>\n<h3><\/h3>\n<h3><a href=\"https:\/\/www.espronceda.net\/erasmus-eu-project\/\">PALKONNECT<\/a><\/h3>\n<p>El projecte actual PALkonnect est\u00e0 involucrant organitzacions culturals, art\u00edstiques i de recerca per estimular la consci\u00e8ncia europea i capacitar la gent de les generacions actuals i futures per respectar la inclusi\u00f3 i la diversitat i ser innovadors amb \u00e8xit en el seu entorn local. El projecte actual t\u00e9 com a objectiu donar suport a artistes de grups d&#8217;inclusi\u00f3 social per presentar i promoure les seves obres d&#8217;art en circumst\u00e0ncies posteriors al COVID-19 i inspirar la seva cooperaci\u00f3 dins dels pa\u00efsos europeus. El projecte pret\u00e9n dotar-los de les compet\u00e8ncies i habilitats innovadores necess\u00e0ries per fomentar la seva creativitat i la creaci\u00f3 de noves peces d&#8217;art. A m\u00e9s, l&#8217;objectiu principal del projecte \u00e9s millorar la promoci\u00f3 i la popularitat de la informaci\u00f3 cultural i hist\u00f2rica sobre els grups d&#8217;inclusi\u00f3 social dirigits per augmentar el coneixement p\u00fablic i el proc\u00e9s d&#8217;integraci\u00f3. Compartir la hist\u00f2ria personal i els fets hist\u00f2rics de cada grup d&#8217;inclusi\u00f3 donar\u00e0 suport al proc\u00e9s d&#8217;integraci\u00f3 i augmentar\u00e0 el coneixement p\u00fablic.<\/p>\n<p>Website: <a href=\"https:\/\/palkonnect.eu\/\">https:\/\/palkonnect.eu\/<\/a><\/p>\n<h3><\/h3>\n<p>&nbsp;<\/p>\n<h3><a href=\"https:\/\/www.espronceda.net\/theatre-in-palm\/\">THEATRE IN PALM<\/a><\/h3>\n<p>La Plataforma \u201cEuropean Theatre platform for support emergent artists cooperation and resilience\u201d (Theatre in Palm) actua com a incubadora de noves veus des de la p\u00e0gina fins a l&#8217;escenari amb \u00e8mfasi principal en el seu desenvolupament professional i la millora de la seva cooperaci\u00f3 amb artistes i organitzacions d&#8217;artistes d&#8217;altres pa\u00efsos de plataforma, reunint socis de tota Europa per a un projecte de tres anys per desenvolupar un model per a una nova cooperaci\u00f3 multim\u00e8dia i interacci\u00f3 de cocreaci\u00f3 entre professionals del teatre i treballadors.<\/p>\n<p>Website: <a href=\"https:\/\/theatreinpalm.turkuamk.fi\/\">https:\/\/theatreinpalm.turkuamk.fi\/<\/a><\/p>\n<h3><\/h3>\n<p>&nbsp;<\/p>\n<h3><a href=\"https:\/\/www.espronceda.net\/westeam\/\">WE STEAM<\/a><\/h3>\n<p>WeSTEAM \u00e9s un projecte Erasmus+ destinat a millorar el paper de les dones en la ci\u00e8ncia i l&#8217;atractiu dels cursos cient\u00edfics per a les estudiants femenines a trav\u00e9s del desenvolupament, la prova i la difusi\u00f3 d&#8217;una metodologia basada en l&#8217;enfocament de STEAM.El primer pas del projecte \u00e9s dissenyar i difondre un marc de refer\u00e8ncia per enfortir i avaluar la capacitat de pensament art\u00edstic de les dones STEM. Aix\u00f2 permetr\u00e0 tant als estudiants com a les organitzacions educatives (universitats i centres d&#8217;educaci\u00f3 informals) prendre consci\u00e8ncia de les habilitats que necessiten per complementar els seus plans d&#8217;estudis d&#8217;acord amb un enfocament de vapor.<\/p>\n<p>Website: <a href=\"https:\/\/ars.electronica.art\/digitalhumanism\/en\/westeam\/\">https:\/\/ars.electronica.art\/digitalhumanism\/en\/westeam\/<\/a><\/p>\n<p>&nbsp;<\/p>\n<h3><a href=\"https:\/\/www.espronceda.net\/rise-up\/\">RISE UP<\/a><\/h3>\n<p>RISE UP t\u00e9 com a objectiu potenciar les comunitats ling\u00fc\u00edstiques amena\u00e7ades mitjan\u00e7ant la creaci\u00f3 de connexions entre els actors rellevants, la identificaci\u00f3 de bones pr\u00e0ctiques i el desenvolupament de m\u00e8todes a trav\u00e9s d&#8217;un enfocament multidisciplinari. A m\u00e9s, l&#8217;al\u00e7ament fomentar\u00e0 la confian\u00e7a d&#8217;aquestes comunitats, inclosos els aprenents, els nous parlants, les persones que encara no han tingut l&#8217;oportunitat d&#8217;aprendre la seva llengua d&#8217;her\u00e8ncia, els seus seguidors i molt m\u00e9s. A trav\u00e9s de la recopilaci\u00f3 i l&#8217;an\u00e0lisi de la informaci\u00f3 contextual i les pol\u00edtiques per a les lleng\u00fces en perill a Europa, la creaci\u00f3 d&#8217;un conjunt d&#8217;eines per a les comunitats, la connexi\u00f3 dels actors rellevants i la participaci\u00f3 dels joves, en concret, s&#8217;aixequen els objectius per proporcionar suport i capacitaci\u00f3 a les comunitats ling\u00fc\u00edstiques en perill a Europa.<\/p>\n<p>Website: <a href=\"https:\/\/www.riseupproject.eu\/\">https:\/\/www.riseupproject.eu\/<\/a><\/p>\n<p>&nbsp;<\/p>\n<h3><a href=\"https:\/\/www.espronceda.net\/auge-augmented-europe\/\">AugE | Augmented Europe<\/a><\/h3>\n<p>AugE . Augmented Europe \u00e9s un projecte finan\u00e7at pel programa Ciutadans, Igualtat, Drets i Valors (CERV)AUGE 2n est\u00e0 destinat a implicar els joves europeus, de manera activa i a trav\u00e9s dels mitjans digitals, per donar forma al futur d&#8217;Europa d&#8217;una manera m\u00e9s sostenible, inclusiva i resistent. Seran recolzats per joves &#8220;artivistes&#8221; (artistes que tamb\u00e9 s\u00f3n activistes) per donar forma a noves idees per impulsar visions, somnis, accions que inspiraran i guiaran les formes futures de viure junts a Europa d&#8217;una manera m\u00e9s sostenible, inclusiva i bella.<\/p>\n<p>Website: <a href=\"https:\/\/augenext.eu\/auge-2nd-second-chapter\/\">https:\/\/augenext.eu\/auge-2nd-second-chapter\/<\/a><\/p>\n<p>&nbsp;<\/p>\n<h3><a href=\"https:\/\/www.espronceda.net\/pmp-professional-media-presence\/?preview=true\">PMP &#8211; Professional Media Presence<\/a><\/h3>\n<p>PMP respon a la necessitat de comprendre millor els mitjans de comunicaci\u00f3 socials i tradicionals, d&#8217;aprofitar-los millor com a eines per a les pr\u00e0ctiques professionals i l&#8217;expressi\u00f3 professional identitiva en el sector cultural i creatiu europeu. PMP permet la creaci\u00f3 del propi mitj\u00e0 professional d&#8217;un artista, ensenya principis i millors pr\u00e0ctiques, i proporciona un conjunt d&#8217;eines de pr\u00e0ctica de mitjans de comunicaci\u00f3 accessibles, creat de manera inclusiva, amb finalitats m\u00e9s \u00e0mplies del sector creatiu. Actualment no hi ha directrius per a les pr\u00e0ctiques professionals dels mitjans de comunicaci\u00f3 per a artistes, per exemple, en l&#8217;educaci\u00f3 art\u00edstica formal o no formal. La necessitat d&#8217;aquest tipus de contingut, suport i desenvolupament est\u00e0 creixent a mesura que creix el paper dels mitjans de comunicaci\u00f3 en les nostres vides; aix\u00f2 ha ocorregut especialment durant la pand\u00e8mia de la COVID-19.<\/p>\n<p>&nbsp;<\/p>\n<h3>PLAY STORIES<\/h3>\n<div class=\"page\" title=\"Page 4\">\n<div class=\"section\">\n<div class=\"layoutArea\">\n<div class=\"column\">\n<p>Amb Play Stories intentem influir en la consci\u00e8ncia ecol\u00f2gica dels ciutadans europeus dirigint-nos als nens i als pares a trav\u00e9s d&#8217;una eina educativa innovadora en forma d&#8217;una aplicaci\u00f3 per a narrar hist\u00f2ries de la naturalesa. Tal com es defineix en els Objectius de Desenvolupament Sostenible de les Nacions Unides: l&#8217;educaci\u00f3 \u00e9s un dels vehicles m\u00e9s potents i provats per al desenvolupament sostenible. Des del seu llan\u00e7ament el 2019, l&#8217;aplicaci\u00f3 danesa Nature Tales ha contractat m\u00e9s de 100.000 nens en contes de fades digitals experimentats com a caceres de tresors basats en GPS utilitzant narracions, jocs i moviments immersius al llarg de rutes respectuoses amb els nens a la natura. En el projecte Play Stories, un consorci de socis desitja desenvolupar el format interactiu de la narraci\u00f3 de contes afegint escalabilitat i noves maneres d&#8217;interactuar amb els contes de fades a trav\u00e9s de reptes que utilitzen tant GPS, br\u00faixola i les capacitats AR dins dels tel\u00e8fons intel\u00b7ligents mentre que al mateix temps ensenyen sobre la biodiversitat, cultura, ci\u00e8ncia, art o hist\u00f2ria relacionada amb una \u00e0rea determinada. El punt de partida ser\u00e0 Copenhaguen, Col\u00f2nia i Barcelona, per\u00f2 amb la nova soluci\u00f3 digital desenvolupada al llarg del projecte, l&#8217;eina pot reproduir-se f\u00e0cilment per tot arreu. El resultat permetr\u00e0 a les fam\u00edlies explorar platges, boscos, parcs i llocs culturals de tota Europa, alhora que activa els seus peus, sentits i c\u00e8l\u00b7lules cerebrals amb un potencial impacte positiu a llarg termini de diversos sectors, com el turisme, els esports i el sector literari. L&#8217;eina que desenvolupem permetr\u00e0 a m\u00e9s escriptors, animadors, il\u00b7lustradors i dissenyadors de so construir i compartir hist\u00f2ries per tot Europa i ensenyar als nens per qu\u00e8 plou, quins insectes viuen al parc local o per qu\u00e8 una reina hist\u00f2rica hauria de ser m\u00e9s coneguda. Ho fem perqu\u00e8 ensenyar als nens el valor de la naturalesa, la cultura, la hist\u00f2ria i el moviment \u00e9s fonamental per al nostre desenvolupament social a Europa.<\/p>\n<\/div>\n<\/div>\n<\/div>\n<\/div>\n<p>&nbsp;<\/p>\n<h3><a href=\"https:\/\/www.immensiva.com\/\">IMMENSIVA<\/a><\/h3>\n<p>IMMENSIVA \u00e9s un projecte de Lemograss\/Espronceda i \u00e9s una plataforma internacional per a noves plataformes digitals, centrant-se en VR, AR i MR.<\/p>\n<p>Una vegada a l&#8217;any, Espronceda atorga el premi IMMENSIVA a artistes seleccionats que s\u00f3n convidats a una resid\u00e8ncia de 2 a 4 setmanes a Barcelona per crear art amb tecnologies punta, com VR, AI, AR i m\u00e9s. La selecci\u00f3 la fa un jurat internacional. \u00a0Els artistes s&#8217;apliquen a trav\u00e9s d&#8217;una convocat\u00f2ria oberta o s\u00f3n proposats pels assessors\/curadors d&#8217;Espronceda i Immensiva. A la resid\u00e8ncia d&#8217;artistes VR \/ AI, els artistes treballen i col\u00b7laboren junts per crear noves obres d&#8217;art en un entorn de col\u00b7laboraci\u00f3. L&#8217;equip d&#8217;Espronceda d\u00f3na suport als artistes amb totes les possibilitats. Tamb\u00e9 connectarem amb l&#8217;ecosistema local i regional i convidarem a altaveus, assessors i comissaris d&#8217;alt nivell durant la resid\u00e8ncia a oferir una experi\u00e8ncia excepcional i sostenible. Les obres d&#8217;art creades (aix\u00ed com les obres d&#8217;art potencialment individuals) es presentaran en un esdeveniment de tancament i la seg\u00fcent exposici\u00f3, obert al p\u00fablic.<\/p>\n<p>Website: <a href=\"https:\/\/www.immensiva.com\/\">https:\/\/www.immensiva.com\/<\/a><\/p>\n<p>&nbsp;<\/p>\n<div style=\"text-align: left;\">\n<h3><a href=\"https:\/\/www.espronceda.net\/projects\/olea\/\">OLEA<\/a><\/h3>\n<\/div>\n<p>L&#8217;OLEA \u00e9s un oli d&#8217;oliva \u00fanic, resultat del desenvolupament entre diferents disciplines i coordinat per l&#8217;artista Solim\u00e1n L\u00f3pez. En col\u00b7laboraci\u00f3 amb el laboratori de Bioci\u00e8ncia Twist, que s&#8217;ha encarregat de la s\u00edntesi d&#8217;ADN del contracte intel\u00b7ligent per a la criptociv\u00e8ncia de l&#8217;OLEA (programat per Blue Room Innovation) i que m\u00e9s tard s&#8217;encapsular\u00e0 en s\u00edlice per ser incorporat en una s\u00e8rie limitada de 1.250 litres d&#8217;oli d&#8217;oliva que s&#8217;expandir\u00e0 amb els nous subministraments de la moneda en els pr\u00f2xims mesos. En aquest \u00faltim pas, Solim\u00e1n ha tingut el suport de Javier Forment, cap del Servei de Bioinform\u00e0tica de l&#8217;Institut de Biologia Molecular i Cel\u00b7lular de Plantes IBMCP<br \/>\n(UPV Universitat Polit\u00e8cnica de Val\u00e8ncia &#8211; CSIC Consell Superior de Recerca Cient\u00edfica). Amb aquesta acci\u00f3 l&#8217;artista crea un nou espai de reflexi\u00f3 i un enfocament d&#8217;esp\u00e8cies, conceptes, economies, societats i fluxos d&#8217;informaci\u00f3 que convergeixen en un \u00fanic fluid.<\/p>\n<p>L&#8217;OLEA introdueix una innovaci\u00f3 hist\u00f2rica en el m\u00f3n de l&#8217;art contemporani i l&#8217;entorn de les criptocurrencies i els actius digitals \u00fanics de la NFT que incorporen el factor art\u00edstic a<br \/>\nun sector amb un car\u00e0cter altament especulatiu. Gr\u00e0cies a la tecnologia blockchain, ara podem demostrar la propietat i l&#8217;autenticitat dels actius digitals. A m\u00e9s de facilitar la tra\u00e7abilitat i la transpar\u00e8ncia a les obres dels creadors. Hist\u00f2ricament relacionat amb les de\u00eftats, l&#8217;abund\u00e0ncia, la salut, la suavitat i l&#8217;or l\u00edquid, l&#8217;oli \u00e9s el lloc perfecte per donar la benvinguda a altres naturas. L&#8217;alteraci\u00f3 gen\u00e8tica, la seva construcci\u00f3 artificial i la coexist\u00e8ncia en espais h\u00edbrids, configuren un nou ecosistema de pensament \u00e8tic, religi\u00f3s, pol\u00edtic i social que, gr\u00e0cies a aquest projecte, pret\u00e9n vincular molecularment amb estructures tecno-pol\u00edtiques, criptografia i models descentralitzats de pensament i economia.<\/p>\n<p>Website: <a href=\"https:\/\/www.espronceda.net\/projects\/olea\/\">https:\/\/www.espronceda.net\/projects\/olea\/<\/a><\/p>\n<p>&nbsp;<\/p>\n<p><a href=\"https:\/\/www.espronceda.net\/ca\/projectes\/immensiva\/pluja-dil-lusions\/\"><strong>PLUJA D&#8217;IL.LUSIONS<\/strong><\/a><\/p>\n<p>El projecte Pluja d&#8217;il.lusions \u00e9s una experi\u00e8ncia immersiva, interactiva i col.lectiva que fa servir tecnologies molt experimentals en realitat augmentada e interacci\u00f3. \u00c9s una experi\u00e8ncia en grup i de col.laboraci\u00f3 que t\u00e9 un &#8220;storytelling&#8221; bassat a l&#8217;actual sequera d&#8217;aigua, de abs\u00e8ncia de pluges, i que gaireb\u00e9 tots els pantans que baixen el seu nivell deixen veure pobles, esgl\u00e9sies i castells que formen part de l&#8217;historia de Catalunya. El canvi climatic i la consciencia de l&#8217;importancia de l&#8217;equilibri atmosfera i biosfera terrestre, Hipotesi de Gaia, s\u00f3n el derrafont d&#8217;aquesta creaci\u00f3 digital e instal.lativa. El projecte est\u00e0 pensat per situarse a un espai expositiu o fer servir construccions hist\u00f2riques: esglesies, castells, masies, etc. El grup participant (de 5 a 8 persones) fa servir una llanterna m\u00e0gica per anar trobant els objectes i elements naturals que serveixen per invocar l&#8217;aigua, a mesura que aquesta prova comuna \u00e9s resolta les projeccions i sons anuncien la pluja i l&#8217;aigua qui dona la vida. La conexi\u00f3 consciencia ecol\u00f2gica i patrimoni hist\u00f2ric a les zones rurals i parcs naturals ens fa reflexionar sobre la necesitat d&#8217;acci\u00f3 colectiva. Aquesta instal.laci\u00f3 pot ser adaptada a llocs hist\u00f2rics especifics i fer servir simbologies que conecten amb les tradicions de cultures antigues i primitives.<br \/>\nEl projecte es portar\u00e0 de prototip a Ars Electronica Festival 2024 i despr\u00e9s al setembre o octubre es far\u00e0 l\u2019exposici\u00f3 en Espronceda.<\/p>\n<p>&nbsp;<\/p>\n<p>&nbsp;<\/p>\n","protected":false},"excerpt":{"rendered":"<p>INNOVATIONS PROJECTS AND EUROPEAN PROJECTS &nbsp; &nbsp; &nbsp; L&#8217;art \u00e9s el nostre futur per construir una societat millor. Creiem en el poder de l&#8217;art i la seva connexi\u00f3 amb la ci\u00e8ncia i la tecnologia.\u00a0La innovaci\u00f3 no prov\u00e9 nom\u00e9s de les equacions, les matem\u00e0tiques o alguna f\u00f3rmula cient\u00edfica, sin\u00f3 que prov\u00e9 d&#8217;un lloc hum\u00e0. La innovaci\u00f3 en les ci\u00e8ncies est\u00e0 sempre [&hellip;]<\/p>\n","protected":false},"author":1,"featured_media":0,"parent":0,"menu_order":0,"comment_status":"closed","ping_status":"closed","template":"","meta":{"footnotes":""},"class_list":["post-6252","page","type-page","status-publish","hentry"],"_links":{"self":[{"href":"https:\/\/www.espronceda.net\/ca\/wp-json\/wp\/v2\/pages\/6252","targetHints":{"allow":["GET"]}}],"collection":[{"href":"https:\/\/www.espronceda.net\/ca\/wp-json\/wp\/v2\/pages"}],"about":[{"href":"https:\/\/www.espronceda.net\/ca\/wp-json\/wp\/v2\/types\/page"}],"author":[{"embeddable":true,"href":"https:\/\/www.espronceda.net\/ca\/wp-json\/wp\/v2\/users\/1"}],"replies":[{"embeddable":true,"href":"https:\/\/www.espronceda.net\/ca\/wp-json\/wp\/v2\/comments?post=6252"}],"version-history":[{"count":8,"href":"https:\/\/www.espronceda.net\/ca\/wp-json\/wp\/v2\/pages\/6252\/revisions"}],"predecessor-version":[{"id":27205,"href":"https:\/\/www.espronceda.net\/ca\/wp-json\/wp\/v2\/pages\/6252\/revisions\/27205"}],"wp:attachment":[{"href":"https:\/\/www.espronceda.net\/ca\/wp-json\/wp\/v2\/media?parent=6252"}],"curies":[{"name":"wp","href":"https:\/\/api.w.org\/{rel}","templated":true}]}}